{"id":708,"date":"2021-10-29T11:21:31","date_gmt":"2021-10-29T09:21:31","guid":{"rendered":"https:\/\/lleida.matersalvatoris.org\/?page_id=708"},"modified":"2025-05-08T10:12:21","modified_gmt":"2025-05-08T09:12:21","slug":"uniforme","status":"publish","type":"page","link":"https:\/\/lleida.matersalvatoris.org\/es\/uniforme\/","title":{"rendered":"Uniforme"},"content":{"rendered":"<p>[et_pb_section fb_built=\u00bb1&#8243; fullwidth=\u00bbon\u00bb _builder_version=\u00bb4.16&#8243; _module_preset=\u00bbdefault\u00bb da_disable_devices=\u00bboff|off|off\u00bb global_colors_info=\u00bb{}\u00bb da_is_popup=\u00bboff\u00bb da_exit_intent=\u00bboff\u00bb da_has_close=\u00bbon\u00bb da_alt_close=\u00bboff\u00bb da_dark_close=\u00bboff\u00bb da_not_modal=\u00bbon\u00bb da_is_singular=\u00bboff\u00bb da_with_loader=\u00bboff\u00bb da_has_shadow=\u00bbon\u00bb][et_pb_fullwidth_slider _builder_version=\u00bb4.16&#8243; _module_preset=\u00bbdefault\u00bb global_colors_info=\u00bb{}\u00bb][et_pb_slide _builder_version=\u00bb4.16&#8243; _module_preset=\u00bbdefault\u00bb background_image=\u00bbhttps:\/\/lleida.matersalvatoris.org\/wp-content\/uploads\/2021\/10\/admissions_slide-scaled.jpg\u00bb background_enable_image=\u00bbon\u00bb global_colors_info=\u00bb{}\u00bb sticky_transition=\u00bbon\u00bb][\/et_pb_slide][\/et_pb_fullwidth_slider][\/et_pb_section][et_pb_section fb_built=\u00bb1&#8243; _builder_version=\u00bb4.16&#8243; _module_preset=\u00bb5c19a62f-513d-4606-ae30-8aab177d8889&#8243; custom_padding=\u00bb30px||30px||false|false\u00bb da_disable_devices=\u00bboff|off|off\u00bb global_colors_info=\u00bb{}\u00bb da_is_popup=\u00bboff\u00bb da_exit_intent=\u00bboff\u00bb da_has_close=\u00bbon\u00bb da_alt_close=\u00bboff\u00bb da_dark_close=\u00bboff\u00bb da_not_modal=\u00bbon\u00bb da_is_singular=\u00bboff\u00bb da_with_loader=\u00bboff\u00bb da_has_shadow=\u00bbon\u00bb][et_pb_row column_structure=\u00bb1_4,3_4&#8243; _builder_version=\u00bb4.16&#8243; _module_preset=\u00bb878dbd52-1639-4ccb-bc44-8449068c39e4&#8243; custom_padding=\u00bb0px||0px||false|false\u00bb global_colors_info=\u00bb{}\u00bb][et_pb_column type=\u00bb1_4&#8243; _builder_version=\u00bb4.16&#8243; _module_preset=\u00bbdefault\u00bb global_colors_info=\u00bb{}\u00bb][et_pb_text _builder_version=\u00bb4.16&#8243; _dynamic_attributes=\u00bbcontent\u00bb _module_preset=\u00bbfb58153c-30e1-4016-9cf8-2751ea08e8fb\u00bb global_colors_info=\u00bb{}\u00bb]@ET-DC@eyJkeW5hbWljIjp0cnVlLCJjb250ZW50IjoicG9zdF90aXRsZSIsInNldHRpbmdzIjp7ImJlZm9yZSI6IiIsImFmdGVyIjoiIn19@[\/et_pb_text][\/et_pb_column][et_pb_column type=\u00bb3_4&#8243; _builder_version=\u00bb4.16&#8243; _module_preset=\u00bbdefault\u00bb global_colors_info=\u00bb{}\u00bb][et_pb_text _builder_version=\u00bb4.16&#8243; _module_preset=\u00bb9616b5da-827c-4a8d-ad6f-bcd50de1f39f\u00bb global_colors_info=\u00bb{}\u00bb]<\/p>\n<p><strong>Mater Salvatoris es un colegio\u00a0concertado, mixto y cat\u00f3lico, dirigido por las religiosas de la Compa\u00f1\u00eda del Salvador, que abri\u00f3 sus puertas en 1948.<\/strong><\/p>\n<p><strong>Ofrece a las familias todas las etapas educativas: Infantil, Primaria, ESO y Bachillerato,<\/strong> con el fin de proporcionar una formaci\u00f3n integral de calidad que permita a cada uno de nuestros alumnos afrontar con \u00e9xito los retos de la sociedad del siglo XXI.<\/p>\n<ul><\/ul>\n<p>[\/et_pb_text][et_pb_text _builder_version=\u00bb4.27.4&#8243; _module_preset=\u00bb9616b5da-827c-4a8d-ad6f-bcd50de1f39f\u00bb hover_enabled=\u00bb0&#8243; global_colors_info=\u00bb{}\u00bb sticky_enabled=\u00bb0&#8243;]<\/p>\n<p>El uniforme del Colegio est\u00e1\u00a0formado por las siguientes prendas:<\/p>\n<ul>\n<li><strong>Pichi\u00a0<\/strong>de cuadros azules y blancos de pata de gallo, con el escudo del Colegio para las ni\u00f1as y <strong>pantal\u00f3n gris marengo<\/strong> para los ni\u00f1os.<\/li>\n<li><strong>Camisa o polo<\/strong> blanco, modelo colegial.<\/li>\n<li><strong>Chaqueta<\/strong>\u00a0<strong>o jersey<\/strong> de punto azul marino, abierto en pico.<\/li>\n<li><strong>Calcetines, medias<\/strong> o leotardos azul marino.<\/li>\n<li><strong>Zapatos<\/strong> negros o azul marino, mocas\u00edn tipo colegial.<\/li>\n<li><strong>Bata,<\/strong>\u00a0de cuadros azules y blancos. Debe llevarse desde Infantil hasta 6.\u00ba de Primaria.<\/li>\n<li><strong>Abrigo<\/strong>\u00a0azul marino.<\/li>\n<\/ul>\n<p>El uniforme del Colegio se puede comprar en GESA (C\/ Major, 38. 25007 Lleida)<\/p>\n<p>El uniforme deportivo se puede adquirir en <a href=\"https:\/\/shop.turiongroup.com\/mater-salvatoris\/es\/\">La Samarretta<\/a>.<\/p>\n<p>Las batas de uniforme se pueden comprar en GESA.<\/p>\n<p><strong><\/strong><\/p>\n<div role=\"form\" class=\"wpcf7\" id=\"wpcf7-f5379-o1\" lang=\"es-ES\" dir=\"ltr\">\n<form action=\"https:\/\/lleida.matersalvatoris.org\/admisiones\/#wpcf7-f5379-o1\" method=\"post\" class=\"wpcf7-form init\" novalidate=\"novalidate\" data-status=\"init\"><\/form>\n<\/div>\n<p>[\/et_pb_text][\/et_pb_column][\/et_pb_row][\/et_pb_section]<\/p>\n","protected":false},"excerpt":{"rendered":"<p>Mater Salvatoris es un colegio\u00a0concertado, mixto y cat\u00f3lico, dirigido por las religiosas de la Compa\u00f1\u00eda del Salvador, que abri\u00f3 sus puertas en 1948. Ofrece a las familias todas las etapas [&hellip;]<\/p>\n","protected":false},"author":1,"featured_media":0,"parent":0,"menu_order":0,"comment_status":"closed","ping_status":"closed","template":"","meta":{"_et_pb_use_builder":"on","_et_pb_old_content":"[et_pb_section fb_built=\"1\" fullwidth=\"on\" _builder_version=\"4.11.1\" _module_preset=\"default\" global_colors_info=\"{}\"][et_pb_fullwidth_image src=\"https:\/\/lleida.matersalvatoris.org\/wp-content\/uploads\/2021\/10\/admissions_slide-scaled.jpg\" title_text=\"admissions_slide\" _builder_version=\"4.11.2\" _module_preset=\"default\" global_colors_info=\"{}\"][\/et_pb_fullwidth_image][\/et_pb_section][et_pb_section fb_built=\"1\" custom_padding=\"30px||30px||false|false\" _builder_version=\"4.11.1\" _module_preset=\"5c19a62f-513d-4606-ae30-8aab177d8889\" global_colors_info=\"{}\"][et_pb_row custom_padding=\"0px||0px||false|false\" column_structure=\"1_4,3_4\" _builder_version=\"4.11.1\" _module_preset=\"878dbd52-1639-4ccb-bc44-8449068c39e4\" global_colors_info=\"{}\"][et_pb_column type=\"1_4\" _builder_version=\"4.11.1\" _module_preset=\"default\" global_colors_info=\"{}\"][et_pb_text background_color=\"#042d41\" text_font_size=\"30px\" text_text_color=\"#FFFFFF\" text_font=\"|700||on|||||\" text_orientation=\"center\" module_alignment=\"center\" height=\"244px\" custom_padding=\"110px||||false|false\" _builder_version=\"4.11.2\" _dynamic_attributes=\"content\" _module_preset=\"130e0b9c-592c-4346-9b74-65866c043395\" global_colors_info=\"{}\"]@ET-DC@eyJkeW5hbWljIjp0cnVlLCJjb250ZW50IjoicG9zdF90aXRsZSIsInNldHRpbmdzIjp7ImJlZm9yZSI6IiIsImFmdGVyIjoiIn19@[\/et_pb_text][\/et_pb_column][et_pb_column type=\"3_4\" _builder_version=\"4.11.1\" _module_preset=\"default\" global_colors_info=\"{}\"][et_pb_text text_text_color=\"#000000\" text_font_size=\"20px\" text_line_height=\"1.2em\" custom_margin=\"||1em||false|false\" _builder_version=\"4.11.1\" _module_preset=\"9616b5da-827c-4a8d-ad6f-bcd50de1f39f\" global_colors_info=\"{}\"]\n\n<strong>Mater Salvatoris \u00e9s un col\u00b7legi concertat, mixt i cat\u00f2lic, dirigit per les religioses de la Companyia del Salvador, que va obrir les seves portes l\u2019any 1948.<\/strong>\n\nOfereix a les fam\u00edlies totes les etapes educatives: Infantil, Prim\u00e0ria, ESO i Batxillerat, amb la finalitat de proporcionar una formaci\u00f3 integral de qualitat que permeti a cadascun dels nostres alumnes afrontar amb \u00e8xit els reptes de la societat del segle XXI.\n<ul><\/ul>\n[\/et_pb_text][et_pb_text text_text_color=\"#000000\" text_font_size=\"20px\" text_line_height=\"1.2em\" custom_margin=\"||1em||false|false\" _builder_version=\"4.11.2\" _module_preset=\"9616b5da-827c-4a8d-ad6f-bcd50de1f39f\" global_colors_info=\"{}\"]\n\nL\u2019uniforme del Col\u00b7legi est\u00e0 format per les seg\u00fcents peces:\n<ul>\n \t<li><strong>Pitxi&nbsp;<\/strong>quadres blaus i blancs de pota de gall, amb l\u2019escut del Col\u00b7legi per a les nenes i pantalons grisos marengo per als nens.<\/li>\n \t<li><strong>Camisa<\/strong><span>&nbsp;<\/span>o pol blanc, model col\u00b7legial.<\/li>\n \t<li><strong>Jaqueta o jersei<span>&nbsp;<\/span><\/strong>de punt blau mar\u00ed, obert en punta.<\/li>\n \t<li><strong>Mitjons, mitges<span>&nbsp;<\/span><\/strong>o leotards blau mar\u00ed.<\/li>\n \t<li><strong>Sabates<span>&nbsp;<\/span><\/strong>negres o blau mar\u00ed, mocass\u00ed tipus col\u00b7legial.<\/li>\n \t<li><strong>Bata,<span>&nbsp;<\/span><\/strong>de quadres blaus i blancs. Ha de portar-se des d\u2019Infantil fins a 6\u00e8 de Prim\u00e0ria.<\/li>\n \t<li><strong>Abric<span>&nbsp;<\/span><\/strong>blau mar\u00ed.<\/li>\n<\/ul>\nL\u2019uniforme de l\u2019escola es pot comprar a GESA (C\/ Major, 38. 25007 Lleida)\n\nL\u2019uniforme esportiu es pot adquirir a<span>&nbsp;<\/span><strong><a href=\"https:\/\/www.matershoppingrvl.es\/index.php?\">Reval Sport<\/a><\/strong>\n\nLes bates d\u2019uniforme es poden comprar a GESA o b\u00e9 a<span>&nbsp;<\/span><strong><a href=\"https:\/\/www.matershoppingrvl.es\/index.php?\">Reval Sport<\/a><\/strong>\n<div role=\"form\" class=\"wpcf7\" id=\"wpcf7-f5379-o1\" lang=\"es-ES\" dir=\"ltr\">\n<form action=\"https:\/\/lleida.matersalvatoris.org\/admisiones\/#wpcf7-f5379-o1\" method=\"post\" class=\"wpcf7-form init\" novalidate=\"novalidate\" data-status=\"init\"><\/form><\/div>\n[\/et_pb_text][\/et_pb_column][\/et_pb_row][\/et_pb_section]","_et_gb_content_width":"","footnotes":""},"class_list":["post-708","page","type-page","status-publish","hentry"],"yoast_head":"<!-- This site is optimized with the Yoast SEO plugin v26.6 - https:\/\/yoast.com\/wordpress\/plugins\/seo\/ -->\n<title>Uniforme - Lleida Mater Salvatoris<\/title>\n<meta name=\"robots\" content=\"index, follow, max-snippet:-1, max-image-preview:large, max-video-preview:-1\" \/>\n<link rel=\"canonical\" href=\"https:\/\/lleida.matersalvatoris.org\/es\/uniforme\/\" \/>\n<meta property=\"og:locale\" content=\"es_ES\" \/>\n<meta property=\"og:type\" content=\"article\" \/>\n<meta property=\"og:title\" content=\"Uniforme - Lleida Mater Salvatoris\" \/>\n<meta property=\"og:description\" content=\"Mater Salvatoris es un colegio\u00a0concertado, mixto y cat\u00f3lico, dirigido por las religiosas de la Compa\u00f1\u00eda del Salvador, que abri\u00f3 sus puertas en 1948. Ofrece a las familias todas las etapas [&hellip;]\" \/>\n<meta property=\"og:url\" content=\"https:\/\/lleida.matersalvatoris.org\/es\/uniforme\/\" \/>\n<meta property=\"og:site_name\" content=\"Lleida Mater Salvatoris\" \/>\n<meta property=\"article:modified_time\" content=\"2025-05-08T09:12:21+00:00\" \/>\n<meta name=\"twitter:card\" content=\"summary_large_image\" \/>\n<meta name=\"twitter:label1\" content=\"Tiempo de lectura\" \/>\n\t<meta name=\"twitter:data1\" content=\"3 minutos\" \/>\n<script type=\"application\/ld+json\" class=\"yoast-schema-graph\">{\"@context\":\"https:\/\/schema.org\",\"@graph\":[{\"@type\":\"WebPage\",\"@id\":\"https:\/\/lleida.matersalvatoris.org\/es\/uniforme\/\",\"url\":\"https:\/\/lleida.matersalvatoris.org\/es\/uniforme\/\",\"name\":\"Uniforme - Lleida Mater Salvatoris\",\"isPartOf\":{\"@id\":\"https:\/\/lleida.matersalvatoris.org\/es\/#website\"},\"datePublished\":\"2021-10-29T09:21:31+00:00\",\"dateModified\":\"2025-05-08T09:12:21+00:00\",\"inLanguage\":\"es\",\"potentialAction\":[{\"@type\":\"ReadAction\",\"target\":[\"https:\/\/lleida.matersalvatoris.org\/es\/uniforme\/\"]}]},{\"@type\":\"WebSite\",\"@id\":\"https:\/\/lleida.matersalvatoris.org\/es\/#website\",\"url\":\"https:\/\/lleida.matersalvatoris.org\/es\/\",\"name\":\"Lleida Mater Salvatoris\",\"description\":\"Lleida Mater Salvatoris\",\"potentialAction\":[{\"@type\":\"SearchAction\",\"target\":{\"@type\":\"EntryPoint\",\"urlTemplate\":\"https:\/\/lleida.matersalvatoris.org\/es\/?s={search_term_string}\"},\"query-input\":{\"@type\":\"PropertyValueSpecification\",\"valueRequired\":true,\"valueName\":\"search_term_string\"}}],\"inLanguage\":\"es\"}]}<\/script>\n<!-- \/ Yoast SEO plugin. -->","yoast_head_json":{"title":"Uniforme - Lleida Mater Salvatoris","robots":{"index":"index","follow":"follow","max-snippet":"max-snippet:-1","max-image-preview":"max-image-preview:large","max-video-preview":"max-video-preview:-1"},"canonical":"https:\/\/lleida.matersalvatoris.org\/es\/uniforme\/","og_locale":"es_ES","og_type":"article","og_title":"Uniforme - Lleida Mater Salvatoris","og_description":"Mater Salvatoris es un colegio\u00a0concertado, mixto y cat\u00f3lico, dirigido por las religiosas de la Compa\u00f1\u00eda del Salvador, que abri\u00f3 sus puertas en 1948. Ofrece a las familias todas las etapas [&hellip;]","og_url":"https:\/\/lleida.matersalvatoris.org\/es\/uniforme\/","og_site_name":"Lleida Mater Salvatoris","article_modified_time":"2025-05-08T09:12:21+00:00","twitter_card":"summary_large_image","twitter_misc":{"Tiempo de lectura":"3 minutos"},"schema":{"@context":"https:\/\/schema.org","@graph":[{"@type":"WebPage","@id":"https:\/\/lleida.matersalvatoris.org\/es\/uniforme\/","url":"https:\/\/lleida.matersalvatoris.org\/es\/uniforme\/","name":"Uniforme - Lleida Mater Salvatoris","isPartOf":{"@id":"https:\/\/lleida.matersalvatoris.org\/es\/#website"},"datePublished":"2021-10-29T09:21:31+00:00","dateModified":"2025-05-08T09:12:21+00:00","inLanguage":"es","potentialAction":[{"@type":"ReadAction","target":["https:\/\/lleida.matersalvatoris.org\/es\/uniforme\/"]}]},{"@type":"WebSite","@id":"https:\/\/lleida.matersalvatoris.org\/es\/#website","url":"https:\/\/lleida.matersalvatoris.org\/es\/","name":"Lleida Mater Salvatoris","description":"Lleida Mater Salvatoris","potentialAction":[{"@type":"SearchAction","target":{"@type":"EntryPoint","urlTemplate":"https:\/\/lleida.matersalvatoris.org\/es\/?s={search_term_string}"},"query-input":{"@type":"PropertyValueSpecification","valueRequired":true,"valueName":"search_term_string"}}],"inLanguage":"es"}]}},"_links":{"self":[{"href":"https:\/\/lleida.matersalvatoris.org\/es\/wp-json\/wp\/v2\/pages\/708","targetHints":{"allow":["GET"]}}],"collection":[{"href":"https:\/\/lleida.matersalvatoris.org\/es\/wp-json\/wp\/v2\/pages"}],"about":[{"href":"https:\/\/lleida.matersalvatoris.org\/es\/wp-json\/wp\/v2\/types\/page"}],"author":[{"embeddable":true,"href":"https:\/\/lleida.matersalvatoris.org\/es\/wp-json\/wp\/v2\/users\/1"}],"replies":[{"embeddable":true,"href":"https:\/\/lleida.matersalvatoris.org\/es\/wp-json\/wp\/v2\/comments?post=708"}],"version-history":[{"count":6,"href":"https:\/\/lleida.matersalvatoris.org\/es\/wp-json\/wp\/v2\/pages\/708\/revisions"}],"predecessor-version":[{"id":10871,"href":"https:\/\/lleida.matersalvatoris.org\/es\/wp-json\/wp\/v2\/pages\/708\/revisions\/10871"}],"wp:attachment":[{"href":"https:\/\/lleida.matersalvatoris.org\/es\/wp-json\/wp\/v2\/media?parent=708"}],"curies":[{"name":"wp","href":"https:\/\/api.w.org\/{rel}","templated":true}]}}