{"id":704,"date":"2021-10-29T11:20:56","date_gmt":"2021-10-29T09:20:56","guid":{"rendered":"https:\/\/lleida.matersalvatoris.org\/?page_id=704"},"modified":"2025-09-26T10:53:36","modified_gmt":"2025-09-26T09:53:36","slug":"trasporte-escolar","status":"publish","type":"page","link":"https:\/\/lleida.matersalvatoris.org\/es\/trasporte-escolar\/","title":{"rendered":"TRASPORTE ESCOLAR"},"content":{"rendered":"<p>[et_pb_section fb_built=\u00bb1&#8243; fullwidth=\u00bbon\u00bb _builder_version=\u00bb4.16&#8243; _module_preset=\u00bbdefault\u00bb da_disable_devices=\u00bboff|off|off\u00bb global_colors_info=\u00bb{}\u00bb da_is_popup=\u00bboff\u00bb da_exit_intent=\u00bboff\u00bb da_has_close=\u00bbon\u00bb da_alt_close=\u00bboff\u00bb da_dark_close=\u00bboff\u00bb da_not_modal=\u00bbon\u00bb da_is_singular=\u00bboff\u00bb da_with_loader=\u00bboff\u00bb da_has_shadow=\u00bbon\u00bb][et_pb_fullwidth_slider _builder_version=\u00bb4.16&#8243; _module_preset=\u00bbdefault\u00bb global_colors_info=\u00bb{}\u00bb][et_pb_slide _builder_version=\u00bb4.16&#8243; _module_preset=\u00bbdefault\u00bb background_image=\u00bbhttps:\/\/lleida.matersalvatoris.org\/wp-content\/uploads\/2021\/10\/slide_1.jpg\u00bb background_enable_image=\u00bbon\u00bb global_colors_info=\u00bb{}\u00bb sticky_transition=\u00bbon\u00bb][\/et_pb_slide][et_pb_slide _builder_version=\u00bb4.16&#8243; _module_preset=\u00bbdefault\u00bb background_image=\u00bbhttps:\/\/lleida.matersalvatoris.org\/wp-content\/uploads\/2021\/10\/slide_2.jpg\u00bb background_enable_image=\u00bbon\u00bb global_colors_info=\u00bb{}\u00bb sticky_transition=\u00bbon\u00bb][\/et_pb_slide][et_pb_slide _builder_version=\u00bb4.16&#8243; _module_preset=\u00bbdefault\u00bb background_image=\u00bbhttps:\/\/lleida.matersalvatoris.org\/wp-content\/uploads\/2021\/10\/slide_3.jpg\u00bb background_enable_image=\u00bbon\u00bb global_colors_info=\u00bb{}\u00bb sticky_transition=\u00bbon\u00bb][\/et_pb_slide][et_pb_slide _builder_version=\u00bb4.16&#8243; _module_preset=\u00bbdefault\u00bb background_image=\u00bbhttps:\/\/lleida.matersalvatoris.org\/wp-content\/uploads\/2021\/10\/slide_4.jpg\u00bb background_enable_image=\u00bbon\u00bb global_colors_info=\u00bb{}\u00bb sticky_transition=\u00bbon\u00bb][\/et_pb_slide][et_pb_slide _builder_version=\u00bb4.16&#8243; _module_preset=\u00bbdefault\u00bb background_image=\u00bbhttps:\/\/lleida.matersalvatoris.org\/wp-content\/uploads\/2021\/10\/slide_5.jpg\u00bb background_enable_image=\u00bbon\u00bb global_colors_info=\u00bb{}\u00bb sticky_transition=\u00bbon\u00bb][\/et_pb_slide][\/et_pb_fullwidth_slider][\/et_pb_section][et_pb_section fb_built=\u00bb1&#8243; _builder_version=\u00bb4.16&#8243; _module_preset=\u00bb5c19a62f-513d-4606-ae30-8aab177d8889&#8243; custom_padding=\u00bb30px||30px||false|false\u00bb da_disable_devices=\u00bboff|off|off\u00bb global_colors_info=\u00bb{}\u00bb da_is_popup=\u00bboff\u00bb da_exit_intent=\u00bboff\u00bb da_has_close=\u00bbon\u00bb da_alt_close=\u00bboff\u00bb da_dark_close=\u00bboff\u00bb da_not_modal=\u00bbon\u00bb da_is_singular=\u00bboff\u00bb da_with_loader=\u00bboff\u00bb da_has_shadow=\u00bbon\u00bb][et_pb_row column_structure=\u00bb1_4,3_4&#8243; _builder_version=\u00bb4.16&#8243; _module_preset=\u00bb878dbd52-1639-4ccb-bc44-8449068c39e4&#8243; custom_padding=\u00bb0px||0px||false|false\u00bb global_colors_info=\u00bb{}\u00bb][et_pb_column type=\u00bb1_4&#8243; _builder_version=\u00bb4.16&#8243; _module_preset=\u00bbdefault\u00bb global_colors_info=\u00bb{}\u00bb][et_pb_text _builder_version=\u00bb4.16&#8243; _dynamic_attributes=\u00bbcontent\u00bb _module_preset=\u00bbfb58153c-30e1-4016-9cf8-2751ea08e8fb\u00bb text_font_size=\u00bb31px\u00bb text_line_height=\u00bb1.1em\u00bb custom_padding=\u00bb90px||||false|false\u00bb global_colors_info=\u00bb{}\u00bb]@ET-DC@eyJkeW5hbWljIjp0cnVlLCJjb250ZW50IjoicG9zdF90aXRsZSIsInNldHRpbmdzIjp7ImJlZm9yZSI6IiIsImFmdGVyIjoiIn19@[\/et_pb_text][\/et_pb_column][et_pb_column type=\u00bb3_4&#8243; _builder_version=\u00bb4.16&#8243; _module_preset=\u00bbdefault\u00bb global_colors_info=\u00bb{}\u00bb][et_pb_text _builder_version=\u00bb4.27.4&#8243; _module_preset=\u00bb9616b5da-827c-4a8d-ad6f-bcd50de1f39f\u00bb hover_enabled=\u00bb0&#8243; global_colors_info=\u00bb{}\u00bb sticky_enabled=\u00bb0&#8243;]<\/p>\n<p>Pueden <strong><span class=\"has-inline-color has-very-dark-gray-color\">consultar las rutas, paradas y horarios<\/span><\/strong> en el siguiente enlace:<\/p>\n<blockquote>\n<p class=\"has-text-align-left\"><a href=\"https:\/\/www.autocaresluisl.com\/transporte-escolar\/\"><strong>RUTAS, PARADAS Y HORARIOS<\/strong><\/a><\/p>\n<\/blockquote>\n<p class=\"has-text-align-left\">I pueden <strong><span class=\"has-inline-color has-very-dark-gray-color\">comunicar cualquier alta nueva y\/o cambio respecto al curso anterior<\/span><\/strong>, cumplimentando el siguiente formulario:<\/p>\n<p class=\"has-text-align-left\"><a href=\"https:\/\/docs.google.com\/forms\/d\/e\/1FAIpQLSclvVfEp1DFxOVEWZYjJNYSOrPcyXbNNOWLg4eo7bowyFmZ0g\/viewform\"><strong>FORMULARIO DE INSCRIPCI\u00d3N AL TRANSPORTE ESCOLAR CURSO 25-26<\/strong><\/a><\/p>\n<ul><\/ul>\n<p>[\/et_pb_text][\/et_pb_column][\/et_pb_row][\/et_pb_section]<\/p>\n","protected":false},"excerpt":{"rendered":"<p>Pueden consultar las rutas, paradas y horarios en el siguiente enlace: RUTAS, PARADAS Y HORARIOS I pueden comunicar cualquier alta nueva y\/o cambio respecto al curso anterior, cumplimentando el siguiente [&hellip;]<\/p>\n","protected":false},"author":1,"featured_media":0,"parent":0,"menu_order":0,"comment_status":"closed","ping_status":"closed","template":"","meta":{"_et_pb_use_builder":"on","_et_pb_old_content":"[et_pb_section fb_built=\"1\" fullwidth=\"on\" _builder_version=\"4.11.1\" _module_preset=\"default\" global_colors_info=\"{}\"][et_pb_fullwidth_image src=\"https:\/\/lleida.matersalvatoris.org\/wp-content\/uploads\/2021\/10\/slide_1.jpg\" title_text=\"slide_1\" _builder_version=\"4.11.2\" _module_preset=\"default\" global_colors_info=\"{}\"][\/et_pb_fullwidth_image][\/et_pb_section][et_pb_section fb_built=\"1\" custom_padding=\"30px||30px||false|false\" _builder_version=\"4.11.1\" _module_preset=\"5c19a62f-513d-4606-ae30-8aab177d8889\" global_colors_info=\"{}\"][et_pb_row custom_padding=\"0px||0px||false|false\" column_structure=\"1_4,3_4\" _builder_version=\"4.11.1\" _module_preset=\"878dbd52-1639-4ccb-bc44-8449068c39e4\" global_colors_info=\"{}\"][et_pb_column type=\"1_4\" _builder_version=\"4.11.1\" _module_preset=\"default\" global_colors_info=\"{}\"][et_pb_text background_color=\"#042d41\" text_font_size=\"31px\" text_text_color=\"#FFFFFF\" text_font=\"|700||on|||||\" text_line_height=\"1.1em\" text_orientation=\"center\" module_alignment=\"center\" height=\"244px\" custom_padding=\"90px||||false|false\" _builder_version=\"4.11.2\" _dynamic_attributes=\"content\" _module_preset=\"16241ff9-6a12-456b-905f-17691ce7a956\" global_colors_info=\"{}\"]@ET-DC@eyJkeW5hbWljIjp0cnVlLCJjb250ZW50IjoicG9zdF90aXRsZSIsInNldHRpbmdzIjp7ImJlZm9yZSI6IiIsImFmdGVyIjoiIn19@[\/et_pb_text][\/et_pb_column][et_pb_column type=\"3_4\" _builder_version=\"4.11.1\" _module_preset=\"default\" global_colors_info=\"{}\"][et_pb_text text_text_color=\"#000000\" text_font_size=\"20px\" text_line_height=\"1.2em\" custom_margin=\"||1em||false|false\" _builder_version=\"4.11.2\" _module_preset=\"9616b5da-827c-4a8d-ad6f-bcd50de1f39f\" global_colors_info=\"{}\"]\n\nUs informem que<span>&nbsp;<\/span><strong>per aquest curs 2020-2021<span>&nbsp;<\/span><\/strong>en el Servei de transport escolar del col\u00b7legi Mater Salvatoris<span>&nbsp;<\/span><strong>es prendran totes les mesures d\u2019higiene i seguretat reglament\u00e0ries<\/strong><span>&nbsp;<\/span>tals com:\n<ul>\n \t<li>Desinfecci\u00f3 del vehicle abans d\u2019iniciar la ruta.<\/li>\n \t<li>Comprovaci\u00f3 de la temperatura al accedir a l\u2019autob\u00fas.<\/li>\n \t<li>Higiene hidroalcoh\u00f2lica de mans.<\/li>\n \t<li>Us de mascareta obligat\u00f2ria.<\/li>\n<\/ul>\nA m\u00e9s cada alumne ocupar\u00e0 sempre el mateix seient i es tindran en conte els germans i\/o grup classe en la distribuci\u00f3 dels alumnes en el bus.\nUs informem tamb\u00e9 que les quotes es mantenen respecte al curs anterior; podeu seguir utilitzant el servei de forma espor\u00e0dica, que es factura per viatges. I recordem que en el rebut del servei de transport del mes de setembre s\u2019abonar\u00e0 la part proporcional a retornar, corresponent al m\u00e9s de mar\u00e7 del curs passat.\n\nPodeu<span>&nbsp;<\/span><strong><span class=\"has-inline-color has-very-dark-gray-color\">consultar les rutes, parades i horaris<\/span><\/strong><span>&nbsp;<\/span>en el seg\u00fcent enlla\u00e7:\n<p class=\"has-text-align-left\"><a href=\"https:\/\/autocaresluisl.com\/index.php\/transport-escolar-luis-lax\"><strong>RUTES, PARADES I HORARIS<\/strong><\/a><\/p>\n<p class=\"has-text-align-left\">I podeu<span>&nbsp;<\/span><strong><span class=\"has-inline-color has-very-dark-gray-color\">comunicar qualsevol alta nova i\/o canvi respecte al curs anterior<\/span><\/strong>, responent el seg\u00fcent formulari:<\/p>\n<p class=\"has-text-align-left\"><a href=\"https:\/\/docs.google.com\/forms\/d\/e\/1FAIpQLSfEfbeGN925meLvXX7zeBkmRx1w2U9MsyUXZtKoFj621nsdag\/viewform\"><strong>FORMULARI D<\/strong>\u2018<strong>INSCRIPCI\u00d3 AL TRANSPORT ESCOLAR CURS 20-21<\/strong><\/a><\/p>\n\n<ul><\/ul>\n[\/et_pb_text][\/et_pb_column][\/et_pb_row][\/et_pb_section]","_et_gb_content_width":"","footnotes":""},"class_list":["post-704","page","type-page","status-publish","hentry"],"yoast_head":"<!-- This site is optimized with the Yoast SEO plugin v26.6 - https:\/\/yoast.com\/wordpress\/plugins\/seo\/ -->\n<title>TRASPORTE ESCOLAR - Lleida Mater Salvatoris<\/title>\n<meta name=\"robots\" content=\"index, follow, max-snippet:-1, max-image-preview:large, max-video-preview:-1\" \/>\n<link rel=\"canonical\" href=\"https:\/\/lleida.matersalvatoris.org\/es\/trasporte-escolar\/\" \/>\n<meta property=\"og:locale\" content=\"es_ES\" \/>\n<meta property=\"og:type\" content=\"article\" \/>\n<meta property=\"og:title\" content=\"TRASPORTE ESCOLAR - Lleida Mater Salvatoris\" \/>\n<meta property=\"og:description\" content=\"Pueden consultar las rutas, paradas y horarios en el siguiente enlace: RUTAS, PARADAS Y HORARIOS I pueden comunicar cualquier alta nueva y\/o cambio respecto al curso anterior, cumplimentando el siguiente [&hellip;]\" \/>\n<meta property=\"og:url\" content=\"https:\/\/lleida.matersalvatoris.org\/es\/trasporte-escolar\/\" \/>\n<meta property=\"og:site_name\" content=\"Lleida Mater Salvatoris\" \/>\n<meta property=\"article:modified_time\" content=\"2025-09-26T09:53:36+00:00\" \/>\n<meta name=\"twitter:card\" content=\"summary_large_image\" \/>\n<meta name=\"twitter:label1\" content=\"Tiempo de lectura\" \/>\n\t<meta name=\"twitter:data1\" content=\"2 minutos\" \/>\n<script type=\"application\/ld+json\" class=\"yoast-schema-graph\">{\"@context\":\"https:\/\/schema.org\",\"@graph\":[{\"@type\":\"WebPage\",\"@id\":\"https:\/\/lleida.matersalvatoris.org\/es\/trasporte-escolar\/\",\"url\":\"https:\/\/lleida.matersalvatoris.org\/es\/trasporte-escolar\/\",\"name\":\"TRASPORTE ESCOLAR - Lleida Mater Salvatoris\",\"isPartOf\":{\"@id\":\"https:\/\/lleida.matersalvatoris.org\/es\/#website\"},\"datePublished\":\"2021-10-29T09:20:56+00:00\",\"dateModified\":\"2025-09-26T09:53:36+00:00\",\"inLanguage\":\"es\",\"potentialAction\":[{\"@type\":\"ReadAction\",\"target\":[\"https:\/\/lleida.matersalvatoris.org\/es\/trasporte-escolar\/\"]}]},{\"@type\":\"WebSite\",\"@id\":\"https:\/\/lleida.matersalvatoris.org\/es\/#website\",\"url\":\"https:\/\/lleida.matersalvatoris.org\/es\/\",\"name\":\"Lleida Mater Salvatoris\",\"description\":\"Lleida Mater Salvatoris\",\"potentialAction\":[{\"@type\":\"SearchAction\",\"target\":{\"@type\":\"EntryPoint\",\"urlTemplate\":\"https:\/\/lleida.matersalvatoris.org\/es\/?s={search_term_string}\"},\"query-input\":{\"@type\":\"PropertyValueSpecification\",\"valueRequired\":true,\"valueName\":\"search_term_string\"}}],\"inLanguage\":\"es\"}]}<\/script>\n<!-- \/ Yoast SEO plugin. -->","yoast_head_json":{"title":"TRASPORTE ESCOLAR - Lleida Mater Salvatoris","robots":{"index":"index","follow":"follow","max-snippet":"max-snippet:-1","max-image-preview":"max-image-preview:large","max-video-preview":"max-video-preview:-1"},"canonical":"https:\/\/lleida.matersalvatoris.org\/es\/trasporte-escolar\/","og_locale":"es_ES","og_type":"article","og_title":"TRASPORTE ESCOLAR - Lleida Mater Salvatoris","og_description":"Pueden consultar las rutas, paradas y horarios en el siguiente enlace: RUTAS, PARADAS Y HORARIOS I pueden comunicar cualquier alta nueva y\/o cambio respecto al curso anterior, cumplimentando el siguiente [&hellip;]","og_url":"https:\/\/lleida.matersalvatoris.org\/es\/trasporte-escolar\/","og_site_name":"Lleida Mater Salvatoris","article_modified_time":"2025-09-26T09:53:36+00:00","twitter_card":"summary_large_image","twitter_misc":{"Tiempo de lectura":"2 minutos"},"schema":{"@context":"https:\/\/schema.org","@graph":[{"@type":"WebPage","@id":"https:\/\/lleida.matersalvatoris.org\/es\/trasporte-escolar\/","url":"https:\/\/lleida.matersalvatoris.org\/es\/trasporte-escolar\/","name":"TRASPORTE ESCOLAR - Lleida Mater Salvatoris","isPartOf":{"@id":"https:\/\/lleida.matersalvatoris.org\/es\/#website"},"datePublished":"2021-10-29T09:20:56+00:00","dateModified":"2025-09-26T09:53:36+00:00","inLanguage":"es","potentialAction":[{"@type":"ReadAction","target":["https:\/\/lleida.matersalvatoris.org\/es\/trasporte-escolar\/"]}]},{"@type":"WebSite","@id":"https:\/\/lleida.matersalvatoris.org\/es\/#website","url":"https:\/\/lleida.matersalvatoris.org\/es\/","name":"Lleida Mater Salvatoris","description":"Lleida Mater Salvatoris","potentialAction":[{"@type":"SearchAction","target":{"@type":"EntryPoint","urlTemplate":"https:\/\/lleida.matersalvatoris.org\/es\/?s={search_term_string}"},"query-input":{"@type":"PropertyValueSpecification","valueRequired":true,"valueName":"search_term_string"}}],"inLanguage":"es"}]}},"_links":{"self":[{"href":"https:\/\/lleida.matersalvatoris.org\/es\/wp-json\/wp\/v2\/pages\/704","targetHints":{"allow":["GET"]}}],"collection":[{"href":"https:\/\/lleida.matersalvatoris.org\/es\/wp-json\/wp\/v2\/pages"}],"about":[{"href":"https:\/\/lleida.matersalvatoris.org\/es\/wp-json\/wp\/v2\/types\/page"}],"author":[{"embeddable":true,"href":"https:\/\/lleida.matersalvatoris.org\/es\/wp-json\/wp\/v2\/users\/1"}],"replies":[{"embeddable":true,"href":"https:\/\/lleida.matersalvatoris.org\/es\/wp-json\/wp\/v2\/comments?post=704"}],"version-history":[{"count":9,"href":"https:\/\/lleida.matersalvatoris.org\/es\/wp-json\/wp\/v2\/pages\/704\/revisions"}],"predecessor-version":[{"id":10995,"href":"https:\/\/lleida.matersalvatoris.org\/es\/wp-json\/wp\/v2\/pages\/704\/revisions\/10995"}],"wp:attachment":[{"href":"https:\/\/lleida.matersalvatoris.org\/es\/wp-json\/wp\/v2\/media?parent=704"}],"curies":[{"name":"wp","href":"https:\/\/api.w.org\/{rel}","templated":true}]}}