{"id":694,"date":"2021-10-29T11:19:10","date_gmt":"2021-10-29T09:19:10","guid":{"rendered":"https:\/\/lleida.matersalvatoris.org\/?page_id=694"},"modified":"2021-11-12T19:13:49","modified_gmt":"2021-11-12T17:13:49","slug":"quienes-somos","status":"publish","type":"page","link":"https:\/\/lleida.matersalvatoris.org\/es\/quienes-somos\/","title":{"rendered":"QUI\u00c9NES SOMOS"},"content":{"rendered":"<p>[et_pb_section fb_built=\u00bb1&#8243; fullwidth=\u00bbon\u00bb _builder_version=\u00bb4.11.1&#8243; _module_preset=\u00bbdefault\u00bb global_colors_info=\u00bb{}\u00bb da_is_popup=\u00bboff\u00bb da_exit_intent=\u00bboff\u00bb da_has_close=\u00bbon\u00bb da_alt_close=\u00bboff\u00bb da_dark_close=\u00bboff\u00bb da_not_modal=\u00bbon\u00bb da_is_singular=\u00bboff\u00bb da_with_loader=\u00bboff\u00bb da_has_shadow=\u00bbon\u00bb da_disable_devices=\u00bboff|off|off\u00bb][et_pb_fullwidth_slider _builder_version=\u00bb4.13.0&#8243; _module_preset=\u00bbdefault\u00bb global_colors_info=\u00bb{}\u00bb][et_pb_slide _builder_version=\u00bb4.13.0&#8243; _module_preset=\u00bbdefault\u00bb background_image=\u00bbhttps:\/\/lleida.matersalvatoris.org\/wp-content\/uploads\/2021\/10\/quisom-scaled.jpg\u00bb background_enable_image=\u00bbon\u00bb global_colors_info=\u00bb{}\u00bb sticky_transition=\u00bbon\u00bb][\/et_pb_slide][\/et_pb_fullwidth_slider][\/et_pb_section][et_pb_section fb_built=\u00bb1&#8243; _builder_version=\u00bb4.11.1&#8243; _module_preset=\u00bb5c19a62f-513d-4606-ae30-8aab177d8889&#8243; custom_padding=\u00bb30px||30px||false|false\u00bb global_colors_info=\u00bb{}\u00bb da_is_popup=\u00bboff\u00bb da_exit_intent=\u00bboff\u00bb da_has_close=\u00bbon\u00bb da_alt_close=\u00bboff\u00bb da_dark_close=\u00bboff\u00bb da_not_modal=\u00bbon\u00bb da_is_singular=\u00bboff\u00bb da_with_loader=\u00bboff\u00bb da_has_shadow=\u00bbon\u00bb da_disable_devices=\u00bboff|off|off\u00bb][et_pb_row column_structure=\u00bb1_4,3_4&#8243; _builder_version=\u00bb4.11.1&#8243; _module_preset=\u00bb878dbd52-1639-4ccb-bc44-8449068c39e4&#8243; custom_padding=\u00bb0px||0px||false|false\u00bb global_colors_info=\u00bb{}\u00bb][et_pb_column type=\u00bb1_4&#8243; _builder_version=\u00bb4.11.1&#8243; _module_preset=\u00bbdefault\u00bb global_colors_info=\u00bb{}\u00bb][et_pb_text _builder_version=\u00bb4.13.1&#8243; _dynamic_attributes=\u00bbcontent\u00bb _module_preset=\u00bbfb58153c-30e1-4016-9cf8-2751ea08e8fb\u00bb hover_enabled=\u00bb0&#8243; global_colors_info=\u00bb{}\u00bb sticky_enabled=\u00bb0&#8243;]@ET-DC@eyJkeW5hbWljIjp0cnVlLCJjb250ZW50IjoicG9zdF90aXRsZSIsInNldHRpbmdzIjp7ImJlZm9yZSI6IiIsImFmdGVyIjoiIn19@[\/et_pb_text][et_pb_image src=\u00bbhttps:\/\/lleida.matersalvatoris.org\/wp-content\/uploads\/2021\/11\/quienes-somos-1200&#215;1600-1.jpg\u00bb title_text=\u00bbquienes-somos-1200&#215;1600&#8243; _builder_version=\u00bb4.11.3&#8243; _module_preset=\u00bbcd5698fc-7441-45eb-b23f-47fbe30b45b6&#8243; global_colors_info=\u00bb{}\u00bb][\/et_pb_image][\/et_pb_column][et_pb_column type=\u00bb3_4&#8243; _builder_version=\u00bb4.11.1&#8243; _module_preset=\u00bbdefault\u00bb global_colors_info=\u00bb{}\u00bb][et_pb_text _builder_version=\u00bb4.11.3&#8243; _module_preset=\u00bb9616b5da-827c-4a8d-ad6f-bcd50de1f39f\u00bb text_text_color=\u00bb#000000&#8243; text_font_size=\u00bb20px\u00bb text_line_height=\u00bb1.2em\u00bb custom_margin=\u00bb||1em||false|false\u00bb global_colors_info=\u00bb{}\u00bb]<\/p>\n<p><strong>Mater Salvatoris es un Colegio concertado, cat\u00f3lico y mixto, dirigido por las Religiosas de la Compa\u00f1\u00eda del Salvador,<\/strong> Instituto Religioso de derecho pontificio, fundado por la Madre Mar\u00eda F\u00e9lix con la finalidad de educar a ni\u00f1os y j\u00f3venes conforme a la doctrina de la Iglesia cat\u00f3lica.<\/p>\n<p>Direcci\u00f3n, alumnos y profesores forman una comunidad abierta, dialogante y participativa.<\/p>\n<p>El Centro tiene concertadas con el Departamento de Educaci\u00f3n de la Generalidad de Catalu\u00f1a tres de las etapas educativas que se imparten: <strong>Educaci\u00f3n Infantil, Educaci\u00f3n Primaria y Educaci\u00f3n Secundaria Obligatoria.<\/strong><\/p>\n<p>El Colegio ampl\u00eda su oferta educativa en otras dos etapas no concertadas:<\/p>\n<ul>\n<li><strong>Educaci\u00f3n para ni\u00f1os de 1 y 2 a\u00f1os.<\/strong><\/li>\n<li><strong>Bachillerato.<\/strong><\/li>\n<\/ul>\n<p>[\/et_pb_text][et_pb_text _builder_version=\u00bb4.11.1&#8243; _module_preset=\u00bb0beecb44-14b6-4146-a084-a63d2edaa5dd\u00bb text_text_color=\u00bb#FFFFFF\u00bb text_font_size=\u00bb20px\u00bb text_line_height=\u00bb1.1em\u00bb background_color=\u00bb#8196a1&#8243; custom_margin=\u00bb||1em||false|false\u00bb custom_padding=\u00bb30px|30px|30px|30px|false|false\u00bb global_colors_info=\u00bb{}\u00bb]<\/p>\n<p><span>El Colegio Mater Salvatoris ofrece una ense\u00f1anza de calidad, cuenta con un Proyecto Educativo propio, propuestas pedag\u00f3gicas innovadoras e implantaci\u00f3n de la Tecnolog\u00eda aplicada al proceso de ense\u00f1anza y aprendizaje (PBL).<\/span><\/p>\n<p>[\/et_pb_text][\/et_pb_column][\/et_pb_row][\/et_pb_section]<\/p>\n","protected":false},"excerpt":{"rendered":"<p>Mater Salvatoris es un Colegio concertado, cat\u00f3lico y mixto, dirigido por las Religiosas de la Compa\u00f1\u00eda del Salvador, Instituto Religioso de derecho pontificio, fundado por la Madre Mar\u00eda F\u00e9lix con [&hellip;]<\/p>\n","protected":false},"author":1,"featured_media":0,"parent":0,"menu_order":0,"comment_status":"closed","ping_status":"closed","template":"","meta":{"_et_pb_use_builder":"on","_et_pb_old_content":"[et_pb_section fb_built=\"1\" fullwidth=\"on\" _builder_version=\"4.11.1\" _module_preset=\"default\" global_colors_info=\"{}\"][et_pb_fullwidth_image src=\"https:\/\/lleida.matersalvatoris.org\/wp-content\/uploads\/2021\/10\/quisom-scaled.jpg\" title_text=\"quisom\" _builder_version=\"4.11.1\" _module_preset=\"default\" global_colors_info=\"{}\"][\/et_pb_fullwidth_image][\/et_pb_section][et_pb_section fb_built=\"1\" _builder_version=\"4.11.1\" _module_preset=\"5c19a62f-513d-4606-ae30-8aab177d8889\" custom_padding=\"30px||30px||false|false\" global_colors_info=\"{}\"][et_pb_row column_structure=\"1_4,3_4\" _builder_version=\"4.11.1\" _module_preset=\"878dbd52-1639-4ccb-bc44-8449068c39e4\" custom_padding=\"0px||0px||false|false\" global_colors_info=\"{}\"][et_pb_column type=\"1_4\" _builder_version=\"4.11.1\" _module_preset=\"default\" global_colors_info=\"{}\"][et_pb_text _builder_version=\"4.11.3\" _dynamic_attributes=\"content\" _module_preset=\"fb58153c-30e1-4016-9cf8-2751ea08e8fb\" hover_enabled=\"0\" global_colors_info=\"{}\" sticky_enabled=\"0\"]@ET-DC@eyJkeW5hbWljIjp0cnVlLCJjb250ZW50IjoicG9zdF90aXRsZSIsInNldHRpbmdzIjp7ImJlZm9yZSI6IiIsImFmdGVyIjoiIn19@[\/et_pb_text][et_pb_image src=\"https:\/\/lleida.matersalvatoris.org\/wp-content\/uploads\/2021\/10\/quienes-somos-300x300-1.jpg\" title_text=\"quienes-somos-300x300\" _builder_version=\"4.11.1\" _module_preset=\"1456a61a-6428-47f7-af7b-e2d2556e2239\" custom_padding=\"0px|0px|0px|0px|false|false\" border_radii=\"on|2px|2px|2px|2px\" border_width_all=\"2px\" border_color_all=\"rgba(0,0,0,0.1)\" box_shadow_style=\"preset1\" global_colors_info=\"{}\"][\/et_pb_image][\/et_pb_column][et_pb_column type=\"3_4\" _builder_version=\"4.11.1\" _module_preset=\"default\" global_colors_info=\"{}\"][et_pb_text _builder_version=\"4.11.1\" _module_preset=\"9616b5da-827c-4a8d-ad6f-bcd50de1f39f\" text_text_color=\"#000000\" text_font_size=\"20px\" text_line_height=\"1.2em\" custom_margin=\"||1em||false|false\" global_colors_info=\"{}\"]\n\n<strong>Mater&nbsp; Salvatoris \u00e9s un Col\u00b7legi concertat,&nbsp; mixt i cat\u00f2lic, dirigit per les Religioses de&nbsp; la Companyia del Salvador<\/strong>, &nbsp;Institut Religi\u00f3s de dret pontifici, fundat per la Mare Mar\u00edaF\u00e9lix&nbsp;&nbsp;amb la finalitat d\u2019educar&nbsp; nens i joves conforme a la doctrina de l\u2019Esgl\u00e9sia cat\u00f2lica.\n\nDirecci\u00f3, alumnes i professorat formen una comunitat oberta, dialogant i participativa.\n\nEl Centre t\u00e9 concertades amb el Departament d\u2019Educaci\u00f3 de la Generalitat de Catalunya tres de les etapes educatives que s\u2019imparteixen: <strong>Educaci\u00f3 Infantil, Educaci\u00f3 Prim\u00e0ria i Educaci\u00f3 Secund\u00e0ria Obligat\u00f2ria.<\/strong>\n\nEl Col\u00b7legi amplia la seva oferta educativa amb dues etapes no concertades:\n<ul>\n \t<li><strong>Educaci\u00f3 per a infants d\u20191 i 2 anys.<\/strong><\/li>\n \t<li><strong>Batxillerat.<\/strong><\/li>\n<\/ul>\n[\/et_pb_text][et_pb_text _builder_version=\"4.11.1\" _module_preset=\"0beecb44-14b6-4146-a084-a63d2edaa5dd\" text_text_color=\"#FFFFFF\" text_font_size=\"20px\" text_line_height=\"1.1em\" background_color=\"#8196a1\" custom_margin=\"||1em||false|false\" custom_padding=\"30px|30px|30px|30px|false|false\" global_colors_info=\"{}\"]\n\n<span>El Col\u00b7legi Mater Salvatoris ofereix una ensenyan\u00e7a de qualitat; compta amb un Projecte Educatiu propi, propostes pedag\u00f2giques innovadores i implantaci\u00f3 de la Tecnologia aplicada al proc\u00e9s d\u2019ensenyan\u00e7a i aprenentatge (PBL).<\/span>\n\n[\/et_pb_text][\/et_pb_column][\/et_pb_row][\/et_pb_section]","_et_gb_content_width":"","footnotes":""},"class_list":["post-694","page","type-page","status-publish","hentry"],"yoast_head":"<!-- This site is optimized with the Yoast SEO plugin v26.6 - https:\/\/yoast.com\/wordpress\/plugins\/seo\/ -->\n<title>QUI\u00c9NES SOMOS - Lleida Mater Salvatoris<\/title>\n<meta name=\"robots\" content=\"index, follow, max-snippet:-1, max-image-preview:large, max-video-preview:-1\" \/>\n<link rel=\"canonical\" href=\"https:\/\/lleida.matersalvatoris.org\/es\/quienes-somos\/\" \/>\n<meta property=\"og:locale\" content=\"es_ES\" \/>\n<meta property=\"og:type\" content=\"article\" \/>\n<meta property=\"og:title\" content=\"QUI\u00c9NES SOMOS - Lleida Mater Salvatoris\" \/>\n<meta property=\"og:description\" content=\"Mater Salvatoris es un Colegio concertado, cat\u00f3lico y mixto, dirigido por las Religiosas de la Compa\u00f1\u00eda del Salvador, Instituto Religioso de derecho pontificio, fundado por la Madre Mar\u00eda F\u00e9lix con [&hellip;]\" \/>\n<meta property=\"og:url\" content=\"https:\/\/lleida.matersalvatoris.org\/es\/quienes-somos\/\" \/>\n<meta property=\"og:site_name\" content=\"Lleida Mater Salvatoris\" \/>\n<meta property=\"article:modified_time\" content=\"2021-11-12T17:13:49+00:00\" \/>\n<meta name=\"twitter:card\" content=\"summary_large_image\" \/>\n<meta name=\"twitter:label1\" content=\"Tiempo de lectura\" \/>\n\t<meta name=\"twitter:data1\" content=\"3 minutos\" \/>\n<script type=\"application\/ld+json\" class=\"yoast-schema-graph\">{\"@context\":\"https:\/\/schema.org\",\"@graph\":[{\"@type\":\"WebPage\",\"@id\":\"https:\/\/lleida.matersalvatoris.org\/es\/quienes-somos\/\",\"url\":\"https:\/\/lleida.matersalvatoris.org\/es\/quienes-somos\/\",\"name\":\"QUI\u00c9NES SOMOS - Lleida Mater Salvatoris\",\"isPartOf\":{\"@id\":\"https:\/\/lleida.matersalvatoris.org\/es\/#website\"},\"datePublished\":\"2021-10-29T09:19:10+00:00\",\"dateModified\":\"2021-11-12T17:13:49+00:00\",\"inLanguage\":\"es\",\"potentialAction\":[{\"@type\":\"ReadAction\",\"target\":[\"https:\/\/lleida.matersalvatoris.org\/es\/quienes-somos\/\"]}]},{\"@type\":\"WebSite\",\"@id\":\"https:\/\/lleida.matersalvatoris.org\/es\/#website\",\"url\":\"https:\/\/lleida.matersalvatoris.org\/es\/\",\"name\":\"Lleida Mater Salvatoris\",\"description\":\"Lleida Mater Salvatoris\",\"potentialAction\":[{\"@type\":\"SearchAction\",\"target\":{\"@type\":\"EntryPoint\",\"urlTemplate\":\"https:\/\/lleida.matersalvatoris.org\/es\/?s={search_term_string}\"},\"query-input\":{\"@type\":\"PropertyValueSpecification\",\"valueRequired\":true,\"valueName\":\"search_term_string\"}}],\"inLanguage\":\"es\"}]}<\/script>\n<!-- \/ Yoast SEO plugin. -->","yoast_head_json":{"title":"QUI\u00c9NES SOMOS - Lleida Mater Salvatoris","robots":{"index":"index","follow":"follow","max-snippet":"max-snippet:-1","max-image-preview":"max-image-preview:large","max-video-preview":"max-video-preview:-1"},"canonical":"https:\/\/lleida.matersalvatoris.org\/es\/quienes-somos\/","og_locale":"es_ES","og_type":"article","og_title":"QUI\u00c9NES SOMOS - Lleida Mater Salvatoris","og_description":"Mater Salvatoris es un Colegio concertado, cat\u00f3lico y mixto, dirigido por las Religiosas de la Compa\u00f1\u00eda del Salvador, Instituto Religioso de derecho pontificio, fundado por la Madre Mar\u00eda F\u00e9lix con [&hellip;]","og_url":"https:\/\/lleida.matersalvatoris.org\/es\/quienes-somos\/","og_site_name":"Lleida Mater Salvatoris","article_modified_time":"2021-11-12T17:13:49+00:00","twitter_card":"summary_large_image","twitter_misc":{"Tiempo de lectura":"3 minutos"},"schema":{"@context":"https:\/\/schema.org","@graph":[{"@type":"WebPage","@id":"https:\/\/lleida.matersalvatoris.org\/es\/quienes-somos\/","url":"https:\/\/lleida.matersalvatoris.org\/es\/quienes-somos\/","name":"QUI\u00c9NES SOMOS - Lleida Mater Salvatoris","isPartOf":{"@id":"https:\/\/lleida.matersalvatoris.org\/es\/#website"},"datePublished":"2021-10-29T09:19:10+00:00","dateModified":"2021-11-12T17:13:49+00:00","inLanguage":"es","potentialAction":[{"@type":"ReadAction","target":["https:\/\/lleida.matersalvatoris.org\/es\/quienes-somos\/"]}]},{"@type":"WebSite","@id":"https:\/\/lleida.matersalvatoris.org\/es\/#website","url":"https:\/\/lleida.matersalvatoris.org\/es\/","name":"Lleida Mater Salvatoris","description":"Lleida Mater Salvatoris","potentialAction":[{"@type":"SearchAction","target":{"@type":"EntryPoint","urlTemplate":"https:\/\/lleida.matersalvatoris.org\/es\/?s={search_term_string}"},"query-input":{"@type":"PropertyValueSpecification","valueRequired":true,"valueName":"search_term_string"}}],"inLanguage":"es"}]}},"_links":{"self":[{"href":"https:\/\/lleida.matersalvatoris.org\/es\/wp-json\/wp\/v2\/pages\/694","targetHints":{"allow":["GET"]}}],"collection":[{"href":"https:\/\/lleida.matersalvatoris.org\/es\/wp-json\/wp\/v2\/pages"}],"about":[{"href":"https:\/\/lleida.matersalvatoris.org\/es\/wp-json\/wp\/v2\/types\/page"}],"author":[{"embeddable":true,"href":"https:\/\/lleida.matersalvatoris.org\/es\/wp-json\/wp\/v2\/users\/1"}],"replies":[{"embeddable":true,"href":"https:\/\/lleida.matersalvatoris.org\/es\/wp-json\/wp\/v2\/comments?post=694"}],"version-history":[{"count":7,"href":"https:\/\/lleida.matersalvatoris.org\/es\/wp-json\/wp\/v2\/pages\/694\/revisions"}],"predecessor-version":[{"id":8214,"href":"https:\/\/lleida.matersalvatoris.org\/es\/wp-json\/wp\/v2\/pages\/694\/revisions\/8214"}],"wp:attachment":[{"href":"https:\/\/lleida.matersalvatoris.org\/es\/wp-json\/wp\/v2\/media?parent=694"}],"curies":[{"name":"wp","href":"https:\/\/api.w.org\/{rel}","templated":true}]}}