{"id":688,"date":"2021-10-29T11:17:49","date_gmt":"2021-10-29T09:17:49","guid":{"rendered":"https:\/\/lleida.matersalvatoris.org\/?page_id=688"},"modified":"2024-02-26T11:41:45","modified_gmt":"2024-02-26T10:41:45","slug":"primaria","status":"publish","type":"page","link":"https:\/\/lleida.matersalvatoris.org\/es\/primaria\/","title":{"rendered":"Primaria"},"content":{"rendered":"<p>[et_pb_section fb_built=\u00bb1&#8243; fullwidth=\u00bbon\u00bb _builder_version=\u00bb4.16&#8243; _module_preset=\u00bbdefault\u00bb da_disable_devices=\u00bboff|off|off\u00bb global_colors_info=\u00bb{}\u00bb da_is_popup=\u00bboff\u00bb da_exit_intent=\u00bboff\u00bb da_has_close=\u00bbon\u00bb da_alt_close=\u00bboff\u00bb da_dark_close=\u00bboff\u00bb da_not_modal=\u00bbon\u00bb da_is_singular=\u00bboff\u00bb da_with_loader=\u00bboff\u00bb da_has_shadow=\u00bbon\u00bb][et_pb_fullwidth_image src=\u00bbhttps:\/\/lleida.matersalvatoris.org\/wp-content\/uploads\/2021\/10\/primaria_slide-scaled.jpg\u00bb title_text=\u00bbprimaria_slide\u00bb _builder_version=\u00bb4.16&#8243; _module_preset=\u00bbdefault\u00bb global_colors_info=\u00bb{}\u00bb][\/et_pb_fullwidth_image][\/et_pb_section][et_pb_section fb_built=\u00bb1&#8243; _builder_version=\u00bb4.16&#8243; _module_preset=\u00bb5c19a62f-513d-4606-ae30-8aab177d8889&#8243; custom_padding=\u00bb30px||30px||false|false\u00bb da_disable_devices=\u00bboff|off|off\u00bb global_colors_info=\u00bb{}\u00bb da_is_popup=\u00bboff\u00bb da_exit_intent=\u00bboff\u00bb da_has_close=\u00bbon\u00bb da_alt_close=\u00bboff\u00bb da_dark_close=\u00bboff\u00bb da_not_modal=\u00bbon\u00bb da_is_singular=\u00bboff\u00bb da_with_loader=\u00bboff\u00bb da_has_shadow=\u00bbon\u00bb][et_pb_row column_structure=\u00bb1_4,3_4&#8243; _builder_version=\u00bb4.16&#8243; _module_preset=\u00bb878dbd52-1639-4ccb-bc44-8449068c39e4&#8243; custom_padding=\u00bb0px||0px||false|false\u00bb global_colors_info=\u00bb{}\u00bb][et_pb_column type=\u00bb1_4&#8243; _builder_version=\u00bb4.16&#8243; _module_preset=\u00bbdefault\u00bb global_colors_info=\u00bb{}\u00bb][et_pb_text _builder_version=\u00bb4.16&#8243; _dynamic_attributes=\u00bbcontent\u00bb _module_preset=\u00bbfb58153c-30e1-4016-9cf8-2751ea08e8fb\u00bb global_colors_info=\u00bb{}\u00bb]@ET-DC@eyJkeW5hbWljIjp0cnVlLCJjb250ZW50IjoicG9zdF90aXRsZSIsInNldHRpbmdzIjp7ImJlZm9yZSI6IiIsImFmdGVyIjoiIn19@[\/et_pb_text][et_pb_image src=\u00bbhttps:\/\/lleida.matersalvatoris.org\/wp-content\/uploads\/2021\/11\/etapes2ok-1200&#215;1200-1.jpg\u00bb title_text=\u00bbetapes2ok-1200&#215;1200&#8243; _builder_version=\u00bb4.16&#8243; _module_preset=\u00bbcd5698fc-7441-45eb-b23f-47fbe30b45b6&#8243; global_colors_info=\u00bb{}\u00bb][\/et_pb_image][et_pb_image src=\u00bbhttps:\/\/lleida.matersalvatoris.org\/wp-content\/uploads\/2024\/02\/dsz3034-convertimage-min_optimized-scaled.jpg\u00bb title_text=\u00bb_dsz3034-convertimage-min_optimized\u00bb _builder_version=\u00bb4.24.0&#8243; _module_preset=\u00bbcd5698fc-7441-45eb-b23f-47fbe30b45b6&#8243; hover_enabled=\u00bb0&#8243; global_colors_info=\u00bb{}\u00bb sticky_enabled=\u00bb0&#8243;][\/et_pb_image][et_pb_image src=\u00bbhttps:\/\/lleida.matersalvatoris.org\/wp-content\/uploads\/2024\/02\/dsz2858-convertimage-min_optimized-scaled.jpg\u00bb title_text=\u00bb_dsz2858-convertimage-min_optimized\u00bb _builder_version=\u00bb4.24.0&#8243; _module_preset=\u00bbcd5698fc-7441-45eb-b23f-47fbe30b45b6&#8243; hover_enabled=\u00bb0&#8243; global_colors_info=\u00bb{}\u00bb sticky_enabled=\u00bb0&#8243;][\/et_pb_image][\/et_pb_column][et_pb_column type=\u00bb3_4&#8243; _builder_version=\u00bb4.16&#8243; _module_preset=\u00bbdefault\u00bb global_colors_info=\u00bb{}\u00bb][et_pb_text _builder_version=\u00bb4.16&#8243; _module_preset=\u00bb0beecb44-14b6-4146-a084-a63d2edaa5dd\u00bb text_text_color=\u00bb#FFFFFF\u00bb text_line_height=\u00bb1.1em\u00bb background_color=\u00bb#8196a1&#8243; custom_padding=\u00bb30px|30px|30px|30px|false|false\u00bb global_colors_info=\u00bb{}\u00bb]<\/p>\n<p><span>La etapa de Educaci\u00f3n Primaria es el momento \u00f3ptimo para la educaci\u00f3n de la voluntad.<\/span><\/p>\n<p>[\/et_pb_text][et_pb_text _builder_version=\u00bb4.16&#8243; _module_preset=\u00bb9616b5da-827c-4a8d-ad6f-bcd50de1f39f\u00bb global_colors_info=\u00bb{}\u00bb]<\/p>\n<p><span>El Colegio, en colaboraci\u00f3n con la familia, se propone que los alumnos asuman h\u00e1bitos de trabajo y estudio, desarrollen habilidades culturales b\u00e1sicas, y despierten su sentido cr\u00edtico y de responsabilidad.<\/span><br \/><span>Adem\u00e1s se pone especial cuidado en atender a aquellos que presentan necesidades educativas especiales.<\/span><\/p>\n<ul>\n<li><a class=\"actividades\" href=\"https:\/\/lleida.matersalvatoris.org\/es\/etapas-educativas\/#primaria-asignatura-1\"><strong>Optimizar el rendimiento<\/strong><\/a><br \/><span>La acci\u00f3n tutorial orienta con esmerada atenci\u00f3n el proceso educativo individual y colectivo del alumnado.<\/span><\/li>\n<li><a class=\"actividades\" href=\"https:\/\/lleida.matersalvatoris.org\/es\/etapas-educativas\/#primaria-asignatura-2\"><strong>Aprendiendo en familia<\/strong><\/a><br \/><span>Nuestro colegio se caracteriza por ofrecer un clima de familiar confianza y colaboraci\u00f3n entre profesores y alumnos, de modo que todos puedan sentirse aceptados y escuchados.<\/span><\/li>\n<li><strong><a class=\"actividades\" href=\"https:\/\/lleida.matersalvatoris.org\/es\/etapas-educativas\/#primaria-asignatura-3\">Apertura a la trascendencia<\/a><\/strong><br \/>En esta etapa se pone especial cuidado en que disfruten de su relaci\u00f3n con Dios, a trav\u00e9s de los Sacramentos de la Reconciliaci\u00f3n y la Eucarist\u00eda, que reciben por primera vez en 3.\u00ba de Primaria.<\/li>\n<li><a class=\"actividades\" href=\"https:\/\/lleida.matersalvatoris.org\/es\/etapas-educativas\/#primaria-asignatura-4\"><strong>Proyecto Huerto<\/strong><\/a><br \/><span>Sentirse parte de un proyecto hace que podamos implicarnos de manera especial en aquello que se est\u00e1 creando. A partir del huerto escolar los alumnos de los cursos superiores de esta etapa se sentir\u00e1n responsables y creadores de un nuevo espacio del colegio que podr\u00e1n compartir con la comunidad escolar al completo (alumnos, padres, profesores\u2026) Desde la preparaci\u00f3n de la tierra, siembra, cuidados, cosechas a la venta o donaci\u00f3n de los productos ellos ser\u00e1n los responsables de este huerto escolar. Todo ello utilizando el ingl\u00e9s como lengua principal, aplicando conocimientos de matem\u00e1ticas, ciencias o lenguas y utilizando materiales creados por ellos mismos en educaci\u00f3n art\u00edstica o destrezas.<\/span><\/li>\n<\/ul>\n<p>[\/et_pb_text][\/et_pb_column][\/et_pb_row][\/et_pb_section]<\/p>\n","protected":false},"excerpt":{"rendered":"<p>La etapa de Educaci\u00f3n Primaria es el momento \u00f3ptimo para la educaci\u00f3n de la voluntad.El Colegio, en colaboraci\u00f3n con la familia, se propone que los alumnos asuman h\u00e1bitos de trabajo [&hellip;]<\/p>\n","protected":false},"author":1,"featured_media":0,"parent":0,"menu_order":0,"comment_status":"closed","ping_status":"closed","template":"","meta":{"_et_pb_use_builder":"on","_et_pb_old_content":"[et_pb_section fb_built=\"1\" fullwidth=\"on\" _builder_version=\"4.11.1\" _module_preset=\"default\" global_colors_info=\"{}\"][et_pb_fullwidth_image src=\"https:\/\/lleida.matersalvatoris.org\/wp-content\/uploads\/2021\/10\/primaria_slide-scaled.jpg\" title_text=\"primaria_slide\" _builder_version=\"4.11.1\" _module_preset=\"default\" global_colors_info=\"{}\"][\/et_pb_fullwidth_image][\/et_pb_section][et_pb_section fb_built=\"1\" custom_padding=\"30px||30px||false|false\" _builder_version=\"4.11.1\" _module_preset=\"5c19a62f-513d-4606-ae30-8aab177d8889\" global_colors_info=\"{}\"][et_pb_row custom_padding=\"0px||0px||false|false\" column_structure=\"1_4,3_4\" _builder_version=\"4.11.1\" _module_preset=\"878dbd52-1639-4ccb-bc44-8449068c39e4\" global_colors_info=\"{}\"][et_pb_column type=\"1_4\" _builder_version=\"4.11.1\" _module_preset=\"default\" global_colors_info=\"{}\"][et_pb_text background_color=\"#042d41\" text_font_size=\"30px\" text_text_color=\"#FFFFFF\" text_font=\"|700||on|||||\" text_orientation=\"center\" module_alignment=\"center\" height=\"244px\" custom_padding=\"110px||||false|false\" _builder_version=\"4.11.1\" _module_preset=\"130e0b9c-592c-4346-9b74-65866c043395\" global_colors_info=\"{}\"]\n\nPRIM\u00c0RIA\n\n[\/et_pb_text][et_pb_image border_width_all=\"2px\" border_color_all=\"rgba(0,0,0,0.1)\" border_radii=\"on|2px|2px|2px|2px\" custom_padding=\"0px|0px|0px|0px|false|false\" box_shadow_style=\"preset1\" src=\"https:\/\/lleida.matersalvatoris.org\/wp-content\/uploads\/2021\/10\/primaria-300x300-1.jpg\" title_text=\"primaria-300x300\" _builder_version=\"4.11.1\" _module_preset=\"1456a61a-6428-47f7-af7b-e2d2556e2239\" global_colors_info=\"{}\"][\/et_pb_image][\/et_pb_column][et_pb_column type=\"3_4\" _builder_version=\"4.11.1\" _module_preset=\"default\" global_colors_info=\"{}\"][et_pb_text background_color=\"#8196a1\" custom_padding=\"30px|30px|30px|30px|false|false\" text_font_size=\"20px\" text_text_color=\"#FFFFFF\" text_line_height=\"1.1em\" custom_margin=\"||1em||false|false\" _builder_version=\"4.11.1\" _module_preset=\"0beecb44-14b6-4146-a084-a63d2edaa5dd\" global_colors_info=\"{}\"]\n\nL\u2019etapa d\u2019Educaci\u00f3 Prim\u00e0ria \u00e9s el moment \u00f2ptim per a l\u2019educaci\u00f3 de la voluntat.\n\n[\/et_pb_text][et_pb_text text_text_color=\"#000000\" text_font_size=\"20px\" text_line_height=\"1.2em\" custom_margin=\"||1em||false|false\" _builder_version=\"4.11.1\" _module_preset=\"9616b5da-827c-4a8d-ad6f-bcd50de1f39f\" global_colors_info=\"{}\"]\n\nEl Col\u00b7legi, en col\u00b7laboraci\u00f3 amb la fam\u00edlia, es proposa que els alumnes assumeixin h\u00e0bits de treball i estudi, desenvolupin habilitats culturals b\u00e0siques, i despertin el seu sentit cr\u00edtic i de responsabilitat. A m\u00e9s es posa especial cura a atendre a aquells que presenten necessitats educatives especials.\n<ul>\n \t<li><strong>Optimitzar el rendiment. <\/strong>\nL\u2019acci\u00f3 tutorial orienta amb acurada atenci\u00f3 el proc\u00e9s educatiu individual i col\u00b7lectiu de l\u2019alumnat.<\/li>\n \t<li><strong>Aprenent en fam\u00edlia. <\/strong>\nEl nostre col\u00b7legi es caracteritza especialment per oferir un clima de familiar confian\u00e7a i col\u00b7laboraci\u00f3 entre professors i alumnes, de manera que tots puguin sentir-se acceptats i escoltats.<\/li>\n \t<li><strong>Obertura a la transcend\u00e8ncia. <\/strong>\nEn aquesta etapa es posa especial cura en qu\u00e8 gaudeixin de la seva relaci\u00f3 amb D\u00e9u, a trav\u00e9s dels Sagraments de la Reconciliaci\u00f3 i l\u2019Eucaristia, que reben per primera vegada en 3r. de Prim\u00e0ria.<\/li>\n \t<li><strong>Projecto Hort. <\/strong>\nSentir-se part d\u2019un projecte fa que puguem implicar-nos de manera especial en all\u00f2 que s\u2019est\u00e0 creant. A partir de l\u2019hort escolar els alumnes dels cursos superiors d\u2019aquesta etapa se sentiran responsables i creadors d\u2019un nou espai del col\u00b7legi que podran compartir amb la comunitat escolar al complet (alumnes, pares, professors\u2026) Des de la preparaci\u00f3 de la terra, sembra, cures, collites a la venda o donaci\u00f3 dels productes ells seran els responsables d\u2019aquest hort escolar. Tot aix\u00f2 utilitzant l\u2019angl\u00e8s com a llengua principal, aplicant coneixements de matem\u00e0tiques, ci\u00e8ncies o lleng\u00fces i utilitzant materials creats per ells mateixos en educaci\u00f3 art\u00edstica o destreses.<\/li>\n<\/ul>\n[\/et_pb_text][\/et_pb_column][\/et_pb_row][\/et_pb_section]","_et_gb_content_width":"","footnotes":""},"class_list":["post-688","page","type-page","status-publish","hentry"],"yoast_head":"<!-- This site is optimized with the Yoast SEO plugin v26.6 - https:\/\/yoast.com\/wordpress\/plugins\/seo\/ -->\n<title>Primaria - Lleida Mater Salvatoris<\/title>\n<meta name=\"robots\" content=\"index, follow, max-snippet:-1, max-image-preview:large, max-video-preview:-1\" \/>\n<link rel=\"canonical\" href=\"https:\/\/lleida.matersalvatoris.org\/es\/primaria\/\" \/>\n<meta property=\"og:locale\" content=\"es_ES\" \/>\n<meta property=\"og:type\" content=\"article\" \/>\n<meta property=\"og:title\" content=\"Primaria - Lleida Mater Salvatoris\" \/>\n<meta property=\"og:description\" content=\"La etapa de Educaci\u00f3n Primaria es el momento \u00f3ptimo para la educaci\u00f3n de la voluntad.El Colegio, en colaboraci\u00f3n con la familia, se propone que los alumnos asuman h\u00e1bitos de trabajo [&hellip;]\" \/>\n<meta property=\"og:url\" content=\"https:\/\/lleida.matersalvatoris.org\/es\/primaria\/\" \/>\n<meta property=\"og:site_name\" content=\"Lleida Mater Salvatoris\" \/>\n<meta property=\"article:modified_time\" content=\"2024-02-26T10:41:45+00:00\" \/>\n<meta name=\"twitter:card\" content=\"summary_large_image\" \/>\n<meta name=\"twitter:label1\" content=\"Tiempo de lectura\" \/>\n\t<meta name=\"twitter:data1\" content=\"4 minutos\" \/>\n<script type=\"application\/ld+json\" class=\"yoast-schema-graph\">{\"@context\":\"https:\/\/schema.org\",\"@graph\":[{\"@type\":\"WebPage\",\"@id\":\"https:\/\/lleida.matersalvatoris.org\/es\/primaria\/\",\"url\":\"https:\/\/lleida.matersalvatoris.org\/es\/primaria\/\",\"name\":\"Primaria - Lleida Mater Salvatoris\",\"isPartOf\":{\"@id\":\"https:\/\/lleida.matersalvatoris.org\/es\/#website\"},\"datePublished\":\"2021-10-29T09:17:49+00:00\",\"dateModified\":\"2024-02-26T10:41:45+00:00\",\"inLanguage\":\"es\",\"potentialAction\":[{\"@type\":\"ReadAction\",\"target\":[\"https:\/\/lleida.matersalvatoris.org\/es\/primaria\/\"]}]},{\"@type\":\"WebSite\",\"@id\":\"https:\/\/lleida.matersalvatoris.org\/es\/#website\",\"url\":\"https:\/\/lleida.matersalvatoris.org\/es\/\",\"name\":\"Lleida Mater Salvatoris\",\"description\":\"Lleida Mater Salvatoris\",\"potentialAction\":[{\"@type\":\"SearchAction\",\"target\":{\"@type\":\"EntryPoint\",\"urlTemplate\":\"https:\/\/lleida.matersalvatoris.org\/es\/?s={search_term_string}\"},\"query-input\":{\"@type\":\"PropertyValueSpecification\",\"valueRequired\":true,\"valueName\":\"search_term_string\"}}],\"inLanguage\":\"es\"}]}<\/script>\n<!-- \/ Yoast SEO plugin. -->","yoast_head_json":{"title":"Primaria - Lleida Mater Salvatoris","robots":{"index":"index","follow":"follow","max-snippet":"max-snippet:-1","max-image-preview":"max-image-preview:large","max-video-preview":"max-video-preview:-1"},"canonical":"https:\/\/lleida.matersalvatoris.org\/es\/primaria\/","og_locale":"es_ES","og_type":"article","og_title":"Primaria - Lleida Mater Salvatoris","og_description":"La etapa de Educaci\u00f3n Primaria es el momento \u00f3ptimo para la educaci\u00f3n de la voluntad.El Colegio, en colaboraci\u00f3n con la familia, se propone que los alumnos asuman h\u00e1bitos de trabajo [&hellip;]","og_url":"https:\/\/lleida.matersalvatoris.org\/es\/primaria\/","og_site_name":"Lleida Mater Salvatoris","article_modified_time":"2024-02-26T10:41:45+00:00","twitter_card":"summary_large_image","twitter_misc":{"Tiempo de lectura":"4 minutos"},"schema":{"@context":"https:\/\/schema.org","@graph":[{"@type":"WebPage","@id":"https:\/\/lleida.matersalvatoris.org\/es\/primaria\/","url":"https:\/\/lleida.matersalvatoris.org\/es\/primaria\/","name":"Primaria - Lleida Mater Salvatoris","isPartOf":{"@id":"https:\/\/lleida.matersalvatoris.org\/es\/#website"},"datePublished":"2021-10-29T09:17:49+00:00","dateModified":"2024-02-26T10:41:45+00:00","inLanguage":"es","potentialAction":[{"@type":"ReadAction","target":["https:\/\/lleida.matersalvatoris.org\/es\/primaria\/"]}]},{"@type":"WebSite","@id":"https:\/\/lleida.matersalvatoris.org\/es\/#website","url":"https:\/\/lleida.matersalvatoris.org\/es\/","name":"Lleida Mater Salvatoris","description":"Lleida Mater Salvatoris","potentialAction":[{"@type":"SearchAction","target":{"@type":"EntryPoint","urlTemplate":"https:\/\/lleida.matersalvatoris.org\/es\/?s={search_term_string}"},"query-input":{"@type":"PropertyValueSpecification","valueRequired":true,"valueName":"search_term_string"}}],"inLanguage":"es"}]}},"_links":{"self":[{"href":"https:\/\/lleida.matersalvatoris.org\/es\/wp-json\/wp\/v2\/pages\/688","targetHints":{"allow":["GET"]}}],"collection":[{"href":"https:\/\/lleida.matersalvatoris.org\/es\/wp-json\/wp\/v2\/pages"}],"about":[{"href":"https:\/\/lleida.matersalvatoris.org\/es\/wp-json\/wp\/v2\/types\/page"}],"author":[{"embeddable":true,"href":"https:\/\/lleida.matersalvatoris.org\/es\/wp-json\/wp\/v2\/users\/1"}],"replies":[{"embeddable":true,"href":"https:\/\/lleida.matersalvatoris.org\/es\/wp-json\/wp\/v2\/comments?post=688"}],"version-history":[{"count":6,"href":"https:\/\/lleida.matersalvatoris.org\/es\/wp-json\/wp\/v2\/pages\/688\/revisions"}],"predecessor-version":[{"id":10061,"href":"https:\/\/lleida.matersalvatoris.org\/es\/wp-json\/wp\/v2\/pages\/688\/revisions\/10061"}],"wp:attachment":[{"href":"https:\/\/lleida.matersalvatoris.org\/es\/wp-json\/wp\/v2\/media?parent=688"}],"curies":[{"name":"wp","href":"https:\/\/api.w.org\/{rel}","templated":true}]}}