{"id":686,"date":"2021-10-29T11:17:26","date_gmt":"2021-10-29T09:17:26","guid":{"rendered":"https:\/\/lleida.matersalvatoris.org\/?page_id=686"},"modified":"2021-11-13T13:16:51","modified_gmt":"2021-11-13T11:16:51","slug":"por-que-el-mater","status":"publish","type":"page","link":"https:\/\/lleida.matersalvatoris.org\/es\/por-que-el-mater\/","title":{"rendered":"\u00bfPOR QU\u00c9 EL MATER?"},"content":{"rendered":"<p>[et_pb_section fb_built=\u00bb1&#8243; fullwidth=\u00bbon\u00bb _builder_version=\u00bb4.11.1&#8243; _module_preset=\u00bbdefault\u00bb da_disable_devices=\u00bboff|off|off\u00bb global_colors_info=\u00bb{}\u00bb admin_label=\u00bbSection\u00bb da_is_popup=\u00bboff\u00bb da_exit_intent=\u00bboff\u00bb da_has_close=\u00bbon\u00bb da_alt_close=\u00bboff\u00bb da_dark_close=\u00bboff\u00bb da_not_modal=\u00bbon\u00bb da_is_singular=\u00bboff\u00bb da_with_loader=\u00bboff\u00bb da_has_shadow=\u00bbon\u00bb][et_pb_fullwidth_slider _builder_version=\u00bb4.13.0&#8243; _module_preset=\u00bbdefault\u00bb global_colors_info=\u00bb{}\u00bb][et_pb_slide _builder_version=\u00bb4.13.0&#8243; _module_preset=\u00bbdefault\u00bb background_image=\u00bbhttps:\/\/lleida.matersalvatoris.org\/wp-content\/uploads\/2021\/10\/slide_4.jpg\u00bb background_enable_image=\u00bbon\u00bb global_colors_info=\u00bb{}\u00bb sticky_transition=\u00bbon\u00bb][\/et_pb_slide][\/et_pb_fullwidth_slider][\/et_pb_section][et_pb_section fb_built=\u00bb1&#8243; _builder_version=\u00bb4.13.1&#8243; _module_preset=\u00bb5c19a62f-513d-4606-ae30-8aab177d8889&#8243; custom_padding=\u00bb30px||30px||false|false\u00bb hover_enabled=\u00bb0&#8243; da_disable_devices=\u00bboff|off|off\u00bb global_colors_info=\u00bb{}\u00bb module_id=\u00bbsectionPorQueMater\u00bb admin_label=\u00bbSection\u00bb da_is_popup=\u00bboff\u00bb da_popup_slug=\u00bbsectionPorQueMater\u00bb da_exit_intent=\u00bboff\u00bb da_has_close=\u00bbon\u00bb da_alt_close=\u00bboff\u00bb da_dark_close=\u00bboff\u00bb da_not_modal=\u00bbon\u00bb da_is_singular=\u00bboff\u00bb da_with_loader=\u00bboff\u00bb da_has_shadow=\u00bbon\u00bb sticky_enabled=\u00bb0&#8243;][et_pb_row column_structure=\u00bb1_4,1_2,1_4&#8243; use_custom_gutter=\u00bbon\u00bb gutter_width=\u00bb1&#8243; make_equal=\u00bbon\u00bb _builder_version=\u00bb4.11.1&#8243; _module_preset=\u00bbdefault\u00bb custom_padding=\u00bb0px|0px|0px|0px|false|false\u00bb global_colors_info=\u00bb{}\u00bb][et_pb_column type=\u00bb1_4&#8243; _builder_version=\u00bb4.11.1&#8243; _module_preset=\u00bbdefault\u00bb custom_padding=\u00bb|20px||30px|false|false\u00bb global_colors_info=\u00bb{}\u00bb][et_pb_text _builder_version=\u00bb4.13.1&#8243; _dynamic_attributes=\u00bbcontent\u00bb _module_preset=\u00bbfb58153c-30e1-4016-9cf8-2751ea08e8fb\u00bb text_font_size=\u00bb31px\u00bb text_line_height=\u00bb1.1em\u00bb custom_padding=\u00bb90px||||false|false\u00bb global_colors_info=\u00bb{}\u00bb]@ET-DC@eyJkeW5hbWljIjp0cnVlLCJjb250ZW50IjoicG9zdF90aXRsZSIsInNldHRpbmdzIjp7ImJlZm9yZSI6IiIsImFmdGVyIjoiIn19@[\/et_pb_text][\/et_pb_column][et_pb_column type=\u00bb1_2&#8243; _builder_version=\u00bb4.11.1&#8243; _module_preset=\u00bbdefault\u00bb background_color=\u00bb#efefef\u00bb custom_padding=\u00bb80px|60px||60px|false|false\u00bb global_colors_info=\u00bb{}\u00bb][et_pb_text _builder_version=\u00bb4.11.1&#8243; _module_preset=\u00bb9616b5da-827c-4a8d-ad6f-bcd50de1f39f\u00bb text_text_color=\u00bb#000000&#8243; text_font_size=\u00bb20px\u00bb text_line_height=\u00bb1.1em\u00bb custom_margin=\u00bb||1em||false|false\u00bb global_colors_info=\u00bb{}\u00bb]<\/p>\n<p><strong>Mater Salvatoris apuesta por una educaci\u00f3n de calidad.<\/strong><span> La exigencia acad\u00e9mica es un requisito imprescindible para una formaci\u00f3n que busca la excelencia en todos los \u00e1mbitos.<\/span><\/p>\n<p>[\/et_pb_text][\/et_pb_column][et_pb_column type=\u00bb1_4&#8243; _builder_version=\u00bb4.11.1&#8243; _module_preset=\u00bbdefault\u00bb custom_padding=\u00bb|30px||20px|false|false\u00bb global_colors_info=\u00bb{}\u00bb][et_pb_image src=\u00bbhttps:\/\/lleida.matersalvatoris.org\/wp-content\/uploads\/2021\/10\/porque-mater_1-scaled.jpg\u00bb title_text=\u00bbporque-mater_1&#8243; _builder_version=\u00bb4.11.1&#8243; _module_preset=\u00bbdefault\u00bb global_colors_info=\u00bb{}\u00bb][\/et_pb_image][\/et_pb_column][\/et_pb_row][et_pb_row column_structure=\u00bb3_5,2_5&#8243; use_custom_gutter=\u00bbon\u00bb gutter_width=\u00bb1&#8243; make_equal=\u00bbon\u00bb _builder_version=\u00bb4.11.1&#8243; _module_preset=\u00bbdefault\u00bb custom_padding=\u00bb20px|30px|0px|0px|false|false\u00bb global_colors_info=\u00bb{}\u00bb][et_pb_column type=\u00bb3_5&#8243; _builder_version=\u00bb4.11.1&#8243; _module_preset=\u00bbdefault\u00bb custom_padding=\u00bb|20px||30px|false|false\u00bb global_colors_info=\u00bb{}\u00bb][et_pb_image src=\u00bbhttps:\/\/lleida.matersalvatoris.org\/wp-content\/uploads\/2021\/10\/porque-mater2-scaled.jpg\u00bb title_text=\u00bbporque-mater2&#8243; _builder_version=\u00bb4.11.1&#8243; _module_preset=\u00bbdefault\u00bb global_colors_info=\u00bb{}\u00bb][\/et_pb_image][\/et_pb_column][et_pb_column type=\u00bb2_5&#8243; _builder_version=\u00bb4.11.1&#8243; _module_preset=\u00bbdefault\u00bb background_color=\u00bb#efefef\u00bb custom_padding=\u00bb75px|40px||40px|false|false\u00bb global_colors_info=\u00bb{}\u00bb][et_pb_text _builder_version=\u00bb4.11.1&#8243; _module_preset=\u00bb9616b5da-827c-4a8d-ad6f-bcd50de1f39f\u00bb text_text_color=\u00bb#000000&#8243; text_font_size=\u00bb20px\u00bb text_line_height=\u00bb1.2em\u00bb custom_margin=\u00bb||1em||false|false\u00bb global_colors_info=\u00bb{}\u00bb]<\/p>\n<p style=\"text-align: justify;\"><strong>Mater Salvatoris apuesta por una formaci\u00f3n cristiana.<\/strong><span> La impronta que deja el Colegio en sus alumnas se caracteriza por la importancia que da a la formaci\u00f3n humana y espiritual en un clima de sana alegr\u00eda, libertad y respeto.<\/span><\/p>\n<p>[\/et_pb_text][\/et_pb_column][\/et_pb_row][et_pb_row column_structure=\u00bb2_5,3_5&#8243; use_custom_gutter=\u00bbon\u00bb gutter_width=\u00bb1&#8243; make_equal=\u00bbon\u00bb _builder_version=\u00bb4.11.1&#8243; _module_preset=\u00bbdefault\u00bb custom_padding=\u00bb20px|0px|0px|30px|false|false\u00bb global_colors_info=\u00bb{}\u00bb][et_pb_column type=\u00bb2_5&#8243; _builder_version=\u00bb4.11.1&#8243; _module_preset=\u00bbdefault\u00bb background_color=\u00bb#efefef\u00bb custom_padding=\u00bb95px|40px||40px|false|false\u00bb global_colors_info=\u00bb{}\u00bb][et_pb_text _builder_version=\u00bb4.11.3&#8243; _module_preset=\u00bb9616b5da-827c-4a8d-ad6f-bcd50de1f39f\u00bb text_text_color=\u00bb#000000&#8243; text_font_size=\u00bb20px\u00bb text_line_height=\u00bb1.2em\u00bb custom_margin=\u00bb||1em||false|false\u00bb global_colors_info=\u00bb{}\u00bb]<\/p>\n<p style=\"text-align: justify;\"><strong>Mater Salvatoris apuesta por la persona.<\/strong><span> Una vez que un alumno empieza a formar parte del Colegio, tiene la seguridad de que no se ahorrar\u00e1 ning\u00fan esfuerzo para ayudarle a superar todas las dificultades.<\/span><\/p>\n<p>[\/et_pb_text][\/et_pb_column][et_pb_column type=\u00bb3_5&#8243; _builder_version=\u00bb4.11.1&#8243; _module_preset=\u00bbdefault\u00bb custom_padding=\u00bb|30px||20px|false|false\u00bb global_colors_info=\u00bb{}\u00bb][et_pb_image src=\u00bbhttps:\/\/lleida.matersalvatoris.org\/wp-content\/uploads\/2021\/10\/porque-mater3-scaled.jpg\u00bb title_text=\u00bbporque-mater3&#8243; _builder_version=\u00bb4.11.1&#8243; _module_preset=\u00bbdefault\u00bb global_colors_info=\u00bb{}\u00bb][\/et_pb_image][\/et_pb_column][\/et_pb_row][et_pb_row column_structure=\u00bb3_5,2_5&#8243; use_custom_gutter=\u00bbon\u00bb gutter_width=\u00bb1&#8243; make_equal=\u00bbon\u00bb _builder_version=\u00bb4.11.1&#8243; _module_preset=\u00bbdefault\u00bb custom_padding=\u00bb20px|30px|0px|0px|false|false\u00bb global_colors_info=\u00bb{}\u00bb][et_pb_column type=\u00bb3_5&#8243; _builder_version=\u00bb4.11.1&#8243; _module_preset=\u00bbdefault\u00bb custom_padding=\u00bb|20px||30px|false|false\u00bb global_colors_info=\u00bb{}\u00bb][et_pb_image src=\u00bbhttps:\/\/lleida.matersalvatoris.org\/wp-content\/uploads\/2021\/10\/por-que-el.-mater-4-scaled.jpg\u00bb title_text=\u00bbpor-que-el.-mater-4&#8243; _builder_version=\u00bb4.11.1&#8243; _module_preset=\u00bbdefault\u00bb global_colors_info=\u00bb{}\u00bb][\/et_pb_image][\/et_pb_column][et_pb_column type=\u00bb2_5&#8243; _builder_version=\u00bb4.11.1&#8243; _module_preset=\u00bbdefault\u00bb background_color=\u00bb#efefef\u00bb custom_padding=\u00bb105px|40px||40px|false|false\u00bb global_colors_info=\u00bb{}\u00bb][et_pb_text _builder_version=\u00bb4.11.1&#8243; _module_preset=\u00bb9616b5da-827c-4a8d-ad6f-bcd50de1f39f\u00bb text_text_color=\u00bb#000000&#8243; text_font_size=\u00bb20px\u00bb text_line_height=\u00bb1.2em\u00bb custom_margin=\u00bb||1em||false|false\u00bb global_colors_info=\u00bb{}\u00bb]<\/p>\n<p style=\"text-align: justify;\"><strong>Mater Salvatoris apuesta por la cultura.<\/strong><span> Una de las caracter\u00edsticas del Colegio es su inter\u00e9s por fomentar el aprecio y la afici\u00f3n por todas las manifestaciones art\u00edsticas y culturales.<\/span><\/p>\n<p>[\/et_pb_text][\/et_pb_column][\/et_pb_row][et_pb_row column_structure=\u00bb2_5,3_5&#8243; use_custom_gutter=\u00bbon\u00bb gutter_width=\u00bb1&#8243; make_equal=\u00bbon\u00bb _builder_version=\u00bb4.11.1&#8243; _module_preset=\u00bbdefault\u00bb custom_padding=\u00bb20px|0px|0px|30px|false|false\u00bb global_colors_info=\u00bb{}\u00bb][et_pb_column type=\u00bb2_5&#8243; _builder_version=\u00bb4.11.1&#8243; _module_preset=\u00bbdefault\u00bb background_color=\u00bb#efefef\u00bb custom_padding=\u00bb90px|40px||40px|false|false\u00bb global_colors_info=\u00bb{}\u00bb][et_pb_text _builder_version=\u00bb4.11.1&#8243; _module_preset=\u00bb9616b5da-827c-4a8d-ad6f-bcd50de1f39f\u00bb text_text_color=\u00bb#000000&#8243; text_font_size=\u00bb20px\u00bb text_line_height=\u00bb1.2em\u00bb custom_margin=\u00bb||1em||false|false\u00bb global_colors_info=\u00bb{}\u00bb]<\/p>\n<p style=\"text-align: justify;\"><strong>Mater Salvatoris apuesta por la amistad.<\/strong><span> En el Mater trabajamos la inteligencia emocional, la amabilidad y el arte de convivir; ayudando a nuestros alumnos a ser felices y estrechar lazos que duren la vida entera.<\/span><\/p>\n<p>[\/et_pb_text][\/et_pb_column][et_pb_column type=\u00bb3_5&#8243; _builder_version=\u00bb4.11.1&#8243; _module_preset=\u00bbdefault\u00bb custom_padding=\u00bb|30px||20px|false|false\u00bb global_colors_info=\u00bb{}\u00bb][et_pb_image src=\u00bbhttps:\/\/lleida.matersalvatoris.org\/wp-content\/uploads\/2021\/10\/porque-mater5-scaled.jpg\u00bb title_text=\u00bbSONY DSC\u00bb _builder_version=\u00bb4.11.1&#8243; _module_preset=\u00bbdefault\u00bb global_colors_info=\u00bb{}\u00bb][\/et_pb_image][\/et_pb_column][\/et_pb_row][\/et_pb_section]<\/p>\n","protected":false},"excerpt":{"rendered":"<p>Mater Salvatoris apuesta por una educaci\u00f3n de calidad. La exigencia acad\u00e9mica es un requisito imprescindible para una formaci\u00f3n que busca la excelencia en todos los \u00e1mbitos.Mater Salvatoris apuesta por una [&hellip;]<\/p>\n","protected":false},"author":1,"featured_media":0,"parent":0,"menu_order":0,"comment_status":"closed","ping_status":"closed","template":"","meta":{"_et_pb_use_builder":"on","_et_pb_old_content":"[et_pb_section fb_built=\"1\" fullwidth=\"on\" _builder_version=\"4.11.1\" _module_preset=\"default\" global_colors_info=\"{}\"][et_pb_fullwidth_image src=\"https:\/\/lleida.matersalvatoris.org\/wp-content\/uploads\/2021\/10\/slide_4.jpg\" title_text=\"slide_4\" _builder_version=\"4.11.1\" _module_preset=\"default\" global_colors_info=\"{}\"][\/et_pb_fullwidth_image][\/et_pb_section][et_pb_section fb_built=\"1\" custom_padding=\"30px||30px||false|false\" _builder_version=\"4.11.1\" _module_preset=\"5c19a62f-513d-4606-ae30-8aab177d8889\" global_colors_info=\"{}\"][et_pb_row column_structure=\"1_4,1_2,1_4\" use_custom_gutter=\"on\" gutter_width=\"1\" make_equal=\"on\" _builder_version=\"4.11.1\" _module_preset=\"default\" custom_padding=\"0px|0px|0px|0px|false|false\" global_colors_info=\"{}\"][et_pb_column type=\"1_4\" _builder_version=\"4.11.1\" _module_preset=\"default\" custom_padding=\"|20px||30px|false|false\" global_colors_info=\"{}\"][et_pb_text background_color=\"#042d41\" text_font_size=\"31px\" text_text_color=\"#FFFFFF\" text_font=\"|700||on|||||\" text_line_height=\"1.1em\" text_orientation=\"center\" module_alignment=\"center\" height=\"244px\" custom_padding=\"90px||||false|false\" _builder_version=\"4.11.1\" _module_preset=\"16241ff9-6a12-456b-905f-17691ce7a956\" global_colors_info=\"{}\"]PER QU\u00c8 EL MATER?[\/et_pb_text][\/et_pb_column][et_pb_column type=\"1_2\" _builder_version=\"4.11.1\" _module_preset=\"default\" background_color=\"#efefef\" custom_padding=\"80px|60px||60px|false|false\" global_colors_info=\"{}\"][et_pb_text text_text_color=\"#000000\" text_font_size=\"20px\" text_line_height=\"1.1em\" custom_margin=\"||1em||false|false\" _builder_version=\"4.11.1\" _module_preset=\"9616b5da-827c-4a8d-ad6f-bcd50de1f39f\" global_colors_info=\"{}\"]\n\n<strong>Mater Salvatoris aposta per una educaci\u00f3 de qualitat.<\/strong> L\u2019exig\u00e8ncia acad\u00e8mica \u00e9s un requisit imprescindible per a una formaci\u00f3 que busca l\u2019excel\u00b7l\u00e8ncia en tots els \u00e0mbits.\n\n[\/et_pb_text][\/et_pb_column][et_pb_column type=\"1_4\" _builder_version=\"4.11.1\" _module_preset=\"default\" custom_padding=\"|30px||20px|false|false\" global_colors_info=\"{}\"][et_pb_image src=\"https:\/\/lleida.matersalvatoris.org\/wp-content\/uploads\/2021\/10\/porque-mater_1-scaled.jpg\" title_text=\"porque-mater_1\" _builder_version=\"4.11.1\" _module_preset=\"default\" global_colors_info=\"{}\"][\/et_pb_image][\/et_pb_column][\/et_pb_row][et_pb_row column_structure=\"3_5,2_5\" use_custom_gutter=\"on\" gutter_width=\"1\" make_equal=\"on\" _builder_version=\"4.11.1\" _module_preset=\"default\" custom_padding=\"20px|30px|0px|0px|false|false\" global_colors_info=\"{}\"][et_pb_column type=\"3_5\" _builder_version=\"4.11.1\" _module_preset=\"default\" custom_padding=\"|20px||30px|false|false\" global_colors_info=\"{}\"][et_pb_image src=\"https:\/\/lleida.matersalvatoris.org\/wp-content\/uploads\/2021\/10\/porque-mater2-scaled.jpg\" title_text=\"porque-mater2\" _builder_version=\"4.11.1\" _module_preset=\"default\" global_colors_info=\"{}\"][\/et_pb_image][\/et_pb_column][et_pb_column type=\"2_5\" _builder_version=\"4.11.1\" _module_preset=\"default\" background_color=\"#efefef\" custom_padding=\"75px|40px||40px|false|false\" global_colors_info=\"{}\"][et_pb_text text_text_color=\"#000000\" text_font_size=\"20px\" text_line_height=\"1.2em\" custom_margin=\"||1em||false|false\" _builder_version=\"4.11.1\" _module_preset=\"9616b5da-827c-4a8d-ad6f-bcd50de1f39f\" global_colors_info=\"{}\"]\n<p style=\"text-align: justify;\"><strong>Mater Salvatoris aposta per una formaci\u00f3 cristiana.<\/strong> L\u2019empremta que deixa el Col\u00b7legi en els seus alumnes es caracteritza per la import\u00e0ncia que dona a la formaci\u00f3 humana i espiritual en un clima de sana alegria, llibertat i respecte.<\/p>\n[\/et_pb_text][\/et_pb_column][\/et_pb_row][et_pb_row column_structure=\"2_5,3_5\" use_custom_gutter=\"on\" gutter_width=\"1\" make_equal=\"on\" _builder_version=\"4.11.1\" _module_preset=\"default\" custom_padding=\"20px|0px|0px|30px|false|false\" global_colors_info=\"{}\"][et_pb_column type=\"2_5\" _builder_version=\"4.11.1\" _module_preset=\"default\" background_color=\"#efefef\" custom_padding=\"95px|40px||40px|false|false\" global_colors_info=\"{}\"][et_pb_text text_text_color=\"#000000\" text_font_size=\"20px\" text_line_height=\"1.2em\" custom_margin=\"||1em||false|false\" _builder_version=\"4.11.1\" _module_preset=\"9616b5da-827c-4a8d-ad6f-bcd50de1f39f\" global_colors_info=\"{}\"]\n<p style=\"text-align: justify;\"><strong>Mater Salvatoris aposta per la persona.<\/strong> Quan un alumne comen\u00e7a a formar part del Col\u00b7legi, t\u00e9 la seguretat que no s\u2019estalviar\u00e0 cap esfor\u00e7 per ajudar-lo a superar totes les dificultats.<\/p>\n[\/et_pb_text][\/et_pb_column][et_pb_column type=\"3_5\" _builder_version=\"4.11.1\" _module_preset=\"default\" custom_padding=\"|30px||20px|false|false\" global_colors_info=\"{}\"][et_pb_image src=\"https:\/\/lleida.matersalvatoris.org\/wp-content\/uploads\/2021\/10\/porque-mater3-scaled.jpg\" title_text=\"porque-mater3\" _builder_version=\"4.11.1\" _module_preset=\"default\" global_colors_info=\"{}\"][\/et_pb_image][\/et_pb_column][\/et_pb_row][et_pb_row column_structure=\"3_5,2_5\" use_custom_gutter=\"on\" gutter_width=\"1\" make_equal=\"on\" _builder_version=\"4.11.1\" _module_preset=\"default\" custom_padding=\"20px|30px|0px|0px|false|false\" global_colors_info=\"{}\"][et_pb_column type=\"3_5\" _builder_version=\"4.11.1\" _module_preset=\"default\" custom_padding=\"|20px||30px|false|false\" global_colors_info=\"{}\"][et_pb_image src=\"https:\/\/lleida.matersalvatoris.org\/wp-content\/uploads\/2021\/10\/por-que-el.-mater-4-scaled.jpg\" title_text=\"por-que-el.-mater-4\" _builder_version=\"4.11.1\" _module_preset=\"default\" global_colors_info=\"{}\"][\/et_pb_image][\/et_pb_column][et_pb_column type=\"2_5\" _builder_version=\"4.11.1\" _module_preset=\"default\" background_color=\"#efefef\" custom_padding=\"105px|40px||40px|false|false\" global_colors_info=\"{}\"][et_pb_text text_text_color=\"#000000\" text_font_size=\"20px\" text_line_height=\"1.2em\" custom_margin=\"||1em||false|false\" _builder_version=\"4.11.1\" _module_preset=\"9616b5da-827c-4a8d-ad6f-bcd50de1f39f\" global_colors_info=\"{}\"]\n<p style=\"text-align: justify;\"><strong>Mater Salvatoris aposta per la cultura.<\/strong><span>&nbsp;Una de les caracter\u00edstiques del Col\u00b7legi \u00e9s el seu inter\u00e8s per fomentar l\u2019afecte i l\u2019afici\u00f3 per totes les manifestacions art\u00edstiques i culturals.<\/span><\/p>\n[\/et_pb_text][\/et_pb_column][\/et_pb_row][et_pb_row column_structure=\"2_5,3_5\" use_custom_gutter=\"on\" gutter_width=\"1\" make_equal=\"on\" _builder_version=\"4.11.1\" _module_preset=\"default\" custom_padding=\"20px|0px|0px|30px|false|false\" global_colors_info=\"{}\"][et_pb_column type=\"2_5\" _builder_version=\"4.11.1\" _module_preset=\"default\" background_color=\"#efefef\" custom_padding=\"90px|40px||40px|false|false\" global_colors_info=\"{}\"][et_pb_text text_text_color=\"#000000\" text_font_size=\"20px\" text_line_height=\"1.2em\" custom_margin=\"||1em||false|false\" _builder_version=\"4.11.1\" _module_preset=\"9616b5da-827c-4a8d-ad6f-bcd50de1f39f\" global_colors_info=\"{}\"]\n<p style=\"text-align: justify;\"><strong>Mater Salvatoris aposta per l\u2019amistat.<\/strong> Al Mater treballem la intel\u00b7lig\u00e8ncia emocional, l\u2019amabilitat i l\u2019art de conviure, ajudant els nostres alumnes a ser feli\u00e7os i a estr\u00e8nyer lla\u00e7os que duren tota la vida.<\/p>\n[\/et_pb_text][\/et_pb_column][et_pb_column type=\"3_5\" _builder_version=\"4.11.1\" _module_preset=\"default\" custom_padding=\"|30px||20px|false|false\" global_colors_info=\"{}\"][et_pb_image src=\"https:\/\/lleida.matersalvatoris.org\/wp-content\/uploads\/2021\/10\/porque-mater5-scaled.jpg\" title_text=\"SONY DSC\" _builder_version=\"4.11.1\" _module_preset=\"default\" global_colors_info=\"{}\"][\/et_pb_image][\/et_pb_column][\/et_pb_row][\/et_pb_section]","_et_gb_content_width":"","footnotes":""},"class_list":["post-686","page","type-page","status-publish","hentry"],"yoast_head":"<!-- This site is optimized with the Yoast SEO plugin v26.6 - https:\/\/yoast.com\/wordpress\/plugins\/seo\/ -->\n<title>\u00bfPOR QU\u00c9 EL MATER? - Lleida Mater Salvatoris<\/title>\n<meta name=\"robots\" content=\"index, follow, max-snippet:-1, max-image-preview:large, max-video-preview:-1\" \/>\n<link rel=\"canonical\" href=\"https:\/\/lleida.matersalvatoris.org\/es\/por-que-el-mater\/\" \/>\n<meta property=\"og:locale\" content=\"es_ES\" \/>\n<meta property=\"og:type\" content=\"article\" \/>\n<meta property=\"og:title\" content=\"\u00bfPOR QU\u00c9 EL MATER? - Lleida Mater Salvatoris\" \/>\n<meta property=\"og:description\" content=\"Mater Salvatoris apuesta por una educaci\u00f3n de calidad. La exigencia acad\u00e9mica es un requisito imprescindible para una formaci\u00f3n que busca la excelencia en todos los \u00e1mbitos.Mater Salvatoris apuesta por una [&hellip;]\" \/>\n<meta property=\"og:url\" content=\"https:\/\/lleida.matersalvatoris.org\/es\/por-que-el-mater\/\" \/>\n<meta property=\"og:site_name\" content=\"Lleida Mater Salvatoris\" \/>\n<meta property=\"article:modified_time\" content=\"2021-11-13T11:16:51+00:00\" \/>\n<meta name=\"twitter:card\" content=\"summary_large_image\" \/>\n<meta name=\"twitter:label1\" content=\"Tiempo de lectura\" \/>\n\t<meta name=\"twitter:data1\" content=\"6 minutos\" \/>\n<script type=\"application\/ld+json\" class=\"yoast-schema-graph\">{\"@context\":\"https:\/\/schema.org\",\"@graph\":[{\"@type\":\"WebPage\",\"@id\":\"https:\/\/lleida.matersalvatoris.org\/es\/por-que-el-mater\/\",\"url\":\"https:\/\/lleida.matersalvatoris.org\/es\/por-que-el-mater\/\",\"name\":\"\u00bfPOR QU\u00c9 EL MATER? - Lleida Mater Salvatoris\",\"isPartOf\":{\"@id\":\"https:\/\/lleida.matersalvatoris.org\/es\/#website\"},\"datePublished\":\"2021-10-29T09:17:26+00:00\",\"dateModified\":\"2021-11-13T11:16:51+00:00\",\"inLanguage\":\"es\",\"potentialAction\":[{\"@type\":\"ReadAction\",\"target\":[\"https:\/\/lleida.matersalvatoris.org\/es\/por-que-el-mater\/\"]}]},{\"@type\":\"WebSite\",\"@id\":\"https:\/\/lleida.matersalvatoris.org\/es\/#website\",\"url\":\"https:\/\/lleida.matersalvatoris.org\/es\/\",\"name\":\"Lleida Mater Salvatoris\",\"description\":\"Lleida Mater Salvatoris\",\"potentialAction\":[{\"@type\":\"SearchAction\",\"target\":{\"@type\":\"EntryPoint\",\"urlTemplate\":\"https:\/\/lleida.matersalvatoris.org\/es\/?s={search_term_string}\"},\"query-input\":{\"@type\":\"PropertyValueSpecification\",\"valueRequired\":true,\"valueName\":\"search_term_string\"}}],\"inLanguage\":\"es\"}]}<\/script>\n<!-- \/ Yoast SEO plugin. -->","yoast_head_json":{"title":"\u00bfPOR QU\u00c9 EL MATER? - Lleida Mater Salvatoris","robots":{"index":"index","follow":"follow","max-snippet":"max-snippet:-1","max-image-preview":"max-image-preview:large","max-video-preview":"max-video-preview:-1"},"canonical":"https:\/\/lleida.matersalvatoris.org\/es\/por-que-el-mater\/","og_locale":"es_ES","og_type":"article","og_title":"\u00bfPOR QU\u00c9 EL MATER? - Lleida Mater Salvatoris","og_description":"Mater Salvatoris apuesta por una educaci\u00f3n de calidad. La exigencia acad\u00e9mica es un requisito imprescindible para una formaci\u00f3n que busca la excelencia en todos los \u00e1mbitos.Mater Salvatoris apuesta por una [&hellip;]","og_url":"https:\/\/lleida.matersalvatoris.org\/es\/por-que-el-mater\/","og_site_name":"Lleida Mater Salvatoris","article_modified_time":"2021-11-13T11:16:51+00:00","twitter_card":"summary_large_image","twitter_misc":{"Tiempo de lectura":"6 minutos"},"schema":{"@context":"https:\/\/schema.org","@graph":[{"@type":"WebPage","@id":"https:\/\/lleida.matersalvatoris.org\/es\/por-que-el-mater\/","url":"https:\/\/lleida.matersalvatoris.org\/es\/por-que-el-mater\/","name":"\u00bfPOR QU\u00c9 EL MATER? - Lleida Mater Salvatoris","isPartOf":{"@id":"https:\/\/lleida.matersalvatoris.org\/es\/#website"},"datePublished":"2021-10-29T09:17:26+00:00","dateModified":"2021-11-13T11:16:51+00:00","inLanguage":"es","potentialAction":[{"@type":"ReadAction","target":["https:\/\/lleida.matersalvatoris.org\/es\/por-que-el-mater\/"]}]},{"@type":"WebSite","@id":"https:\/\/lleida.matersalvatoris.org\/es\/#website","url":"https:\/\/lleida.matersalvatoris.org\/es\/","name":"Lleida Mater Salvatoris","description":"Lleida Mater Salvatoris","potentialAction":[{"@type":"SearchAction","target":{"@type":"EntryPoint","urlTemplate":"https:\/\/lleida.matersalvatoris.org\/es\/?s={search_term_string}"},"query-input":{"@type":"PropertyValueSpecification","valueRequired":true,"valueName":"search_term_string"}}],"inLanguage":"es"}]}},"_links":{"self":[{"href":"https:\/\/lleida.matersalvatoris.org\/es\/wp-json\/wp\/v2\/pages\/686","targetHints":{"allow":["GET"]}}],"collection":[{"href":"https:\/\/lleida.matersalvatoris.org\/es\/wp-json\/wp\/v2\/pages"}],"about":[{"href":"https:\/\/lleida.matersalvatoris.org\/es\/wp-json\/wp\/v2\/types\/page"}],"author":[{"embeddable":true,"href":"https:\/\/lleida.matersalvatoris.org\/es\/wp-json\/wp\/v2\/users\/1"}],"replies":[{"embeddable":true,"href":"https:\/\/lleida.matersalvatoris.org\/es\/wp-json\/wp\/v2\/comments?post=686"}],"version-history":[{"count":6,"href":"https:\/\/lleida.matersalvatoris.org\/es\/wp-json\/wp\/v2\/pages\/686\/revisions"}],"predecessor-version":[{"id":8340,"href":"https:\/\/lleida.matersalvatoris.org\/es\/wp-json\/wp\/v2\/pages\/686\/revisions\/8340"}],"wp:attachment":[{"href":"https:\/\/lleida.matersalvatoris.org\/es\/wp-json\/wp\/v2\/media?parent=686"}],"curies":[{"name":"wp","href":"https:\/\/api.w.org\/{rel}","templated":true}]}}