{"id":664,"date":"2021-10-29T11:15:03","date_gmt":"2021-10-29T09:15:03","guid":{"rendered":"https:\/\/lleida.matersalvatoris.org\/?page_id=664"},"modified":"2021-11-12T19:46:49","modified_gmt":"2021-11-12T17:46:49","slug":"mater-en-el-mundo","status":"publish","type":"page","link":"https:\/\/lleida.matersalvatoris.org\/es\/mater-en-el-mundo\/","title":{"rendered":"MATER EN EL MUNDO"},"content":{"rendered":"<p>[et_pb_section fb_built=\u00bb1&#8243; _builder_version=\u00bb4.11.1&#8243; _module_preset=\u00bb5c19a62f-513d-4606-ae30-8aab177d8889&#8243; custom_padding=\u00bb30px||30px||false|false\u00bb da_disable_devices=\u00bboff|off|off\u00bb global_colors_info=\u00bb{}\u00bb theme_builder_area=\u00bbpost_content\u00bb da_is_popup=\u00bboff\u00bb da_exit_intent=\u00bboff\u00bb da_has_close=\u00bbon\u00bb da_alt_close=\u00bboff\u00bb da_dark_close=\u00bboff\u00bb da_not_modal=\u00bbon\u00bb da_is_singular=\u00bboff\u00bb da_with_loader=\u00bboff\u00bb da_has_shadow=\u00bbon\u00bb][et_pb_row column_structure=\u00bb1_4,3_4&#8243; _builder_version=\u00bb4.11.1&#8243; _module_preset=\u00bb878dbd52-1639-4ccb-bc44-8449068c39e4&#8243; custom_padding=\u00bb0px||0px||false|false\u00bb global_colors_info=\u00bb{}\u00bb theme_builder_area=\u00bbpost_content\u00bb][et_pb_column type=\u00bb1_4&#8243; _builder_version=\u00bb4.11.1&#8243; _module_preset=\u00bbdefault\u00bb global_colors_info=\u00bb{}\u00bb theme_builder_area=\u00bbpost_content\u00bb][et_pb_text _builder_version=\u00bb4.13.1&#8243; _module_preset=\u00bbfb58153c-30e1-4016-9cf8-2751ea08e8fb\u00bb hover_enabled=\u00bb0&#8243; global_colors_info=\u00bb{}\u00bb theme_builder_area=\u00bbpost_content\u00bb _dynamic_attributes=\u00bbcontent\u00bb sticky_enabled=\u00bb0&#8243;]@ET-DC@eyJkeW5hbWljIjp0cnVlLCJjb250ZW50IjoicG9zdF90aXRsZSIsInNldHRpbmdzIjp7ImJlZm9yZSI6IiIsImFmdGVyIjoiIn19@[\/et_pb_text][\/et_pb_column][et_pb_column type=\u00bb3_4&#8243; _builder_version=\u00bb4.11.1&#8243; _module_preset=\u00bbdefault\u00bb global_colors_info=\u00bb{}\u00bb theme_builder_area=\u00bbpost_content\u00bb][et_pb_map address=\u00bbPartida Pl\u00e1 de Mons\u00f3, 30, 25193 Lleida, L\u00e9rida, Espa\u00f1a\u00bb _builder_version=\u00bb4.13.1&#8243; _module_preset=\u00bb58f7cbf9-713e-49ee-a219-d882954d6a8a\u00bb global_colors_info=\u00bb{}\u00bb theme_builder_area=\u00bbpost_content\u00bb][et_pb_map_pin title=\u00bbCASA GENERALICIA \/ CASA DE FORMACI\u00d3N\u00bb pin_address=\u00bbC. Tapia de Casariego, 19, 28023 Madrid, Espa\u00f1a\u00bb pin_address_lat=\u00bb40.4657327&#8243; pin_address_lng=\u00bb-3.7727524&#8243; _builder_version=\u00bb4.13.1&#8243; _module_preset=\u00bbdefault\u00bb global_colors_info=\u00bb{}\u00bb theme_builder_area=\u00bbpost_content\u00bb]<\/p>\n<p>Tapia de Casariego, 19<br \/>28023 Madrid<\/p>\n<p>Web: <a href=\"https:\/\/ciasalvador.org\/casas\/\">https:\/\/ciasalvador.org\/casas\/<\/a><\/p>\n<p>[\/et_pb_map_pin][et_pb_map_pin title=\u00bbCOLEGIO MATER SALVATORIS MADRID\u00bb pin_address=\u00bbC. de Valdesqu\u00ed, 4, 28023 Madrid, Espa\u00f1a\u00bb pin_address_lat=\u00bb40.4657098&#8243; pin_address_lng=\u00bb-3.7704937&#8243; _builder_version=\u00bb4.13.1&#8243; _module_preset=\u00bbdefault\u00bb global_colors_info=\u00bb{}\u00bb theme_builder_area=\u00bbpost_content\u00bb]<\/p>\n<p><span>Calle de Valdesqu\u00ed, 4<br \/>28023 Madrid<\/span><\/p>\n<p>Web: <a href=\"https:\/\/madrid.matersalvatoris.org\/\" target=\"_blank\" rel=\"noopener\">https:\/\/madrid.matersalvatoris.org\/<\/a><\/p>\n<p>[\/et_pb_map_pin][et_pb_map_pin title=\u00bbCOLEGIO MAYOR UNIVERSITARIO MADRID\u00bb pin_address=\u00bbC. de Valdesqu\u00ed, 4, 28023 Madrid, Espa\u00f1a\u00bb zoom_level=\u00bb20&#8243; pin_address_lat=\u00bb40.465621&#8243; pin_address_lng=\u00bb-3.7708488&#8243; _builder_version=\u00bb4.13.1&#8243; _module_preset=\u00bbdefault\u00bb global_colors_info=\u00bb{}\u00bb theme_builder_area=\u00bbpost_content\u00bb]<\/p>\n<p><span>Calle de Valdesqu\u00ed, 4<br \/>28023 Madrid<\/span><\/p>\n<p>Web: <a href=\"http:\/\/matersalvatoris.org\/cmu-mad\/\">http:\/\/matersalvatoris.org\/cmu-mad\/<\/a><\/p>\n<p>[\/et_pb_map_pin][et_pb_map_pin title=\u00bbCOLEGIO MAYOR UNIVERSITARIO BARCELONA\u00bb pin_address=\u00bbCarrer de l&#8217;Emancipaci\u00f3, 33, 08022 Barcelona, Espa\u00f1a\u00bb pin_address_lat=\u00bb41.4034025&#8243; pin_address_lng=\u00bb2.1324612&#8243; _builder_version=\u00bb4.13.1&#8243; _module_preset=\u00bbdefault\u00bb global_colors_info=\u00bb{}\u00bb theme_builder_area=\u00bbpost_content\u00bb]<\/p>\n<p><span>Emancipaci\u00f3n, 33<br \/>08022 Barcelona<\/span><\/p>\n<p>Web: <a href=\"https:\/\/barcelona.matersalvatoris.org\/\" target=\"_blank\" rel=\"noopener\">https:\/\/barcelona.matersalvatoris.org\/<\/a><\/p>\n<p>[\/et_pb_map_pin][et_pb_map_pin title=\u00bbCOLEGIO MATER SALVATORIS L\u00c9RIDA\u00bb pin_address=\u00bbPartida Pl\u00e1 de Mons\u00f3, 30, 25193 Lleida, L\u00e9rida, Espa\u00f1a\u00bb pin_address_lat=\u00bb41.6386377&#8243; pin_address_lng=\u00bb0.5608003&#8243; _builder_version=\u00bb4.13.1&#8243; _module_preset=\u00bbdefault\u00bb global_colors_info=\u00bb{}\u00bb theme_builder_area=\u00bbpost_content\u00bb]<\/p>\n<p><span>Partida Pl\u00e1 del Mons\u00f3, 30<br \/>25193 Lleida<\/span><\/p>\n<p>Web: <a href=\"https:\/\/lleida.matersalvatoris.org\/\" target=\"_blank\" rel=\"noopener\">https:\/\/lleida.matersalvatoris.org\/<\/a><\/p>\n<p>[\/et_pb_map_pin][et_pb_map_pin title=\u00bbCASA DE ESPIRITUALIDAD MOTA DEL MARQU\u00c9S \u2013 VALLADOLID\u00bb pin_address=\u00bbPlaza Corro del Palacio, 1, 47120 Mota del Marqu\u00e9s, Valladolid, Espa\u00f1a\u00bb pin_address_lat=\u00bb41.632627&#8243; pin_address_lng=\u00bb-5.179901&#8243; _builder_version=\u00bb4.13.1&#8243; _module_preset=\u00bbdefault\u00bb global_colors_info=\u00bb{}\u00bb theme_builder_area=\u00bbpost_content\u00bb]<\/p>\n<p><span>Corro Palacio<br \/>47120 Mota del Marqu\u00e9s, Valladolid<\/span><\/p>\n<p>Web: <a href=\"https:\/\/ciasalvador.org\/otras-obras\/\">https:\/\/ciasalvador.org\/otras-obras\/<\/a><\/p>\n<p>[\/et_pb_map_pin][et_pb_map_pin title=\u00bbCOLEGIO MATER SALVATORIS CARACAS\u00bb pin_address=\u00bbC. Cerro Quintero, Caracas 1080, Distrito Capital, Venezuela\u00bb pin_address_lat=\u00bb10.485242&#8243; pin_address_lng=\u00bb-66.8660811&#8243; _builder_version=\u00bb4.13.1&#8243; _module_preset=\u00bbdefault\u00bb global_colors_info=\u00bb{}\u00bb theme_builder_area=\u00bbpost_content\u00bb]<\/p>\n<p><span>Calle Cerro Quintero. Urb. Las Mercedes<br \/>1060 Caracas<\/span><\/p>\n<p>Web: <a href=\"https:\/\/caracas.matersalvatoris.org\">https:\/\/caracas.matersalvatoris.org<\/a><\/p>\n<p>[\/et_pb_map_pin][et_pb_map_pin title=\u00bbCOLEGIO MATER SALVATORIS MARACAIBO\u00bb pin_address=\u00bbM9FX+R24, Maracaibo 4002, Zulia, Venezuela\u00bb pin_address_lat=\u00bb10.6745141&#8243; pin_address_lng=\u00bb-71.6024164&#8243; _builder_version=\u00bb4.13.1&#8243; _module_preset=\u00bbdefault\u00bb global_colors_info=\u00bb{}\u00bb theme_builder_area=\u00bbpost_content\u00bb]<\/p>\n<p>Avenida 3C, n. 70-67 \u2013 Colonia Bellavista<br \/>Maracaibo 4.002, Venezuela<\/p>\n<p>Web: <a href=\"https:\/\/maracaibo.matersalvatoris.org\">https:\/\/maracaibo.matersalvatoris.org<\/a><\/p>\n<p>[\/et_pb_map_pin][et_pb_map_pin title=\u00bbCOLEGIO MATER SALVATORIS STAMFORD, CONNECTICUT\u00bb pin_address=\u00bb926 Newfield Ave, Stamford, CT 06905, EE. UU.\u00bb pin_address_lat=\u00bb41.0920561&#8243; pin_address_lng=\u00bb-73.5349047&#8243; _builder_version=\u00bb4.13.1&#8243; _module_preset=\u00bbdefault\u00bb global_colors_info=\u00bb{}\u00bb theme_builder_area=\u00bbpost_content\u00bb]<\/p>\n<p><span>403 Scofieldtown Road<br \/>Stamford, CT 06903<\/span><\/p>\n<p>Web: <a href=\"https:\/\/stamford.matersalvatoris.org\/\">https:\/\/stamford.matersalvatoris.org\/<\/a><\/p>\n<p>[\/et_pb_map_pin][et_pb_map_pin title=\u00bbCOLEGIO MATER SALVATORIS SAN JUAN DE PUERTO RICO\u00bb pin_address=\u00bbKm 4.8, PR-8838, San Juan, 00926, Puerto Rico\u00bb pin_address_lat=\u00bb18.3707869&#8243; pin_address_lng=\u00bb-66.0733048&#8243; _builder_version=\u00bb4.13.1&#8243; _module_preset=\u00bbdefault\u00bb global_colors_info=\u00bb{}\u00bb theme_builder_area=\u00bbpost_content\u00bb]<\/p>\n<p>Carretera Vieja de R\u00edoPiedras a Caguas 838, Km. 4.8<br \/>R\u00edo Piedras \u2013 Puerto Rico 00926 \u2013\u00a0R.R. 3 \u2013 Box 3080<br \/>San Juan \u2013 Puerto Rico 00926<\/p>\n<p>Web: <a href=\"https:\/\/www.facebook.com\/matersalvatorispr\/\">https:\/\/www.facebook.com\/matersalvatorispr\/<\/a><\/p>\n<p>[\/et_pb_map_pin][et_pb_map_pin title=\u00bbCOLEGIO MATER SALVATORIS KALAL\u00c9, BEN\u00cdN\u00bb pin_address=\u00bbKidarouperou, Ben\u00edn\u00bb pin_address_lat=\u00bb10.300493&#8243; pin_address_lng=\u00bb3.3275593&#8243; _builder_version=\u00bb4.13.1&#8243; _module_preset=\u00bbdefault\u00bb global_colors_info=\u00bb{}\u00bb theme_builder_area=\u00bbpost_content\u00bb]<\/p>\n<p>Complexe scolaire \u201cMater Salvatoris\u201d<br \/>Route Kidaroup\u00e9rou, Kalal\u00e9 BP 40 Benin<\/p>\n<p>Web: <a href=\"https:\/\/kalale.matersalvatoris.org\" target=\"_blank\" rel=\"noopener\">https:\/\/kalale.matersalvatoris.org<\/a><\/p>\n<p>[\/et_pb_map_pin][\/et_pb_map][\/et_pb_column][\/et_pb_row][\/et_pb_section]<\/p>\n","protected":false},"excerpt":{"rendered":"<p>Tapia de Casariego, 1928023 Madrid Web: https:\/\/ciasalvador.org\/casas\/Calle de Valdesqu\u00ed, 428023 Madrid Web: https:\/\/madrid.matersalvatoris.org\/Calle de Valdesqu\u00ed, 428023 Madrid Web: http:\/\/matersalvatoris.org\/cmu-mad\/Emancipaci\u00f3n, 3308022 Barcelona Web: https:\/\/barcelona.matersalvatoris.org\/Partida Pl\u00e1 del Mons\u00f3, 3025193 Lleida Web: https:\/\/lleida.matersalvatoris.org\/Corro [&hellip;]<\/p>\n","protected":false},"author":1,"featured_media":0,"parent":0,"menu_order":0,"comment_status":"closed","ping_status":"closed","template":"","meta":{"_et_pb_use_builder":"on","_et_pb_old_content":"[et_pb_section fb_built=\"1\" fullwidth=\"on\" _builder_version=\"4.11.1\" _module_preset=\"default\" global_colors_info=\"{}\"][et_pb_fullwidth_image src=\"https:\/\/lleida.matersalvatoris.org\/wp-content\/uploads\/2021\/10\/slide_3.jpg\" title_text=\"slide_3\" _builder_version=\"4.11.1\" _module_preset=\"default\" global_colors_info=\"{}\"][\/et_pb_fullwidth_image][\/et_pb_section][et_pb_section fb_built=\"1\" custom_padding=\"30px||30px||false|false\" _builder_version=\"4.11.1\" _module_preset=\"5c19a62f-513d-4606-ae30-8aab177d8889\" global_colors_info=\"{}\"][et_pb_row custom_padding=\"0px||0px||false|false\" column_structure=\"1_4,3_4\" _builder_version=\"4.11.1\" _module_preset=\"878dbd52-1639-4ccb-bc44-8449068c39e4\" global_colors_info=\"{}\"][et_pb_column type=\"1_4\" _builder_version=\"4.11.1\" _module_preset=\"default\" global_colors_info=\"{}\"][et_pb_text background_color=\"#042d41\" text_font_size=\"30px\" text_text_color=\"#FFFFFF\" text_font=\"|700||on|||||\" text_orientation=\"center\" module_alignment=\"center\" height=\"244px\" custom_padding=\"110px||||false|false\" _builder_version=\"4.11.1\" _module_preset=\"130e0b9c-592c-4346-9b74-65866c043395\" global_colors_info=\"{}\"]\n\nMATER AL M\u00d3N\n\n[\/et_pb_text][\/et_pb_column][et_pb_column type=\"3_4\" _builder_version=\"4.11.1\" _module_preset=\"default\" global_colors_info=\"{}\"][et_pb_map _builder_version=\"4.11.1\" _module_preset=\"default\" global_colors_info=\"{}\"][\/et_pb_map][\/et_pb_column][\/et_pb_row][\/et_pb_section]","_et_gb_content_width":"","footnotes":""},"class_list":["post-664","page","type-page","status-publish","hentry"],"yoast_head":"<!-- This site is optimized with the Yoast SEO plugin v26.6 - https:\/\/yoast.com\/wordpress\/plugins\/seo\/ -->\n<title>MATER EN EL MUNDO - Lleida Mater Salvatoris<\/title>\n<meta name=\"robots\" content=\"index, follow, max-snippet:-1, max-image-preview:large, max-video-preview:-1\" \/>\n<link rel=\"canonical\" href=\"https:\/\/lleida.matersalvatoris.org\/es\/mater-en-el-mundo\/\" \/>\n<meta property=\"og:locale\" content=\"es_ES\" \/>\n<meta property=\"og:type\" content=\"article\" \/>\n<meta property=\"og:title\" content=\"MATER EN EL MUNDO - Lleida Mater Salvatoris\" \/>\n<meta property=\"og:description\" content=\"Tapia de Casariego, 1928023 Madrid Web: https:\/\/ciasalvador.org\/casas\/Calle de Valdesqu\u00ed, 428023 Madrid Web: https:\/\/madrid.matersalvatoris.org\/Calle de Valdesqu\u00ed, 428023 Madrid Web: http:\/\/matersalvatoris.org\/cmu-mad\/Emancipaci\u00f3n, 3308022 Barcelona Web: https:\/\/barcelona.matersalvatoris.org\/Partida Pl\u00e1 del Mons\u00f3, 3025193 Lleida Web: https:\/\/lleida.matersalvatoris.org\/Corro [&hellip;]\" \/>\n<meta property=\"og:url\" content=\"https:\/\/lleida.matersalvatoris.org\/es\/mater-en-el-mundo\/\" \/>\n<meta property=\"og:site_name\" content=\"Lleida Mater Salvatoris\" \/>\n<meta property=\"article:modified_time\" content=\"2021-11-12T17:46:49+00:00\" \/>\n<meta name=\"twitter:card\" content=\"summary_large_image\" \/>\n<meta name=\"twitter:label1\" content=\"Tiempo de lectura\" \/>\n\t<meta name=\"twitter:data1\" content=\"4 minutos\" \/>\n<script type=\"application\/ld+json\" class=\"yoast-schema-graph\">{\"@context\":\"https:\/\/schema.org\",\"@graph\":[{\"@type\":\"WebPage\",\"@id\":\"https:\/\/lleida.matersalvatoris.org\/es\/mater-en-el-mundo\/\",\"url\":\"https:\/\/lleida.matersalvatoris.org\/es\/mater-en-el-mundo\/\",\"name\":\"MATER EN EL MUNDO - Lleida Mater Salvatoris\",\"isPartOf\":{\"@id\":\"https:\/\/lleida.matersalvatoris.org\/es\/#website\"},\"datePublished\":\"2021-10-29T09:15:03+00:00\",\"dateModified\":\"2021-11-12T17:46:49+00:00\",\"inLanguage\":\"es\",\"potentialAction\":[{\"@type\":\"ReadAction\",\"target\":[\"https:\/\/lleida.matersalvatoris.org\/es\/mater-en-el-mundo\/\"]}]},{\"@type\":\"WebSite\",\"@id\":\"https:\/\/lleida.matersalvatoris.org\/es\/#website\",\"url\":\"https:\/\/lleida.matersalvatoris.org\/es\/\",\"name\":\"Lleida Mater Salvatoris\",\"description\":\"Lleida Mater Salvatoris\",\"potentialAction\":[{\"@type\":\"SearchAction\",\"target\":{\"@type\":\"EntryPoint\",\"urlTemplate\":\"https:\/\/lleida.matersalvatoris.org\/es\/?s={search_term_string}\"},\"query-input\":{\"@type\":\"PropertyValueSpecification\",\"valueRequired\":true,\"valueName\":\"search_term_string\"}}],\"inLanguage\":\"es\"}]}<\/script>\n<!-- \/ Yoast SEO plugin. -->","yoast_head_json":{"title":"MATER EN EL MUNDO - Lleida Mater Salvatoris","robots":{"index":"index","follow":"follow","max-snippet":"max-snippet:-1","max-image-preview":"max-image-preview:large","max-video-preview":"max-video-preview:-1"},"canonical":"https:\/\/lleida.matersalvatoris.org\/es\/mater-en-el-mundo\/","og_locale":"es_ES","og_type":"article","og_title":"MATER EN EL MUNDO - Lleida Mater Salvatoris","og_description":"Tapia de Casariego, 1928023 Madrid Web: https:\/\/ciasalvador.org\/casas\/Calle de Valdesqu\u00ed, 428023 Madrid Web: https:\/\/madrid.matersalvatoris.org\/Calle de Valdesqu\u00ed, 428023 Madrid Web: http:\/\/matersalvatoris.org\/cmu-mad\/Emancipaci\u00f3n, 3308022 Barcelona Web: https:\/\/barcelona.matersalvatoris.org\/Partida Pl\u00e1 del Mons\u00f3, 3025193 Lleida Web: https:\/\/lleida.matersalvatoris.org\/Corro [&hellip;]","og_url":"https:\/\/lleida.matersalvatoris.org\/es\/mater-en-el-mundo\/","og_site_name":"Lleida Mater Salvatoris","article_modified_time":"2021-11-12T17:46:49+00:00","twitter_card":"summary_large_image","twitter_misc":{"Tiempo de lectura":"4 minutos"},"schema":{"@context":"https:\/\/schema.org","@graph":[{"@type":"WebPage","@id":"https:\/\/lleida.matersalvatoris.org\/es\/mater-en-el-mundo\/","url":"https:\/\/lleida.matersalvatoris.org\/es\/mater-en-el-mundo\/","name":"MATER EN EL MUNDO - Lleida Mater Salvatoris","isPartOf":{"@id":"https:\/\/lleida.matersalvatoris.org\/es\/#website"},"datePublished":"2021-10-29T09:15:03+00:00","dateModified":"2021-11-12T17:46:49+00:00","inLanguage":"es","potentialAction":[{"@type":"ReadAction","target":["https:\/\/lleida.matersalvatoris.org\/es\/mater-en-el-mundo\/"]}]},{"@type":"WebSite","@id":"https:\/\/lleida.matersalvatoris.org\/es\/#website","url":"https:\/\/lleida.matersalvatoris.org\/es\/","name":"Lleida Mater Salvatoris","description":"Lleida Mater Salvatoris","potentialAction":[{"@type":"SearchAction","target":{"@type":"EntryPoint","urlTemplate":"https:\/\/lleida.matersalvatoris.org\/es\/?s={search_term_string}"},"query-input":{"@type":"PropertyValueSpecification","valueRequired":true,"valueName":"search_term_string"}}],"inLanguage":"es"}]}},"_links":{"self":[{"href":"https:\/\/lleida.matersalvatoris.org\/es\/wp-json\/wp\/v2\/pages\/664","targetHints":{"allow":["GET"]}}],"collection":[{"href":"https:\/\/lleida.matersalvatoris.org\/es\/wp-json\/wp\/v2\/pages"}],"about":[{"href":"https:\/\/lleida.matersalvatoris.org\/es\/wp-json\/wp\/v2\/types\/page"}],"author":[{"embeddable":true,"href":"https:\/\/lleida.matersalvatoris.org\/es\/wp-json\/wp\/v2\/users\/1"}],"replies":[{"embeddable":true,"href":"https:\/\/lleida.matersalvatoris.org\/es\/wp-json\/wp\/v2\/comments?post=664"}],"version-history":[{"count":8,"href":"https:\/\/lleida.matersalvatoris.org\/es\/wp-json\/wp\/v2\/pages\/664\/revisions"}],"predecessor-version":[{"id":8270,"href":"https:\/\/lleida.matersalvatoris.org\/es\/wp-json\/wp\/v2\/pages\/664\/revisions\/8270"}],"wp:attachment":[{"href":"https:\/\/lleida.matersalvatoris.org\/es\/wp-json\/wp\/v2\/media?parent=664"}],"curies":[{"name":"wp","href":"https:\/\/api.w.org\/{rel}","templated":true}]}}