{"id":662,"date":"2021-10-29T11:14:34","date_gmt":"2021-10-29T09:14:34","guid":{"rendered":"https:\/\/lleida.matersalvatoris.org\/?page_id=662"},"modified":"2021-11-12T19:15:08","modified_gmt":"2021-11-12T17:15:08","slug":"madre-maria-felix-fundadora","status":"publish","type":"page","link":"https:\/\/lleida.matersalvatoris.org\/es\/madre-maria-felix-fundadora\/","title":{"rendered":"Madre Mar\u00eda F\u00e9lix (Fundadora)"},"content":{"rendered":"<p>[et_pb_section fb_built=\u00bb1&#8243; fullwidth=\u00bbon\u00bb _builder_version=\u00bb4.11.1&#8243; _module_preset=\u00bbdefault\u00bb global_colors_info=\u00bb{}\u00bb da_is_popup=\u00bboff\u00bb da_exit_intent=\u00bboff\u00bb da_has_close=\u00bbon\u00bb da_alt_close=\u00bboff\u00bb da_dark_close=\u00bboff\u00bb da_not_modal=\u00bbon\u00bb da_is_singular=\u00bboff\u00bb da_with_loader=\u00bboff\u00bb da_has_shadow=\u00bbon\u00bb da_disable_devices=\u00bboff|off|off\u00bb][et_pb_fullwidth_slider _builder_version=\u00bb4.13.0&#8243; _module_preset=\u00bbdefault\u00bb global_colors_info=\u00bb{}\u00bb][et_pb_slide _builder_version=\u00bb4.13.0&#8243; _module_preset=\u00bbdefault\u00bb background_image=\u00bbhttps:\/\/lleida.matersalvatoris.org\/wp-content\/uploads\/2021\/10\/header_madre_maria.jpg\u00bb background_enable_image=\u00bbon\u00bb global_colors_info=\u00bb{}\u00bb sticky_transition=\u00bbon\u00bb][\/et_pb_slide][\/et_pb_fullwidth_slider][\/et_pb_section][et_pb_section fb_built=\u00bb1&#8243; _builder_version=\u00bb4.11.1&#8243; _module_preset=\u00bb5c19a62f-513d-4606-ae30-8aab177d8889&#8243; custom_padding=\u00bb30px||30px||false|false\u00bb global_colors_info=\u00bb{}\u00bb da_is_popup=\u00bboff\u00bb da_exit_intent=\u00bboff\u00bb da_has_close=\u00bbon\u00bb da_alt_close=\u00bboff\u00bb da_dark_close=\u00bboff\u00bb da_not_modal=\u00bbon\u00bb da_is_singular=\u00bboff\u00bb da_with_loader=\u00bboff\u00bb da_has_shadow=\u00bbon\u00bb da_disable_devices=\u00bboff|off|off\u00bb][et_pb_row column_structure=\u00bb1_4,3_4&#8243; _builder_version=\u00bb4.11.1&#8243; _module_preset=\u00bb878dbd52-1639-4ccb-bc44-8449068c39e4&#8243; custom_padding=\u00bb0px||0px||false|false\u00bb global_colors_info=\u00bb{}\u00bb][et_pb_column type=\u00bb1_4&#8243; _builder_version=\u00bb4.11.1&#8243; _module_preset=\u00bbdefault\u00bb global_colors_info=\u00bb{}\u00bb][et_pb_text _builder_version=\u00bb4.13.1&#8243; _module_preset=\u00bbfb58153c-30e1-4016-9cf8-2751ea08e8fb\u00bb text_font_size=\u00bb31px\u00bb text_line_height=\u00bb1.1em\u00bb custom_padding=\u00bb90px||||false|false\u00bb hover_enabled=\u00bb0&#8243; global_colors_info=\u00bb{}\u00bb sticky_enabled=\u00bb0&#8243;]<\/p>\n<p>MADRE MAR\u00cdA F\u00c9LIX<\/p>\n<p>[\/et_pb_text][et_pb_image src=\u00bbhttps:\/\/lleida.matersalvatoris.org\/wp-content\/uploads\/2021\/11\/3-MadreFelixMClara_b.jpg\u00bb title_text=\u00bb3-MadreFelixMClara_b\u00bb _builder_version=\u00bb4.11.3&#8243; _module_preset=\u00bbcd5698fc-7441-45eb-b23f-47fbe30b45b6&#8243; global_colors_info=\u00bb{}\u00bb][\/et_pb_image][et_pb_image src=\u00bbhttps:\/\/lleida.matersalvatoris.org\/wp-content\/uploads\/2021\/11\/2-MadreFelixJPII_b.jpg\u00bb title_text=\u00bb2-MadreFelixJPII_b\u00bb _builder_version=\u00bb4.11.3&#8243; _module_preset=\u00bbcd5698fc-7441-45eb-b23f-47fbe30b45b6&#8243; global_colors_info=\u00bb{}\u00bb][\/et_pb_image][\/et_pb_column][et_pb_column type=\u00bb3_4&#8243; _builder_version=\u00bb4.11.1&#8243; _module_preset=\u00bbdefault\u00bb global_colors_info=\u00bb{}\u00bb][et_pb_text _builder_version=\u00bb4.11.1&#8243; _module_preset=\u00bb9616b5da-827c-4a8d-ad6f-bcd50de1f39f\u00bb text_text_color=\u00bb#000000&#8243; text_font_size=\u00bb20px\u00bb text_line_height=\u00bb1.2em\u00bb custom_margin=\u00bb||1em||false|false\u00bb custom_padding=\u00bb||0px|||\u00bb global_colors_info=\u00bb{}\u00bb]<\/p>\n<p><strong>La Madre Mar\u00eda F\u00e9lix Torres, fundadora de la Compa\u00f1\u00eda del Salvador y de los colegios Mater Salvatoris, nace en Albelda (Huesca) el 25 de agosto de 1907.<\/strong><\/p>\n<p>Recibe una esmerada educaci\u00f3n y, en 1930, se convierte en una de las primeras mujeres espa\u00f1olas en obtener la licenciatura en Ciencias Qu\u00edmicas en la Universidad de Zaragoza.<\/p>\n<p>Su deseo de responder a la llamada de Dios siguiendo los pasos de san Ignacio de Loyola, le lleva a fundar el Instituto Religioso Compa\u00f1\u00eda del Salvador en 1952, aprobado por la Santa Sede como Congregaci\u00f3n de derecho pontificio en 1986.<\/p>\n<p><strong>Despu\u00e9s de una vida consagrada a la formaci\u00f3n de la juventud, muere en la madrugada del 12 de enero de 2001, a los 93 a\u00f1os de edad.<\/strong><\/p>\n<p>[\/et_pb_text][et_pb_text _builder_version=\u00bb4.11.1&#8243; _module_preset=\u00bb0beecb44-14b6-4146-a084-a63d2edaa5dd\u00bb text_text_color=\u00bb#FFFFFF\u00bb text_font_size=\u00bb20px\u00bb text_line_height=\u00bb1.1em\u00bb background_color=\u00bb#8196a1&#8243; custom_margin=\u00bb||1em||false|false\u00bb custom_padding=\u00bb30px|30px|30px|30px|false|false\u00bb global_colors_info=\u00bb{}\u00bb]<\/p>\n<p><span>Su causa de canonizaci\u00f3n se encuentra en Roma desde enero de 2012.<\/span><\/p>\n<p>[\/et_pb_text][et_pb_button button_url=\u00bbhttp:\/\/mariafelix.org\/\u00bb url_new_window=\u00bbon\u00bb button_text=\u00bbmariafelix.org\u00bb button_alignment=\u00bbleft\u00bb _builder_version=\u00bb4.11.1&#8243; _module_preset=\u00bbbc366af9-9082-44f4-9525-0dc310aa7fc2&#8243; custom_button=\u00bbon\u00bb button_text_size=\u00bb30px\u00bb button_text_color=\u00bb#FFFFFF\u00bb button_bg_color=\u00bb#337ab7&#8243; button_border_width=\u00bb0px\u00bb button_border_radius=\u00bb0px\u00bb button_use_icon=\u00bboff\u00bb custom_margin=\u00bb||1em||false|false\u00bb custom_padding=\u00bb|25px||25px|false|false\u00bb global_colors_info=\u00bb{}\u00bb][\/et_pb_button][\/et_pb_column][\/et_pb_row][\/et_pb_section]<\/p>\n","protected":false},"excerpt":{"rendered":"<p>MADRE MAR\u00cdA F\u00c9LIXLa Madre Mar\u00eda F\u00e9lix Torres, fundadora de la Compa\u00f1\u00eda del Salvador y de los colegios Mater Salvatoris, nace en Albelda (Huesca) el 25 de agosto de 1907. Recibe [&hellip;]<\/p>\n","protected":false},"author":1,"featured_media":0,"parent":0,"menu_order":0,"comment_status":"closed","ping_status":"closed","template":"","meta":{"_et_pb_use_builder":"on","_et_pb_old_content":"[et_pb_section fb_built=\"1\" fullwidth=\"on\" _builder_version=\"4.11.1\" _module_preset=\"default\" global_colors_info=\"{}\"][et_pb_fullwidth_image src=\"https:\/\/lleida.matersalvatoris.org\/wp-content\/uploads\/2021\/10\/header_madre_maria.jpg\" title_text=\"header_madre_maria\" _builder_version=\"4.11.1\" _module_preset=\"default\" global_colors_info=\"{}\"][\/et_pb_fullwidth_image][\/et_pb_section][et_pb_section fb_built=\"1\" custom_padding=\"30px||30px||false|false\" _builder_version=\"4.11.1\" _module_preset=\"5c19a62f-513d-4606-ae30-8aab177d8889\" global_colors_info=\"{}\"][et_pb_row custom_padding=\"0px||0px||false|false\" column_structure=\"1_4,3_4\" _builder_version=\"4.11.1\" _module_preset=\"878dbd52-1639-4ccb-bc44-8449068c39e4\" global_colors_info=\"{}\"][et_pb_column type=\"1_4\" _builder_version=\"4.11.1\" _module_preset=\"default\" global_colors_info=\"{}\"][et_pb_text background_color=\"#042d41\" text_font_size=\"31px\" text_text_color=\"#FFFFFF\" text_font=\"|700||on|||||\" text_line_height=\"1.1em\" text_orientation=\"center\" module_alignment=\"center\" height=\"244px\" custom_padding=\"90px||||false|false\" _builder_version=\"4.11.1\" _module_preset=\"16241ff9-6a12-456b-905f-17691ce7a956\" global_colors_info=\"{}\"]\n\nCOMPANYIA DEL SALVADOR\n\n[\/et_pb_text][et_pb_image border_width_all=\"2px\" border_color_all=\"rgba(0,0,0,0.1)\" border_radii=\"on|2px|2px|2px|2px\" custom_padding=\"0px|0px|0px|0px|false|false\" box_shadow_style=\"preset1\" src=\"https:\/\/lleida.matersalvatoris.org\/wp-content\/uploads\/2021\/10\/madre_maria_1-300x300-1.jpg\" title_text=\"madre_maria_1-300x300\" _builder_version=\"4.11.1\" _module_preset=\"1456a61a-6428-47f7-af7b-e2d2556e2239\" global_colors_info=\"{}\"][\/et_pb_image][et_pb_image border_width_all=\"2px\" border_color_all=\"rgba(0,0,0,0.1)\" border_radii=\"on|2px|2px|2px|2px\" custom_padding=\"0px|0px|0px|0px|false|false\" box_shadow_style=\"preset1\" src=\"https:\/\/lleida.matersalvatoris.org\/wp-content\/uploads\/2021\/10\/madre_maria_2-300x300-1.jpg\" title_text=\"madre_maria_2-300x300\" _builder_version=\"4.11.1\" _module_preset=\"1456a61a-6428-47f7-af7b-e2d2556e2239\" global_colors_info=\"{}\"][\/et_pb_image][\/et_pb_column][et_pb_column type=\"3_4\" _builder_version=\"4.11.1\" _module_preset=\"default\" global_colors_info=\"{}\"][et_pb_text text_text_color=\"#000000\" text_font_size=\"20px\" text_line_height=\"1.2em\" custom_margin=\"||1em||false|false\" _builder_version=\"4.11.1\" _module_preset=\"9616b5da-827c-4a8d-ad6f-bcd50de1f39f\" custom_padding=\"||0px|||\" global_colors_info=\"{}\"]\n\n<strong>La Mare Mar\u00eda F\u00e9lix Torres, fundadora de la Companyia del Salvador i dels col\u00b7legis Mater Salvatoris, neix a Albelda (Osca) el 25 d\u2019agost de 1907.<\/strong>\n\nRep una acurada educaci\u00f3 i, el 1930, es converteix en una de les primeres dones espanyoles a obtenir la llicenciatura en Ci\u00e8ncies Qu\u00edmiques a la Universitat de Saragossa.\n\nEl seu desig de respondre a la crida de D\u00e9u seguint les passes de sant Ignasi de Loiola, la porta a fundar l\u2019Institut Religi\u00f3s Companyia del Salvador el 1952, aprovat por la Santa Seu com a Congregaci\u00f3 de dret pontifici el 1986.\n\n<strong>Despr\u00e9s d\u2019una vida consagrada a la formaci\u00f3 de la joventut, mor la matinada del 12 de gener de 2001, als 93 anys d\u2019edat.<\/strong>\n\n[\/et_pb_text][et_pb_text background_color=\"#8196a1\" custom_padding=\"30px|30px|30px|30px|false|false\" text_font_size=\"20px\" text_text_color=\"#FFFFFF\" text_line_height=\"1.1em\" custom_margin=\"||1em||false|false\" _builder_version=\"4.11.1\" _module_preset=\"0beecb44-14b6-4146-a084-a63d2edaa5dd\" global_colors_info=\"{}\"]\n\nLa seva causa de canonitzaci\u00f3 es troba a Roma des del gener de 2012.\n\n[\/et_pb_text][et_pb_button button_alignment=\"left\" custom_button=\"on\" button_text_size=\"30px\" button_text_color=\"#FFFFFF\" button_bg_color=\"#337ab7\" button_border_radius=\"0px\" button_use_icon=\"off\" custom_padding=\"|25px||25px|false|false\" button_bg_enable_color=\"on\" button_border_width=\"0px\" custom_margin=\"||1em||false|false\" button_url=\"http:\/\/mariafelix.org\/\" url_new_window=\"on\" button_text=\"mariafelix.org\" _builder_version=\"4.11.1\" _module_preset=\"bc366af9-9082-44f4-9525-0dc310aa7fc2\" global_colors_info=\"{}\"][\/et_pb_button][\/et_pb_column][\/et_pb_row][\/et_pb_section]","_et_gb_content_width":"","footnotes":""},"class_list":["post-662","page","type-page","status-publish","hentry"],"yoast_head":"<!-- This site is optimized with the Yoast SEO plugin v26.6 - https:\/\/yoast.com\/wordpress\/plugins\/seo\/ -->\n<title>Madre Mar\u00eda F\u00e9lix (Fundadora) - Lleida Mater Salvatoris<\/title>\n<meta name=\"robots\" content=\"index, follow, max-snippet:-1, max-image-preview:large, max-video-preview:-1\" \/>\n<link rel=\"canonical\" href=\"https:\/\/lleida.matersalvatoris.org\/es\/madre-maria-felix-fundadora\/\" \/>\n<meta property=\"og:locale\" content=\"es_ES\" \/>\n<meta property=\"og:type\" content=\"article\" \/>\n<meta property=\"og:title\" content=\"Madre Mar\u00eda F\u00e9lix (Fundadora) - Lleida Mater Salvatoris\" \/>\n<meta property=\"og:description\" content=\"MADRE MAR\u00cdA F\u00c9LIXLa Madre Mar\u00eda F\u00e9lix Torres, fundadora de la Compa\u00f1\u00eda del Salvador y de los colegios Mater Salvatoris, nace en Albelda (Huesca) el 25 de agosto de 1907. Recibe [&hellip;]\" \/>\n<meta property=\"og:url\" content=\"https:\/\/lleida.matersalvatoris.org\/es\/madre-maria-felix-fundadora\/\" \/>\n<meta property=\"og:site_name\" content=\"Lleida Mater Salvatoris\" \/>\n<meta property=\"article:modified_time\" content=\"2021-11-12T17:15:08+00:00\" \/>\n<meta name=\"twitter:card\" content=\"summary_large_image\" \/>\n<meta name=\"twitter:label1\" content=\"Tiempo de lectura\" \/>\n\t<meta name=\"twitter:data1\" content=\"3 minutos\" \/>\n<script type=\"application\/ld+json\" class=\"yoast-schema-graph\">{\"@context\":\"https:\/\/schema.org\",\"@graph\":[{\"@type\":\"WebPage\",\"@id\":\"https:\/\/lleida.matersalvatoris.org\/es\/madre-maria-felix-fundadora\/\",\"url\":\"https:\/\/lleida.matersalvatoris.org\/es\/madre-maria-felix-fundadora\/\",\"name\":\"Madre Mar\u00eda F\u00e9lix (Fundadora) - Lleida Mater Salvatoris\",\"isPartOf\":{\"@id\":\"https:\/\/lleida.matersalvatoris.org\/es\/#website\"},\"datePublished\":\"2021-10-29T09:14:34+00:00\",\"dateModified\":\"2021-11-12T17:15:08+00:00\",\"inLanguage\":\"es\",\"potentialAction\":[{\"@type\":\"ReadAction\",\"target\":[\"https:\/\/lleida.matersalvatoris.org\/es\/madre-maria-felix-fundadora\/\"]}]},{\"@type\":\"WebSite\",\"@id\":\"https:\/\/lleida.matersalvatoris.org\/es\/#website\",\"url\":\"https:\/\/lleida.matersalvatoris.org\/es\/\",\"name\":\"Lleida Mater Salvatoris\",\"description\":\"Lleida Mater Salvatoris\",\"potentialAction\":[{\"@type\":\"SearchAction\",\"target\":{\"@type\":\"EntryPoint\",\"urlTemplate\":\"https:\/\/lleida.matersalvatoris.org\/es\/?s={search_term_string}\"},\"query-input\":{\"@type\":\"PropertyValueSpecification\",\"valueRequired\":true,\"valueName\":\"search_term_string\"}}],\"inLanguage\":\"es\"}]}<\/script>\n<!-- \/ Yoast SEO plugin. -->","yoast_head_json":{"title":"Madre Mar\u00eda F\u00e9lix (Fundadora) - Lleida Mater Salvatoris","robots":{"index":"index","follow":"follow","max-snippet":"max-snippet:-1","max-image-preview":"max-image-preview:large","max-video-preview":"max-video-preview:-1"},"canonical":"https:\/\/lleida.matersalvatoris.org\/es\/madre-maria-felix-fundadora\/","og_locale":"es_ES","og_type":"article","og_title":"Madre Mar\u00eda F\u00e9lix (Fundadora) - Lleida Mater Salvatoris","og_description":"MADRE MAR\u00cdA F\u00c9LIXLa Madre Mar\u00eda F\u00e9lix Torres, fundadora de la Compa\u00f1\u00eda del Salvador y de los colegios Mater Salvatoris, nace en Albelda (Huesca) el 25 de agosto de 1907. Recibe [&hellip;]","og_url":"https:\/\/lleida.matersalvatoris.org\/es\/madre-maria-felix-fundadora\/","og_site_name":"Lleida Mater Salvatoris","article_modified_time":"2021-11-12T17:15:08+00:00","twitter_card":"summary_large_image","twitter_misc":{"Tiempo de lectura":"3 minutos"},"schema":{"@context":"https:\/\/schema.org","@graph":[{"@type":"WebPage","@id":"https:\/\/lleida.matersalvatoris.org\/es\/madre-maria-felix-fundadora\/","url":"https:\/\/lleida.matersalvatoris.org\/es\/madre-maria-felix-fundadora\/","name":"Madre Mar\u00eda F\u00e9lix (Fundadora) - Lleida Mater Salvatoris","isPartOf":{"@id":"https:\/\/lleida.matersalvatoris.org\/es\/#website"},"datePublished":"2021-10-29T09:14:34+00:00","dateModified":"2021-11-12T17:15:08+00:00","inLanguage":"es","potentialAction":[{"@type":"ReadAction","target":["https:\/\/lleida.matersalvatoris.org\/es\/madre-maria-felix-fundadora\/"]}]},{"@type":"WebSite","@id":"https:\/\/lleida.matersalvatoris.org\/es\/#website","url":"https:\/\/lleida.matersalvatoris.org\/es\/","name":"Lleida Mater Salvatoris","description":"Lleida Mater Salvatoris","potentialAction":[{"@type":"SearchAction","target":{"@type":"EntryPoint","urlTemplate":"https:\/\/lleida.matersalvatoris.org\/es\/?s={search_term_string}"},"query-input":{"@type":"PropertyValueSpecification","valueRequired":true,"valueName":"search_term_string"}}],"inLanguage":"es"}]}},"_links":{"self":[{"href":"https:\/\/lleida.matersalvatoris.org\/es\/wp-json\/wp\/v2\/pages\/662","targetHints":{"allow":["GET"]}}],"collection":[{"href":"https:\/\/lleida.matersalvatoris.org\/es\/wp-json\/wp\/v2\/pages"}],"about":[{"href":"https:\/\/lleida.matersalvatoris.org\/es\/wp-json\/wp\/v2\/types\/page"}],"author":[{"embeddable":true,"href":"https:\/\/lleida.matersalvatoris.org\/es\/wp-json\/wp\/v2\/users\/1"}],"replies":[{"embeddable":true,"href":"https:\/\/lleida.matersalvatoris.org\/es\/wp-json\/wp\/v2\/comments?post=662"}],"version-history":[{"count":6,"href":"https:\/\/lleida.matersalvatoris.org\/es\/wp-json\/wp\/v2\/pages\/662\/revisions"}],"predecessor-version":[{"id":8217,"href":"https:\/\/lleida.matersalvatoris.org\/es\/wp-json\/wp\/v2\/pages\/662\/revisions\/8217"}],"wp:attachment":[{"href":"https:\/\/lleida.matersalvatoris.org\/es\/wp-json\/wp\/v2\/media?parent=662"}],"curies":[{"name":"wp","href":"https:\/\/api.w.org\/{rel}","templated":true}]}}