{"id":658,"date":"2021-10-29T11:13:49","date_gmt":"2021-10-29T09:13:49","guid":{"rendered":"https:\/\/lleida.matersalvatoris.org\/?page_id=658"},"modified":"2026-05-14T08:27:37","modified_gmt":"2026-05-14T07:27:37","slug":"infantil","status":"publish","type":"page","link":"https:\/\/lleida.matersalvatoris.org\/es\/infantil\/","title":{"rendered":"Infantil"},"content":{"rendered":"<p>[et_pb_section fb_built=\u00bb1&#8243; _builder_version=\u00bb4.16&#8243; _module_preset=\u00bb5c19a62f-513d-4606-ae30-8aab177d8889&#8243; custom_padding=\u00bb30px||30px||false|false\u00bb da_disable_devices=\u00bboff|off|off\u00bb global_colors_info=\u00bb{}\u00bb da_is_popup=\u00bboff\u00bb da_exit_intent=\u00bboff\u00bb da_has_close=\u00bbon\u00bb da_alt_close=\u00bboff\u00bb da_dark_close=\u00bboff\u00bb da_not_modal=\u00bbon\u00bb da_is_singular=\u00bboff\u00bb da_with_loader=\u00bboff\u00bb da_has_shadow=\u00bbon\u00bb][et_pb_row column_structure=\u00bb1_4,3_4&#8243; _builder_version=\u00bb4.16&#8243; _module_preset=\u00bb878dbd52-1639-4ccb-bc44-8449068c39e4&#8243; custom_padding=\u00bb0px||0px||false|false\u00bb global_colors_info=\u00bb{}\u00bb][et_pb_column type=\u00bb1_4&#8243; _builder_version=\u00bb4.16&#8243; _module_preset=\u00bbdefault\u00bb global_colors_info=\u00bb{}\u00bb][et_pb_text _builder_version=\u00bb4.27.5&#8243; _module_preset=\u00bbfb58153c-30e1-4016-9cf8-2751ea08e8fb\u00bb hover_enabled=\u00bb0&#8243; global_colors_info=\u00bb{}\u00bb sticky_enabled=\u00bb0&#8243;]<\/p>\n<p>Infantil<\/p>\n<p>3-5 a\u00f1os<\/p>\n<p>[\/et_pb_text][et_pb_image src=\u00bbhttps:\/\/lleida.matersalvatoris.org\/wp-content\/uploads\/2024\/02\/img_3013-convertimage-min_optimized-scaled.jpg\u00bb title_text=\u00bbimg_3013-convertimage-min_optimized\u00bb _builder_version=\u00bb4.24.0&#8243; _module_preset=\u00bbcd5698fc-7441-45eb-b23f-47fbe30b45b6&#8243; global_colors_info=\u00bb{}\u00bb][\/et_pb_image][et_pb_image src=\u00bbhttps:\/\/lleida.matersalvatoris.org\/wp-content\/uploads\/2024\/02\/DSZ3528-ConvertImage-1-2-scaled.jpg\u00bb title_text=\u00bb_DSZ3528-ConvertImage (1) (2)\u00bb _builder_version=\u00bb4.24.0&#8243; _module_preset=\u00bbcd5698fc-7441-45eb-b23f-47fbe30b45b6&#8243; global_colors_info=\u00bb{}\u00bb][\/et_pb_image][et_pb_image src=\u00bbhttps:\/\/lleida.matersalvatoris.org\/wp-content\/uploads\/2024\/02\/dsz3552-convertimage-min_optimized-scaled.jpg\u00bb title_text=\u00bb_dsz3552-convertimage-min_optimized\u00bb _builder_version=\u00bb4.24.0&#8243; _module_preset=\u00bbcd5698fc-7441-45eb-b23f-47fbe30b45b6&#8243; global_colors_info=\u00bb{}\u00bb][\/et_pb_image][et_pb_image src=\u00bbhttps:\/\/lleida.matersalvatoris.org\/wp-content\/uploads\/2024\/02\/DSZ3483-ConvertImage-1-scaled.jpg\u00bb title_text=\u00bb_DSZ3483-ConvertImage\u00bb _builder_version=\u00bb4.24.0&#8243; _module_preset=\u00bbcd5698fc-7441-45eb-b23f-47fbe30b45b6&#8243; global_colors_info=\u00bb{}\u00bb][\/et_pb_image][\/et_pb_column][et_pb_column type=\u00bb3_4&#8243; _builder_version=\u00bb4.16&#8243; _module_preset=\u00bbdefault\u00bb global_colors_info=\u00bb{}\u00bb][et_pb_text _builder_version=\u00bb4.16&#8243; _module_preset=\u00bb0beecb44-14b6-4146-a084-a63d2edaa5dd\u00bb text_text_color=\u00bb#FFFFFF\u00bb text_line_height=\u00bb1.1em\u00bb background_color=\u00bb#8196a1&#8243; custom_padding=\u00bb30px|30px|30px|30px|false|false\u00bb global_colors_info=\u00bb{}\u00bb]<\/p>\n<p style=\"text-align: justify;\"><span>En esta etapa educativa nuestro primer objetivo es la adaptaci\u00f3n. Cuidamos que cada ni\u00f1o est\u00e9 contento, tranquilo y sobre todo que se sienta querido en el Colegio.<\/span><\/p>\n<p>[\/et_pb_text][et_pb_text _builder_version=\u00bb4.16&#8243; _module_preset=\u00bb9616b5da-827c-4a8d-ad6f-bcd50de1f39f\u00bb global_colors_info=\u00bb{}\u00bb]<\/p>\n<p>Desde el principio vamos trabajando los <strong>h\u00e1bitos<\/strong>, las primeras rutinas en la alimentaci\u00f3n, sue\u00f1o, higiene\u2026 rutinas que trabajamos cada d\u00eda, con un mismo horario y respetando el ritmo que cada ni\u00f1o necesite.<\/p>\n<p>Tambi\u00e9n educamos de la <strong>voluntad, \u00a0buscamos que\u00a0desde peque\u00f1os experimenten la alegr\u00eda de hacer las cosas bien.<\/strong><\/p>\n<ul>\n<li><strong>ESTIMULACI\u00d3N TEMPRANA<\/strong>\n<div>\n<p>El potencial de un ni\u00f1o al nacer es inmenso. <strong>De la cantidad de est\u00edmulos que reciba en los primeros a\u00f1os de vida depender\u00e1 su desarrollo posterior.<\/strong> En el Colegio creamos entornos ricos en est\u00edmulos intelectuales, f\u00edsicos y sociales para que cada alumno desarrolle al m\u00e1ximo sus capacidades.<\/p>\n<\/div>\n<\/li>\n<li><strong>PSICOMOTRICIDAD<\/strong>\n<div>\n<p>Se trabaja diariamente con sesiones de media hora.\u00a0 As\u00ed <strong>adquieren un dominio de su propio cuerpo, lo que les permitir\u00e1 desarrollarse adecuadamente.<\/strong><\/p>\n<p>Se trabaja la respiraci\u00f3n, la coordinaci\u00f3n y el equilibrio, bases de la iniciaci\u00f3n al deporte.<\/p>\n<\/div>\n<\/li>\n<li><strong>ENTORNO TRILING\u00dcE<\/strong>\n<div>\n<p><strong>Desde los comienzos el alumno se encuentra inmerso en un ambiente en que se habla catal\u00e1n, castellano e ingl\u00e9s.<\/strong><\/p>\n<p>Tienen tres sesiones diarias de ingl\u00e9s con profesorado nativo y biling\u00fce. Adem\u00e1s se imparte alguna asignatura en ingl\u00e9s.<\/p>\n<p>Durante toda la Educaci\u00f3n Infantil los alumnos\u00a0ir\u00e1n consolidando el aprendizaje del ingl\u00e9s mediante cuentos canciones, juegos, dramatizaci\u00f3n y vocabulario, de manera que la lengua inglesa llegue a ser algo natural para ellos.<\/p>\n<p>Para asentar la base de una correcta pronunciaci\u00f3n,\u00a0el m\u00e9todo de lecto escritura fon\u00e9tica que se emplea en el Colegio es\u00a0<strong>The Oxford Reading Tree<\/strong>\u00a0 combinado con <strong>Jolly Phonics<\/strong>,\u00a0una forma de aprender atractiva, cercana y divertida utilizada en el Reino Unido.<\/p>\n<p><strong>La lengua inglesa se convierte en\u00a0algo natural para los ni\u00f1os.<\/p>\n<p><\/strong><\/p>\n<\/div>\n<\/li>\n<li><strong>MATEM\u00c1TICAS DIVERTIDAS<\/strong>\n<div>\n<p>Se trabajan las matem\u00e1ticas de manera <strong>\u00fatil<\/strong> y <strong>pr\u00e1ctica.<\/strong> Se dan\u00a0estrategias para solucionar situaciones matem\u00e1ticas en un contexto pr\u00e1ctico y a trav\u00e9s de diferentes <strong>est\u00edmulos sensoriales <\/strong>y <strong>f\u00edsicos<\/strong>\u00a0se hace m\u00e1s asequible el contenido matem\u00e1tico.<\/p>\n<\/div>\n<\/li>\n<li><strong>PROGRAMACI\u00d3N<\/strong>\n<div>\n<p>En Educaci\u00f3n Infantil trabajamos una primera introducci\u00f3n a la programaci\u00f3n con <strong>Cubetto,<\/strong>\u00a0un robot que aprenden a programar y hacer interactuar con el entorno a trav\u00e9s de unas fichas de colores.<\/p>\n<p>Adem\u00e1s desarrollamos las competencias matem\u00e1tica y espacial.<\/p>\n<p><strong>Es una manera sencilla y divertida de aprender programaci\u00f3n.<\/p>\n<p><\/strong><\/p>\n<\/div>\n<\/li>\n<li><strong>AULA MONTESSORI\u00a0<\/strong><span><\/span>\n<div>\n<p>Es un ambiente preparado con todo el material al alcance, donde el ni\u00f1o es el protagonista\u00a0de su aprendizaje.<\/p>\n<\/div>\n<p>&nbsp;<\/p>\n<ul>\n<li><strong>\u00c1rea sensorial.\u00a0<\/strong><span>Las actividades sensoriales dan a los ni\u00f1os la oportunidad de explorar una variedad de temas a trav\u00e9s de la manipulaci\u00f3n de objetos empleando\u00a0sus <\/span><strong>sentidos<\/strong><span>.<\/span><\/li>\n<li><strong>\u00c1rea del lenguaje:\u00a0<\/strong><span>Para trabajar la <\/span><strong>expresi\u00f3n<\/strong><span>, la <\/span><strong>comprensi\u00f3n<\/strong><span> y la <\/span><strong>lectura<\/strong><span> de una forma din\u00e1mica y divertida.<\/span><\/li>\n<li><strong>\u00c1rea art\u00edstica.\u00a0<\/strong><span>Permite<\/span><strong> crear y experimentar<\/strong><span> con diversidad de materiales, texturas y t\u00e9cnicas, potenciando la creatividad, el inter\u00e9s art\u00edstico e incentivando la imaginaci\u00f3n.<\/span><\/li>\n<li><strong>\u00c1rea de la vida pr\u00e1ctica.\u00a0<\/strong><span>Se realizan actividades para desarrollar <\/span><strong>habilidades de la vida diaria<\/strong><span>, fomentando su autonom\u00eda y la educaci\u00f3n de h\u00e1bitos.<\/span><\/li>\n<li><strong>\u00c1rea de las ciencias.\u00a0<\/strong><span>Para descubrir el propio entorno y despertar el asombro por la Naturaleza.<\/span><\/li>\n<\/ul>\n<\/li>\n<\/ul>\n<p><strong>La actividad l\u00fadica a trav\u00e9s del juego favorece el aprendizaje infantil.<\/strong><\/p>\n<p>[\/et_pb_text][\/et_pb_column][\/et_pb_row][\/et_pb_section]<\/p>\n","protected":false},"excerpt":{"rendered":"<p>Infantil 3-5 a\u00f1osEn esta etapa educativa nuestro primer objetivo es la adaptaci\u00f3n. Cuidamos que cada ni\u00f1o est\u00e9 contento, tranquilo y sobre todo que se sienta querido en el Colegio.Desde el [&hellip;]<\/p>\n","protected":false},"author":1,"featured_media":0,"parent":0,"menu_order":0,"comment_status":"closed","ping_status":"closed","template":"","meta":{"_et_pb_use_builder":"on","_et_pb_old_content":"[et_pb_section fb_built=\"1\" custom_padding=\"30px||30px||false|false\" _builder_version=\"4.11.1\" _module_preset=\"5c19a62f-513d-4606-ae30-8aab177d8889\" global_colors_info=\"{}\"][et_pb_row custom_padding=\"0px||0px||false|false\" column_structure=\"1_4,3_4\" _builder_version=\"4.11.1\" _module_preset=\"878dbd52-1639-4ccb-bc44-8449068c39e4\" global_colors_info=\"{}\"][et_pb_column type=\"1_4\" _builder_version=\"4.11.1\" _module_preset=\"default\" global_colors_info=\"{}\"][et_pb_text background_color=\"#042d41\" text_font_size=\"30px\" text_text_color=\"#FFFFFF\" text_font=\"|700||on|||||\" text_orientation=\"center\" module_alignment=\"center\" height=\"244px\" custom_padding=\"110px||||false|false\" _builder_version=\"4.11.1\" _module_preset=\"130e0b9c-592c-4346-9b74-65866c043395\" global_colors_info=\"{}\"]\n\nInfantil\n\n[\/et_pb_text][et_pb_image border_width_all=\"2px\" border_color_all=\"rgba(0,0,0,0.1)\" border_radii=\"on|2px|2px|2px|2px\" custom_padding=\"0px|0px|0px|0px|false|false\" box_shadow_style=\"preset1\" src=\"https:\/\/lleida.matersalvatoris.org\/wp-content\/uploads\/2021\/10\/infantil-300x300-1.jpg\" title_text=\"infantil-300x300\" _builder_version=\"4.11.1\" _module_preset=\"1456a61a-6428-47f7-af7b-e2d2556e2239\" global_colors_info=\"{}\"][\/et_pb_image][\/et_pb_column][et_pb_column type=\"3_4\" _builder_version=\"4.11.1\" _module_preset=\"default\" global_colors_info=\"{}\"][et_pb_text background_color=\"#8196a1\" custom_padding=\"30px|30px|30px|30px|false|false\" text_font_size=\"20px\" text_text_color=\"#FFFFFF\" text_line_height=\"1.1em\" custom_margin=\"||1em||false|false\" _builder_version=\"4.11.1\" _module_preset=\"0beecb44-14b6-4146-a084-a63d2edaa5dd\" global_colors_info=\"{}\"]\n<p style=\"text-align: justify;\">En l\u2019actualitat, quasi 7.000 alumnes reben la seva educaci\u00f3 en algun dels col\u00b7legis Mater Salvatoris.<\/p>\n[\/et_pb_text][et_pb_text text_text_color=\"#000000\" text_font_size=\"20px\" text_line_height=\"1.2em\" custom_margin=\"||1em||false|false\" _builder_version=\"4.11.1\" _module_preset=\"9616b5da-827c-4a8d-ad6f-bcd50de1f39f\" global_colors_info=\"{}\"]\n\nDes del principi anem treballant els <strong>h\u00e0bits<\/strong>, les primeres rutines en l\u2019alimentaci\u00f3, son, higiene\u2026 rutines que treballem cada dia, amb un mateix horari i respectant el ritme que cada nen necessiti.\n\nTamb\u00e9 eduquem de la<strong> voluntat, busquem que des de petits experimentin l\u2019alegria de fer les coses b\u00e9.<\/strong>\n<ul>\n \t<li><strong>ESTIMULACI\u00d3 PRIMERENCA. <\/strong>\nEl potencial d\u2019un nen en n\u00e9ixer \u00e9s immens.<strong> De la quantitat d\u2019est\u00edmuls que rebi en els primers anys de vida dependr\u00e0 el seu desenvolupament posterior.<\/strong> Al Col\u00b7legi vam crear entorns rics en est\u00edmuls intel\u00b7lectuals, f\u00edsics i socials perqu\u00e8 cada alumne pugui desenvolupar al m\u00e0xim les seves capacitats.<\/li>\n \t<li><strong>PSICOMOTRICITAT. <\/strong>\nEs treballa di\u00e0riament amb sessions de mitja hora. Aix\u00ed <strong>adquireixen un domini del seu propi cos, la qual cosa els permetr\u00e0 desenvolupar-se adequadament.<\/strong>\nEs treballa la respiraci\u00f3, la coordinaci\u00f3 i l\u2019equilibri, bases de la iniciaci\u00f3 a l\u2019esport.<\/li>\n \t<li><strong>ENTORN TRILING\u00dcE. <\/strong>\n<strong>Des dels comen\u00e7aments l\u2019alumne es troba immers en un ambient en qu\u00e8 es parla catal\u00e0, castell\u00e0 i angl\u00e8s.<\/strong>\nTenen tres sessions di\u00e0ries d\u2019angl\u00e8s amb professorat natiu i biling\u00fce. A m\u00e9s s\u2019imparteix alguna assignatura en angl\u00e8s.\nDurant tota l\u2019Educaci\u00f3 Infantil els alumnes anir\u00e0n consolidant l\u2019aprenentatge de l\u2019angl\u00e8s mitjan\u00e7ant contes can\u00e7ons, jocs, dramatitzaci\u00f3 i vocabulari, de manera que la llengua anglesa arribi a ser alguna cosa natural per a ells.\nPer assentar la base d\u2019una correcta pronunciaci\u00f3, el m\u00e8tode de lectoescriptura fon\u00e8tica que s\u2019empra al Col\u00b7legi \u00e9s <strong>The Oxford Reading Tree<\/strong> combinat amb <strong>Jolly Phonics<\/strong>, una forma d\u2019aprendre atractiva, propera i divertida utilitzada al Regne Unit.\n<strong>La llengua anglesa es converteix en alguna cosa natural per als nens.<\/strong><\/li>\n \t<li><strong>MATEM\u00c0TIQUES DIVERTIDES. <\/strong>\nEs treballen les matem\u00e0tiques de manera <strong>\u00fatil i pr\u00e0ctica<\/strong>. Es donen estrat\u00e8gies per solucionar situacions matem\u00e0tiques en un context pr\u00e0ctic i a trav\u00e9s de diferents <strong>est\u00edmuls sensorials i f\u00edsics<\/strong> es fa m\u00e9s assequible el contingut matem\u00e0tic.<\/li>\n \t<li><strong>PROGRAMACI\u00d3. <\/strong>\nA l\u2019Educaci\u00f3 Infantil treballem una primera introducci\u00f3 a la programaci\u00f3 amb <strong>Cubetto<\/strong>, un robot que aprenen a programar i a fer interactuar amb l\u2019entorn a trav\u00e9s d\u2019unes fitxes de colors.\nA m\u00e9s desenvolupem les compet\u00e8ncies matem\u00e0tica i l\u2019espacial.\n<strong>\u00c9s una manera senzilla i divertida d\u2019aprendre programaci\u00f3.<\/strong><\/li>\n \t<li><strong>AULA MONTESSORI. <\/strong>\n\u00c9s un ambient preparat amb tot el material a l\u2019abast, on el nen \u00e9s el protagonista del seu aprenentatge.\n<ul>\n \t<li><strong>\u00c0rea sensorial.<\/strong> Les activitats sensorials donen als nens l\u2019oportunitat d\u2019explorar una varietat de temes a trav\u00e9s de la manipulaci\u00f3 d\u2019objectes emprant els seus <strong>sentits<\/strong>.<\/li>\n \t<li><strong>\u00c0rea del llenguatge.<\/strong> Per treballar <strong>l\u2019expressi\u00f3, la comprensi\u00f3 i la lectura<\/strong> d\u2019una forma din\u00e0mica i divertida.<\/li>\n \t<li><strong>\u00c0rea art\u00edstica.<\/strong> Permet <strong>crear i experimentar<\/strong> amb diversitat de materials, textures i t\u00e8cniques, potenciant la creativitat, l\u2019inter\u00e8s art\u00edstic i incentivant la imaginaci\u00f3.<\/li>\n \t<li><strong>\u00c0rea de la vida pr\u00e0ctica.<\/strong> Es realitzen activitats per desenvolupar<strong> habilitats de la vida di\u00e0ria<\/strong>, fomentant la seva autonomia i l\u2019educaci\u00f3 d\u2019h\u00e0bits.<\/li>\n \t<li><strong>\u00c0rea de les ci\u00e8ncies.<\/strong> Per descobrir el propi entorn i despertar la sorpresa per la Naturalesa.<\/li>\n<\/ul>\n<\/li>\n<\/ul>\n<strong>L\u2019activitat l\u00fadica a trav\u00e9s del joc afavoreix l\u2019aprenentatge infantil.<\/strong>\n\n[\/et_pb_text][\/et_pb_column][\/et_pb_row][\/et_pb_section]","_et_gb_content_width":"","footnotes":""},"class_list":["post-658","page","type-page","status-publish","hentry"],"yoast_head":"<!-- This site is optimized with the Yoast SEO plugin v26.6 - https:\/\/yoast.com\/wordpress\/plugins\/seo\/ -->\n<title>Infantil - Lleida Mater Salvatoris<\/title>\n<meta name=\"robots\" content=\"index, follow, max-snippet:-1, max-image-preview:large, max-video-preview:-1\" \/>\n<link rel=\"canonical\" href=\"https:\/\/lleida.matersalvatoris.org\/es\/infantil\/\" \/>\n<meta property=\"og:locale\" content=\"es_ES\" \/>\n<meta property=\"og:type\" content=\"article\" \/>\n<meta property=\"og:title\" content=\"Infantil - Lleida Mater Salvatoris\" \/>\n<meta property=\"og:description\" content=\"Infantil 3-5 a\u00f1osEn esta etapa educativa nuestro primer objetivo es la adaptaci\u00f3n. Cuidamos que cada ni\u00f1o est\u00e9 contento, tranquilo y sobre todo que se sienta querido en el Colegio.Desde el [&hellip;]\" \/>\n<meta property=\"og:url\" content=\"https:\/\/lleida.matersalvatoris.org\/es\/infantil\/\" \/>\n<meta property=\"og:site_name\" content=\"Lleida Mater Salvatoris\" \/>\n<meta property=\"article:modified_time\" content=\"2026-05-14T07:27:37+00:00\" \/>\n<meta name=\"twitter:card\" content=\"summary_large_image\" \/>\n<meta name=\"twitter:label1\" content=\"Tiempo de lectura\" \/>\n\t<meta name=\"twitter:data1\" content=\"5 minutos\" \/>\n<script type=\"application\/ld+json\" class=\"yoast-schema-graph\">{\"@context\":\"https:\/\/schema.org\",\"@graph\":[{\"@type\":\"WebPage\",\"@id\":\"https:\/\/lleida.matersalvatoris.org\/es\/infantil\/\",\"url\":\"https:\/\/lleida.matersalvatoris.org\/es\/infantil\/\",\"name\":\"Infantil - Lleida Mater Salvatoris\",\"isPartOf\":{\"@id\":\"https:\/\/lleida.matersalvatoris.org\/es\/#website\"},\"datePublished\":\"2021-10-29T09:13:49+00:00\",\"dateModified\":\"2026-05-14T07:27:37+00:00\",\"inLanguage\":\"es\",\"potentialAction\":[{\"@type\":\"ReadAction\",\"target\":[\"https:\/\/lleida.matersalvatoris.org\/es\/infantil\/\"]}]},{\"@type\":\"WebSite\",\"@id\":\"https:\/\/lleida.matersalvatoris.org\/es\/#website\",\"url\":\"https:\/\/lleida.matersalvatoris.org\/es\/\",\"name\":\"Lleida Mater Salvatoris\",\"description\":\"Lleida Mater Salvatoris\",\"potentialAction\":[{\"@type\":\"SearchAction\",\"target\":{\"@type\":\"EntryPoint\",\"urlTemplate\":\"https:\/\/lleida.matersalvatoris.org\/es\/?s={search_term_string}\"},\"query-input\":{\"@type\":\"PropertyValueSpecification\",\"valueRequired\":true,\"valueName\":\"search_term_string\"}}],\"inLanguage\":\"es\"}]}<\/script>\n<!-- \/ Yoast SEO plugin. -->","yoast_head_json":{"title":"Infantil - Lleida Mater Salvatoris","robots":{"index":"index","follow":"follow","max-snippet":"max-snippet:-1","max-image-preview":"max-image-preview:large","max-video-preview":"max-video-preview:-1"},"canonical":"https:\/\/lleida.matersalvatoris.org\/es\/infantil\/","og_locale":"es_ES","og_type":"article","og_title":"Infantil - Lleida Mater Salvatoris","og_description":"Infantil 3-5 a\u00f1osEn esta etapa educativa nuestro primer objetivo es la adaptaci\u00f3n. Cuidamos que cada ni\u00f1o est\u00e9 contento, tranquilo y sobre todo que se sienta querido en el Colegio.Desde el [&hellip;]","og_url":"https:\/\/lleida.matersalvatoris.org\/es\/infantil\/","og_site_name":"Lleida Mater Salvatoris","article_modified_time":"2026-05-14T07:27:37+00:00","twitter_card":"summary_large_image","twitter_misc":{"Tiempo de lectura":"5 minutos"},"schema":{"@context":"https:\/\/schema.org","@graph":[{"@type":"WebPage","@id":"https:\/\/lleida.matersalvatoris.org\/es\/infantil\/","url":"https:\/\/lleida.matersalvatoris.org\/es\/infantil\/","name":"Infantil - Lleida Mater Salvatoris","isPartOf":{"@id":"https:\/\/lleida.matersalvatoris.org\/es\/#website"},"datePublished":"2021-10-29T09:13:49+00:00","dateModified":"2026-05-14T07:27:37+00:00","inLanguage":"es","potentialAction":[{"@type":"ReadAction","target":["https:\/\/lleida.matersalvatoris.org\/es\/infantil\/"]}]},{"@type":"WebSite","@id":"https:\/\/lleida.matersalvatoris.org\/es\/#website","url":"https:\/\/lleida.matersalvatoris.org\/es\/","name":"Lleida Mater Salvatoris","description":"Lleida Mater Salvatoris","potentialAction":[{"@type":"SearchAction","target":{"@type":"EntryPoint","urlTemplate":"https:\/\/lleida.matersalvatoris.org\/es\/?s={search_term_string}"},"query-input":{"@type":"PropertyValueSpecification","valueRequired":true,"valueName":"search_term_string"}}],"inLanguage":"es"}]}},"_links":{"self":[{"href":"https:\/\/lleida.matersalvatoris.org\/es\/wp-json\/wp\/v2\/pages\/658","targetHints":{"allow":["GET"]}}],"collection":[{"href":"https:\/\/lleida.matersalvatoris.org\/es\/wp-json\/wp\/v2\/pages"}],"about":[{"href":"https:\/\/lleida.matersalvatoris.org\/es\/wp-json\/wp\/v2\/types\/page"}],"author":[{"embeddable":true,"href":"https:\/\/lleida.matersalvatoris.org\/es\/wp-json\/wp\/v2\/users\/1"}],"replies":[{"embeddable":true,"href":"https:\/\/lleida.matersalvatoris.org\/es\/wp-json\/wp\/v2\/comments?post=658"}],"version-history":[{"count":8,"href":"https:\/\/lleida.matersalvatoris.org\/es\/wp-json\/wp\/v2\/pages\/658\/revisions"}],"predecessor-version":[{"id":11609,"href":"https:\/\/lleida.matersalvatoris.org\/es\/wp-json\/wp\/v2\/pages\/658\/revisions\/11609"}],"wp:attachment":[{"href":"https:\/\/lleida.matersalvatoris.org\/es\/wp-json\/wp\/v2\/media?parent=658"}],"curies":[{"name":"wp","href":"https:\/\/api.w.org\/{rel}","templated":true}]}}