{"id":656,"date":"2021-10-29T11:13:32","date_gmt":"2021-10-29T09:13:32","guid":{"rendered":"https:\/\/lleida.matersalvatoris.org\/?page_id=656"},"modified":"2021-11-12T19:14:18","modified_gmt":"2021-11-12T17:14:18","slug":"historia-del-colegio","status":"publish","type":"page","link":"https:\/\/lleida.matersalvatoris.org\/es\/historia-del-colegio\/","title":{"rendered":"Historia del Colegio"},"content":{"rendered":"<p>[et_pb_section fb_built=\u00bb1&#8243; fullwidth=\u00bbon\u00bb _builder_version=\u00bb4.11.1&#8243; _module_preset=\u00bbdefault\u00bb global_colors_info=\u00bb{}\u00bb da_is_popup=\u00bboff\u00bb da_exit_intent=\u00bboff\u00bb da_has_close=\u00bbon\u00bb da_alt_close=\u00bboff\u00bb da_dark_close=\u00bboff\u00bb da_not_modal=\u00bbon\u00bb da_is_singular=\u00bboff\u00bb da_with_loader=\u00bboff\u00bb da_has_shadow=\u00bbon\u00bb da_disable_devices=\u00bboff|off|off\u00bb][et_pb_fullwidth_slider _builder_version=\u00bb4.13.0&#8243; _module_preset=\u00bbdefault\u00bb global_colors_info=\u00bb{}\u00bb][et_pb_slide _builder_version=\u00bb4.13.0&#8243; _module_preset=\u00bbdefault\u00bb background_image=\u00bbhttps:\/\/lleida.matersalvatoris.org\/wp-content\/uploads\/2021\/10\/header_historia.jpg\u00bb background_enable_image=\u00bbon\u00bb global_colors_info=\u00bb{}\u00bb sticky_transition=\u00bbon\u00bb][\/et_pb_slide][\/et_pb_fullwidth_slider][\/et_pb_section][et_pb_section fb_built=\u00bb1&#8243; _builder_version=\u00bb4.11.1&#8243; _module_preset=\u00bb5c19a62f-513d-4606-ae30-8aab177d8889&#8243; custom_padding=\u00bb30px||30px||false|false\u00bb global_colors_info=\u00bb{}\u00bb da_is_popup=\u00bboff\u00bb da_exit_intent=\u00bboff\u00bb da_has_close=\u00bbon\u00bb da_alt_close=\u00bboff\u00bb da_dark_close=\u00bboff\u00bb da_not_modal=\u00bbon\u00bb da_is_singular=\u00bboff\u00bb da_with_loader=\u00bboff\u00bb da_has_shadow=\u00bbon\u00bb da_disable_devices=\u00bboff|off|off\u00bb][et_pb_row column_structure=\u00bb1_4,3_4&#8243; _builder_version=\u00bb4.11.1&#8243; _module_preset=\u00bb878dbd52-1639-4ccb-bc44-8449068c39e4&#8243; custom_padding=\u00bb0px||0px||false|false\u00bb global_colors_info=\u00bb{}\u00bb][et_pb_column type=\u00bb1_4&#8243; _builder_version=\u00bb4.11.1&#8243; _module_preset=\u00bbdefault\u00bb global_colors_info=\u00bb{}\u00bb][et_pb_text _builder_version=\u00bb4.13.1&#8243; _module_preset=\u00bbfb58153c-30e1-4016-9cf8-2751ea08e8fb\u00bb hover_enabled=\u00bb0&#8243; global_colors_info=\u00bb{}\u00bb sticky_enabled=\u00bb0&#8243;]<\/p>\n<p>HISTORIA<\/p>\n<p>[\/et_pb_text][et_pb_image src=\u00bbhttps:\/\/lleida.matersalvatoris.org\/wp-content\/uploads\/2021\/11\/historia-1200&#215;1200-1.jpg\u00bb title_text=\u00bbhistoria-1200&#215;1200&#8243; _builder_version=\u00bb4.11.3&#8243; _module_preset=\u00bbcd5698fc-7441-45eb-b23f-47fbe30b45b6&#8243; global_colors_info=\u00bb{}\u00bb][\/et_pb_image][\/et_pb_column][et_pb_column type=\u00bb3_4&#8243; _builder_version=\u00bb4.11.1&#8243; _module_preset=\u00bbdefault\u00bb global_colors_info=\u00bb{}\u00bb][et_pb_text _builder_version=\u00bb4.11.1&#8243; _module_preset=\u00bb0beecb44-14b6-4146-a084-a63d2edaa5dd\u00bb text_text_color=\u00bb#FFFFFF\u00bb text_font_size=\u00bb20px\u00bb text_line_height=\u00bb1.1em\u00bb background_color=\u00bb#8196a1&#8243; custom_margin=\u00bb||1em||false|false\u00bb custom_padding=\u00bb30px|30px|30px|30px|false|false\u00bb global_colors_info=\u00bb{}\u00bb]<\/p>\n<p><span>El Colegio Mater Salvatoris de L\u00e9rida es una s\u00f3lida instituci\u00f3n educativa con m\u00e1s de sesenta a\u00f1os de experiencia. La pedagog\u00eda y el estilo educativo propio de las religiosas de la Compa\u00f1\u00eda del Salvador contribuyeron a cimentar los pilares de un centro educativo que aunaba al mismo tiempo tradici\u00f3n, apertura y excelencia acad\u00e9mica.<\/span><\/p>\n<p>[\/et_pb_text][et_pb_text _builder_version=\u00bb4.11.1&#8243; _module_preset=\u00bb9616b5da-827c-4a8d-ad6f-bcd50de1f39f\u00bb text_text_color=\u00bb#000000&#8243; text_font_size=\u00bb20px\u00bb text_line_height=\u00bb1.2em\u00bb custom_margin=\u00bb||1em||false|false\u00bb global_colors_info=\u00bb{}\u00bb]<\/p>\n<p>En 1948 un grupo de padres de familia pidieron a las Madres Mar\u00eda F\u00e9lix y Carmen Aige abrir un colegio donde pudieran formarse sus hijas. Ese deseo se hizo realidad el curso <strong>1948-49<\/strong>, cuando el nuevo colegio abri\u00f3 sus puertas en un edificio alquilado en la c\u00e9ntrica plaza de <strong>Ricard Vinyes<\/strong>. Hasta el a\u00f1o 1982 fue solamente un colegio femenino; \u00fanicamente hab\u00eda ni\u00f1os en Infantil.<\/p>\n<p><strong>En 1969 el Colegio se traslad\u00f3 a su ubicaci\u00f3n actual -Partida Pl\u00e1 de Mons\u00f3, 30-<\/strong>, a seis kil\u00f3metros del casco urbano. La elecci\u00f3n del lugar favorec\u00eda que los alumnos estuvieran en contacto directo con la naturaleza. Poco a poco, el Colegio fue creciendo y completando sus instalaciones hasta formar el conjunto de edificios que lo integran\u00a0en la actualidad: pabellones de Infantil, Primaria, ESO y Bachillerato; comedores y cocina; polideportivo; campos abiertos de f\u00fatbol, baloncesto y voleibol; zonas ajardinadas y amplios espacios naturales.<\/p>\n<p>[\/et_pb_text][\/et_pb_column][\/et_pb_row][\/et_pb_section]<\/p>\n","protected":false},"excerpt":{"rendered":"<p>HISTORIAEl Colegio Mater Salvatoris de L\u00e9rida es una s\u00f3lida instituci\u00f3n educativa con m\u00e1s de sesenta a\u00f1os de experiencia. La pedagog\u00eda y el estilo educativo propio de las religiosas de la [&hellip;]<\/p>\n","protected":false},"author":1,"featured_media":0,"parent":0,"menu_order":0,"comment_status":"closed","ping_status":"closed","template":"","meta":{"_et_pb_use_builder":"on","_et_pb_old_content":"[et_pb_section fb_built=\"1\" fullwidth=\"on\" _builder_version=\"4.11.1\" _module_preset=\"default\" global_colors_info=\"{}\"][et_pb_fullwidth_image src=\"https:\/\/lleida.matersalvatoris.org\/wp-content\/uploads\/2021\/10\/header_historia.jpg\" title_text=\"header_historia\" _builder_version=\"4.11.1\" _module_preset=\"default\" global_colors_info=\"{}\"][\/et_pb_fullwidth_image][\/et_pb_section][et_pb_section fb_built=\"1\" custom_padding=\"30px||30px||false|false\" _builder_version=\"4.11.1\" _module_preset=\"5c19a62f-513d-4606-ae30-8aab177d8889\" global_colors_info=\"{}\"][et_pb_row custom_padding=\"0px||0px||false|false\" column_structure=\"1_4,3_4\" _builder_version=\"4.11.1\" _module_preset=\"878dbd52-1639-4ccb-bc44-8449068c39e4\" global_colors_info=\"{}\"][et_pb_column type=\"1_4\" _builder_version=\"4.11.1\" _module_preset=\"default\" global_colors_info=\"{}\"][et_pb_text background_color=\"#042d41\" text_font_size=\"30px\" text_text_color=\"#FFFFFF\" text_font=\"|700||on|||||\" text_orientation=\"center\" module_alignment=\"center\" height=\"244px\" custom_padding=\"110px||||false|false\" _builder_version=\"4.11.1\" _module_preset=\"130e0b9c-592c-4346-9b74-65866c043395\" global_colors_info=\"{}\"]HIST\u00d2RIA[\/et_pb_text][et_pb_image border_width_all=\"2px\" border_color_all=\"rgba(0,0,0,0.1)\" border_radii=\"on|2px|2px|2px|2px\" custom_padding=\"0px|0px|0px|0px|false|false\" box_shadow_style=\"preset1\" src=\"https:\/\/lleida.matersalvatoris.org\/wp-content\/uploads\/2021\/10\/historia-300x300-1.jpg\" title_text=\"historia-300x300\" _builder_version=\"4.11.1\" _module_preset=\"1456a61a-6428-47f7-af7b-e2d2556e2239\" global_colors_info=\"{}\"][\/et_pb_image][\/et_pb_column][et_pb_column type=\"3_4\" _builder_version=\"4.11.1\" _module_preset=\"default\" global_colors_info=\"{}\"][et_pb_text background_color=\"#8196a1\" custom_padding=\"30px|30px|30px|30px|false|false\" text_font_size=\"20px\" text_text_color=\"#FFFFFF\" text_line_height=\"1.1em\" custom_margin=\"||1em||false|false\" _builder_version=\"4.11.1\" _module_preset=\"0beecb44-14b6-4146-a084-a63d2edaa5dd\" global_colors_info=\"{}\"]\n\nEl Col\u00b7legi Mater Salvatoris de Lleida \u00e9s una s\u00f2lida instituci\u00f3 educativa amb m\u00e9s de seixanta anys d\u2019experi\u00e8ncia. La pedagogia i l\u2019estil educatiu propi de les Religioses de la Companyia del Salvador van contribuir a consolidar els pilars d\u2019un centre educatiu que combinava al mateix temps tradici\u00f3, obertura i excel\u00b7l\u00e8ncia acad\u00e8mica.\n\n[\/et_pb_text][et_pb_text text_text_color=\"#000000\" text_font_size=\"20px\" text_line_height=\"1.2em\" custom_margin=\"||1em||false|false\" _builder_version=\"4.11.1\" _module_preset=\"9616b5da-827c-4a8d-ad6f-bcd50de1f39f\" global_colors_info=\"{}\"]\n\nEl 1948 un grup de pares de fam\u00edlia van demanar a les Mares Mar\u00eda F\u00e9lix i Carmen Aige que obressin un col\u00b7legi on es poguessin formar les seves filles. Aquest desig es va fer realitat el curs <strong>1948-49<\/strong>, quan el nou col\u00b7legi va obrir les seves portes en un edifici llogat a la c\u00e8ntrica pla\u00e7a de <strong>Ricard Vinyes<\/strong>. Fins l\u2019any 1982 va ser un col\u00b7legi femen\u00ed, \u00fanicament hi havia nens a Educaci\u00f3 Infantil.\n\n<strong>El 1969 el Col\u00b7legi es trasllad\u00e0 a la seva ubicaci\u00f3 actual -Partida Pla de Mons\u00f3, 30-<\/strong>, a sis quil\u00f2metres del casc urb\u00e0. L\u2019elecci\u00f3 del lloc afavoria que els alumnes estiguessin en contacte directe amb la natura. A poc a poc, el Col\u00b7legi va anar creixent i completant les seves instal\u00b7lacions fins a formar el conjunt d\u2019edificis que l\u2019integren en l\u2019actualitat: pavellons d\u2019Infantil, Prim\u00e0ria, ESO i Batxillerat; menjadors i cuina; poliesportiu; camps oberts de futbol, b\u00e0squet i voleibol; zones amb jard\u00ed i amplis espais naturals.\n\n[\/et_pb_text][\/et_pb_column][\/et_pb_row][\/et_pb_section]","_et_gb_content_width":"","footnotes":""},"class_list":["post-656","page","type-page","status-publish","hentry"],"yoast_head":"<!-- This site is optimized with the Yoast SEO plugin v26.6 - https:\/\/yoast.com\/wordpress\/plugins\/seo\/ -->\n<title>Historia del Colegio - Lleida Mater Salvatoris<\/title>\n<meta name=\"robots\" content=\"index, follow, max-snippet:-1, max-image-preview:large, max-video-preview:-1\" \/>\n<link rel=\"canonical\" href=\"https:\/\/lleida.matersalvatoris.org\/es\/historia-del-colegio\/\" \/>\n<meta property=\"og:locale\" content=\"es_ES\" \/>\n<meta property=\"og:type\" content=\"article\" \/>\n<meta property=\"og:title\" content=\"Historia del Colegio - Lleida Mater Salvatoris\" \/>\n<meta property=\"og:description\" content=\"HISTORIAEl Colegio Mater Salvatoris de L\u00e9rida es una s\u00f3lida instituci\u00f3n educativa con m\u00e1s de sesenta a\u00f1os de experiencia. La pedagog\u00eda y el estilo educativo propio de las religiosas de la [&hellip;]\" \/>\n<meta property=\"og:url\" content=\"https:\/\/lleida.matersalvatoris.org\/es\/historia-del-colegio\/\" \/>\n<meta property=\"og:site_name\" content=\"Lleida Mater Salvatoris\" \/>\n<meta property=\"article:modified_time\" content=\"2021-11-12T17:14:18+00:00\" \/>\n<meta name=\"twitter:card\" content=\"summary_large_image\" \/>\n<meta name=\"twitter:label1\" content=\"Tiempo de lectura\" \/>\n\t<meta name=\"twitter:data1\" content=\"3 minutos\" \/>\n<script type=\"application\/ld+json\" class=\"yoast-schema-graph\">{\"@context\":\"https:\/\/schema.org\",\"@graph\":[{\"@type\":\"WebPage\",\"@id\":\"https:\/\/lleida.matersalvatoris.org\/es\/historia-del-colegio\/\",\"url\":\"https:\/\/lleida.matersalvatoris.org\/es\/historia-del-colegio\/\",\"name\":\"Historia del Colegio - Lleida Mater Salvatoris\",\"isPartOf\":{\"@id\":\"https:\/\/lleida.matersalvatoris.org\/es\/#website\"},\"datePublished\":\"2021-10-29T09:13:32+00:00\",\"dateModified\":\"2021-11-12T17:14:18+00:00\",\"inLanguage\":\"es\",\"potentialAction\":[{\"@type\":\"ReadAction\",\"target\":[\"https:\/\/lleida.matersalvatoris.org\/es\/historia-del-colegio\/\"]}]},{\"@type\":\"WebSite\",\"@id\":\"https:\/\/lleida.matersalvatoris.org\/es\/#website\",\"url\":\"https:\/\/lleida.matersalvatoris.org\/es\/\",\"name\":\"Lleida Mater Salvatoris\",\"description\":\"Lleida Mater Salvatoris\",\"potentialAction\":[{\"@type\":\"SearchAction\",\"target\":{\"@type\":\"EntryPoint\",\"urlTemplate\":\"https:\/\/lleida.matersalvatoris.org\/es\/?s={search_term_string}\"},\"query-input\":{\"@type\":\"PropertyValueSpecification\",\"valueRequired\":true,\"valueName\":\"search_term_string\"}}],\"inLanguage\":\"es\"}]}<\/script>\n<!-- \/ Yoast SEO plugin. -->","yoast_head_json":{"title":"Historia del Colegio - Lleida Mater Salvatoris","robots":{"index":"index","follow":"follow","max-snippet":"max-snippet:-1","max-image-preview":"max-image-preview:large","max-video-preview":"max-video-preview:-1"},"canonical":"https:\/\/lleida.matersalvatoris.org\/es\/historia-del-colegio\/","og_locale":"es_ES","og_type":"article","og_title":"Historia del Colegio - Lleida Mater Salvatoris","og_description":"HISTORIAEl Colegio Mater Salvatoris de L\u00e9rida es una s\u00f3lida instituci\u00f3n educativa con m\u00e1s de sesenta a\u00f1os de experiencia. La pedagog\u00eda y el estilo educativo propio de las religiosas de la [&hellip;]","og_url":"https:\/\/lleida.matersalvatoris.org\/es\/historia-del-colegio\/","og_site_name":"Lleida Mater Salvatoris","article_modified_time":"2021-11-12T17:14:18+00:00","twitter_card":"summary_large_image","twitter_misc":{"Tiempo de lectura":"3 minutos"},"schema":{"@context":"https:\/\/schema.org","@graph":[{"@type":"WebPage","@id":"https:\/\/lleida.matersalvatoris.org\/es\/historia-del-colegio\/","url":"https:\/\/lleida.matersalvatoris.org\/es\/historia-del-colegio\/","name":"Historia del Colegio - Lleida Mater Salvatoris","isPartOf":{"@id":"https:\/\/lleida.matersalvatoris.org\/es\/#website"},"datePublished":"2021-10-29T09:13:32+00:00","dateModified":"2021-11-12T17:14:18+00:00","inLanguage":"es","potentialAction":[{"@type":"ReadAction","target":["https:\/\/lleida.matersalvatoris.org\/es\/historia-del-colegio\/"]}]},{"@type":"WebSite","@id":"https:\/\/lleida.matersalvatoris.org\/es\/#website","url":"https:\/\/lleida.matersalvatoris.org\/es\/","name":"Lleida Mater Salvatoris","description":"Lleida Mater Salvatoris","potentialAction":[{"@type":"SearchAction","target":{"@type":"EntryPoint","urlTemplate":"https:\/\/lleida.matersalvatoris.org\/es\/?s={search_term_string}"},"query-input":{"@type":"PropertyValueSpecification","valueRequired":true,"valueName":"search_term_string"}}],"inLanguage":"es"}]}},"_links":{"self":[{"href":"https:\/\/lleida.matersalvatoris.org\/es\/wp-json\/wp\/v2\/pages\/656","targetHints":{"allow":["GET"]}}],"collection":[{"href":"https:\/\/lleida.matersalvatoris.org\/es\/wp-json\/wp\/v2\/pages"}],"about":[{"href":"https:\/\/lleida.matersalvatoris.org\/es\/wp-json\/wp\/v2\/types\/page"}],"author":[{"embeddable":true,"href":"https:\/\/lleida.matersalvatoris.org\/es\/wp-json\/wp\/v2\/users\/1"}],"replies":[{"embeddable":true,"href":"https:\/\/lleida.matersalvatoris.org\/es\/wp-json\/wp\/v2\/comments?post=656"}],"version-history":[{"count":6,"href":"https:\/\/lleida.matersalvatoris.org\/es\/wp-json\/wp\/v2\/pages\/656\/revisions"}],"predecessor-version":[{"id":8215,"href":"https:\/\/lleida.matersalvatoris.org\/es\/wp-json\/wp\/v2\/pages\/656\/revisions\/8215"}],"wp:attachment":[{"href":"https:\/\/lleida.matersalvatoris.org\/es\/wp-json\/wp\/v2\/media?parent=656"}],"curies":[{"name":"wp","href":"https:\/\/api.w.org\/{rel}","templated":true}]}}