{"id":638,"date":"2021-10-29T11:07:51","date_gmt":"2021-10-29T09:07:51","guid":{"rendered":"https:\/\/lleida.matersalvatoris.org\/?page_id=638"},"modified":"2021-11-12T19:18:43","modified_gmt":"2021-11-12T17:18:43","slug":"deporte","status":"publish","type":"page","link":"https:\/\/lleida.matersalvatoris.org\/es\/deporte\/","title":{"rendered":"DEPORTE"},"content":{"rendered":"<p>[et_pb_section fb_built=\u00bb1&#8243; fullwidth=\u00bbon\u00bb _builder_version=\u00bb4.11.1&#8243; _module_preset=\u00bbdefault\u00bb global_colors_info=\u00bb{}\u00bb da_is_popup=\u00bboff\u00bb da_exit_intent=\u00bboff\u00bb da_has_close=\u00bbon\u00bb da_alt_close=\u00bboff\u00bb da_dark_close=\u00bboff\u00bb da_not_modal=\u00bbon\u00bb da_is_singular=\u00bboff\u00bb da_with_loader=\u00bboff\u00bb da_has_shadow=\u00bbon\u00bb da_disable_devices=\u00bboff|off|off\u00bb][et_pb_fullwidth_slider _builder_version=\u00bb4.13.0&#8243; _module_preset=\u00bbdefault\u00bb global_colors_info=\u00bb{}\u00bb][et_pb_slide _builder_version=\u00bb4.13.0&#8243; _module_preset=\u00bbdefault\u00bb background_image=\u00bbhttps:\/\/lleida.matersalvatoris.org\/wp-content\/uploads\/2021\/10\/esport_slide-scaled.jpg\u00bb background_enable_image=\u00bbon\u00bb global_colors_info=\u00bb{}\u00bb sticky_transition=\u00bbon\u00bb][\/et_pb_slide][\/et_pb_fullwidth_slider][\/et_pb_section][et_pb_section fb_built=\u00bb1&#8243; _builder_version=\u00bb4.11.1&#8243; _module_preset=\u00bb5c19a62f-513d-4606-ae30-8aab177d8889&#8243; custom_padding=\u00bb30px||30px||false|false\u00bb global_colors_info=\u00bb{}\u00bb da_is_popup=\u00bboff\u00bb da_exit_intent=\u00bboff\u00bb da_has_close=\u00bbon\u00bb da_alt_close=\u00bboff\u00bb da_dark_close=\u00bboff\u00bb da_not_modal=\u00bbon\u00bb da_is_singular=\u00bboff\u00bb da_with_loader=\u00bboff\u00bb da_has_shadow=\u00bbon\u00bb da_disable_devices=\u00bboff|off|off\u00bb][et_pb_row column_structure=\u00bb1_4,3_4&#8243; _builder_version=\u00bb4.11.1&#8243; _module_preset=\u00bb878dbd52-1639-4ccb-bc44-8449068c39e4&#8243; custom_padding=\u00bb0px||0px||false|false\u00bb global_colors_info=\u00bb{}\u00bb][et_pb_column type=\u00bb1_4&#8243; _builder_version=\u00bb4.11.1&#8243; _module_preset=\u00bbdefault\u00bb global_colors_info=\u00bb{}\u00bb][et_pb_text _builder_version=\u00bb4.13.1&#8243; _module_preset=\u00bbfb58153c-30e1-4016-9cf8-2751ea08e8fb\u00bb hover_enabled=\u00bb0&#8243; global_colors_info=\u00bb{}\u00bb _dynamic_attributes=\u00bbcontent\u00bb sticky_enabled=\u00bb0&#8243;]@ET-DC@eyJkeW5hbWljIjp0cnVlLCJjb250ZW50IjoicG9zdF90aXRsZSIsInNldHRpbmdzIjp7ImJlZm9yZSI6IiIsImFmdGVyIjoiIn19@[\/et_pb_text][et_pb_image src=\u00bbhttps:\/\/lleida.matersalvatoris.org\/wp-content\/uploads\/2021\/11\/esports2ok.jpg\u00bb title_text=\u00bbesports2ok\u00bb _builder_version=\u00bb4.11.3&#8243; _module_preset=\u00bbcd5698fc-7441-45eb-b23f-47fbe30b45b6&#8243; global_colors_info=\u00bb{}\u00bb][\/et_pb_image][et_pb_image src=\u00bbhttps:\/\/lleida.matersalvatoris.org\/wp-content\/uploads\/2021\/11\/esports4ok-1200&#215;1200-1.jpg\u00bb title_text=\u00bbesports4ok-1200&#215;1200&#8243; _builder_version=\u00bb4.11.3&#8243; _module_preset=\u00bbcd5698fc-7441-45eb-b23f-47fbe30b45b6&#8243; global_colors_info=\u00bb{}\u00bb][\/et_pb_image][et_pb_image src=\u00bbhttps:\/\/lleida.matersalvatoris.org\/wp-content\/uploads\/2021\/11\/esports3ok-1200&#215;1200-1.jpg\u00bb title_text=\u00bbesports3ok-1200&#215;1200&#8243; _builder_version=\u00bb4.11.3&#8243; _module_preset=\u00bbcd5698fc-7441-45eb-b23f-47fbe30b45b6&#8243; global_colors_info=\u00bb{}\u00bb][\/et_pb_image][\/et_pb_column][et_pb_column type=\u00bb3_4&#8243; _builder_version=\u00bb4.11.1&#8243; _module_preset=\u00bbdefault\u00bb global_colors_info=\u00bb{}\u00bb][et_pb_text _builder_version=\u00bb4.11.1&#8243; _module_preset=\u00bb9616b5da-827c-4a8d-ad6f-bcd50de1f39f\u00bb text_text_color=\u00bb#000000&#8243; text_font_size=\u00bb20px\u00bb text_line_height=\u00bb1.2em\u00bb custom_margin=\u00bb||1em||false|false\u00bb global_colors_info=\u00bb{}\u00bb]<\/p>\n<p><strong>Esfuerzo, superaci\u00f3n, tolerancia, respeto, compa\u00f1erismo\u2026 son actitudes y valores fundamentales que deseamos transmitir a nuestros alumnos.<\/strong><\/p>\n<p>Tolerancia a la frustraci\u00f3n, saber perder y ganar.\u00a0Como en la vida, hay que aprender a aceptar la derrota, pero tambi\u00e9n a ganar con elegancia, siempre con respeto a los dem\u00e1s.\u00a0Por eso, el deporte constituye una parte fundamental del proyecto educativo del Colegio.<\/p>\n<p><strong>El colegio Mater Salvatoris, situado en un entorno privilegiado, es un lugar\u00a0id\u00f3neo para llevar a cabo este proyecto.<\/strong> Adem\u00e1s, cuenta con m\u00faltiples instalaciones apropiadas para su desarrollo:<\/p>\n<ul>\n<li>4 campos de baloncesto.<\/li>\n<li>3 campos de voleibol.<\/li>\n<li>3 campos de f\u00fatbol sala.<\/li>\n<li>1 campo de balonmano.<\/li>\n<li>1 sala de ritmo y psicomotricidad.<\/li>\n<li>2 gimnasios polivalentes, adaptados para las diferentes necesidades.<\/li>\n<\/ul>\n<p>Por su importancia en el desarrollo personal, el deporte se practica en todas las etapas educativas.<\/p>\n<h3><strong>Educaci\u00f3n Infantil\u00a0<\/strong><\/h3>\n<p><strong>En esta etapa, la Educaci\u00f3n F\u00edsica se trabaja a trav\u00e9s del ritmo, la psicomotricidad y la iniciaci\u00f3n al deporte.<\/strong> Est\u00e1 demostrado que el desarrollo de estas actividades mejora el aprendizaje en el resto de las \u00e1reas, como Lengua y Matem\u00e1ticas.<\/p>\n<h3><strong>Educaci\u00f3n Primaria\u00a0<\/strong><\/h3>\n<p><strong>A trav\u00e9s de la Educaci\u00f3n F\u00edsica, los ni\u00f1os expresan su espontaneidad, fomentan su creatividad<\/strong> y, sobre todo, aprenden a conocerse, respetarse y valorarse a s\u00ed mismos y a los dem\u00e1s.\u00a0Por este motivo, adem\u00e1s de las horas semanales de clase, los alumnos que lo desean pueden inscribirse en alguna de las siguientes actividades:<\/p>\n<ul>\n<li>Equipo federado de f\u00fatbol<\/li>\n<li>Equipo federado de voleibol<\/li>\n<\/ul>\n<h3><strong>ESO y Bachillerato\u00a0<\/strong><\/h3>\n<p><strong>En estos a\u00f1os cruciales, el Deporte ayuda y acompa\u00f1a a los alumnos en su proceso de maduraci\u00f3n personal.<\/strong>\u00a0Como en etapas anteriores, el Colegio ofrece a sus alumnos la posibilidad de federarse en f\u00fatbol\u00a0y voleibol, para participar de las competiciones intercolegiales.<\/p>\n<p>Fomentamos siempre el deporte de equipo, pues con \u00e9l se trabaja la disciplina, la importancia de las normas, el trabajo en grupo y la confianza en los dem\u00e1s. Descubrir qu\u00e9 es el liderazgo y su importancia para el funcionamiento de un grupo es una ense\u00f1anza fundamental para la vida.<\/p>\n<p>[\/et_pb_text][et_pb_text _builder_version=\u00bb4.11.1&#8243; _module_preset=\u00bb0beecb44-14b6-4146-a084-a63d2edaa5dd\u00bb text_text_color=\u00bb#FFFFFF\u00bb text_font_size=\u00bb20px\u00bb text_line_height=\u00bb1.1em\u00bb background_color=\u00bb#8196a1&#8243; custom_margin=\u00bb||1em||false|false\u00bb custom_padding=\u00bb30px|30px|30px|30px|false|false\u00bb global_colors_info=\u00bb{}\u00bb]<\/p>\n<p><span>Desde 5.\u00ba de Primaria hasta 4.\u00ba de la ESO, los alumnos participan en la Olimpiada de Atletismo escolar que se organiza en la Pobla de Segur. Muchos son los \u00e9xitos conseguidos a trav\u00e9s de los a\u00f1os.<\/span><\/p>\n<p>[\/et_pb_text][et_pb_text _builder_version=\u00bb4.11.1&#8243; _module_preset=\u00bb9616b5da-827c-4a8d-ad6f-bcd50de1f39f\u00bb text_text_color=\u00bb#000000&#8243; text_font_size=\u00bb20px\u00bb text_line_height=\u00bb1.2em\u00bb custom_margin=\u00bb||1em||false|false\u00bb global_colors_info=\u00bb{}\u00bb]<\/p>\n<h3><strong>CLUB DEPORTIVO<\/strong><\/h3>\n<p>Todas las actividades deportivas extraescolares est\u00e1n abiertas al alumnado desde las diferentes Secciones del\u00a0<strong>Club Deportivo Mater Salvatoris de Lleida,\u00a0<\/strong>y\u00a0son consideradas tambi\u00e9n actividades educativas.<\/p>\n<p>El Club Deportivo, inspirado en el Ideario del Colegio y aprovechando las posibilidades que ofrece el juego y la pr\u00e1ctica deportiva, busca con firmeza el enriquecimiento del alumnado a trav\u00e9s de h\u00e1bitos saludables y escuela de valores.<\/p>\n<p>Contacto: <a href=\"mailto:clubesportiu@materlleida.cat\">clubesportiu@materlleida.cat<\/a>\u00a0<\/p>\n<h3><strong>PREMIOS \u00a0DEPORTIVOS<\/strong><\/h3>\n<p><strong>Equipo Infantil de F\u00fatbol Sala<\/strong><\/p>\n<ul>\n<li>Campe\u00f3n de la Copa de Lleida. Primer\u00a0puesto en la Liga 2016-2017.<\/li>\n<\/ul>\n<p><strong>Equipo Alev\u00edn de Voleibol\u00a0<\/strong><\/p>\n<ul>\n<li>Campe\u00f3n de la Cerda\u00f1a. Primera posici\u00f3n en el Torneo de Voleibol Escolar de la Cerda\u00f1a en la temporada 2016-2017.<\/li>\n<\/ul>\n<p><strong>Equipo Cadete de Voleibol<\/strong><\/p>\n<ul>\n<li>Tercera posici\u00f3n en el Torneo de Voleibol Escolar de la Cerda\u00f1a en la temporada 2016-2017.<\/li>\n<\/ul>\n<ul><\/ul>\n<p>[\/et_pb_text][\/et_pb_column][\/et_pb_row][\/et_pb_section]<\/p>\n","protected":false},"excerpt":{"rendered":"<p>Esfuerzo, superaci\u00f3n, tolerancia, respeto, compa\u00f1erismo\u2026 son actitudes y valores fundamentales que deseamos transmitir a nuestros alumnos. Tolerancia a la frustraci\u00f3n, saber perder y ganar.\u00a0Como en la vida, hay que aprender [&hellip;]<\/p>\n","protected":false},"author":1,"featured_media":0,"parent":0,"menu_order":0,"comment_status":"closed","ping_status":"closed","template":"","meta":{"_et_pb_use_builder":"on","_et_pb_old_content":"[et_pb_section fb_built=\"1\" fullwidth=\"on\" _builder_version=\"4.11.1\" _module_preset=\"default\" global_colors_info=\"{}\"][et_pb_fullwidth_image src=\"https:\/\/lleida.matersalvatoris.org\/wp-content\/uploads\/2021\/10\/esport_slide-scaled.jpg\" title_text=\"esport_slide\" _builder_version=\"4.11.1\" _module_preset=\"default\" global_colors_info=\"{}\"][\/et_pb_fullwidth_image][\/et_pb_section][et_pb_section fb_built=\"1\" custom_padding=\"30px||30px||false|false\" _builder_version=\"4.11.1\" _module_preset=\"5c19a62f-513d-4606-ae30-8aab177d8889\" global_colors_info=\"{}\"][et_pb_row custom_padding=\"0px||0px||false|false\" column_structure=\"1_4,3_4\" _builder_version=\"4.11.1\" _module_preset=\"878dbd52-1639-4ccb-bc44-8449068c39e4\" global_colors_info=\"{}\"][et_pb_column type=\"1_4\" _builder_version=\"4.11.1\" _module_preset=\"default\" global_colors_info=\"{}\"][et_pb_text background_color=\"#042d41\" text_font_size=\"30px\" text_text_color=\"#FFFFFF\" text_font=\"|700||on|||||\" text_orientation=\"center\" module_alignment=\"center\" height=\"244px\" custom_padding=\"110px||||false|false\" _builder_version=\"4.11.1\" _module_preset=\"130e0b9c-592c-4346-9b74-65866c043395\" global_colors_info=\"{}\"]\n\nESPORT\n\n[\/et_pb_text][et_pb_image border_width_all=\"2px\" border_color_all=\"rgba(0,0,0,0.1)\" border_radii=\"on|2px|2px|2px|2px\" custom_padding=\"0px|0px|0px|0px|false|false\" box_shadow_style=\"preset1\" src=\"https:\/\/lleida.matersalvatoris.org\/wp-content\/uploads\/2021\/10\/esport_1_300x300.jpg\" title_text=\"esport_1_300x300\" _builder_version=\"4.11.1\" _module_preset=\"1456a61a-6428-47f7-af7b-e2d2556e2239\" global_colors_info=\"{}\"][\/et_pb_image][et_pb_image border_width_all=\"2px\" border_color_all=\"rgba(0,0,0,0.1)\" border_radii=\"on|2px|2px|2px|2px\" custom_padding=\"0px|0px|0px|0px|false|false\" box_shadow_style=\"preset1\" src=\"https:\/\/lleida.matersalvatoris.org\/wp-content\/uploads\/2021\/10\/esport_2_300x300.jpg\" title_text=\"esport_2_300x300\" _builder_version=\"4.11.1\" _module_preset=\"1456a61a-6428-47f7-af7b-e2d2556e2239\" global_colors_info=\"{}\"][\/et_pb_image][et_pb_image border_width_all=\"2px\" border_color_all=\"rgba(0,0,0,0.1)\" border_radii=\"on|2px|2px|2px|2px\" custom_padding=\"0px|0px|0px|0px|false|false\" box_shadow_style=\"preset1\" src=\"https:\/\/lleida.matersalvatoris.org\/wp-content\/uploads\/2021\/10\/esport_3_300x300.jpg\" title_text=\"esport_3_300x300\" _builder_version=\"4.11.1\" _module_preset=\"1456a61a-6428-47f7-af7b-e2d2556e2239\" global_colors_info=\"{}\"][\/et_pb_image][\/et_pb_column][et_pb_column type=\"3_4\" _builder_version=\"4.11.1\" _module_preset=\"default\" global_colors_info=\"{}\"][et_pb_text text_text_color=\"#000000\" text_font_size=\"20px\" text_line_height=\"1.2em\" custom_margin=\"||1em||false|false\" _builder_version=\"4.11.1\" _module_preset=\"9616b5da-827c-4a8d-ad6f-bcd50de1f39f\" global_colors_info=\"{}\"]\n\n<strong>Esfor\u00e7, superaci\u00f3, toler\u00e0ncia, respecte, companyionia\u2026 s\u00f3n actituds i valors fonamentals que volem transmetre als nostres alumnes.<\/strong>\n\nToler\u00e0ncia a la frustraci\u00f3, saber perdre i guanyar. Com en la vida, cal aprendre a acceptar la derrota, per\u00f2 tamb\u00e9 s\u2019ha de saber guanyar amb eleg\u00e0ncia i sempre amb respecte als altres. Per aix\u00f2, l\u2019esport constitueix una part fonamental del projecte educatiu del Col\u00b7legi.\n<p class=\"callout\"><strong>El col\u00b7legi Mater Salvatoris, situat en un entorn privilegiat, \u00e9s un lloc idoni per dur a terme aquest projecte.<\/strong>&nbsp;A m\u00e9s, compta amb m\u00faltiples instal\u00b7lacions apropiades per al seu desenvolupament:<\/p>\n\n<ul>\n \t<li class=\"callout\">4 camps de b\u00e0squet.<\/li>\n \t<li class=\"callout\">3 camps de voleibol.<\/li>\n \t<li class=\"callout\">3 camps de futbol sala.<\/li>\n \t<li class=\"callout\">1 camp d\u2019handbol.<\/li>\n \t<li class=\"callout\">1 sala de ritme i psicomotricitat.<\/li>\n \t<li class=\"callout\">2 gimnasos polivalents, adaptats per a les diferents necessitats.<\/li>\n<\/ul>\nPer la seva import\u00e0ncia en el desenvolupament personal, l\u2019esport es practica en totes les etapes educatives.\n<h3><strong>Educaci\u00f3 Infantil<\/strong><\/h3>\n<strong>En aquesta etapa, l\u2019Educaci\u00f3 F\u00edsica es treballa a trav\u00e9s del ritme, la psicomotricitat i la iniciaci\u00f3 a l\u2019esport.<\/strong>&nbsp;Est\u00e0 demostrat que el desenvolupament d\u2019aquestes activitats millora l\u2019aprenentatge en la resta de les \u00e0rees, com a Llengua i Matem\u00e0tiques.\n<h3><strong>Educaci\u00f3<span>&nbsp;<\/span>Prim\u00e0ria<\/strong><\/h3>\nA trav\u00e9s de l\u2019Educaci\u00f3 F\u00edsica, els nens expressen la seva espontane\u00eftat, fomenten la seva creativitat&nbsp;i, sobretot, aprenen a con\u00e8ixer-se, respectar-se i valorar-se a si mateixos i als altres. Per aquest motiu, a m\u00e9s de les hores setmanals de classe, els alumnes que ho desitgen poden inscriure\u2019s en alguna de les seg\u00fcents activitats:\n<ul>\n \t<li>Equip federat de&nbsp;futbol<\/li>\n \t<li>Equip federat de voleibol<\/li>\n<\/ul>\n<h3><strong>ESO y Batxillerat<\/strong><\/h3>\n<strong>En aquests anys crucials, l\u2019Esport ajuda i acompanya els alumnes en el seu proc\u00e9s de maduraci\u00f3 personal.<\/strong>&nbsp;Com en etapes anteriors, el Col\u00b7legi ofereix als seus alumnes la possibilitat de federar-se en futbol i voleibol, per participar de les competicions intercolegials.\n\nFomentem sempre l\u2019esport d\u2019equip, doncs amb ell es treballa la disciplina, la import\u00e0ncia de les normes, el treball en grup i la confian\u00e7a en els altres. Descobrir qu\u00e8 \u00e9s el lideratge i la seva import\u00e0ncia per al funcionament d\u2019un grup \u00e9s un ensenyament fonamental per a la vida.\n\n[\/et_pb_text][et_pb_text background_color=\"#8196a1\" custom_padding=\"30px|30px|30px|30px|false|false\" text_font_size=\"20px\" text_text_color=\"#FFFFFF\" text_line_height=\"1.1em\" custom_margin=\"||1em||false|false\" _builder_version=\"4.11.1\" _module_preset=\"0beecb44-14b6-4146-a084-a63d2edaa5dd\" global_colors_info=\"{}\"]\n\nDes de 5\u00e8 de Prim\u00e0ria fins a 4t d\u2019ESO, els alumnes participen en l\u2019Olimp\u00edada d\u2019Atletisme escolar que s\u2019organitza a la Pobla de Segur. Molts s\u00f3n els \u00e8xits aconseguits a trav\u00e9s dels anys.\n\n[\/et_pb_text][et_pb_text text_text_color=\"#000000\" text_font_size=\"20px\" text_line_height=\"1.2em\" custom_margin=\"||1em||false|false\" _builder_version=\"4.11.1\" _module_preset=\"9616b5da-827c-4a8d-ad6f-bcd50de1f39f\" global_colors_info=\"{}\"]\n<h3><strong>CLUB ESPORTIU<\/strong><\/h3>\nTotes les activitats esportives extraescolars estan obertes a l\u2019alumnat des de les diferents seccions del&nbsp;<strong>Club Esportiu&nbsp;Mater Salvatoris de Lleida<\/strong>, i s\u00f3n considerades tamb\u00e9 activitats educatives.\n\nEl Club Esportiu, inspirat en l\u2019Ideari de l\u2019Escola i, aprofitant les possibilitats que ofereix el joc i la pr\u00e0ctica esportiva, busca amb fermesa l\u2019enriquiment de l\u2019alumnat a trav\u00e9s d\u2019h\u00e0bits saludables i escola de valors.\n\nContacte:<span>&nbsp;<\/span><a href=\"mailto:clubesportiu@materlleida.cat\">clubesportiu@materlleida.cat<\/a>\n<h3><strong>PREMIS &nbsp;ESPORTIUS<\/strong><\/h3>\n<strong>Equip Infantil de Futbol Sala<\/strong>\n<ul>\n \t<li>Campi\u00f3 de la Copa de Lleida. Primer lloc en la Lliga 2016-2017.<\/li>\n<\/ul>\n<p class=\"documentFirstHeading\"><strong>Equip Alev\u00ed de Voleibol<\/strong><\/p>\n\n<ul>\n \t<li>Campi\u00f3 de la Cerdanya. Primer lloc&nbsp;en el Torneig de Voleibol Escolar de la Cerdanya de la temporada 2016-2017.<\/li>\n<\/ul>\n<p class=\"documentFirstHeading\"><strong>Equip Cadet de Voleibol<\/strong><\/p>\n\n<ul>\n \t<li>Tercer lloc&nbsp;en el Torneig de Voleibol Escolar de la Cerdanya de la temporada 2016-2017.<\/li>\n<\/ul>\n[\/et_pb_text][\/et_pb_column][\/et_pb_row][\/et_pb_section]","_et_gb_content_width":"","footnotes":""},"class_list":["post-638","page","type-page","status-publish","hentry"],"yoast_head":"<!-- This site is optimized with the Yoast SEO plugin v26.6 - https:\/\/yoast.com\/wordpress\/plugins\/seo\/ -->\n<title>DEPORTE - Lleida Mater Salvatoris<\/title>\n<meta name=\"robots\" content=\"index, follow, max-snippet:-1, max-image-preview:large, max-video-preview:-1\" \/>\n<link rel=\"canonical\" href=\"https:\/\/lleida.matersalvatoris.org\/es\/deporte\/\" \/>\n<meta property=\"og:locale\" content=\"es_ES\" \/>\n<meta property=\"og:type\" content=\"article\" \/>\n<meta property=\"og:title\" content=\"DEPORTE - Lleida Mater Salvatoris\" \/>\n<meta property=\"og:description\" content=\"Esfuerzo, superaci\u00f3n, tolerancia, respeto, compa\u00f1erismo\u2026 son actitudes y valores fundamentales que deseamos transmitir a nuestros alumnos. Tolerancia a la frustraci\u00f3n, saber perder y ganar.\u00a0Como en la vida, hay que aprender [&hellip;]\" \/>\n<meta property=\"og:url\" content=\"https:\/\/lleida.matersalvatoris.org\/es\/deporte\/\" \/>\n<meta property=\"og:site_name\" content=\"Lleida Mater Salvatoris\" \/>\n<meta property=\"article:modified_time\" content=\"2021-11-12T17:18:43+00:00\" \/>\n<meta name=\"twitter:card\" content=\"summary_large_image\" \/>\n<meta name=\"twitter:label1\" content=\"Tiempo de lectura\" \/>\n\t<meta name=\"twitter:data1\" content=\"5 minutos\" \/>\n<script type=\"application\/ld+json\" class=\"yoast-schema-graph\">{\"@context\":\"https:\/\/schema.org\",\"@graph\":[{\"@type\":\"WebPage\",\"@id\":\"https:\/\/lleida.matersalvatoris.org\/es\/deporte\/\",\"url\":\"https:\/\/lleida.matersalvatoris.org\/es\/deporte\/\",\"name\":\"DEPORTE - Lleida Mater Salvatoris\",\"isPartOf\":{\"@id\":\"https:\/\/lleida.matersalvatoris.org\/es\/#website\"},\"datePublished\":\"2021-10-29T09:07:51+00:00\",\"dateModified\":\"2021-11-12T17:18:43+00:00\",\"inLanguage\":\"es\",\"potentialAction\":[{\"@type\":\"ReadAction\",\"target\":[\"https:\/\/lleida.matersalvatoris.org\/es\/deporte\/\"]}]},{\"@type\":\"WebSite\",\"@id\":\"https:\/\/lleida.matersalvatoris.org\/es\/#website\",\"url\":\"https:\/\/lleida.matersalvatoris.org\/es\/\",\"name\":\"Lleida Mater Salvatoris\",\"description\":\"Lleida Mater Salvatoris\",\"potentialAction\":[{\"@type\":\"SearchAction\",\"target\":{\"@type\":\"EntryPoint\",\"urlTemplate\":\"https:\/\/lleida.matersalvatoris.org\/es\/?s={search_term_string}\"},\"query-input\":{\"@type\":\"PropertyValueSpecification\",\"valueRequired\":true,\"valueName\":\"search_term_string\"}}],\"inLanguage\":\"es\"}]}<\/script>\n<!-- \/ Yoast SEO plugin. -->","yoast_head_json":{"title":"DEPORTE - Lleida Mater Salvatoris","robots":{"index":"index","follow":"follow","max-snippet":"max-snippet:-1","max-image-preview":"max-image-preview:large","max-video-preview":"max-video-preview:-1"},"canonical":"https:\/\/lleida.matersalvatoris.org\/es\/deporte\/","og_locale":"es_ES","og_type":"article","og_title":"DEPORTE - Lleida Mater Salvatoris","og_description":"Esfuerzo, superaci\u00f3n, tolerancia, respeto, compa\u00f1erismo\u2026 son actitudes y valores fundamentales que deseamos transmitir a nuestros alumnos. Tolerancia a la frustraci\u00f3n, saber perder y ganar.\u00a0Como en la vida, hay que aprender [&hellip;]","og_url":"https:\/\/lleida.matersalvatoris.org\/es\/deporte\/","og_site_name":"Lleida Mater Salvatoris","article_modified_time":"2021-11-12T17:18:43+00:00","twitter_card":"summary_large_image","twitter_misc":{"Tiempo de lectura":"5 minutos"},"schema":{"@context":"https:\/\/schema.org","@graph":[{"@type":"WebPage","@id":"https:\/\/lleida.matersalvatoris.org\/es\/deporte\/","url":"https:\/\/lleida.matersalvatoris.org\/es\/deporte\/","name":"DEPORTE - Lleida Mater Salvatoris","isPartOf":{"@id":"https:\/\/lleida.matersalvatoris.org\/es\/#website"},"datePublished":"2021-10-29T09:07:51+00:00","dateModified":"2021-11-12T17:18:43+00:00","inLanguage":"es","potentialAction":[{"@type":"ReadAction","target":["https:\/\/lleida.matersalvatoris.org\/es\/deporte\/"]}]},{"@type":"WebSite","@id":"https:\/\/lleida.matersalvatoris.org\/es\/#website","url":"https:\/\/lleida.matersalvatoris.org\/es\/","name":"Lleida Mater Salvatoris","description":"Lleida Mater Salvatoris","potentialAction":[{"@type":"SearchAction","target":{"@type":"EntryPoint","urlTemplate":"https:\/\/lleida.matersalvatoris.org\/es\/?s={search_term_string}"},"query-input":{"@type":"PropertyValueSpecification","valueRequired":true,"valueName":"search_term_string"}}],"inLanguage":"es"}]}},"_links":{"self":[{"href":"https:\/\/lleida.matersalvatoris.org\/es\/wp-json\/wp\/v2\/pages\/638","targetHints":{"allow":["GET"]}}],"collection":[{"href":"https:\/\/lleida.matersalvatoris.org\/es\/wp-json\/wp\/v2\/pages"}],"about":[{"href":"https:\/\/lleida.matersalvatoris.org\/es\/wp-json\/wp\/v2\/types\/page"}],"author":[{"embeddable":true,"href":"https:\/\/lleida.matersalvatoris.org\/es\/wp-json\/wp\/v2\/users\/1"}],"replies":[{"embeddable":true,"href":"https:\/\/lleida.matersalvatoris.org\/es\/wp-json\/wp\/v2\/comments?post=638"}],"version-history":[{"count":6,"href":"https:\/\/lleida.matersalvatoris.org\/es\/wp-json\/wp\/v2\/pages\/638\/revisions"}],"predecessor-version":[{"id":8225,"href":"https:\/\/lleida.matersalvatoris.org\/es\/wp-json\/wp\/v2\/pages\/638\/revisions\/8225"}],"wp:attachment":[{"href":"https:\/\/lleida.matersalvatoris.org\/es\/wp-json\/wp\/v2\/media?parent=638"}],"curies":[{"name":"wp","href":"https:\/\/api.w.org\/{rel}","templated":true}]}}