{"id":636,"date":"2021-10-29T11:07:28","date_gmt":"2021-10-29T09:07:28","guid":{"rendered":"https:\/\/lleida.matersalvatoris.org\/?page_id=636"},"modified":"2024-02-26T11:52:23","modified_gmt":"2024-02-26T10:52:23","slug":"eso","status":"publish","type":"page","link":"https:\/\/lleida.matersalvatoris.org\/es\/eso\/","title":{"rendered":"ESO"},"content":{"rendered":"<p>[et_pb_section fb_built=\u00bb1&#8243; _builder_version=\u00bb4.16&#8243; _module_preset=\u00bb5c19a62f-513d-4606-ae30-8aab177d8889&#8243; custom_padding=\u00bb30px||30px||false|false\u00bb da_disable_devices=\u00bboff|off|off\u00bb global_colors_info=\u00bb{}\u00bb da_is_popup=\u00bboff\u00bb da_exit_intent=\u00bboff\u00bb da_has_close=\u00bbon\u00bb da_alt_close=\u00bboff\u00bb da_dark_close=\u00bboff\u00bb da_not_modal=\u00bbon\u00bb da_is_singular=\u00bboff\u00bb da_with_loader=\u00bboff\u00bb da_has_shadow=\u00bbon\u00bb][et_pb_row column_structure=\u00bb1_4,3_4&#8243; _builder_version=\u00bb4.16&#8243; _module_preset=\u00bb878dbd52-1639-4ccb-bc44-8449068c39e4&#8243; custom_padding=\u00bb0px||0px||false|false\u00bb global_colors_info=\u00bb{}\u00bb][et_pb_column type=\u00bb1_4&#8243; _builder_version=\u00bb4.16&#8243; _module_preset=\u00bbdefault\u00bb global_colors_info=\u00bb{}\u00bb][et_pb_text _builder_version=\u00bb4.16&#8243; _dynamic_attributes=\u00bbcontent\u00bb _module_preset=\u00bbfb58153c-30e1-4016-9cf8-2751ea08e8fb\u00bb global_colors_info=\u00bb{}\u00bb]@ET-DC@eyJkeW5hbWljIjp0cnVlLCJjb250ZW50IjoicG9zdF90aXRsZSIsInNldHRpbmdzIjp7ImJlZm9yZSI6IiIsImFmdGVyIjoiIn19@[\/et_pb_text][et_pb_image src=\u00bbhttps:\/\/lleida.matersalvatoris.org\/wp-content\/uploads\/2024\/02\/sus2654-convertimage-min_optimized-scaled.jpg\u00bb title_text=\u00bb_sus2654-convertimage-min_optimized\u00bb _builder_version=\u00bb4.24.0&#8243; _module_preset=\u00bbcd5698fc-7441-45eb-b23f-47fbe30b45b6&#8243; hover_enabled=\u00bb0&#8243; global_colors_info=\u00bb{}\u00bb sticky_enabled=\u00bb0&#8243;][\/et_pb_image][et_pb_image src=\u00bbhttps:\/\/lleida.matersalvatoris.org\/wp-content\/uploads\/2024\/02\/sus2120-convertimage_optimized.jpg\u00bb title_text=\u00bb_sus2120-convertimage_optimized\u00bb _builder_version=\u00bb4.24.0&#8243; _module_preset=\u00bbcd5698fc-7441-45eb-b23f-47fbe30b45b6&#8243; hover_enabled=\u00bb0&#8243; global_colors_info=\u00bb{}\u00bb sticky_enabled=\u00bb0&#8243;][\/et_pb_image][et_pb_image src=\u00bbhttps:\/\/lleida.matersalvatoris.org\/wp-content\/uploads\/2024\/02\/DSC_7485-ConvertImage-min-scaled.jpg\u00bb title_text=\u00bbDSC_7485-ConvertImage-min\u00bb _builder_version=\u00bb4.24.0&#8243; _module_preset=\u00bbcd5698fc-7441-45eb-b23f-47fbe30b45b6&#8243; hover_enabled=\u00bb0&#8243; global_colors_info=\u00bb{}\u00bb sticky_enabled=\u00bb0&#8243;][\/et_pb_image][\/et_pb_column][et_pb_column type=\u00bb3_4&#8243; _builder_version=\u00bb4.16&#8243; _module_preset=\u00bbdefault\u00bb global_colors_info=\u00bb{}\u00bb][et_pb_text _builder_version=\u00bb4.16&#8243; _module_preset=\u00bb9616b5da-827c-4a8d-ad6f-bcd50de1f39f\u00bb global_colors_info=\u00bb{}\u00bb]La etapa de la Educaci\u00f3n Secundaria Obligatoria (12-16 a\u00f1os) comprende cuatro cursos.[\/et_pb_text][et_pb_text _builder_version=\u00bb4.16&#8243; _module_preset=\u00bb0beecb44-14b6-4146-a084-a63d2edaa5dd\u00bb text_text_color=\u00bb#FFFFFF\u00bb text_line_height=\u00bb1.1em\u00bb background_color=\u00bb#8196a1&#8243; custom_padding=\u00bb30px|30px|30px|30px|false|false\u00bb global_colors_info=\u00bb{}\u00bb]<\/p>\n<p><span>En esta etapa los alumnos consolidan sus h\u00e1bitos de estudio y se les ayuda para que vayan asumiendo con seriedad su formaci\u00f3n acad\u00e9mica aplicando criterios de rigor cient\u00edfico y valoraci\u00f3n \u00e9tica.<\/span><\/p>\n<p>[\/et_pb_text][et_pb_text _builder_version=\u00bb4.16&#8243; _module_preset=\u00bb9616b5da-827c-4a8d-ad6f-bcd50de1f39f\u00bb global_colors_info=\u00bb{}\u00bb]<\/p>\n<ul>\n<li class=\"\"><a class=\"actividades\" href=\"https:\/\/lleida.matersalvatoris.org\/es\/etapas-educativas\/#ESO-asignatura-1\"><strong>Tecnolog\u00eda de vanguardia (Cutting-edge technology)<\/strong><\/a><br \/><span>Permite que se desarrollen en los alumnos la creatividad y la capacidad de abstracci\u00f3n, el pensamiento sistem\u00e1tico, estructurado, l\u00f3gico y formal, el trabajo en equipo y la integraci\u00f3n de conocimientos de ciencia y tecnolog\u00eda.<\/span><\/li>\n<li><a class=\"actividades\" href=\"https:\/\/lleida.matersalvatoris.org\/es\/etapas-educativas\/#ESO-asignatura-2\"><strong>Aprendizaje de h\u00e1bitos sociales<\/strong><\/a><br \/><span>Los alumnos de la segunda etapa de la ESO cumplen con un completo programa de acci\u00f3n y servicio. Se busca que los alumnos participen en una variedad de actividades de servicio como colaboraci\u00f3n con la comunidad. Siempre simult\u00e1neas al estudio de sus disciplinas acad\u00e9micas.<\/span><\/li>\n<li><a class=\"actividades\" href=\"https:\/\/lleida.matersalvatoris.org\/es\/etapas-educativas\/#ESO-asignatura-3\"><strong>Matem\u00e1ticas aplicadas<\/strong><\/a><br \/><span>Disciplina dise\u00f1ada para formar y dar estrategias a los alumnos para que sean capaces de analizar y solucionar situaciones matem\u00e1ticas en un contexto real y pr\u00e1ctico.<\/span><\/li>\n<li><a class=\"actividades\" href=\"https:\/\/lleida.matersalvatoris.org\/es\/etapas-educativas\/#ESO-asignatura-4\"><strong>Lenguaje vivo<\/strong><\/a><br \/><span>Preparamos a los alumnos para que sean capaces de relacionarse adecuadamente, sepan argumentar sus opiniones, puedan comunicar sus pensamientos y conocimientos y comprendan las opiniones y valores que se transmiten a trav\u00e9s de la lengua oral y escrita.<\/span><\/li>\n<li><a class=\"actividades\" href=\"https:\/\/lleida.matersalvatoris.org\/es\/etapas-educativas\/#ESO-asignatura-5\"><strong>Deporte<\/strong><\/a><br \/><span>El colegio Mater Salvatoris, por su entorno privilegiado, es un lugar verdaderamente id\u00f3neo para llevar a cabo m\u00faltiples actividades deportivas. Cuenta con numerosas\u00a0instalaciones apropiadas para su desarrollo.<\/span><\/li>\n<li><a class=\"actividades\" href=\"https:\/\/lleida.matersalvatoris.org\/es\/etapas-educativas\/#ESO-asignatura-6\"><strong>Pioneros en investigaci\u00f3n<\/strong><\/a><br \/><span>Los alumnos cuentan con una hora semanal dedicada a la investigaci\u00f3n en el laboratorio, siguiendo el m\u00e9todo cient\u00edfico. En 4.\u00ba de ESO esta asignatura culmina con un proyecto de investigaci\u00f3n en grupo.<\/span><\/li>\n<\/ul>\n<p>[\/et_pb_text][\/et_pb_column][\/et_pb_row][\/et_pb_section]<\/p>\n","protected":false},"excerpt":{"rendered":"<p>La etapa de la Educaci\u00f3n Secundaria Obligatoria (12-16 a\u00f1os) comprende cuatro cursos.En esta etapa los alumnos consolidan sus h\u00e1bitos de estudio y se les ayuda para que vayan asumiendo con [&hellip;]<\/p>\n","protected":false},"author":1,"featured_media":0,"parent":0,"menu_order":0,"comment_status":"closed","ping_status":"closed","template":"","meta":{"_et_pb_use_builder":"on","_et_pb_old_content":"[et_pb_section fb_built=\"1\" custom_padding=\"30px||30px||false|false\" _builder_version=\"4.11.1\" _module_preset=\"5c19a62f-513d-4606-ae30-8aab177d8889\" global_colors_info=\"{}\"][et_pb_row custom_padding=\"0px||0px||false|false\" column_structure=\"1_4,3_4\" _builder_version=\"4.11.1\" _module_preset=\"878dbd52-1639-4ccb-bc44-8449068c39e4\" global_colors_info=\"{}\"][et_pb_column type=\"1_4\" _builder_version=\"4.11.1\" _module_preset=\"default\" global_colors_info=\"{}\"][et_pb_text background_color=\"#042d41\" text_font_size=\"30px\" text_text_color=\"#FFFFFF\" text_font=\"|700||on|||||\" text_orientation=\"center\" module_alignment=\"center\" height=\"244px\" custom_padding=\"110px||||false|false\" _builder_version=\"4.11.1\" _module_preset=\"130e0b9c-592c-4346-9b74-65866c043395\" global_colors_info=\"{}\"]\n\nESO\n\n[\/et_pb_text][et_pb_image border_width_all=\"2px\" border_color_all=\"rgba(0,0,0,0.1)\" border_radii=\"on|2px|2px|2px|2px\" custom_padding=\"0px|0px|0px|0px|false|false\" box_shadow_style=\"preset1\" src=\"https:\/\/lleida.matersalvatoris.org\/wp-content\/uploads\/2021\/10\/eso-300x300-1.jpg\" title_text=\"eso-300x300\" _builder_version=\"4.11.1\" _module_preset=\"1456a61a-6428-47f7-af7b-e2d2556e2239\" global_colors_info=\"{}\"][\/et_pb_image][\/et_pb_column][et_pb_column type=\"3_4\" _builder_version=\"4.11.1\" _module_preset=\"default\" global_colors_info=\"{}\"][et_pb_text text_text_color=\"#000000\" text_font_size=\"20px\" text_line_height=\"1.2em\" custom_margin=\"||1em||false|false\" _builder_version=\"4.11.1\" _module_preset=\"9616b5da-827c-4a8d-ad6f-bcd50de1f39f\" global_colors_info=\"{}\"]L\u2019etapa de l\u2019Educaci\u00f3 Secund\u00e0ria Obligat\u00f2ria (12-16 anys) compr\u00e8n quatre cursos.[\/et_pb_text][et_pb_text background_color=\"#8196a1\" custom_padding=\"30px|30px|30px|30px|false|false\" text_font_size=\"20px\" text_text_color=\"#FFFFFF\" text_line_height=\"1.1em\" custom_margin=\"||1em||false|false\" _builder_version=\"4.11.1\" _module_preset=\"0beecb44-14b6-4146-a084-a63d2edaa5dd\" global_colors_info=\"{}\"]\n\nEn aquesta etapa els alumnes consoliden els seus h\u00e0bits d\u2019estudi i se\u2019ls ajuda perqu\u00e8 vagin assumint amb seriositat la seva formaci\u00f3 acad\u00e8mica aplicant criteris de rigor cient\u00edfic i valoraci\u00f3 \u00e8tica.\n\n[\/et_pb_text][et_pb_text text_text_color=\"#000000\" text_font_size=\"20px\" text_line_height=\"1.2em\" custom_margin=\"||1em||false|false\" _builder_version=\"4.11.1\" _module_preset=\"9616b5da-827c-4a8d-ad6f-bcd50de1f39f\" global_colors_info=\"{}\"]\n<ul>\n \t<li><strong>Tecnologia d\u2019avantguarda (Cutting-edge technology).<\/strong>\nPermet que es desenvolupin en els alumnes la creativitat i la capacitat d\u2019abstracci\u00f3, el pensament sistem\u00e0tic, estructurat, l\u00f2gic i formal, el treball en equip i la integraci\u00f3 de coneixements de ci\u00e8ncia i tecnologia.<\/li>\n \t<li><strong>Aprenentatge d\u2019h\u00e0bits socials.<\/strong>\nEls alumnes de la segona etapa de l\u2019ESO tenen un complet programa d\u2019acci\u00f3 i servei. Es busca que els alumnes participin en diverses activitats de servei com a col\u00b7laboraci\u00f3 amb la comunitat i de forma &nbsp;simult\u00e0nia amb l\u2019estudi de les seves disciplines acad\u00e8miques.<\/li>\n \t<li><strong>Matem\u00e0tiques aplicades.<\/strong>\nDisciplina dissenyada per formar i donar estrat\u00e8gies als alumnes perqu\u00e8 siguin capa\u00e7os d\u2019analitzar i solucionar situacions matem\u00e0tiques en un context real i pr\u00e0ctic.<\/li>\n \t<li><strong>Llenguatge viu.<\/strong>\nPreparem els alumnes perqu\u00e8 siguin capa\u00e7os de relacionar-se adequadament, s\u00e0piguen argumentar les seves opinions, puguin comunicar els seus pensaments i coneixements, i comprenguin les opinions i valors que es transmeten a trav\u00e9s de la llengua oral i escrita.<\/li>\n \t<li><strong>Esport.<\/strong>\nEl col\u00b7legi Mater Salvatoris, pel seu entorn privilegiat, \u00e9s un lloc veritablement idoni per dur a terme una gran varietat d\u2019activitats esportives. Compta amb m\u00faltiples instal\u00b7lacions apropiades per al seu desenvolupament.<\/li>\n \t<li><strong>Pioners en investigaci\u00f3.<\/strong>\nEls alumnes tenen una hora setmanal dedicada a la investigaci\u00f3 al laboratori seguint el m\u00e8tode cient\u00edfic. A 4t d\u2019ESO aquesta assignatura culmina amb un projecte d\u2019investigaci\u00f3 en grup.<\/li>\n<\/ul>\n[\/et_pb_text][\/et_pb_column][\/et_pb_row][\/et_pb_section]","_et_gb_content_width":"","footnotes":""},"class_list":["post-636","page","type-page","status-publish","hentry"],"yoast_head":"<!-- This site is optimized with the Yoast SEO plugin v26.6 - https:\/\/yoast.com\/wordpress\/plugins\/seo\/ -->\n<title>ESO - Lleida Mater Salvatoris<\/title>\n<meta name=\"robots\" content=\"index, follow, max-snippet:-1, max-image-preview:large, max-video-preview:-1\" \/>\n<link rel=\"canonical\" href=\"https:\/\/lleida.matersalvatoris.org\/es\/eso\/\" \/>\n<meta property=\"og:locale\" content=\"es_ES\" \/>\n<meta property=\"og:type\" content=\"article\" \/>\n<meta property=\"og:title\" content=\"ESO - Lleida Mater Salvatoris\" \/>\n<meta property=\"og:description\" content=\"La etapa de la Educaci\u00f3n Secundaria Obligatoria (12-16 a\u00f1os) comprende cuatro cursos.En esta etapa los alumnos consolidan sus h\u00e1bitos de estudio y se les ayuda para que vayan asumiendo con [&hellip;]\" \/>\n<meta property=\"og:url\" content=\"https:\/\/lleida.matersalvatoris.org\/es\/eso\/\" \/>\n<meta property=\"og:site_name\" content=\"Lleida Mater Salvatoris\" \/>\n<meta property=\"article:modified_time\" content=\"2024-02-26T10:52:23+00:00\" \/>\n<meta name=\"twitter:card\" content=\"summary_large_image\" \/>\n<meta name=\"twitter:label1\" content=\"Tiempo de lectura\" \/>\n\t<meta name=\"twitter:data1\" content=\"3 minutos\" \/>\n<script type=\"application\/ld+json\" class=\"yoast-schema-graph\">{\"@context\":\"https:\/\/schema.org\",\"@graph\":[{\"@type\":\"WebPage\",\"@id\":\"https:\/\/lleida.matersalvatoris.org\/es\/eso\/\",\"url\":\"https:\/\/lleida.matersalvatoris.org\/es\/eso\/\",\"name\":\"ESO - Lleida Mater Salvatoris\",\"isPartOf\":{\"@id\":\"https:\/\/lleida.matersalvatoris.org\/es\/#website\"},\"datePublished\":\"2021-10-29T09:07:28+00:00\",\"dateModified\":\"2024-02-26T10:52:23+00:00\",\"inLanguage\":\"es\",\"potentialAction\":[{\"@type\":\"ReadAction\",\"target\":[\"https:\/\/lleida.matersalvatoris.org\/es\/eso\/\"]}]},{\"@type\":\"WebSite\",\"@id\":\"https:\/\/lleida.matersalvatoris.org\/es\/#website\",\"url\":\"https:\/\/lleida.matersalvatoris.org\/es\/\",\"name\":\"Lleida Mater Salvatoris\",\"description\":\"Lleida Mater Salvatoris\",\"potentialAction\":[{\"@type\":\"SearchAction\",\"target\":{\"@type\":\"EntryPoint\",\"urlTemplate\":\"https:\/\/lleida.matersalvatoris.org\/es\/?s={search_term_string}\"},\"query-input\":{\"@type\":\"PropertyValueSpecification\",\"valueRequired\":true,\"valueName\":\"search_term_string\"}}],\"inLanguage\":\"es\"}]}<\/script>\n<!-- \/ Yoast SEO plugin. -->","yoast_head_json":{"title":"ESO - Lleida Mater Salvatoris","robots":{"index":"index","follow":"follow","max-snippet":"max-snippet:-1","max-image-preview":"max-image-preview:large","max-video-preview":"max-video-preview:-1"},"canonical":"https:\/\/lleida.matersalvatoris.org\/es\/eso\/","og_locale":"es_ES","og_type":"article","og_title":"ESO - Lleida Mater Salvatoris","og_description":"La etapa de la Educaci\u00f3n Secundaria Obligatoria (12-16 a\u00f1os) comprende cuatro cursos.En esta etapa los alumnos consolidan sus h\u00e1bitos de estudio y se les ayuda para que vayan asumiendo con [&hellip;]","og_url":"https:\/\/lleida.matersalvatoris.org\/es\/eso\/","og_site_name":"Lleida Mater Salvatoris","article_modified_time":"2024-02-26T10:52:23+00:00","twitter_card":"summary_large_image","twitter_misc":{"Tiempo de lectura":"3 minutos"},"schema":{"@context":"https:\/\/schema.org","@graph":[{"@type":"WebPage","@id":"https:\/\/lleida.matersalvatoris.org\/es\/eso\/","url":"https:\/\/lleida.matersalvatoris.org\/es\/eso\/","name":"ESO - Lleida Mater Salvatoris","isPartOf":{"@id":"https:\/\/lleida.matersalvatoris.org\/es\/#website"},"datePublished":"2021-10-29T09:07:28+00:00","dateModified":"2024-02-26T10:52:23+00:00","inLanguage":"es","potentialAction":[{"@type":"ReadAction","target":["https:\/\/lleida.matersalvatoris.org\/es\/eso\/"]}]},{"@type":"WebSite","@id":"https:\/\/lleida.matersalvatoris.org\/es\/#website","url":"https:\/\/lleida.matersalvatoris.org\/es\/","name":"Lleida Mater Salvatoris","description":"Lleida Mater Salvatoris","potentialAction":[{"@type":"SearchAction","target":{"@type":"EntryPoint","urlTemplate":"https:\/\/lleida.matersalvatoris.org\/es\/?s={search_term_string}"},"query-input":{"@type":"PropertyValueSpecification","valueRequired":true,"valueName":"search_term_string"}}],"inLanguage":"es"}]}},"_links":{"self":[{"href":"https:\/\/lleida.matersalvatoris.org\/es\/wp-json\/wp\/v2\/pages\/636","targetHints":{"allow":["GET"]}}],"collection":[{"href":"https:\/\/lleida.matersalvatoris.org\/es\/wp-json\/wp\/v2\/pages"}],"about":[{"href":"https:\/\/lleida.matersalvatoris.org\/es\/wp-json\/wp\/v2\/types\/page"}],"author":[{"embeddable":true,"href":"https:\/\/lleida.matersalvatoris.org\/es\/wp-json\/wp\/v2\/users\/1"}],"replies":[{"embeddable":true,"href":"https:\/\/lleida.matersalvatoris.org\/es\/wp-json\/wp\/v2\/comments?post=636"}],"version-history":[{"count":5,"href":"https:\/\/lleida.matersalvatoris.org\/es\/wp-json\/wp\/v2\/pages\/636\/revisions"}],"predecessor-version":[{"id":10064,"href":"https:\/\/lleida.matersalvatoris.org\/es\/wp-json\/wp\/v2\/pages\/636\/revisions\/10064"}],"wp:attachment":[{"href":"https:\/\/lleida.matersalvatoris.org\/es\/wp-json\/wp\/v2\/media?parent=636"}],"curies":[{"name":"wp","href":"https:\/\/api.w.org\/{rel}","templated":true}]}}