{"id":626,"date":"2021-10-29T11:06:07","date_gmt":"2021-10-29T09:06:07","guid":{"rendered":"https:\/\/lleida.matersalvatoris.org\/?page_id=626"},"modified":"2021-12-15T18:37:47","modified_gmt":"2021-12-15T16:37:47","slug":"comunicacion","status":"publish","type":"page","link":"https:\/\/lleida.matersalvatoris.org\/es\/comunicacion\/","title":{"rendered":"Comunicaci\u00f3n"},"content":{"rendered":"<p>[et_pb_section fb_built=\u00bb1&#8243; fullwidth=\u00bbon\u00bb _builder_version=\u00bb4.13.0&#8243; _module_preset=\u00bbdefault\u00bb da_disable_devices=\u00bboff|off|off\u00bb global_colors_info=\u00bb{}\u00bb da_is_popup=\u00bboff\u00bb da_exit_intent=\u00bboff\u00bb da_has_close=\u00bbon\u00bb da_alt_close=\u00bboff\u00bb da_dark_close=\u00bboff\u00bb da_not_modal=\u00bbon\u00bb da_is_singular=\u00bboff\u00bb da_with_loader=\u00bboff\u00bb da_has_shadow=\u00bbon\u00bb][et_pb_fullwidth_slider _builder_version=\u00bb4.13.0&#8243; _module_preset=\u00bbdefault\u00bb global_colors_info=\u00bb{}\u00bb][et_pb_slide _builder_version=\u00bb4.11.1&#8243; _module_preset=\u00bbdefault\u00bb background_image=\u00bbhttps:\/\/lleida.matersalvatoris.org\/wp-content\/uploads\/2021\/10\/slide_1.jpg\u00bb background_enable_image=\u00bbon\u00bb global_colors_info=\u00bb{}\u00bb sticky_transition=\u00bbon\u00bb][\/et_pb_slide][et_pb_slide _builder_version=\u00bb4.11.1&#8243; _module_preset=\u00bbdefault\u00bb background_image=\u00bbhttps:\/\/lleida.matersalvatoris.org\/wp-content\/uploads\/2021\/10\/slide_2.jpg\u00bb background_enable_image=\u00bbon\u00bb global_colors_info=\u00bb{}\u00bb sticky_transition=\u00bbon\u00bb][\/et_pb_slide][et_pb_slide _builder_version=\u00bb4.11.1&#8243; _module_preset=\u00bbdefault\u00bb background_image=\u00bbhttps:\/\/lleida.matersalvatoris.org\/wp-content\/uploads\/2021\/10\/slide_3.jpg\u00bb background_enable_image=\u00bbon\u00bb global_colors_info=\u00bb{}\u00bb sticky_transition=\u00bbon\u00bb][\/et_pb_slide][et_pb_slide _builder_version=\u00bb4.11.1&#8243; _module_preset=\u00bbdefault\u00bb background_image=\u00bbhttps:\/\/lleida.matersalvatoris.org\/wp-content\/uploads\/2021\/10\/slide_4.jpg\u00bb background_enable_image=\u00bbon\u00bb global_colors_info=\u00bb{}\u00bb sticky_transition=\u00bbon\u00bb][\/et_pb_slide][et_pb_slide _builder_version=\u00bb4.11.1&#8243; _module_preset=\u00bbdefault\u00bb background_image=\u00bbhttps:\/\/lleida.matersalvatoris.org\/wp-content\/uploads\/2021\/10\/slide_5.jpg\u00bb background_enable_image=\u00bbon\u00bb global_colors_info=\u00bb{}\u00bb sticky_transition=\u00bbon\u00bb][\/et_pb_slide][\/et_pb_fullwidth_slider][\/et_pb_section][et_pb_section fb_built=\u00bb1&#8243; _builder_version=\u00bb4.11.1&#8243; _module_preset=\u00bb5c19a62f-513d-4606-ae30-8aab177d8889&#8243; custom_padding=\u00bb30px||30px||false|false\u00bb da_disable_devices=\u00bboff|off|off\u00bb global_colors_info=\u00bb{}\u00bb da_is_popup=\u00bboff\u00bb da_exit_intent=\u00bboff\u00bb da_has_close=\u00bbon\u00bb da_alt_close=\u00bboff\u00bb da_dark_close=\u00bboff\u00bb da_not_modal=\u00bbon\u00bb da_is_singular=\u00bboff\u00bb da_with_loader=\u00bboff\u00bb da_has_shadow=\u00bbon\u00bb][et_pb_row column_structure=\u00bb1_4,3_4&#8243; _builder_version=\u00bb4.11.1&#8243; _module_preset=\u00bb878dbd52-1639-4ccb-bc44-8449068c39e4&#8243; custom_padding=\u00bb0px||0px||false|false\u00bb global_colors_info=\u00bb{}\u00bb][et_pb_column type=\u00bb1_4&#8243; _builder_version=\u00bb4.11.1&#8243; _module_preset=\u00bbdefault\u00bb global_colors_info=\u00bb{}\u00bb][et_pb_text _builder_version=\u00bb4.13.1&#8243; _dynamic_attributes=\u00bbcontent\u00bb _module_preset=\u00bbfb58153c-30e1-4016-9cf8-2751ea08e8fb\u00bb global_colors_info=\u00bb{}\u00bb]@ET-DC@eyJkeW5hbWljIjp0cnVlLCJjb250ZW50IjoicG9zdF90aXRsZSIsInNldHRpbmdzIjp7ImJlZm9yZSI6IiIsImFmdGVyIjoiIn19@[\/et_pb_text][\/et_pb_column][et_pb_column type=\u00bb3_4&#8243; _builder_version=\u00bb4.11.1&#8243; _module_preset=\u00bbdefault\u00bb global_colors_info=\u00bb{}\u00bb][et_pb_text _builder_version=\u00bb4.14.2&#8243; _module_preset=\u00bb0beecb44-14b6-4146-a084-a63d2edaa5dd\u00bb text_text_color=\u00bb#FFFFFF\u00bb text_line_height=\u00bb1.1em\u00bb background_color=\u00bb#8196a1&#8243; custom_padding=\u00bb30px|30px|30px|30px|false|false\u00bb hover_enabled=\u00bb0&#8243; global_colors_info=\u00bb{}\u00bb sticky_enabled=\u00bb0&#8243;]<\/p>\n<p style=\"text-align: justify;\">\u201cEl que sabe pensar, pero no sabe expresar lo que piensa, est\u00e1 en el mismo nivel del que no sabe pensar\u201d (Pericles).<\/p>\n<p>[\/et_pb_text][et_pb_text _builder_version=\u00bb4.14.2&#8243; _module_preset=\u00bb9616b5da-827c-4a8d-ad6f-bcd50de1f39f\u00bb hover_enabled=\u00bb0&#8243; global_colors_info=\u00bb{}\u00bb sticky_enabled=\u00bb0&#8243;]<\/p>\n<p><strong>Pensar y expresar las propias ideas<\/strong> con claridad, efectividad y soltura, tanto en conversaciones familiares como ante grupos m\u00e1s numerosos, es una de las habilidades m\u00e1s preciadas para un ser humano.<\/p>\n<p>No cabe duda de que la <strong>capacidad de liderazgo<\/strong> est\u00e1 muy unida al dominio del arte de la elocuencia: persuadir, ense\u00f1ar, conmover, agradar\u2026 son habilidades esenciales en todas las esferas de la vida.<\/p>\n<p>Como cualquier otra facultad del hombre, el dominio de la expresi\u00f3n oral requiere cultivo y educaci\u00f3n.<\/p>\n<p>Trabajar la comunicaci\u00f3n ayuda a vencer inseguridades y a reforzar la autoestima; potencia las relaciones interpersonales y permite desarrollar la inteligencia emocional.<\/p>\n<p>Por este motivo, <strong>el colegio Mater Salvatoris forma a sus alumnos en el arte de la Oratoria a trav\u00e9s de talleres, exposiciones o debates,<\/strong> para que aprendan a superar el miedo a habar en p\u00fablico y descubran que no es algo imposible o inalcanzable.<\/p>\n<p>[\/et_pb_text][\/et_pb_column][\/et_pb_row][\/et_pb_section]<\/p>\n","protected":false},"excerpt":{"rendered":"<p>\u201cEl que sabe pensar, pero no sabe expresar lo que piensa, est\u00e1 en el mismo nivel del que no sabe pensar\u201d (Pericles).Pensar y expresar las propias ideas con claridad, efectividad [&hellip;]<\/p>\n","protected":false},"author":1,"featured_media":0,"parent":0,"menu_order":0,"comment_status":"closed","ping_status":"closed","template":"","meta":{"_et_pb_use_builder":"on","_et_pb_old_content":"[et_pb_section fb_built=\"1\" custom_padding=\"30px||30px||false|false\" _builder_version=\"4.11.1\" _module_preset=\"5c19a62f-513d-4606-ae30-8aab177d8889\" global_colors_info=\"{}\"][et_pb_row custom_padding=\"0px||0px||false|false\" column_structure=\"1_4,3_4\" _builder_version=\"4.11.1\" _module_preset=\"878dbd52-1639-4ccb-bc44-8449068c39e4\" global_colors_info=\"{}\"][et_pb_column type=\"1_4\" _builder_version=\"4.11.1\" _module_preset=\"default\" global_colors_info=\"{}\"][et_pb_text background_color=\"#042d41\" text_font_size=\"30px\" text_text_color=\"#FFFFFF\" text_font=\"|700||on|||||\" text_orientation=\"center\" module_alignment=\"center\" height=\"244px\" custom_padding=\"110px||||false|false\" _builder_version=\"4.11.1\" _module_preset=\"130e0b9c-592c-4346-9b74-65866c043395\" global_colors_info=\"{}\"]\n\nCOMUNICACI\u00d3\n\n[\/et_pb_text][\/et_pb_column][et_pb_column type=\"3_4\" _builder_version=\"4.11.1\" _module_preset=\"default\" global_colors_info=\"{}\"][et_pb_text background_color=\"#8196a1\" custom_padding=\"30px|30px|30px|30px|false|false\" text_font_size=\"20px\" text_text_color=\"#FFFFFF\" text_line_height=\"1.1em\" custom_margin=\"||1em||false|false\" _builder_version=\"4.11.1\" _module_preset=\"0beecb44-14b6-4146-a084-a63d2edaa5dd\" global_colors_info=\"{}\"]\n<p style=\"text-align: justify;\">En l\u2019actualitat, quasi 7.000 alumnes reben la seva educaci\u00f3 en algun dels col\u00b7legis Mater Salvatoris.<\/p>\n[\/et_pb_text][et_pb_text text_text_color=\"#000000\" text_font_size=\"20px\" text_line_height=\"1.2em\" custom_margin=\"||1em||false|false\" _builder_version=\"4.11.1\" _module_preset=\"9616b5da-827c-4a8d-ad6f-bcd50de1f39f\" global_colors_info=\"{}\"]\n\n<strong>Pensar i expressar les pr\u00f2pies idees<\/strong> amb claredat, efectivitat i flu\u00efdesa, tant en converses familiars com davant grups m\u00e9s nombrosos, \u00e9s una de les habilitats m\u00e9s preuades per a un \u00e9sser hum\u00e0.\n\nNo hi ha dubte que la <strong>capacitat de lideratge<\/strong> est\u00e0 molt unida al domini de l\u2019art de l\u2019eloq\u00fc\u00e8ncia: persuadir, ensenyar, commoure, agradar\u2026 s\u00f3n habilitats essencials en totes les esferes de la vida.\n\nCom qualsevol altra facultat de l\u2019home, el domini de l\u2019expressi\u00f3 oral requereix cultiu i educaci\u00f3.\n\nTreballar la comunicaci\u00f3 ajuda a v\u00e8ncer inseguretats i a refor\u00e7ar l\u2019autoestima; potencia les relacions interpersonals i permet desenvolupar la intel\u00b7lig\u00e8ncia emocional.\n\nPer aquest motiu, <strong>el col\u00b7legi Mater Salvatoris forma els seus alumnes en l\u2019art de l\u2019Orat\u00f2ria a trav\u00e9s de tallers, exposicions i debats<\/strong>, perqu\u00e8 aprenguin a superar la por a parlar en p\u00fablic i descobreixin que no \u00e9s una cosa impossible o inassolible.\n\n[\/et_pb_text][\/et_pb_column][\/et_pb_row][\/et_pb_section]","_et_gb_content_width":"","footnotes":""},"class_list":["post-626","page","type-page","status-publish","hentry"],"yoast_head":"<!-- This site is optimized with the Yoast SEO plugin v26.6 - https:\/\/yoast.com\/wordpress\/plugins\/seo\/ -->\n<title>Comunicaci\u00f3n - Lleida Mater Salvatoris<\/title>\n<meta name=\"robots\" content=\"index, follow, max-snippet:-1, max-image-preview:large, max-video-preview:-1\" \/>\n<link rel=\"canonical\" href=\"https:\/\/lleida.matersalvatoris.org\/es\/comunicacion\/\" \/>\n<meta property=\"og:locale\" content=\"es_ES\" \/>\n<meta property=\"og:type\" content=\"article\" \/>\n<meta property=\"og:title\" content=\"Comunicaci\u00f3n - Lleida Mater Salvatoris\" \/>\n<meta property=\"og:description\" content=\"\u201cEl que sabe pensar, pero no sabe expresar lo que piensa, est\u00e1 en el mismo nivel del que no sabe pensar\u201d (Pericles).Pensar y expresar las propias ideas con claridad, efectividad [&hellip;]\" \/>\n<meta property=\"og:url\" content=\"https:\/\/lleida.matersalvatoris.org\/es\/comunicacion\/\" \/>\n<meta property=\"og:site_name\" content=\"Lleida Mater Salvatoris\" \/>\n<meta property=\"article:modified_time\" content=\"2021-12-15T16:37:47+00:00\" \/>\n<meta name=\"twitter:card\" content=\"summary_large_image\" \/>\n<meta name=\"twitter:label1\" content=\"Tiempo de lectura\" \/>\n\t<meta name=\"twitter:data1\" content=\"3 minutos\" \/>\n<script type=\"application\/ld+json\" class=\"yoast-schema-graph\">{\"@context\":\"https:\/\/schema.org\",\"@graph\":[{\"@type\":\"WebPage\",\"@id\":\"https:\/\/lleida.matersalvatoris.org\/es\/comunicacion\/\",\"url\":\"https:\/\/lleida.matersalvatoris.org\/es\/comunicacion\/\",\"name\":\"Comunicaci\u00f3n - Lleida Mater Salvatoris\",\"isPartOf\":{\"@id\":\"https:\/\/lleida.matersalvatoris.org\/es\/#website\"},\"datePublished\":\"2021-10-29T09:06:07+00:00\",\"dateModified\":\"2021-12-15T16:37:47+00:00\",\"inLanguage\":\"es\",\"potentialAction\":[{\"@type\":\"ReadAction\",\"target\":[\"https:\/\/lleida.matersalvatoris.org\/es\/comunicacion\/\"]}]},{\"@type\":\"WebSite\",\"@id\":\"https:\/\/lleida.matersalvatoris.org\/es\/#website\",\"url\":\"https:\/\/lleida.matersalvatoris.org\/es\/\",\"name\":\"Lleida Mater Salvatoris\",\"description\":\"Lleida Mater Salvatoris\",\"potentialAction\":[{\"@type\":\"SearchAction\",\"target\":{\"@type\":\"EntryPoint\",\"urlTemplate\":\"https:\/\/lleida.matersalvatoris.org\/es\/?s={search_term_string}\"},\"query-input\":{\"@type\":\"PropertyValueSpecification\",\"valueRequired\":true,\"valueName\":\"search_term_string\"}}],\"inLanguage\":\"es\"}]}<\/script>\n<!-- \/ Yoast SEO plugin. -->","yoast_head_json":{"title":"Comunicaci\u00f3n - Lleida Mater Salvatoris","robots":{"index":"index","follow":"follow","max-snippet":"max-snippet:-1","max-image-preview":"max-image-preview:large","max-video-preview":"max-video-preview:-1"},"canonical":"https:\/\/lleida.matersalvatoris.org\/es\/comunicacion\/","og_locale":"es_ES","og_type":"article","og_title":"Comunicaci\u00f3n - Lleida Mater Salvatoris","og_description":"\u201cEl que sabe pensar, pero no sabe expresar lo que piensa, est\u00e1 en el mismo nivel del que no sabe pensar\u201d (Pericles).Pensar y expresar las propias ideas con claridad, efectividad [&hellip;]","og_url":"https:\/\/lleida.matersalvatoris.org\/es\/comunicacion\/","og_site_name":"Lleida Mater Salvatoris","article_modified_time":"2021-12-15T16:37:47+00:00","twitter_card":"summary_large_image","twitter_misc":{"Tiempo de lectura":"3 minutos"},"schema":{"@context":"https:\/\/schema.org","@graph":[{"@type":"WebPage","@id":"https:\/\/lleida.matersalvatoris.org\/es\/comunicacion\/","url":"https:\/\/lleida.matersalvatoris.org\/es\/comunicacion\/","name":"Comunicaci\u00f3n - Lleida Mater Salvatoris","isPartOf":{"@id":"https:\/\/lleida.matersalvatoris.org\/es\/#website"},"datePublished":"2021-10-29T09:06:07+00:00","dateModified":"2021-12-15T16:37:47+00:00","inLanguage":"es","potentialAction":[{"@type":"ReadAction","target":["https:\/\/lleida.matersalvatoris.org\/es\/comunicacion\/"]}]},{"@type":"WebSite","@id":"https:\/\/lleida.matersalvatoris.org\/es\/#website","url":"https:\/\/lleida.matersalvatoris.org\/es\/","name":"Lleida Mater Salvatoris","description":"Lleida Mater Salvatoris","potentialAction":[{"@type":"SearchAction","target":{"@type":"EntryPoint","urlTemplate":"https:\/\/lleida.matersalvatoris.org\/es\/?s={search_term_string}"},"query-input":{"@type":"PropertyValueSpecification","valueRequired":true,"valueName":"search_term_string"}}],"inLanguage":"es"}]}},"_links":{"self":[{"href":"https:\/\/lleida.matersalvatoris.org\/es\/wp-json\/wp\/v2\/pages\/626","targetHints":{"allow":["GET"]}}],"collection":[{"href":"https:\/\/lleida.matersalvatoris.org\/es\/wp-json\/wp\/v2\/pages"}],"about":[{"href":"https:\/\/lleida.matersalvatoris.org\/es\/wp-json\/wp\/v2\/types\/page"}],"author":[{"embeddable":true,"href":"https:\/\/lleida.matersalvatoris.org\/es\/wp-json\/wp\/v2\/users\/1"}],"replies":[{"embeddable":true,"href":"https:\/\/lleida.matersalvatoris.org\/es\/wp-json\/wp\/v2\/comments?post=626"}],"version-history":[{"count":5,"href":"https:\/\/lleida.matersalvatoris.org\/es\/wp-json\/wp\/v2\/pages\/626\/revisions"}],"predecessor-version":[{"id":8422,"href":"https:\/\/lleida.matersalvatoris.org\/es\/wp-json\/wp\/v2\/pages\/626\/revisions\/8422"}],"wp:attachment":[{"href":"https:\/\/lleida.matersalvatoris.org\/es\/wp-json\/wp\/v2\/media?parent=626"}],"curies":[{"name":"wp","href":"https:\/\/api.w.org\/{rel}","templated":true}]}}