{"id":9679,"date":"2024-01-25T09:55:46","date_gmt":"2024-01-25T08:55:46","guid":{"rendered":"https:\/\/lleida.matersalvatoris.org\/sistema-interno-de-informacion\/"},"modified":"2024-02-13T11:07:12","modified_gmt":"2024-02-13T10:07:12","slug":"sistema-interno-de-informacion","status":"publish","type":"page","link":"https:\/\/lleida.matersalvatoris.org\/en\/sistema-interno-de-informacion\/","title":{"rendered":"SISTEMA INTERNO DE INFORMACI\u00d3N"},"content":{"rendered":"<p>[et_pb_section fb_built=&#8221;1&#8243; fullwidth=&#8221;on&#8221; _builder_version=&#8221;4.16&#8243; _module_preset=&#8221;default&#8221; da_disable_devices=&#8221;off|off|off&#8221; global_colors_info=&#8221;{}&#8221; da_is_popup=&#8221;off&#8221; da_exit_intent=&#8221;off&#8221; da_has_close=&#8221;on&#8221; da_alt_close=&#8221;off&#8221; da_dark_close=&#8221;off&#8221; da_not_modal=&#8221;on&#8221; da_is_singular=&#8221;off&#8221; da_with_loader=&#8221;off&#8221; da_has_shadow=&#8221;on&#8221;][et_pb_fullwidth_image src=&#8221;https:\/\/lleida.matersalvatoris.org\/wp-content\/uploads\/2021\/10\/header_historia.jpg&#8221; title_text=&#8221;header_historia&#8221; _builder_version=&#8221;4.24.0&#8243; _module_preset=&#8221;default&#8221; global_colors_info=&#8221;{}&#8221;][\/et_pb_fullwidth_image][\/et_pb_section][et_pb_section fb_built=&#8221;1&#8243; _builder_version=&#8221;4.16&#8243; _module_preset=&#8221;5c19a62f-513d-4606-ae30-8aab177d8889&#8243; da_disable_devices=&#8221;off|off|off&#8221; global_colors_info=&#8221;{}&#8221; da_is_popup=&#8221;off&#8221; da_exit_intent=&#8221;off&#8221; da_has_close=&#8221;on&#8221; da_alt_close=&#8221;off&#8221; da_dark_close=&#8221;off&#8221; da_not_modal=&#8221;on&#8221; da_is_singular=&#8221;off&#8221; da_with_loader=&#8221;off&#8221; da_has_shadow=&#8221;on&#8221;][et_pb_row column_structure=&#8221;1_4,3_4&#8243; _builder_version=&#8221;4.16&#8243; _module_preset=&#8221;878dbd52-1639-4ccb-bc44-8449068c39e4&#8243; global_colors_info=&#8221;{}&#8221;][et_pb_column type=&#8221;1_4&#8243; _builder_version=&#8221;4.16&#8243; _module_preset=&#8221;default&#8221; global_colors_info=&#8221;{}&#8221;][et_pb_text _builder_version=&#8221;4.24.0&#8243; _module_preset=&#8221;fb58153c-30e1-4016-9cf8-2751ea08e8fb&#8221; global_colors_info=&#8221;{}&#8221;]SISTEMA INTERNO DE INFORMACI\u00d3N[\/et_pb_text][\/et_pb_column][et_pb_column type=&#8221;3_4&#8243; _builder_version=&#8221;4.16&#8243; _module_preset=&#8221;default&#8221; global_colors_info=&#8221;{}&#8221;][et_pb_text _builder_version=&#8221;4.24.0&#8243; _module_preset=&#8221;9616b5da-827c-4a8d-ad6f-bcd50de1f39f&#8221; global_colors_info=&#8221;{}&#8221;]<\/p>\n<p>El<span>\u00a0<\/span><strong>Colegio Mater Salvatoris de Lleida<span>\u00a0<\/span><\/strong>ha instaurado un sistema interno de informaci\u00f3n o un canal de denuncias, como herramienta clave con el objeto de facilitar un mecanismo objetivo y eficaz para que cualquier persona que se relacione con el Colegio pueda informar de:<\/p>\n<ol>\n<li>Cualquier hecho, indicio, irregularidad, riesgo o conocimiento de posibles delitos y\/o incumplimientos normativos en su \u00e1mbito y operatividad.<\/li>\n<li>Cualquier acci\u00f3n contraria a las pol\u00edticas, protocolos, procedimientos y c\u00f3digos internos que se tengan instaurados.<\/li>\n<li>Cualquier indicio, sospecha o evidencia de comportamiento no \u00e9tico, discriminatorio, contrario a la igualdad de las personas y posible acoso laboral y\/o sexual.<\/li>\n<li>Cualquier operaci\u00f3n sospechosa, incidencia o riesgo en materia de \u201cPrevenci\u00f3n del Blanqueo de Capitales y financiaci\u00f3n del terrorismo\u201d, fraude, corrupci\u00f3n o existencia de conflictos de inter\u00e9s.<\/li>\n<li>Todas otras acciones u omisiones\u00a0que puedan ser constitutivas de infracci\u00f3n penal o administrativa grave o muy grave o cualquier vulneraci\u00f3n\u00a0del resto del ordenamiento jur\u00eddico.<\/li>\n<li>Cualquier duda en relaci\u00f3n con la normativa<\/li>\n<\/ol>\n<p>Los hechos denunciados deben ser ciertos, por ello,<span>\u00a0<\/span><strong>el denunciante deber\u00e1 asegurarse de que la informaci\u00f3n proporcionada es correcta.<\/strong><span>\u00a0<\/span>Las denuncias podr\u00e1n realizarse a trav\u00e9s del canal online proporcionado preceptivo o trav\u00e9s de solicitud verbal al responsable del Sistema de Informaci\u00f3n.\u00a0 En este sentido, se facilita como canal online el acceso a <a href=\"https:\/\/canalinformacion.es\/?token=d90211e3-8929-11ee-9563-ac1f6b9355aa\">https:\/\/canalinformacion.es\/?token=d90211e3-8929-11ee-9563-ac1f6b9355aa <\/a><a href=\"https:\/\/canalinformacion.es\/?token=d90211e3-8929-11ee-9563-ac1f6b9355aa\"><\/a>en el que podr\u00e1 reportar su comunicaci\u00f3n.<\/p>\n<p>Dicho canal, ha sido implementado como elemento clave e id\u00f3neo para la supervisi\u00f3n, control y prevenci\u00f3n, en el \u00e1mbito del cumplimiento \u00e9tico y normativo, con el prop\u00f3sito de promover una cultura de transparencia, \u00e9tica y libre de conductas de corrupci\u00f3n, fraude o incumplimientos administrativos y\/o penales, atendiendo a lo dispuesto en la Ley 2\/2023, de 20 de febrero, \u201cde protecci\u00f3n de informantes\u201d, y a lo determinado por el art. 31 bis del CP en materia de Compliance, la Circular 1\/16 de la Fiscal\u00eda General del Estado y Jurisprudencia del TS sobre la materia.<\/p>\n<p>El presente canal proporciona un medio confidencial y seguro para que cualquier persona que se relacione con el centro pueda denunciar cualquier actividad sospechosa o ilegal en el<span>\u00a0<\/span><strong>Colegio<span>\u00a0<\/span><\/strong>sin temor a represalias.<\/p>\n<p>El sistema interno de informaci\u00f3n del<span>\u00a0<\/span><strong>Colegio Mater Salvatoris de Lleida<span>\u00a0<\/span><\/strong>garantiza la confidencialidad de la identidad de los informantes y de cualquier tercero mencionado en la comunicaci\u00f3n, adem\u00e1s de las actuaciones que se desarrollen en la gesti\u00f3n y tramitaci\u00f3n de las comunicaciones, teniendo en cuenta, en todo caso, la normativa de protecci\u00f3n de datos e impidiendo el acceso a personal no autorizado.<\/p>\n<p>Este canal no se podr\u00e1 utilizar para llevar a cabo denuncias con las siguientes caracter\u00edsticas:<\/p>\n<ul>\n<li><strong>Denuncias falsas<\/strong>.<\/li>\n<li><strong>Denuncias que muestren mala fe de forma manifiesta<\/strong><span>\u00a0<\/span>(ej. Denuncia presentada varias veces con diferente relato de hechos).<\/li>\n<li><strong>Denuncias no fundadas o sin indicios concretos o determinados<\/strong><span>\u00a0<\/span>(ej. \u2018Me parece sospechosa la actuaci\u00f3n de X, me hace dudar de su actuaci\u00f3n conforme a la ley\u2019).<\/li>\n<li><strong>Denuncias gen\u00e9ricas por no incluir el conjunto de datos que se consideran m\u00ednimos para las denuncias<\/strong>. (ej. \u2018Un compa\u00f1ero lleva a cabo malas pr\u00e1cticas de comercializaci\u00f3n con algunos clientes\u2019).<\/li>\n<li><strong>Denuncias sobre hechos no denunciables por no suponer ning\u00fan il\u00edcito o incumplimiento \u00e9tico<\/strong><span>\u00a0<\/span>(ej. Falta de higiene de un compa\u00f1ero).<\/li>\n<li><strong>Denuncias relativas a hechos que se encuentren en sede judicial<\/strong>.<\/li>\n<\/ul>\n<p>El registro del Canal de Denuncias del<span>\u00a0<\/span><strong>Colegio Mater Salvatoris de Lleida<span>\u00a0<\/span><\/strong>no es p\u00fablico. En todo caso, el canal cumple y respeta Ley Org\u00e1nica 3\/2018, de 5 de diciembre, de Protecci\u00f3n de Datos Personales y garant\u00eda de los derechos digitales. El<span>\u00a0<\/span><strong>Colegio Mater Salvatoris de Lleida<\/strong><span>\u00a0<\/span>conservar\u00e1 los datos personales relativos al Canal de Denuncias durante el plazo estrictamente necesario y nunca se conservar\u00e1n datos personales, relativos a este tratamiento, durante por un plazo superior a 10 a\u00f1os. Para el ejercicio de los derechos mencionados en los apartados anteriores, los usuarios pueden dirigir una comunicaci\u00f3n por escrito al domicilio social del CENTRO, incluyendo fotocopia de su DNI u otro documento identificativo similar.<\/p>\n<p>[\/et_pb_text][\/et_pb_column][\/et_pb_row][\/et_pb_section]<\/p>\n","protected":false},"excerpt":{"rendered":"<p>SISTEMA INTERNO DE INFORMACI\u00d3NEl\u00a0Colegio Mater Salvatoris de Lleida\u00a0ha instaurado un sistema interno de informaci\u00f3n o un canal de denuncias, como herramienta clave con el objeto de facilitar un mecanismo objetivo [&hellip;]<\/p>\n","protected":false},"author":1,"featured_media":0,"parent":0,"menu_order":0,"comment_status":"closed","ping_status":"closed","template":"","meta":{"_et_pb_use_builder":"on","_et_pb_old_content":"","_et_gb_content_width":"","footnotes":""},"class_list":["post-9679","page","type-page","status-publish","hentry"],"yoast_head":"<!-- This site is optimized with the Yoast SEO plugin v26.6 - https:\/\/yoast.com\/wordpress\/plugins\/seo\/ -->\n<title>SISTEMA INTERNO DE INFORMACI\u00d3N - Lleida Mater Salvatoris<\/title>\n<meta name=\"robots\" content=\"index, follow, max-snippet:-1, max-image-preview:large, max-video-preview:-1\" \/>\n<link rel=\"canonical\" href=\"https:\/\/lleida.matersalvatoris.org\/en\/sistema-interno-de-informacion\/\" \/>\n<meta property=\"og:locale\" content=\"en_US\" \/>\n<meta property=\"og:type\" content=\"article\" \/>\n<meta property=\"og:title\" content=\"SISTEMA INTERNO DE INFORMACI\u00d3N - Lleida Mater Salvatoris\" \/>\n<meta property=\"og:description\" content=\"SISTEMA INTERNO DE INFORMACI\u00d3NEl\u00a0Colegio Mater Salvatoris de Lleida\u00a0ha instaurado un sistema interno de informaci\u00f3n o un canal de denuncias, como herramienta clave con el objeto de facilitar un mecanismo objetivo [&hellip;]\" \/>\n<meta property=\"og:url\" content=\"https:\/\/lleida.matersalvatoris.org\/en\/sistema-interno-de-informacion\/\" \/>\n<meta property=\"og:site_name\" content=\"Lleida Mater Salvatoris\" \/>\n<meta property=\"article:modified_time\" content=\"2024-02-13T10:07:12+00:00\" \/>\n<meta name=\"twitter:card\" content=\"summary_large_image\" \/>\n<meta name=\"twitter:label1\" content=\"Est. reading time\" \/>\n\t<meta name=\"twitter:data1\" content=\"4 minutes\" \/>\n<script type=\"application\/ld+json\" class=\"yoast-schema-graph\">{\"@context\":\"https:\/\/schema.org\",\"@graph\":[{\"@type\":\"WebPage\",\"@id\":\"https:\/\/lleida.matersalvatoris.org\/en\/sistema-interno-de-informacion\/\",\"url\":\"https:\/\/lleida.matersalvatoris.org\/en\/sistema-interno-de-informacion\/\",\"name\":\"SISTEMA INTERNO DE INFORMACI\u00d3N - Lleida Mater Salvatoris\",\"isPartOf\":{\"@id\":\"https:\/\/lleida.matersalvatoris.org\/en\/#website\"},\"datePublished\":\"2024-01-25T08:55:46+00:00\",\"dateModified\":\"2024-02-13T10:07:12+00:00\",\"inLanguage\":\"en-US\",\"potentialAction\":[{\"@type\":\"ReadAction\",\"target\":[\"https:\/\/lleida.matersalvatoris.org\/en\/sistema-interno-de-informacion\/\"]}]},{\"@type\":\"WebSite\",\"@id\":\"https:\/\/lleida.matersalvatoris.org\/en\/#website\",\"url\":\"https:\/\/lleida.matersalvatoris.org\/en\/\",\"name\":\"Lleida Mater Salvatoris\",\"description\":\"Lleida Mater Salvatoris\",\"potentialAction\":[{\"@type\":\"SearchAction\",\"target\":{\"@type\":\"EntryPoint\",\"urlTemplate\":\"https:\/\/lleida.matersalvatoris.org\/en\/?s={search_term_string}\"},\"query-input\":{\"@type\":\"PropertyValueSpecification\",\"valueRequired\":true,\"valueName\":\"search_term_string\"}}],\"inLanguage\":\"en-US\"}]}<\/script>\n<!-- \/ Yoast SEO plugin. -->","yoast_head_json":{"title":"SISTEMA INTERNO DE INFORMACI\u00d3N - Lleida Mater Salvatoris","robots":{"index":"index","follow":"follow","max-snippet":"max-snippet:-1","max-image-preview":"max-image-preview:large","max-video-preview":"max-video-preview:-1"},"canonical":"https:\/\/lleida.matersalvatoris.org\/en\/sistema-interno-de-informacion\/","og_locale":"en_US","og_type":"article","og_title":"SISTEMA INTERNO DE INFORMACI\u00d3N - Lleida Mater Salvatoris","og_description":"SISTEMA INTERNO DE INFORMACI\u00d3NEl\u00a0Colegio Mater Salvatoris de Lleida\u00a0ha instaurado un sistema interno de informaci\u00f3n o un canal de denuncias, como herramienta clave con el objeto de facilitar un mecanismo objetivo [&hellip;]","og_url":"https:\/\/lleida.matersalvatoris.org\/en\/sistema-interno-de-informacion\/","og_site_name":"Lleida Mater Salvatoris","article_modified_time":"2024-02-13T10:07:12+00:00","twitter_card":"summary_large_image","twitter_misc":{"Est. reading time":"4 minutes"},"schema":{"@context":"https:\/\/schema.org","@graph":[{"@type":"WebPage","@id":"https:\/\/lleida.matersalvatoris.org\/en\/sistema-interno-de-informacion\/","url":"https:\/\/lleida.matersalvatoris.org\/en\/sistema-interno-de-informacion\/","name":"SISTEMA INTERNO DE INFORMACI\u00d3N - Lleida Mater Salvatoris","isPartOf":{"@id":"https:\/\/lleida.matersalvatoris.org\/en\/#website"},"datePublished":"2024-01-25T08:55:46+00:00","dateModified":"2024-02-13T10:07:12+00:00","inLanguage":"en-US","potentialAction":[{"@type":"ReadAction","target":["https:\/\/lleida.matersalvatoris.org\/en\/sistema-interno-de-informacion\/"]}]},{"@type":"WebSite","@id":"https:\/\/lleida.matersalvatoris.org\/en\/#website","url":"https:\/\/lleida.matersalvatoris.org\/en\/","name":"Lleida Mater Salvatoris","description":"Lleida Mater Salvatoris","potentialAction":[{"@type":"SearchAction","target":{"@type":"EntryPoint","urlTemplate":"https:\/\/lleida.matersalvatoris.org\/en\/?s={search_term_string}"},"query-input":{"@type":"PropertyValueSpecification","valueRequired":true,"valueName":"search_term_string"}}],"inLanguage":"en-US"}]}},"_links":{"self":[{"href":"https:\/\/lleida.matersalvatoris.org\/en\/wp-json\/wp\/v2\/pages\/9679","targetHints":{"allow":["GET"]}}],"collection":[{"href":"https:\/\/lleida.matersalvatoris.org\/en\/wp-json\/wp\/v2\/pages"}],"about":[{"href":"https:\/\/lleida.matersalvatoris.org\/en\/wp-json\/wp\/v2\/types\/page"}],"author":[{"embeddable":true,"href":"https:\/\/lleida.matersalvatoris.org\/en\/wp-json\/wp\/v2\/users\/1"}],"replies":[{"embeddable":true,"href":"https:\/\/lleida.matersalvatoris.org\/en\/wp-json\/wp\/v2\/comments?post=9679"}],"version-history":[{"count":5,"href":"https:\/\/lleida.matersalvatoris.org\/en\/wp-json\/wp\/v2\/pages\/9679\/revisions"}],"predecessor-version":[{"id":9781,"href":"https:\/\/lleida.matersalvatoris.org\/en\/wp-json\/wp\/v2\/pages\/9679\/revisions\/9781"}],"wp:attachment":[{"href":"https:\/\/lleida.matersalvatoris.org\/en\/wp-json\/wp\/v2\/media?parent=9679"}],"curies":[{"name":"wp","href":"https:\/\/api.w.org\/{rel}","templated":true}]}}