{"id":707,"date":"2021-10-29T11:21:22","date_gmt":"2021-10-29T09:21:22","guid":{"rendered":"https:\/\/lleida.matersalvatoris.org\/?page_id=707"},"modified":"2025-05-08T10:13:41","modified_gmt":"2025-05-08T09:13:41","slug":"uniform","status":"publish","type":"page","link":"https:\/\/lleida.matersalvatoris.org\/en\/uniform\/","title":{"rendered":"Uniform"},"content":{"rendered":"<p>[et_pb_section fb_built=&#8221;1&#8243; fullwidth=&#8221;on&#8221; _builder_version=&#8221;4.16&#8243; _module_preset=&#8221;default&#8221; da_disable_devices=&#8221;off|off|off&#8221; global_colors_info=&#8221;{}&#8221; da_is_popup=&#8221;off&#8221; da_exit_intent=&#8221;off&#8221; da_has_close=&#8221;on&#8221; da_alt_close=&#8221;off&#8221; da_dark_close=&#8221;off&#8221; da_not_modal=&#8221;on&#8221; da_is_singular=&#8221;off&#8221; da_with_loader=&#8221;off&#8221; da_has_shadow=&#8221;on&#8221;][et_pb_fullwidth_slider _builder_version=&#8221;4.16&#8243; _module_preset=&#8221;default&#8221; global_colors_info=&#8221;{}&#8221;][et_pb_slide _builder_version=&#8221;4.16&#8243; _module_preset=&#8221;default&#8221; background_image=&#8221;https:\/\/lleida.matersalvatoris.org\/wp-content\/uploads\/2021\/10\/admissions_slide-scaled.jpg&#8221; background_enable_image=&#8221;on&#8221; global_colors_info=&#8221;{}&#8221; sticky_transition=&#8221;on&#8221;][\/et_pb_slide][\/et_pb_fullwidth_slider][\/et_pb_section][et_pb_section fb_built=&#8221;1&#8243; _builder_version=&#8221;4.16&#8243; _module_preset=&#8221;5c19a62f-513d-4606-ae30-8aab177d8889&#8243; custom_padding=&#8221;30px||30px||false|false&#8221; da_disable_devices=&#8221;off|off|off&#8221; global_colors_info=&#8221;{}&#8221; da_is_popup=&#8221;off&#8221; da_exit_intent=&#8221;off&#8221; da_has_close=&#8221;on&#8221; da_alt_close=&#8221;off&#8221; da_dark_close=&#8221;off&#8221; da_not_modal=&#8221;on&#8221; da_is_singular=&#8221;off&#8221; da_with_loader=&#8221;off&#8221; da_has_shadow=&#8221;on&#8221;][et_pb_row column_structure=&#8221;1_4,3_4&#8243; _builder_version=&#8221;4.16&#8243; _module_preset=&#8221;878dbd52-1639-4ccb-bc44-8449068c39e4&#8243; custom_padding=&#8221;0px||0px||false|false&#8221; global_colors_info=&#8221;{}&#8221;][et_pb_column type=&#8221;1_4&#8243; _builder_version=&#8221;4.16&#8243; _module_preset=&#8221;default&#8221; global_colors_info=&#8221;{}&#8221;][et_pb_text _builder_version=&#8221;4.16&#8243; _dynamic_attributes=&#8221;content&#8221; _module_preset=&#8221;fb58153c-30e1-4016-9cf8-2751ea08e8fb&#8221; global_colors_info=&#8221;{}&#8221;]@ET-DC@eyJkeW5hbWljIjp0cnVlLCJjb250ZW50IjoicG9zdF90aXRsZSIsInNldHRpbmdzIjp7ImJlZm9yZSI6IiIsImFmdGVyIjoiIn19@[\/et_pb_text][\/et_pb_column][et_pb_column type=&#8221;3_4&#8243; _builder_version=&#8221;4.16&#8243; _module_preset=&#8221;default&#8221; global_colors_info=&#8221;{}&#8221;][et_pb_text _builder_version=&#8221;4.16&#8243; _module_preset=&#8221;9616b5da-827c-4a8d-ad6f-bcd50de1f39f&#8221; global_colors_info=&#8221;{}&#8221;]<\/p>\n<p><strong>Mater Salvatoris is a subsidized private Catholic mixed school, run by the nuns of the Company of the Saviour\u00a0<em>(Compa\u00f1\u00eda del Salvador)\u00a0<\/em><\/strong><strong>which opened its doors in 1954.<\/strong><\/p>\n<p><strong>It offers families all educational stages: Pre-School, Primary School, Secondary School and Baccalaureate,<\/strong><span>\u00a0<\/span>in order to provide a complete, high-quality education which allows each of our students to successfully tackle the challenges of 21<sup>st<\/sup><span>\u00a0<\/span>Century society.<\/p>\n<ul><\/ul>\n<p>[\/et_pb_text][et_pb_text _builder_version=&#8221;4.27.4&#8243; _module_preset=&#8221;9616b5da-827c-4a8d-ad6f-bcd50de1f39f&#8221; hover_enabled=&#8221;0&#8243; global_colors_info=&#8221;{}&#8221; sticky_enabled=&#8221;0&#8243;]<\/p>\n<p>The School uniform comprises of the following articles:<\/p>\n<ul>\n<li>Blue and white houndstooth check<span>\u00a0<\/span><strong>pinafore<\/strong>\u00a0and<span>\u00a0<\/span><strong>grey trousers<\/strong><span>\u00a0<\/span>for boys.<\/li>\n<li>White<span>\u00a0<\/span><strong>shirt or polo shirt<\/strong>, school style.<\/li>\n<li>Navy blue button-style<span>\u00a0<\/span><strong>cardigan or V sweater<\/strong>.<\/li>\n<li>Navy blue<span>\u00a0<\/span><strong>socks<\/strong><span>\u00a0<\/span>or tights.<\/li>\n<li>Black or navy blue<span>\u00a0<\/span><strong>shoes<\/strong>, loafer-style, school type.<\/li>\n<li>Blue and white check<span>\u00a0<\/span><strong>smock<\/strong>. Must be worn from Pre-School\u00a0to the 6<sup>th<\/sup>year of Primary.<\/li>\n<li>Navy blue<span>\u00a0<\/span><strong>coat<\/strong>.<\/li>\n<\/ul>\n<ul><\/ul>\n<p>Items can be purchased at <a href=\"https:\/\/shop.turiongroup.com\/mater-salvatoris\/es\/\">La Samarretta<\/a>.<\/p>\n<p>[\/et_pb_text][\/et_pb_column][\/et_pb_row][\/et_pb_section]<\/p>\n","protected":false},"excerpt":{"rendered":"<p>Mater Salvatoris is a subsidized private Catholic mixed school, run by the nuns of the Company of the Saviour\u00a0(Compa\u00f1\u00eda del Salvador)\u00a0which opened its doors in 1954. It offers families all [&hellip;]<\/p>\n","protected":false},"author":1,"featured_media":0,"parent":0,"menu_order":0,"comment_status":"closed","ping_status":"closed","template":"","meta":{"_et_pb_use_builder":"on","_et_pb_old_content":"[et_pb_section fb_built=\"1\" fullwidth=\"on\" _builder_version=\"4.11.1\" _module_preset=\"default\" global_colors_info=\"{}\"][et_pb_fullwidth_image src=\"https:\/\/lleida.matersalvatoris.org\/wp-content\/uploads\/2021\/10\/admissions_slide-scaled.jpg\" title_text=\"admissions_slide\" _builder_version=\"4.11.2\" _module_preset=\"default\" global_colors_info=\"{}\"][\/et_pb_fullwidth_image][\/et_pb_section][et_pb_section fb_built=\"1\" custom_padding=\"30px||30px||false|false\" _builder_version=\"4.11.1\" _module_preset=\"5c19a62f-513d-4606-ae30-8aab177d8889\" global_colors_info=\"{}\"][et_pb_row custom_padding=\"0px||0px||false|false\" column_structure=\"1_4,3_4\" _builder_version=\"4.11.1\" _module_preset=\"878dbd52-1639-4ccb-bc44-8449068c39e4\" global_colors_info=\"{}\"][et_pb_column type=\"1_4\" _builder_version=\"4.11.1\" _module_preset=\"default\" global_colors_info=\"{}\"][et_pb_text background_color=\"#042d41\" text_font_size=\"30px\" text_text_color=\"#FFFFFF\" text_font=\"|700||on|||||\" text_orientation=\"center\" module_alignment=\"center\" height=\"244px\" custom_padding=\"110px||||false|false\" _builder_version=\"4.11.2\" _dynamic_attributes=\"content\" _module_preset=\"130e0b9c-592c-4346-9b74-65866c043395\" global_colors_info=\"{}\"]@ET-DC@eyJkeW5hbWljIjp0cnVlLCJjb250ZW50IjoicG9zdF90aXRsZSIsInNldHRpbmdzIjp7ImJlZm9yZSI6IiIsImFmdGVyIjoiIn19@[\/et_pb_text][\/et_pb_column][et_pb_column type=\"3_4\" _builder_version=\"4.11.1\" _module_preset=\"default\" global_colors_info=\"{}\"][et_pb_text text_text_color=\"#000000\" text_font_size=\"20px\" text_line_height=\"1.2em\" custom_margin=\"||1em||false|false\" _builder_version=\"4.11.1\" _module_preset=\"9616b5da-827c-4a8d-ad6f-bcd50de1f39f\" global_colors_info=\"{}\"]\n\n<strong>Mater Salvatoris \u00e9s un col\u00b7legi concertat, mixt i cat\u00f2lic, dirigit per les religioses de la Companyia del Salvador, que va obrir les seves portes l\u2019any 1948.<\/strong>\n\nOfereix a les fam\u00edlies totes les etapes educatives: Infantil, Prim\u00e0ria, ESO i Batxillerat, amb la finalitat de proporcionar una formaci\u00f3 integral de qualitat que permeti a cadascun dels nostres alumnes afrontar amb \u00e8xit els reptes de la societat del segle XXI.\n<ul><\/ul>\n[\/et_pb_text][et_pb_text text_text_color=\"#000000\" text_font_size=\"20px\" text_line_height=\"1.2em\" custom_margin=\"||1em||false|false\" _builder_version=\"4.11.2\" _module_preset=\"9616b5da-827c-4a8d-ad6f-bcd50de1f39f\" global_colors_info=\"{}\"]\n\nL\u2019uniforme del Col\u00b7legi est\u00e0 format per les seg\u00fcents peces:\n<ul>\n \t<li><strong>Pitxi&nbsp;<\/strong>quadres blaus i blancs de pota de gall, amb l\u2019escut del Col\u00b7legi per a les nenes i pantalons grisos marengo per als nens.<\/li>\n \t<li><strong>Camisa<\/strong><span>&nbsp;<\/span>o pol blanc, model col\u00b7legial.<\/li>\n \t<li><strong>Jaqueta o jersei<span>&nbsp;<\/span><\/strong>de punt blau mar\u00ed, obert en punta.<\/li>\n \t<li><strong>Mitjons, mitges<span>&nbsp;<\/span><\/strong>o leotards blau mar\u00ed.<\/li>\n \t<li><strong>Sabates<span>&nbsp;<\/span><\/strong>negres o blau mar\u00ed, mocass\u00ed tipus col\u00b7legial.<\/li>\n \t<li><strong>Bata,<span>&nbsp;<\/span><\/strong>de quadres blaus i blancs. Ha de portar-se des d\u2019Infantil fins a 6\u00e8 de Prim\u00e0ria.<\/li>\n \t<li><strong>Abric<span>&nbsp;<\/span><\/strong>blau mar\u00ed.<\/li>\n<\/ul>\nL\u2019uniforme de l\u2019escola es pot comprar a GESA (C\/ Major, 38. 25007 Lleida)\n\nL\u2019uniforme esportiu es pot adquirir a<span>&nbsp;<\/span><strong><a href=\"https:\/\/www.matershoppingrvl.es\/index.php?\">Reval Sport<\/a><\/strong>\n\nLes bates d\u2019uniforme es poden comprar a GESA o b\u00e9 a<span>&nbsp;<\/span><strong><a href=\"https:\/\/www.matershoppingrvl.es\/index.php?\">Reval Sport<\/a><\/strong>\n<div role=\"form\" class=\"wpcf7\" id=\"wpcf7-f5379-o1\" lang=\"es-ES\" dir=\"ltr\">\n<form action=\"https:\/\/lleida.matersalvatoris.org\/admisiones\/#wpcf7-f5379-o1\" method=\"post\" class=\"wpcf7-form init\" novalidate=\"novalidate\" data-status=\"init\"><\/form><\/div>\n[\/et_pb_text][\/et_pb_column][\/et_pb_row][\/et_pb_section]","_et_gb_content_width":"","footnotes":""},"class_list":["post-707","page","type-page","status-publish","hentry"],"yoast_head":"<!-- This site is optimized with the Yoast SEO plugin v26.6 - https:\/\/yoast.com\/wordpress\/plugins\/seo\/ -->\n<title>Uniform - Lleida Mater Salvatoris<\/title>\n<meta name=\"robots\" content=\"index, follow, max-snippet:-1, max-image-preview:large, max-video-preview:-1\" \/>\n<link rel=\"canonical\" href=\"https:\/\/lleida.matersalvatoris.org\/en\/uniform\/\" \/>\n<meta property=\"og:locale\" content=\"en_US\" \/>\n<meta property=\"og:type\" content=\"article\" \/>\n<meta property=\"og:title\" content=\"Uniform - Lleida Mater Salvatoris\" \/>\n<meta property=\"og:description\" content=\"Mater Salvatoris is a subsidized private Catholic mixed school, run by the nuns of the Company of the Saviour\u00a0(Compa\u00f1\u00eda del Salvador)\u00a0which opened its doors in 1954. It offers families all [&hellip;]\" \/>\n<meta property=\"og:url\" content=\"https:\/\/lleida.matersalvatoris.org\/en\/uniform\/\" \/>\n<meta property=\"og:site_name\" content=\"Lleida Mater Salvatoris\" \/>\n<meta property=\"article:modified_time\" content=\"2025-05-08T09:13:41+00:00\" \/>\n<meta name=\"twitter:card\" content=\"summary_large_image\" \/>\n<meta name=\"twitter:label1\" content=\"Est. reading time\" \/>\n\t<meta name=\"twitter:data1\" content=\"2 minutes\" \/>\n<script type=\"application\/ld+json\" class=\"yoast-schema-graph\">{\"@context\":\"https:\/\/schema.org\",\"@graph\":[{\"@type\":\"WebPage\",\"@id\":\"https:\/\/lleida.matersalvatoris.org\/en\/uniform\/\",\"url\":\"https:\/\/lleida.matersalvatoris.org\/en\/uniform\/\",\"name\":\"Uniform - Lleida Mater Salvatoris\",\"isPartOf\":{\"@id\":\"https:\/\/lleida.matersalvatoris.org\/en\/#website\"},\"datePublished\":\"2021-10-29T09:21:22+00:00\",\"dateModified\":\"2025-05-08T09:13:41+00:00\",\"inLanguage\":\"en-US\",\"potentialAction\":[{\"@type\":\"ReadAction\",\"target\":[\"https:\/\/lleida.matersalvatoris.org\/en\/uniform\/\"]}]},{\"@type\":\"WebSite\",\"@id\":\"https:\/\/lleida.matersalvatoris.org\/en\/#website\",\"url\":\"https:\/\/lleida.matersalvatoris.org\/en\/\",\"name\":\"Lleida Mater Salvatoris\",\"description\":\"Lleida Mater Salvatoris\",\"potentialAction\":[{\"@type\":\"SearchAction\",\"target\":{\"@type\":\"EntryPoint\",\"urlTemplate\":\"https:\/\/lleida.matersalvatoris.org\/en\/?s={search_term_string}\"},\"query-input\":{\"@type\":\"PropertyValueSpecification\",\"valueRequired\":true,\"valueName\":\"search_term_string\"}}],\"inLanguage\":\"en-US\"}]}<\/script>\n<!-- \/ Yoast SEO plugin. -->","yoast_head_json":{"title":"Uniform - Lleida Mater Salvatoris","robots":{"index":"index","follow":"follow","max-snippet":"max-snippet:-1","max-image-preview":"max-image-preview:large","max-video-preview":"max-video-preview:-1"},"canonical":"https:\/\/lleida.matersalvatoris.org\/en\/uniform\/","og_locale":"en_US","og_type":"article","og_title":"Uniform - Lleida Mater Salvatoris","og_description":"Mater Salvatoris is a subsidized private Catholic mixed school, run by the nuns of the Company of the Saviour\u00a0(Compa\u00f1\u00eda del Salvador)\u00a0which opened its doors in 1954. It offers families all [&hellip;]","og_url":"https:\/\/lleida.matersalvatoris.org\/en\/uniform\/","og_site_name":"Lleida Mater Salvatoris","article_modified_time":"2025-05-08T09:13:41+00:00","twitter_card":"summary_large_image","twitter_misc":{"Est. reading time":"2 minutes"},"schema":{"@context":"https:\/\/schema.org","@graph":[{"@type":"WebPage","@id":"https:\/\/lleida.matersalvatoris.org\/en\/uniform\/","url":"https:\/\/lleida.matersalvatoris.org\/en\/uniform\/","name":"Uniform - Lleida Mater Salvatoris","isPartOf":{"@id":"https:\/\/lleida.matersalvatoris.org\/en\/#website"},"datePublished":"2021-10-29T09:21:22+00:00","dateModified":"2025-05-08T09:13:41+00:00","inLanguage":"en-US","potentialAction":[{"@type":"ReadAction","target":["https:\/\/lleida.matersalvatoris.org\/en\/uniform\/"]}]},{"@type":"WebSite","@id":"https:\/\/lleida.matersalvatoris.org\/en\/#website","url":"https:\/\/lleida.matersalvatoris.org\/en\/","name":"Lleida Mater Salvatoris","description":"Lleida Mater Salvatoris","potentialAction":[{"@type":"SearchAction","target":{"@type":"EntryPoint","urlTemplate":"https:\/\/lleida.matersalvatoris.org\/en\/?s={search_term_string}"},"query-input":{"@type":"PropertyValueSpecification","valueRequired":true,"valueName":"search_term_string"}}],"inLanguage":"en-US"}]}},"_links":{"self":[{"href":"https:\/\/lleida.matersalvatoris.org\/en\/wp-json\/wp\/v2\/pages\/707","targetHints":{"allow":["GET"]}}],"collection":[{"href":"https:\/\/lleida.matersalvatoris.org\/en\/wp-json\/wp\/v2\/pages"}],"about":[{"href":"https:\/\/lleida.matersalvatoris.org\/en\/wp-json\/wp\/v2\/types\/page"}],"author":[{"embeddable":true,"href":"https:\/\/lleida.matersalvatoris.org\/en\/wp-json\/wp\/v2\/users\/1"}],"replies":[{"embeddable":true,"href":"https:\/\/lleida.matersalvatoris.org\/en\/wp-json\/wp\/v2\/comments?post=707"}],"version-history":[{"count":7,"href":"https:\/\/lleida.matersalvatoris.org\/en\/wp-json\/wp\/v2\/pages\/707\/revisions"}],"predecessor-version":[{"id":10872,"href":"https:\/\/lleida.matersalvatoris.org\/en\/wp-json\/wp\/v2\/pages\/707\/revisions\/10872"}],"wp:attachment":[{"href":"https:\/\/lleida.matersalvatoris.org\/en\/wp-json\/wp\/v2\/media?parent=707"}],"curies":[{"name":"wp","href":"https:\/\/api.w.org\/{rel}","templated":true}]}}