{"id":701,"date":"2021-10-29T11:20:18","date_gmt":"2021-10-29T09:20:18","guid":{"rendered":"https:\/\/lleida.matersalvatoris.org\/?page_id=701"},"modified":"2023-03-07T11:51:26","modified_gmt":"2023-03-07T10:51:26","slug":"fees","status":"publish","type":"page","link":"https:\/\/lleida.matersalvatoris.org\/en\/fees\/","title":{"rendered":"Fees"},"content":{"rendered":"<p>[et_pb_section fb_built=&#8221;1&#8243; fullwidth=&#8221;on&#8221; _builder_version=&#8221;4.16&#8243; _module_preset=&#8221;default&#8221; da_disable_devices=&#8221;off|off|off&#8221; global_colors_info=&#8221;{}&#8221; da_is_popup=&#8221;off&#8221; da_exit_intent=&#8221;off&#8221; da_has_close=&#8221;on&#8221; da_alt_close=&#8221;off&#8221; da_dark_close=&#8221;off&#8221; da_not_modal=&#8221;on&#8221; da_is_singular=&#8221;off&#8221; da_with_loader=&#8221;off&#8221; da_has_shadow=&#8221;on&#8221;][et_pb_fullwidth_slider _builder_version=&#8221;4.16&#8243; _module_preset=&#8221;default&#8221; global_colors_info=&#8221;{}&#8221;][et_pb_slide _builder_version=&#8221;4.16&#8243; _module_preset=&#8221;default&#8221; background_image=&#8221;https:\/\/lleida.matersalvatoris.org\/wp-content\/uploads\/2021\/10\/admissions_slide-scaled.jpg&#8221; background_enable_image=&#8221;on&#8221; global_colors_info=&#8221;{}&#8221; sticky_transition=&#8221;on&#8221;][\/et_pb_slide][\/et_pb_fullwidth_slider][\/et_pb_section][et_pb_section fb_built=&#8221;1&#8243; _builder_version=&#8221;4.16&#8243; _module_preset=&#8221;5c19a62f-513d-4606-ae30-8aab177d8889&#8243; custom_padding=&#8221;30px||30px||false|false&#8221; da_disable_devices=&#8221;off|off|off&#8221; global_colors_info=&#8221;{}&#8221; da_is_popup=&#8221;off&#8221; da_exit_intent=&#8221;off&#8221; da_has_close=&#8221;on&#8221; da_alt_close=&#8221;off&#8221; da_dark_close=&#8221;off&#8221; da_not_modal=&#8221;on&#8221; da_is_singular=&#8221;off&#8221; da_with_loader=&#8221;off&#8221; da_has_shadow=&#8221;on&#8221;][et_pb_row column_structure=&#8221;1_4,3_4&#8243; _builder_version=&#8221;4.16&#8243; _module_preset=&#8221;878dbd52-1639-4ccb-bc44-8449068c39e4&#8243; custom_padding=&#8221;0px||0px||false|false&#8221; global_colors_info=&#8221;{}&#8221;][et_pb_column type=&#8221;1_4&#8243; _builder_version=&#8221;4.16&#8243; _module_preset=&#8221;default&#8221; global_colors_info=&#8221;{}&#8221;][et_pb_text _builder_version=&#8221;4.16&#8243; _dynamic_attributes=&#8221;content&#8221; _module_preset=&#8221;fb58153c-30e1-4016-9cf8-2751ea08e8fb&#8221; global_colors_info=&#8221;{}&#8221;]@ET-DC@eyJkeW5hbWljIjp0cnVlLCJjb250ZW50IjoicG9zdF90aXRsZSIsInNldHRpbmdzIjp7ImJlZm9yZSI6IiIsImFmdGVyIjoiIn19@[\/et_pb_text][\/et_pb_column][et_pb_column type=&#8221;3_4&#8243; _builder_version=&#8221;4.16&#8243; _module_preset=&#8221;default&#8221; global_colors_info=&#8221;{}&#8221;][et_pb_text _builder_version=&#8221;4.16&#8243; _module_preset=&#8221;9616b5da-827c-4a8d-ad6f-bcd50de1f39f&#8221; global_colors_info=&#8221;{}&#8221;]<\/p>\n<p><strong>Mater Salvatoris is a subsidized private Catholic mixed school, run by the nuns of the Company of the Saviour\u00a0<em>(Compa\u00f1\u00eda del Salvador)\u00a0<\/em>which opened its doors in 1948.<\/strong><\/p>\n<p><strong>It offers families all educational stages: Pre-School, Primary School, Secondary School and Baccalaureate,<\/strong><span> in order to provide a complete, high-quality education which allows each of our students to successfully tackle the challenges of 21<\/span><sup>st<\/sup><span> Century society.<\/span><\/p>\n<ul><\/ul>\n<p>[\/et_pb_text][et_pb_text module_class=&#8221;contenidoTablaTarifas&#8221; _builder_version=&#8221;4.16&#8243; _module_preset=&#8221;9616b5da-827c-4a8d-ad6f-bcd50de1f39f&#8221; global_colors_info=&#8221;{}&#8221;]<\/p>\n<p><strong>YEAR 2022-2023<\/strong><\/p>\n<table cellspacing=\"0\" cellpadding=\"0\" class=\"table table-bordered table-striped\" style=\"width: 100%;\">\n<colgroup>\n<col width=\"nowrap\" \/>\n<col width=\"nowrap\" \/>\n<col width=\"nowrap\" \/>\n<col width=\"nowrap\" \/>\n<col width=\"nowrap\" \/>\n<col width=\"nowrap\" \/>\n<col width=\"nowrap\" \/><\/colgroup>\n<tbody>\n<tr style=\"height: 26px;\">\n<td style=\"height: 26px; width: 161.46875px;\"><\/td>\n<td style=\"height: 26px; width: 112.890625px;\"><strong>Kindergarten<\/strong><\/td>\n<td style=\"height: 26px; width: 62.5625px;\"><strong>Pre-School<\/strong><\/td>\n<td style=\"height: 26px; width: 74.484375px;\"><strong>Primary School<\/strong><\/td>\n<td style=\"height: 26px; width: 90.109375px;\"><strong>1<sup>st<\/sup>\u00a0&amp; 2<sup>nd<\/sup>\u00a0Secondary School<\/strong><\/td>\n<td style=\"height: 26px; width: 87.953125px;\"><strong>3<sup>rd<\/sup>\u00a0&amp;\u00a04<sup>th\u00a0<\/sup>Secondary School<\/strong><\/td>\n<td style=\"height: 26px; width: 87.453125px;\"><strong>Baccalaureate<\/strong><\/td>\n<\/tr>\n<tr valign=\"top\" style=\"height: 24px;\">\n<td colspan=\"7\" style=\"height: 24px; width: 688.921875px;\"><strong>Annual quota<\/strong><\/td>\n<\/tr>\n<tr valign=\"top\" style=\"height: 24px;\">\n<td style=\"height: 24px; width: 161.46875px;\"><span>Tuition Fee<\/span><\/td>\n<td style=\"height: 24px; width: 112.890625px;\">36.30\u20ac<\/td>\n<td style=\"height: 24px; width: 62.5625px;\">36.30\u20ac<\/td>\n<td style=\"height: 24px; width: 74.484375px;\">36.30\u20ac<\/td>\n<td style=\"height: 24px; width: 90.109375px;\">36.30\u20ac<\/td>\n<td style=\"height: 24px; width: 87.953125px;\">35\u20ac<\/td>\n<td style=\"height: 24px; width: 87.453125px;\">35\u20ac<\/td>\n<\/tr>\n<tr valign=\"top\" style=\"height: 24px;\">\n<td style=\"height: 24px; width: 161.46875px;\"><span>School Insurance<\/span><\/td>\n<td style=\"height: 24px; width: 112.890625px;\">61.60\u20ac<\/td>\n<td style=\"height: 24px; width: 62.5625px;\">56\u20ac<\/td>\n<td style=\"height: 24px; width: 74.484375px;\">56\u20ac<\/td>\n<td style=\"height: 24px; width: 90.109375px;\">56\u20ac<\/td>\n<td style=\"height: 24px; width: 87.953125px;\">56\u20ac<\/td>\n<td style=\"height: 24px; width: 87.453125px;\">56\u20ac<\/td>\n<\/tr>\n<tr valign=\"top\" style=\"height: 24px;\">\n<td colspan=\"7\" style=\"height: 24px; width: 688.921875px;\"><strong>Monthly fee<\/strong><\/td>\n<\/tr>\n<tr valign=\"top\" style=\"height: 24px;\">\n<td style=\"height: 24px; width: 161.46875px;\"><span>Tuition<\/span><\/td>\n<td style=\"height: 24px; width: 112.890625px;\">167\u20ac<\/td>\n<td style=\"height: 24px; width: 62.5625px;\">80\u20ac<\/td>\n<td style=\"height: 24px; width: 74.484375px;\">80\u20ac<\/td>\n<td style=\"height: 24px; width: 90.109375px;\">64\u20ac<\/td>\n<td style=\"height: 24px; width: 87.953125px;\">64\u20ac<\/td>\n<td style=\"height: 24px; width: 87.453125px;\">330\u20ac<\/td>\n<\/tr>\n<tr valign=\"top\" style=\"height: 24px;\">\n<td style=\"height: 24px; width: 161.46875px;\"><span>General Expenses<\/span><\/td>\n<td style=\"height: 24px; width: 112.890625px;\">122.50\u20ac<\/td>\n<td style=\"height: 24px; width: 62.5625px;\">141.25\u20ac<\/td>\n<td style=\"height: 24px; width: 74.484375px;\">143.75\u20ac<\/td>\n<td style=\"height: 24px; width: 90.109375px;\">151\u20ac<\/td>\n<td style=\"height: 24px; width: 87.953125px;\">131.25\u20ac<\/td>\n<td style=\"height: 24px; width: 87.453125px;\">131.25\u20ac<\/td>\n<\/tr>\n<tr valign=\"top\" style=\"height: 24px;\">\n<td style=\"height: 24px; width: 161.46875px;\"><span>Parents\u2019 Association\u00a0(per family)<\/span><\/td>\n<td style=\"height: 24px; width: 112.890625px;\">4,50\u20ac<\/td>\n<td style=\"height: 24px; width: 62.5625px;\">4,50\u20ac<\/td>\n<td style=\"height: 24px; width: 74.484375px;\">4,50\u20ac<\/td>\n<td style=\"height: 24px; width: 90.109375px;\">4,50\u20ac<\/td>\n<td style=\"height: 24px; width: 87.953125px;\">4,50\u20ac<\/td>\n<td style=\"height: 24px; width: 87.453125px;\">4,50\u20ac<\/td>\n<\/tr>\n<tr valign=\"top\" style=\"height: 24px;\">\n<td style=\"height: 24px; width: 161.46875px;\"><\/td>\n<td style=\"height: 24px; width: 112.890625px;\"><\/td>\n<td style=\"height: 24px; width: 62.5625px;\"><\/td>\n<td style=\"height: 24px; width: 74.484375px;\"><\/td>\n<td style=\"height: 24px; width: 90.109375px;\"><\/td>\n<td style=\"height: 24px; width: 87.953125px;\"><\/td>\n<td style=\"height: 24px; width: 87.453125px;\"><\/td>\n<\/tr>\n<tr valign=\"top\" style=\"height: 24px;\">\n<td style=\"height: 24px; width: 161.46875px;\"><\/td>\n<td style=\"height: 24px; width: 112.890625px;\"><\/td>\n<td style=\"height: 24px; width: 62.5625px;\"><\/td>\n<td style=\"height: 24px; width: 74.484375px;\"><\/td>\n<td style=\"height: 24px; width: 90.109375px;\"><\/td>\n<td style=\"height: 24px; width: 87.953125px;\"><\/td>\n<td style=\"height: 24px; width: 87.453125px;\"><\/td>\n<\/tr>\n<tr valign=\"top\" style=\"height: 24px;\">\n<td colspan=\"7\" style=\"height: 24px; width: 688.921875px;\"><strong>Optional services<\/strong><\/td>\n<\/tr>\n<tr valign=\"top\" style=\"height: 24px;\">\n<td style=\"height: 24px; width: 161.46875px;\"><span>Lunch &amp; Midday<\/span>*<\/td>\n<td style=\"height: 24px; width: 112.890625px;\">158.84\u20ac<\/td>\n<td style=\"height: 24px; width: 62.5625px;\">158.84\u20ac<\/td>\n<td style=\"height: 24px; width: 74.484375px;\">158.84\u20ac<\/td>\n<td style=\"height: 24px; width: 90.109375px;\">158.84\u20ac<\/td>\n<td style=\"height: 24px; width: 87.953125px;\">158.84\u20ac<\/td>\n<td style=\"height: 24px; width: 87.453125px;\">158.84\u20ac<\/td>\n<\/tr>\n<tr valign=\"top\" style=\"height: 24px;\">\n<td style=\"height: 24px; width: 161.46875px;\"><span>Midday without lunch<\/span>*<\/td>\n<td style=\"height: 24px; width: 112.890625px;\">79.42\u20ac<\/td>\n<td style=\"height: 24px; width: 62.5625px;\">79.42\u20ac<\/td>\n<td style=\"height: 24px; width: 74.484375px;\">79.42\u20ac<\/td>\n<td style=\"height: 24px; width: 90.109375px;\">79.42\u20ac<\/td>\n<td style=\"height: 24px; width: 87.953125px;\">79.42\u20ac<\/td>\n<td style=\"height: 24px; width: 87.453125px;\">79.42\u20ac<\/td>\n<\/tr>\n<tr valign=\"top\" style=\"height: 24px;\">\n<td style=\"height: 24px; width: 161.46875px;\"><span>Morning welcome<\/span>**<\/td>\n<td style=\"height: 24px; width: 112.890625px;\">32\u20ac<\/td>\n<td style=\"height: 24px; width: 62.5625px;\">32\u20ac<\/td>\n<td style=\"height: 24px; width: 74.484375px;\">32\u20ac<\/td>\n<td style=\"height: 24px; width: 90.109375px;\">32\u20ac<\/td>\n<td style=\"height: 24px; width: 87.953125px;\">32\u20ac<\/td>\n<td style=\"height: 24px; width: 87.453125px;\"><\/td>\n<\/tr>\n<\/tbody>\n<\/table>\n<p><span>*Second-year high school students will pay the receipt of the dining room until April. During the months of May and June, single days will be counted.<\/span><br \/><span>**The morning welcome will have a single cost, both if they use the service in the morning (7.45 a.m.-8.30 a.m.), as in the afternoon (4.30 p.m.-5.00 p.m.) or both.<\/span><\/p>\n<div role=\"form\" class=\"wpcf7\" id=\"wpcf7-f5379-o1\" lang=\"es-ES\" dir=\"ltr\">\n<form action=\"https:\/\/lleida.matersalvatoris.org\/admisiones\/#wpcf7-f5379-o1\" method=\"post\" class=\"wpcf7-form init\" novalidate=\"novalidate\" data-status=\"init\"><\/form>\n<\/div>\n<p>[\/et_pb_text][\/et_pb_column][\/et_pb_row][\/et_pb_section]<\/p>\n","protected":false},"excerpt":{"rendered":"<p>Mater Salvatoris is a subsidized private Catholic mixed school, run by the nuns of the Company of the Saviour\u00a0(Compa\u00f1\u00eda del Salvador)\u00a0which opened its doors in 1948. It offers families all [&hellip;]<\/p>\n","protected":false},"author":1,"featured_media":0,"parent":0,"menu_order":0,"comment_status":"closed","ping_status":"closed","template":"","meta":{"_et_pb_use_builder":"on","_et_pb_old_content":"[et_pb_section fb_built=\"1\" fullwidth=\"on\" _builder_version=\"4.11.1\" _module_preset=\"default\" global_colors_info=\"{}\"][et_pb_fullwidth_image src=\"https:\/\/lleida.matersalvatoris.org\/wp-content\/uploads\/2021\/10\/admissions_slide-scaled.jpg\" title_text=\"admissions_slide\" _builder_version=\"4.11.2\" _module_preset=\"default\" global_colors_info=\"{}\"][\/et_pb_fullwidth_image][\/et_pb_section][et_pb_section fb_built=\"1\" custom_padding=\"30px||30px||false|false\" _builder_version=\"4.11.1\" _module_preset=\"5c19a62f-513d-4606-ae30-8aab177d8889\" global_colors_info=\"{}\"][et_pb_row custom_padding=\"0px||0px||false|false\" column_structure=\"1_4,3_4\" _builder_version=\"4.11.1\" _module_preset=\"878dbd52-1639-4ccb-bc44-8449068c39e4\" global_colors_info=\"{}\"][et_pb_column type=\"1_4\" _builder_version=\"4.11.1\" _module_preset=\"default\" global_colors_info=\"{}\"][et_pb_text background_color=\"#042d41\" text_font_size=\"30px\" text_text_color=\"#FFFFFF\" text_font=\"|700||on|||||\" text_orientation=\"center\" module_alignment=\"center\" height=\"244px\" custom_padding=\"110px||||false|false\" _builder_version=\"4.11.2\" _dynamic_attributes=\"content\" _module_preset=\"130e0b9c-592c-4346-9b74-65866c043395\" global_colors_info=\"{}\"]@ET-DC@eyJkeW5hbWljIjp0cnVlLCJjb250ZW50IjoicG9zdF90aXRsZSIsInNldHRpbmdzIjp7ImJlZm9yZSI6IiIsImFmdGVyIjoiIn19@[\/et_pb_text][\/et_pb_column][et_pb_column type=\"3_4\" _builder_version=\"4.11.1\" _module_preset=\"default\" global_colors_info=\"{}\"][et_pb_text text_text_color=\"#000000\" text_font_size=\"20px\" text_line_height=\"1.2em\" custom_margin=\"||1em||false|false\" _builder_version=\"4.11.1\" _module_preset=\"9616b5da-827c-4a8d-ad6f-bcd50de1f39f\" global_colors_info=\"{}\"]\n\n<strong>Mater Salvatoris \u00e9s un col\u00b7legi concertat, mixt i cat\u00f2lic, dirigit per les religioses de la Companyia del Salvador, que va obrir les seves portes l\u2019any 1948.<\/strong>\n\nOfereix a les fam\u00edlies totes les etapes educatives: Infantil, Prim\u00e0ria, ESO i Batxillerat, amb la finalitat de proporcionar una formaci\u00f3 integral de qualitat que permeti a cadascun dels nostres alumnes afrontar amb \u00e8xit els reptes de la societat del segle XXI.\n<ul><\/ul>\n[\/et_pb_text][et_pb_text text_text_color=\"#000000\" text_font_size=\"20px\" text_line_height=\"1.2em\" custom_margin=\"||1em||false|false\" _builder_version=\"4.11.2\" _module_preset=\"9616b5da-827c-4a8d-ad6f-bcd50de1f39f\" global_colors_info=\"{}\"]\n\n<strong>ENSENYAMENT. CURS 2020-2021<\/strong>\n<table cellspacing=\"0\" cellpadding=\"0\" class=\"table table-bordered table-striped\">\n<colgroup>\n<col width=\"nowrap\">\n<col width=\"nowrap\">\n<col width=\"nowrap\">\n<col width=\"nowrap\">\n<col width=\"nowrap\">\n<col width=\"nowrap\">\n<col width=\"nowrap\"><\/colgroup>\n<tbody>\n<tr>\n<td width=\"nowrap\"><\/td>\n<td width=\"nowrap\"><strong>Llar d\u2019Infants<\/strong><\/td>\n<td width=\"nowrap\"><strong>Infantil<\/strong><\/td>\n<td width=\"nowrap\"><strong>Prim\u00e0ria<\/strong><\/td>\n<td width=\"nowrap\"><strong>1r i 2n ESO<\/strong><\/td>\n<td width=\"nowrap\"><strong>3r i 4t ESO<\/strong><\/td>\n<td width=\"nowrap\"><strong>Batxillerat<\/strong><\/td>\n<\/tr>\n<tr valign=\"top\">\n<td colspan=\"7\"><strong>Quota anual<\/strong><\/td>\n<\/tr>\n<tr valign=\"top\">\n<td width=\"nowrap\">Asseguran\u00e7a escolar<\/td>\n<td width=\"nowrap\">32\u20ac<\/td>\n<td width=\"nowrap\">32\u20ac<\/td>\n<td width=\"nowrap\">32\u20ac<\/td>\n<td width=\"nowrap\">32\u20ac<\/td>\n<td width=\"nowrap\">34\u20ac<\/td>\n<td width=\"nowrap\">34\u20ac<\/td>\n<\/tr>\n<tr valign=\"top\">\n<td width=\"nowrap\">Continu\u00eftat d\u2019estudis<\/td>\n<td width=\"nowrap\">55\u20ac<\/td>\n<td width=\"nowrap\">55\u20ac<\/td>\n<td width=\"nowrap\">55\u20ac<\/td>\n<td width=\"nowrap\">55\u20ac<\/td>\n<td width=\"nowrap\">55\u20ac<\/td>\n<td width=\"nowrap\">55\u20ac<\/td>\n<\/tr>\n<tr valign=\"top\">\n<td colspan=\"7\"><strong>Quota mensual<\/strong><\/td>\n<\/tr>\n<tr valign=\"top\">\n<td width=\"nowrap\">Ensenyament<\/td>\n<td width=\"nowrap\">167\u20ac<\/td>\n<td width=\"nowrap\">75\u20ac<\/td>\n<td width=\"nowrap\">75\u20ac<\/td>\n<td width=\"nowrap\">75\u20ac<\/td>\n<td width=\"nowrap\">75\u20ac<\/td>\n<td width=\"nowrap\">300\u20ac<\/td>\n<\/tr>\n<tr valign=\"top\">\n<td width=\"nowrap\">Serveis Generals<\/td>\n<td width=\"nowrap\">77\u20ac<\/td>\n<td width=\"nowrap\">82\u20ac<\/td>\n<td width=\"nowrap\">82\u20ac<\/td>\n<td width=\"nowrap\">85\u20ac<\/td>\n<td width=\"nowrap\">85\u20ac<\/td>\n<td width=\"nowrap\">82\u20ac<\/td>\n<\/tr>\n<tr valign=\"top\">\n<td width=\"nowrap\">Material escolar<\/td>\n<td width=\"nowrap\">10\u20ac<\/td>\n<td width=\"nowrap\">13\u20ac<\/td>\n<td width=\"nowrap\">10\u20ac<\/td>\n<td width=\"nowrap\"><\/td>\n<td width=\"nowrap\"><\/td>\n<td width=\"nowrap\"><\/td>\n<\/tr>\n<tr valign=\"top\">\n<td width=\"nowrap\">Destreses Segle 21<\/td>\n<td width=\"nowrap\"><\/td>\n<td width=\"nowrap\">7\u20ac<\/td>\n<td width=\"nowrap\">12\u20ac<\/td>\n<td width=\"nowrap\">12\u20ac<\/td>\n<td width=\"nowrap\">12\u20ac<\/td>\n<td width=\"nowrap\">12\u20ac<\/td>\n<\/tr>\n<tr valign=\"top\">\n<td width=\"nowrap\">AMPA (per fam\u00edlia)<\/td>\n<td width=\"nowrap\">4,50\u20ac<\/td>\n<td width=\"nowrap\">4,50\u20ac<\/td>\n<td width=\"nowrap\">4,50\u20ac<\/td>\n<td width=\"nowrap\">4,50\u20ac<\/td>\n<td width=\"nowrap\">4,50\u20ac<\/td>\n<td width=\"nowrap\">4,50\u20ac<\/td>\n<\/tr>\n<tr valign=\"top\">\n<td colspan=\"7\"><strong>Serveis optatius<\/strong><\/td>\n<\/tr>\n<tr valign=\"top\">\n<td width=\"nowrap\">Mitja pensi\u00f3*<\/td>\n<td width=\"nowrap\">141,40\u20ac<\/td>\n<td width=\"nowrap\">141,40\u20ac<\/td>\n<td width=\"nowrap\">141,40\u20ac<\/td>\n<td width=\"nowrap\">141,40\u20ac<\/td>\n<td width=\"nowrap\">141,40\u20ac<\/td>\n<td width=\"nowrap\">141,40\u20ac<\/td>\n<\/tr>\n<tr valign=\"top\">\n<td width=\"nowrap\">Servei de Carmanyola*<\/td>\n<td width=\"nowrap\"><\/td>\n<td width=\"nowrap\"><\/td>\n<td width=\"nowrap\"><\/td>\n<td width=\"nowrap\">65\u20ac<\/td>\n<td width=\"nowrap\">65\u20ac<\/td>\n<td width=\"nowrap\">65\u20ac<\/td>\n<\/tr>\n<tr valign=\"top\">\n<td width=\"nowrap\">Acollida matinal**<\/td>\n<td width=\"nowrap\">20\u20ac<\/td>\n<td width=\"nowrap\">20\u20ac<\/td>\n<td width=\"nowrap\">20\u20ac<\/td>\n<td width=\"nowrap\">20\u20ac<\/td>\n<td width=\"nowrap\">20\u20ac<\/td>\n<td width=\"nowrap\"><\/td>\n<\/tr>\n<\/tbody>\n<\/table>\n<span>*Els alumnes de 2n Batxillerat pagaran el rebut del menjador fins el mes d\u2019abril. Durant els mesos de maig i juny es comptabilitzaran dies solts.<\/span>\n<span>**L\u2019acollida matinal tindr\u00e0 un cost \u00fanic, tant si utilitzen el servei de mat\u00ed (7.45 \u2013 8.30), com de tarda (16.30 \u2013 17.00) o els dues.<\/span>\n<div role=\"form\" class=\"wpcf7\" id=\"wpcf7-f5379-o1\" lang=\"es-ES\" dir=\"ltr\">\n<form action=\"https:\/\/lleida.matersalvatoris.org\/admisiones\/#wpcf7-f5379-o1\" method=\"post\" class=\"wpcf7-form init\" novalidate=\"novalidate\" data-status=\"init\"><\/form><\/div>\n[\/et_pb_text][\/et_pb_column][\/et_pb_row][\/et_pb_section]","_et_gb_content_width":"","footnotes":""},"class_list":["post-701","page","type-page","status-publish","hentry"],"yoast_head":"<!-- This site is optimized with the Yoast SEO plugin v26.6 - https:\/\/yoast.com\/wordpress\/plugins\/seo\/ -->\n<title>Fees - Lleida Mater Salvatoris<\/title>\n<meta name=\"robots\" content=\"index, follow, max-snippet:-1, max-image-preview:large, max-video-preview:-1\" \/>\n<link rel=\"canonical\" href=\"https:\/\/lleida.matersalvatoris.org\/en\/fees\/\" \/>\n<meta property=\"og:locale\" content=\"en_US\" \/>\n<meta property=\"og:type\" content=\"article\" \/>\n<meta property=\"og:title\" content=\"Fees - Lleida Mater Salvatoris\" \/>\n<meta property=\"og:description\" content=\"Mater Salvatoris is a subsidized private Catholic mixed school, run by the nuns of the Company of the Saviour\u00a0(Compa\u00f1\u00eda del Salvador)\u00a0which opened its doors in 1948. It offers families all [&hellip;]\" \/>\n<meta property=\"og:url\" content=\"https:\/\/lleida.matersalvatoris.org\/en\/fees\/\" \/>\n<meta property=\"og:site_name\" content=\"Lleida Mater Salvatoris\" \/>\n<meta property=\"article:modified_time\" content=\"2023-03-07T10:51:26+00:00\" \/>\n<meta name=\"twitter:card\" content=\"summary_large_image\" \/>\n<meta name=\"twitter:label1\" content=\"Est. reading time\" \/>\n\t<meta name=\"twitter:data1\" content=\"2 minutes\" \/>\n<script type=\"application\/ld+json\" class=\"yoast-schema-graph\">{\"@context\":\"https:\/\/schema.org\",\"@graph\":[{\"@type\":\"WebPage\",\"@id\":\"https:\/\/lleida.matersalvatoris.org\/en\/fees\/\",\"url\":\"https:\/\/lleida.matersalvatoris.org\/en\/fees\/\",\"name\":\"Fees - Lleida Mater Salvatoris\",\"isPartOf\":{\"@id\":\"https:\/\/lleida.matersalvatoris.org\/en\/#website\"},\"datePublished\":\"2021-10-29T09:20:18+00:00\",\"dateModified\":\"2023-03-07T10:51:26+00:00\",\"inLanguage\":\"en-US\",\"potentialAction\":[{\"@type\":\"ReadAction\",\"target\":[\"https:\/\/lleida.matersalvatoris.org\/en\/fees\/\"]}]},{\"@type\":\"WebSite\",\"@id\":\"https:\/\/lleida.matersalvatoris.org\/en\/#website\",\"url\":\"https:\/\/lleida.matersalvatoris.org\/en\/\",\"name\":\"Lleida Mater Salvatoris\",\"description\":\"Lleida Mater Salvatoris\",\"potentialAction\":[{\"@type\":\"SearchAction\",\"target\":{\"@type\":\"EntryPoint\",\"urlTemplate\":\"https:\/\/lleida.matersalvatoris.org\/en\/?s={search_term_string}\"},\"query-input\":{\"@type\":\"PropertyValueSpecification\",\"valueRequired\":true,\"valueName\":\"search_term_string\"}}],\"inLanguage\":\"en-US\"}]}<\/script>\n<!-- \/ Yoast SEO plugin. -->","yoast_head_json":{"title":"Fees - Lleida Mater Salvatoris","robots":{"index":"index","follow":"follow","max-snippet":"max-snippet:-1","max-image-preview":"max-image-preview:large","max-video-preview":"max-video-preview:-1"},"canonical":"https:\/\/lleida.matersalvatoris.org\/en\/fees\/","og_locale":"en_US","og_type":"article","og_title":"Fees - Lleida Mater Salvatoris","og_description":"Mater Salvatoris is a subsidized private Catholic mixed school, run by the nuns of the Company of the Saviour\u00a0(Compa\u00f1\u00eda del Salvador)\u00a0which opened its doors in 1948. It offers families all [&hellip;]","og_url":"https:\/\/lleida.matersalvatoris.org\/en\/fees\/","og_site_name":"Lleida Mater Salvatoris","article_modified_time":"2023-03-07T10:51:26+00:00","twitter_card":"summary_large_image","twitter_misc":{"Est. reading time":"2 minutes"},"schema":{"@context":"https:\/\/schema.org","@graph":[{"@type":"WebPage","@id":"https:\/\/lleida.matersalvatoris.org\/en\/fees\/","url":"https:\/\/lleida.matersalvatoris.org\/en\/fees\/","name":"Fees - Lleida Mater Salvatoris","isPartOf":{"@id":"https:\/\/lleida.matersalvatoris.org\/en\/#website"},"datePublished":"2021-10-29T09:20:18+00:00","dateModified":"2023-03-07T10:51:26+00:00","inLanguage":"en-US","potentialAction":[{"@type":"ReadAction","target":["https:\/\/lleida.matersalvatoris.org\/en\/fees\/"]}]},{"@type":"WebSite","@id":"https:\/\/lleida.matersalvatoris.org\/en\/#website","url":"https:\/\/lleida.matersalvatoris.org\/en\/","name":"Lleida Mater Salvatoris","description":"Lleida Mater Salvatoris","potentialAction":[{"@type":"SearchAction","target":{"@type":"EntryPoint","urlTemplate":"https:\/\/lleida.matersalvatoris.org\/en\/?s={search_term_string}"},"query-input":{"@type":"PropertyValueSpecification","valueRequired":true,"valueName":"search_term_string"}}],"inLanguage":"en-US"}]}},"_links":{"self":[{"href":"https:\/\/lleida.matersalvatoris.org\/en\/wp-json\/wp\/v2\/pages\/701","targetHints":{"allow":["GET"]}}],"collection":[{"href":"https:\/\/lleida.matersalvatoris.org\/en\/wp-json\/wp\/v2\/pages"}],"about":[{"href":"https:\/\/lleida.matersalvatoris.org\/en\/wp-json\/wp\/v2\/types\/page"}],"author":[{"embeddable":true,"href":"https:\/\/lleida.matersalvatoris.org\/en\/wp-json\/wp\/v2\/users\/1"}],"replies":[{"embeddable":true,"href":"https:\/\/lleida.matersalvatoris.org\/en\/wp-json\/wp\/v2\/comments?post=701"}],"version-history":[{"count":10,"href":"https:\/\/lleida.matersalvatoris.org\/en\/wp-json\/wp\/v2\/pages\/701\/revisions"}],"predecessor-version":[{"id":9199,"href":"https:\/\/lleida.matersalvatoris.org\/en\/wp-json\/wp\/v2\/pages\/701\/revisions\/9199"}],"wp:attachment":[{"href":"https:\/\/lleida.matersalvatoris.org\/en\/wp-json\/wp\/v2\/media?parent=701"}],"curies":[{"name":"wp","href":"https:\/\/api.w.org\/{rel}","templated":true}]}}