{"id":692,"date":"2021-10-29T11:18:59","date_gmt":"2021-10-29T09:18:59","guid":{"rendered":"https:\/\/lleida.matersalvatoris.org\/?page_id=692"},"modified":"2021-11-12T09:51:05","modified_gmt":"2021-11-12T07:51:05","slug":"welcome","status":"publish","type":"page","link":"https:\/\/lleida.matersalvatoris.org\/en\/welcome\/","title":{"rendered":"WELCOME"},"content":{"rendered":"<p>[et_pb_section fb_built=&#8221;1&#8243; fullwidth=&#8221;on&#8221; _builder_version=&#8221;4.11.1&#8243; _module_preset=&#8221;default&#8221; global_colors_info=&#8221;{}&#8221;][et_pb_fullwidth_slider _builder_version=&#8221;4.13.0&#8243; _module_preset=&#8221;default&#8221; hover_enabled=&#8221;0&#8243; global_colors_info=&#8221;{}&#8221; theme_builder_area=&#8221;post_content&#8221; sticky_enabled=&#8221;0&#8243;][et_pb_slide _builder_version=&#8221;4.13.0&#8243; _module_preset=&#8221;default&#8221; background_image=&#8221;https:\/\/lleida.matersalvatoris.org\/wp-content\/uploads\/2021\/10\/quisom-scaled.jpg&#8221; background_enable_image=&#8221;on&#8221; global_colors_info=&#8221;{}&#8221; sticky_transition=&#8221;on&#8221; theme_builder_area=&#8221;post_content&#8221;][\/et_pb_slide][\/et_pb_fullwidth_slider][\/et_pb_section][et_pb_section fb_built=&#8221;1&#8243; _builder_version=&#8221;4.11.1&#8243; _module_preset=&#8221;5c19a62f-513d-4606-ae30-8aab177d8889&#8243; custom_padding=&#8221;30px||30px||false|false&#8221; global_colors_info=&#8221;{}&#8221;][et_pb_row column_structure=&#8221;1_4,3_4&#8243; _builder_version=&#8221;4.11.1&#8243; _module_preset=&#8221;878dbd52-1639-4ccb-bc44-8449068c39e4&#8243; custom_padding=&#8221;0px||0px||false|false&#8221; global_colors_info=&#8221;{}&#8221;][et_pb_column type=&#8221;1_4&#8243; _builder_version=&#8221;4.11.1&#8243; _module_preset=&#8221;default&#8221; global_colors_info=&#8221;{}&#8221;][et_pb_text _builder_version=&#8221;4.11.3&#8243; _dynamic_attributes=&#8221;content&#8221; _module_preset=&#8221;fb58153c-30e1-4016-9cf8-2751ea08e8fb&#8221; global_colors_info=&#8221;{}&#8221;]@ET-DC@eyJkeW5hbWljIjp0cnVlLCJjb250ZW50IjoicG9zdF90aXRsZSIsInNldHRpbmdzIjp7ImJlZm9yZSI6IiIsImFmdGVyIjoiIn19@[\/et_pb_text][et_pb_image src=&#8221;https:\/\/lleida.matersalvatoris.org\/wp-content\/uploads\/2021\/11\/quienes-somos-1200&#215;1600-1.jpg&#8221; title_text=&#8221;quienes-somos-1200&#215;1600&#8243; _builder_version=&#8221;4.11.3&#8243; _module_preset=&#8221;cd5698fc-7441-45eb-b23f-47fbe30b45b6&#8243; global_colors_info=&#8221;{}&#8221;][\/et_pb_image][\/et_pb_column][et_pb_column type=&#8221;3_4&#8243; _builder_version=&#8221;4.11.1&#8243; _module_preset=&#8221;default&#8221; global_colors_info=&#8221;{}&#8221;][et_pb_text _builder_version=&#8221;4.11.1&#8243; _module_preset=&#8221;9616b5da-827c-4a8d-ad6f-bcd50de1f39f&#8221; text_text_color=&#8221;#000000&#8243; text_font_size=&#8221;20px&#8221; text_line_height=&#8221;1.2em&#8221; custom_margin=&#8221;||1em||false|false&#8221; global_colors_info=&#8221;{}&#8221;]<\/p>\n<p><strong>Mater Salvatoris is a subsidized private Catholic mixed school, run by the nuns of the Company of the Saviour <em>(Compa\u00f1\u00eda del Salvador)\u00a0<\/em>Religious Institute,\u00a0<\/strong>an <em>\u00a0<\/em><em>institution of pontifical right<\/em> , founded by Mother Mar\u00eda F\u00e9lix with the aim of educating children and young people in line with the doctrine of the catholic church.<\/p>\n<p>Our school is open to all those who are looking for the education we offer , we are an open community that welcome dialogue and participation.<\/p>\n<p>The centre is subsidized at three levels,<strong> Pre-School, Primary School and Secondary school, <\/strong>by the Catalan department of education.<\/p>\n<p>The centre also offers two non-subsidised levels:<\/p>\n<ul>\n<li><strong>Kindergarten for 1-2 year olds.<\/strong><\/li>\n<li><strong>Two curses of Baccalaureate, <\/strong>which allows students to access university.<\/li>\n<\/ul>\n<ul><\/ul>\n<p>[\/et_pb_text][et_pb_text _builder_version=&#8221;4.11.1&#8243; _module_preset=&#8221;0beecb44-14b6-4146-a084-a63d2edaa5dd&#8221; text_text_color=&#8221;#FFFFFF&#8221; text_font_size=&#8221;20px&#8221; text_line_height=&#8221;1.1em&#8221; background_color=&#8221;#8196a1&#8243; custom_margin=&#8221;||1em||false|false&#8221; custom_padding=&#8221;30px|30px|30px|30px|false|false&#8221; global_colors_info=&#8221;{}&#8221;]<\/p>\n<p><span>Mater Salvatoris offers a quality education, has its own Educational Project, innovative pedagogical proposals and the implementation of technology applied to the teaching and learning process (PBL).<\/span><\/p>\n<p>[\/et_pb_text][\/et_pb_column][\/et_pb_row][\/et_pb_section]<\/p>\n","protected":false},"excerpt":{"rendered":"<p>Mater Salvatoris is a subsidized private Catholic mixed school, run by the nuns of the Company of the Saviour (Compa\u00f1\u00eda del Salvador)\u00a0Religious Institute,\u00a0an \u00a0institution of pontifical right , founded by [&hellip;]<\/p>\n","protected":false},"author":1,"featured_media":0,"parent":0,"menu_order":0,"comment_status":"closed","ping_status":"closed","template":"","meta":{"_et_pb_use_builder":"on","_et_pb_old_content":"[et_pb_section fb_built=\"1\" fullwidth=\"on\" _builder_version=\"4.11.1\" _module_preset=\"default\" global_colors_info=\"{}\"][et_pb_fullwidth_image src=\"https:\/\/lleida.matersalvatoris.org\/wp-content\/uploads\/2021\/10\/quisom-scaled.jpg\" title_text=\"quisom\" _builder_version=\"4.11.1\" _module_preset=\"default\" global_colors_info=\"{}\"][\/et_pb_fullwidth_image][\/et_pb_section][et_pb_section fb_built=\"1\" _builder_version=\"4.11.1\" _module_preset=\"5c19a62f-513d-4606-ae30-8aab177d8889\" custom_padding=\"30px||30px||false|false\" global_colors_info=\"{}\"][et_pb_row column_structure=\"1_4,3_4\" _builder_version=\"4.11.1\" _module_preset=\"878dbd52-1639-4ccb-bc44-8449068c39e4\" custom_padding=\"0px||0px||false|false\" global_colors_info=\"{}\"][et_pb_column type=\"1_4\" _builder_version=\"4.11.1\" _module_preset=\"default\" global_colors_info=\"{}\"][et_pb_text _builder_version=\"4.11.3\" _dynamic_attributes=\"content\" _module_preset=\"fb58153c-30e1-4016-9cf8-2751ea08e8fb\" hover_enabled=\"0\" global_colors_info=\"{}\" sticky_enabled=\"0\"]@ET-DC@eyJkeW5hbWljIjp0cnVlLCJjb250ZW50IjoicG9zdF90aXRsZSIsInNldHRpbmdzIjp7ImJlZm9yZSI6IiIsImFmdGVyIjoiIn19@[\/et_pb_text][et_pb_image src=\"https:\/\/lleida.matersalvatoris.org\/wp-content\/uploads\/2021\/10\/quienes-somos-300x300-1.jpg\" title_text=\"quienes-somos-300x300\" _builder_version=\"4.11.1\" _module_preset=\"1456a61a-6428-47f7-af7b-e2d2556e2239\" custom_padding=\"0px|0px|0px|0px|false|false\" border_radii=\"on|2px|2px|2px|2px\" border_width_all=\"2px\" border_color_all=\"rgba(0,0,0,0.1)\" box_shadow_style=\"preset1\" global_colors_info=\"{}\"][\/et_pb_image][\/et_pb_column][et_pb_column type=\"3_4\" _builder_version=\"4.11.1\" _module_preset=\"default\" global_colors_info=\"{}\"][et_pb_text _builder_version=\"4.11.1\" _module_preset=\"9616b5da-827c-4a8d-ad6f-bcd50de1f39f\" text_text_color=\"#000000\" text_font_size=\"20px\" text_line_height=\"1.2em\" custom_margin=\"||1em||false|false\" global_colors_info=\"{}\"]\n\n<strong>Mater&nbsp; Salvatoris \u00e9s un Col\u00b7legi concertat,&nbsp; mixt i cat\u00f2lic, dirigit per les Religioses de&nbsp; la Companyia del Salvador<\/strong>, &nbsp;Institut Religi\u00f3s de dret pontifici, fundat per la Mare Mar\u00edaF\u00e9lix&nbsp;&nbsp;amb la finalitat d\u2019educar&nbsp; nens i joves conforme a la doctrina de l\u2019Esgl\u00e9sia cat\u00f2lica.\n\nDirecci\u00f3, alumnes i professorat formen una comunitat oberta, dialogant i participativa.\n\nEl Centre t\u00e9 concertades amb el Departament d\u2019Educaci\u00f3 de la Generalitat de Catalunya tres de les etapes educatives que s\u2019imparteixen: <strong>Educaci\u00f3 Infantil, Educaci\u00f3 Prim\u00e0ria i Educaci\u00f3 Secund\u00e0ria Obligat\u00f2ria.<\/strong>\n\nEl Col\u00b7legi amplia la seva oferta educativa amb dues etapes no concertades:\n<ul>\n \t<li><strong>Educaci\u00f3 per a infants d\u20191 i 2 anys.<\/strong><\/li>\n \t<li><strong>Batxillerat.<\/strong><\/li>\n<\/ul>\n[\/et_pb_text][et_pb_text _builder_version=\"4.11.1\" _module_preset=\"0beecb44-14b6-4146-a084-a63d2edaa5dd\" text_text_color=\"#FFFFFF\" text_font_size=\"20px\" text_line_height=\"1.1em\" background_color=\"#8196a1\" custom_margin=\"||1em||false|false\" custom_padding=\"30px|30px|30px|30px|false|false\" global_colors_info=\"{}\"]\n\n<span>El Col\u00b7legi Mater Salvatoris ofereix una ensenyan\u00e7a de qualitat; compta amb un Projecte Educatiu propi, propostes pedag\u00f2giques innovadores i implantaci\u00f3 de la Tecnologia aplicada al proc\u00e9s d\u2019ensenyan\u00e7a i aprenentatge (PBL).<\/span>\n\n[\/et_pb_text][\/et_pb_column][\/et_pb_row][\/et_pb_section]","_et_gb_content_width":"","footnotes":""},"class_list":["post-692","page","type-page","status-publish","hentry"],"yoast_head":"<!-- This site is optimized with the Yoast SEO plugin v26.6 - https:\/\/yoast.com\/wordpress\/plugins\/seo\/ -->\n<title>WELCOME - Lleida Mater Salvatoris<\/title>\n<meta name=\"robots\" content=\"index, follow, max-snippet:-1, max-image-preview:large, max-video-preview:-1\" \/>\n<link rel=\"canonical\" href=\"https:\/\/lleida.matersalvatoris.org\/en\/welcome\/\" \/>\n<meta property=\"og:locale\" content=\"en_US\" \/>\n<meta property=\"og:type\" content=\"article\" \/>\n<meta property=\"og:title\" content=\"WELCOME - Lleida Mater Salvatoris\" \/>\n<meta property=\"og:description\" content=\"Mater Salvatoris is a subsidized private Catholic mixed school, run by the nuns of the Company of the Saviour (Compa\u00f1\u00eda del Salvador)\u00a0Religious Institute,\u00a0an \u00a0institution of pontifical right , founded by [&hellip;]\" \/>\n<meta property=\"og:url\" content=\"https:\/\/lleida.matersalvatoris.org\/en\/welcome\/\" \/>\n<meta property=\"og:site_name\" content=\"Lleida Mater Salvatoris\" \/>\n<meta property=\"article:modified_time\" content=\"2021-11-12T07:51:05+00:00\" \/>\n<meta name=\"twitter:card\" content=\"summary_large_image\" \/>\n<meta name=\"twitter:label1\" content=\"Est. reading time\" \/>\n\t<meta name=\"twitter:data1\" content=\"2 minutes\" \/>\n<script type=\"application\/ld+json\" class=\"yoast-schema-graph\">{\"@context\":\"https:\/\/schema.org\",\"@graph\":[{\"@type\":\"WebPage\",\"@id\":\"https:\/\/lleida.matersalvatoris.org\/en\/welcome\/\",\"url\":\"https:\/\/lleida.matersalvatoris.org\/en\/welcome\/\",\"name\":\"WELCOME - Lleida Mater Salvatoris\",\"isPartOf\":{\"@id\":\"https:\/\/lleida.matersalvatoris.org\/en\/#website\"},\"datePublished\":\"2021-10-29T09:18:59+00:00\",\"dateModified\":\"2021-11-12T07:51:05+00:00\",\"inLanguage\":\"en-US\",\"potentialAction\":[{\"@type\":\"ReadAction\",\"target\":[\"https:\/\/lleida.matersalvatoris.org\/en\/welcome\/\"]}]},{\"@type\":\"WebSite\",\"@id\":\"https:\/\/lleida.matersalvatoris.org\/en\/#website\",\"url\":\"https:\/\/lleida.matersalvatoris.org\/en\/\",\"name\":\"Lleida Mater Salvatoris\",\"description\":\"Lleida Mater Salvatoris\",\"potentialAction\":[{\"@type\":\"SearchAction\",\"target\":{\"@type\":\"EntryPoint\",\"urlTemplate\":\"https:\/\/lleida.matersalvatoris.org\/en\/?s={search_term_string}\"},\"query-input\":{\"@type\":\"PropertyValueSpecification\",\"valueRequired\":true,\"valueName\":\"search_term_string\"}}],\"inLanguage\":\"en-US\"}]}<\/script>\n<!-- \/ Yoast SEO plugin. -->","yoast_head_json":{"title":"WELCOME - Lleida Mater Salvatoris","robots":{"index":"index","follow":"follow","max-snippet":"max-snippet:-1","max-image-preview":"max-image-preview:large","max-video-preview":"max-video-preview:-1"},"canonical":"https:\/\/lleida.matersalvatoris.org\/en\/welcome\/","og_locale":"en_US","og_type":"article","og_title":"WELCOME - Lleida Mater Salvatoris","og_description":"Mater Salvatoris is a subsidized private Catholic mixed school, run by the nuns of the Company of the Saviour (Compa\u00f1\u00eda del Salvador)\u00a0Religious Institute,\u00a0an \u00a0institution of pontifical right , founded by [&hellip;]","og_url":"https:\/\/lleida.matersalvatoris.org\/en\/welcome\/","og_site_name":"Lleida Mater Salvatoris","article_modified_time":"2021-11-12T07:51:05+00:00","twitter_card":"summary_large_image","twitter_misc":{"Est. reading time":"2 minutes"},"schema":{"@context":"https:\/\/schema.org","@graph":[{"@type":"WebPage","@id":"https:\/\/lleida.matersalvatoris.org\/en\/welcome\/","url":"https:\/\/lleida.matersalvatoris.org\/en\/welcome\/","name":"WELCOME - Lleida Mater Salvatoris","isPartOf":{"@id":"https:\/\/lleida.matersalvatoris.org\/en\/#website"},"datePublished":"2021-10-29T09:18:59+00:00","dateModified":"2021-11-12T07:51:05+00:00","inLanguage":"en-US","potentialAction":[{"@type":"ReadAction","target":["https:\/\/lleida.matersalvatoris.org\/en\/welcome\/"]}]},{"@type":"WebSite","@id":"https:\/\/lleida.matersalvatoris.org\/en\/#website","url":"https:\/\/lleida.matersalvatoris.org\/en\/","name":"Lleida Mater Salvatoris","description":"Lleida Mater Salvatoris","potentialAction":[{"@type":"SearchAction","target":{"@type":"EntryPoint","urlTemplate":"https:\/\/lleida.matersalvatoris.org\/en\/?s={search_term_string}"},"query-input":{"@type":"PropertyValueSpecification","valueRequired":true,"valueName":"search_term_string"}}],"inLanguage":"en-US"}]}},"_links":{"self":[{"href":"https:\/\/lleida.matersalvatoris.org\/en\/wp-json\/wp\/v2\/pages\/692","targetHints":{"allow":["GET"]}}],"collection":[{"href":"https:\/\/lleida.matersalvatoris.org\/en\/wp-json\/wp\/v2\/pages"}],"about":[{"href":"https:\/\/lleida.matersalvatoris.org\/en\/wp-json\/wp\/v2\/types\/page"}],"author":[{"embeddable":true,"href":"https:\/\/lleida.matersalvatoris.org\/en\/wp-json\/wp\/v2\/users\/1"}],"replies":[{"embeddable":true,"href":"https:\/\/lleida.matersalvatoris.org\/en\/wp-json\/wp\/v2\/comments?post=692"}],"version-history":[{"count":5,"href":"https:\/\/lleida.matersalvatoris.org\/en\/wp-json\/wp\/v2\/pages\/692\/revisions"}],"predecessor-version":[{"id":7979,"href":"https:\/\/lleida.matersalvatoris.org\/en\/wp-json\/wp\/v2\/pages\/692\/revisions\/7979"}],"wp:attachment":[{"href":"https:\/\/lleida.matersalvatoris.org\/en\/wp-json\/wp\/v2\/media?parent=692"}],"curies":[{"name":"wp","href":"https:\/\/api.w.org\/{rel}","templated":true}]}}