{"id":687,"date":"2021-10-29T11:17:36","date_gmt":"2021-10-29T09:17:36","guid":{"rendered":"https:\/\/lleida.matersalvatoris.org\/?page_id=687"},"modified":"2024-02-26T11:43:03","modified_gmt":"2024-02-26T10:43:03","slug":"primary","status":"publish","type":"page","link":"https:\/\/lleida.matersalvatoris.org\/en\/primary\/","title":{"rendered":"Primary"},"content":{"rendered":"<p>[et_pb_section fb_built=&#8221;1&#8243; fullwidth=&#8221;on&#8221; _builder_version=&#8221;4.16&#8243; _module_preset=&#8221;default&#8221; da_disable_devices=&#8221;off|off|off&#8221; global_colors_info=&#8221;{}&#8221; da_is_popup=&#8221;off&#8221; da_exit_intent=&#8221;off&#8221; da_has_close=&#8221;on&#8221; da_alt_close=&#8221;off&#8221; da_dark_close=&#8221;off&#8221; da_not_modal=&#8221;on&#8221; da_is_singular=&#8221;off&#8221; da_with_loader=&#8221;off&#8221; da_has_shadow=&#8221;on&#8221;][et_pb_fullwidth_image src=&#8221;https:\/\/lleida.matersalvatoris.org\/wp-content\/uploads\/2021\/10\/primaria_slide-scaled.jpg&#8221; title_text=&#8221;primaria_slide&#8221; _builder_version=&#8221;4.16&#8243; _module_preset=&#8221;default&#8221; global_colors_info=&#8221;{}&#8221;][\/et_pb_fullwidth_image][\/et_pb_section][et_pb_section fb_built=&#8221;1&#8243; _builder_version=&#8221;4.16&#8243; _module_preset=&#8221;5c19a62f-513d-4606-ae30-8aab177d8889&#8243; custom_padding=&#8221;30px||30px||false|false&#8221; da_disable_devices=&#8221;off|off|off&#8221; global_colors_info=&#8221;{}&#8221; da_is_popup=&#8221;off&#8221; da_exit_intent=&#8221;off&#8221; da_has_close=&#8221;on&#8221; da_alt_close=&#8221;off&#8221; da_dark_close=&#8221;off&#8221; da_not_modal=&#8221;on&#8221; da_is_singular=&#8221;off&#8221; da_with_loader=&#8221;off&#8221; da_has_shadow=&#8221;on&#8221;][et_pb_row column_structure=&#8221;1_4,3_4&#8243; _builder_version=&#8221;4.16&#8243; _module_preset=&#8221;878dbd52-1639-4ccb-bc44-8449068c39e4&#8243; custom_padding=&#8221;0px||0px||false|false&#8221; global_colors_info=&#8221;{}&#8221;][et_pb_column type=&#8221;1_4&#8243; _builder_version=&#8221;4.16&#8243; _module_preset=&#8221;default&#8221; global_colors_info=&#8221;{}&#8221;][et_pb_text _builder_version=&#8221;4.16&#8243; _dynamic_attributes=&#8221;content&#8221; _module_preset=&#8221;fb58153c-30e1-4016-9cf8-2751ea08e8fb&#8221; global_colors_info=&#8221;{}&#8221;]@ET-DC@eyJkeW5hbWljIjp0cnVlLCJjb250ZW50IjoicG9zdF90aXRsZSIsInNldHRpbmdzIjp7ImJlZm9yZSI6IiIsImFmdGVyIjoiIn19@[\/et_pb_text][et_pb_image src=&#8221;https:\/\/lleida.matersalvatoris.org\/wp-content\/uploads\/2021\/11\/etapes2ok-1200&#215;1200-1.jpg&#8221; title_text=&#8221;etapes2ok-1200&#215;1200&#8243; _builder_version=&#8221;4.16&#8243; _module_preset=&#8221;cd5698fc-7441-45eb-b23f-47fbe30b45b6&#8243; global_colors_info=&#8221;{}&#8221;][\/et_pb_image][et_pb_image src=&#8221;https:\/\/lleida.matersalvatoris.org\/wp-content\/uploads\/2024\/02\/dsz3034-convertimage-min_optimized-scaled.jpg&#8221; title_text=&#8221;_dsz3034-convertimage-min_optimized&#8221; _builder_version=&#8221;4.24.0&#8243; _module_preset=&#8221;cd5698fc-7441-45eb-b23f-47fbe30b45b6&#8243; hover_enabled=&#8221;0&#8243; global_colors_info=&#8221;{}&#8221; sticky_enabled=&#8221;0&#8243;][\/et_pb_image][et_pb_image src=&#8221;https:\/\/lleida.matersalvatoris.org\/wp-content\/uploads\/2024\/02\/dsz2858-convertimage-min_optimized-scaled.jpg&#8221; title_text=&#8221;_dsz2858-convertimage-min_optimized&#8221; _builder_version=&#8221;4.24.0&#8243; _module_preset=&#8221;cd5698fc-7441-45eb-b23f-47fbe30b45b6&#8243; hover_enabled=&#8221;0&#8243; global_colors_info=&#8221;{}&#8221; sticky_enabled=&#8221;0&#8243;][\/et_pb_image][\/et_pb_column][et_pb_column type=&#8221;3_4&#8243; _builder_version=&#8221;4.16&#8243; _module_preset=&#8221;default&#8221; global_colors_info=&#8221;{}&#8221;][et_pb_text _builder_version=&#8221;4.16&#8243; _module_preset=&#8221;0beecb44-14b6-4146-a084-a63d2edaa5dd&#8221; text_text_color=&#8221;#FFFFFF&#8221; text_line_height=&#8221;1.1em&#8221; background_color=&#8221;#8196a1&#8243; custom_padding=&#8221;30px|30px|30px|30px|false|false&#8221; global_colors_info=&#8221;{}&#8221;]<\/p>\n<p><span>The Primary Education stage is the optimal moment for the education of the will.<\/span><\/p>\n<p>[\/et_pb_text][et_pb_text _builder_version=&#8221;4.16&#8243; _module_preset=&#8221;9616b5da-827c-4a8d-ad6f-bcd50de1f39f&#8221; global_colors_info=&#8221;{}&#8221;]<\/p>\n<p id=\"tw-target-text\" class=\"tw-data-text tw-ta tw-text-small\" dir=\"ltr\" data-placeholder=\"Traducci\u00f3n\"><span lang=\"en\">The College, in collaboration with the family, proposes that students assume work and study habits, develop basic cultural skills, and awaken their critical sense and responsibility. <\/span><\/p>\n<p id=\"tw-target-text\" class=\"tw-data-text tw-ta tw-text-small\" dir=\"ltr\" data-placeholder=\"Traducci\u00f3n\"><span lang=\"en\">In addition, special care is taken to care for those with special educational needs.<\/span><\/p>\n<ul>\n<li><a class=\"actividades\" href=\"https:\/\/lleida.matersalvatoris.org\/en\/etapas-educativas\/#primaria-asignatura-1\"><strong>Optimize performance<\/strong><\/a><br \/><span>The tutorial action guides with careful attention the individual and collective educational processes of the students.\u00a0<\/span><\/li>\n<li><a class=\"actividades\" href=\"https:\/\/lleida.matersalvatoris.org\/en\/etapas-educativas\/#primaria-asignatura-2\"><strong>Learning in family <\/strong><\/a><br \/><span>Our school is characterized by offering a climate of family trust and collaboration between teachers and students, so that everyone can feel accepted and listened to.<\/span><\/li>\n<li><a class=\"actividades\" href=\"https:\/\/lleida.matersalvatoris.org\/en\/etapas-educativas\/#primaria-asignatura-3\"><strong>Opening to trascendence <\/strong><\/a><br \/><span>At this stage, special care is taken to enjoy their relationship with God, through the Sacraments of Reconciliation and the Eucharist, which they receive for the first time in 3rd of Primary.<\/span><\/li>\n<li><a class=\"actividades\" href=\"https:\/\/lleida.matersalvatoris.org\/en\/etapas-educativas\/#primaria-asignatura-4\"><strong>Orchard Project<\/strong><\/a><br \/><span>Feeling part of a project means that we can get involved in a special way in what is being created. From the school garden the students of the higher courses of this stage will feel responsible and create a new space of the school that can share with the entire school community (students, parents, teachers \u2026) From the preparation of the land, planting , Care, crops for sale or donation of the products they will be responsible for this school garden. All of this using English as the main language, applying math, science or language skills and using materials they have created in art education or skills.<\/span><\/li>\n<\/ul>\n<p>[\/et_pb_text][\/et_pb_column][\/et_pb_row][\/et_pb_section]<\/p>\n","protected":false},"excerpt":{"rendered":"<p>The Primary Education stage is the optimal moment for the education of the will.The College, in collaboration with the family, proposes that students assume work and study habits, develop basic [&hellip;]<\/p>\n","protected":false},"author":1,"featured_media":0,"parent":0,"menu_order":0,"comment_status":"closed","ping_status":"closed","template":"","meta":{"_et_pb_use_builder":"on","_et_pb_old_content":"[et_pb_section fb_built=\"1\" fullwidth=\"on\" _builder_version=\"4.11.1\" _module_preset=\"default\" global_colors_info=\"{}\"][et_pb_fullwidth_image src=\"https:\/\/lleida.matersalvatoris.org\/wp-content\/uploads\/2021\/10\/primaria_slide-scaled.jpg\" title_text=\"primaria_slide\" _builder_version=\"4.11.1\" _module_preset=\"default\" global_colors_info=\"{}\"][\/et_pb_fullwidth_image][\/et_pb_section][et_pb_section fb_built=\"1\" custom_padding=\"30px||30px||false|false\" _builder_version=\"4.11.1\" _module_preset=\"5c19a62f-513d-4606-ae30-8aab177d8889\" global_colors_info=\"{}\"][et_pb_row custom_padding=\"0px||0px||false|false\" column_structure=\"1_4,3_4\" _builder_version=\"4.11.1\" _module_preset=\"878dbd52-1639-4ccb-bc44-8449068c39e4\" global_colors_info=\"{}\"][et_pb_column type=\"1_4\" _builder_version=\"4.11.1\" _module_preset=\"default\" global_colors_info=\"{}\"][et_pb_text background_color=\"#042d41\" text_font_size=\"30px\" text_text_color=\"#FFFFFF\" text_font=\"|700||on|||||\" text_orientation=\"center\" module_alignment=\"center\" height=\"244px\" custom_padding=\"110px||||false|false\" _builder_version=\"4.11.1\" _module_preset=\"130e0b9c-592c-4346-9b74-65866c043395\" global_colors_info=\"{}\"]\n\nPRIM\u00c0RIA\n\n[\/et_pb_text][et_pb_image border_width_all=\"2px\" border_color_all=\"rgba(0,0,0,0.1)\" border_radii=\"on|2px|2px|2px|2px\" custom_padding=\"0px|0px|0px|0px|false|false\" box_shadow_style=\"preset1\" src=\"https:\/\/lleida.matersalvatoris.org\/wp-content\/uploads\/2021\/10\/primaria-300x300-1.jpg\" title_text=\"primaria-300x300\" _builder_version=\"4.11.1\" _module_preset=\"1456a61a-6428-47f7-af7b-e2d2556e2239\" global_colors_info=\"{}\"][\/et_pb_image][\/et_pb_column][et_pb_column type=\"3_4\" _builder_version=\"4.11.1\" _module_preset=\"default\" global_colors_info=\"{}\"][et_pb_text background_color=\"#8196a1\" custom_padding=\"30px|30px|30px|30px|false|false\" text_font_size=\"20px\" text_text_color=\"#FFFFFF\" text_line_height=\"1.1em\" custom_margin=\"||1em||false|false\" _builder_version=\"4.11.1\" _module_preset=\"0beecb44-14b6-4146-a084-a63d2edaa5dd\" global_colors_info=\"{}\"]\n\nL\u2019etapa d\u2019Educaci\u00f3 Prim\u00e0ria \u00e9s el moment \u00f2ptim per a l\u2019educaci\u00f3 de la voluntat.\n\n[\/et_pb_text][et_pb_text text_text_color=\"#000000\" text_font_size=\"20px\" text_line_height=\"1.2em\" custom_margin=\"||1em||false|false\" _builder_version=\"4.11.1\" _module_preset=\"9616b5da-827c-4a8d-ad6f-bcd50de1f39f\" global_colors_info=\"{}\"]\n\nEl Col\u00b7legi, en col\u00b7laboraci\u00f3 amb la fam\u00edlia, es proposa que els alumnes assumeixin h\u00e0bits de treball i estudi, desenvolupin habilitats culturals b\u00e0siques, i despertin el seu sentit cr\u00edtic i de responsabilitat. A m\u00e9s es posa especial cura a atendre a aquells que presenten necessitats educatives especials.\n<ul>\n \t<li><strong>Optimitzar el rendiment. <\/strong>\nL\u2019acci\u00f3 tutorial orienta amb acurada atenci\u00f3 el proc\u00e9s educatiu individual i col\u00b7lectiu de l\u2019alumnat.<\/li>\n \t<li><strong>Aprenent en fam\u00edlia. <\/strong>\nEl nostre col\u00b7legi es caracteritza especialment per oferir un clima de familiar confian\u00e7a i col\u00b7laboraci\u00f3 entre professors i alumnes, de manera que tots puguin sentir-se acceptats i escoltats.<\/li>\n \t<li><strong>Obertura a la transcend\u00e8ncia. <\/strong>\nEn aquesta etapa es posa especial cura en qu\u00e8 gaudeixin de la seva relaci\u00f3 amb D\u00e9u, a trav\u00e9s dels Sagraments de la Reconciliaci\u00f3 i l\u2019Eucaristia, que reben per primera vegada en 3r. de Prim\u00e0ria.<\/li>\n \t<li><strong>Projecto Hort. <\/strong>\nSentir-se part d\u2019un projecte fa que puguem implicar-nos de manera especial en all\u00f2 que s\u2019est\u00e0 creant. A partir de l\u2019hort escolar els alumnes dels cursos superiors d\u2019aquesta etapa se sentiran responsables i creadors d\u2019un nou espai del col\u00b7legi que podran compartir amb la comunitat escolar al complet (alumnes, pares, professors\u2026) Des de la preparaci\u00f3 de la terra, sembra, cures, collites a la venda o donaci\u00f3 dels productes ells seran els responsables d\u2019aquest hort escolar. Tot aix\u00f2 utilitzant l\u2019angl\u00e8s com a llengua principal, aplicant coneixements de matem\u00e0tiques, ci\u00e8ncies o lleng\u00fces i utilitzant materials creats per ells mateixos en educaci\u00f3 art\u00edstica o destreses.<\/li>\n<\/ul>\n[\/et_pb_text][\/et_pb_column][\/et_pb_row][\/et_pb_section]","_et_gb_content_width":"","footnotes":""},"class_list":["post-687","page","type-page","status-publish","hentry"],"yoast_head":"<!-- This site is optimized with the Yoast SEO plugin v26.6 - https:\/\/yoast.com\/wordpress\/plugins\/seo\/ -->\n<title>Primary - Lleida Mater Salvatoris<\/title>\n<meta name=\"robots\" content=\"index, follow, max-snippet:-1, max-image-preview:large, max-video-preview:-1\" \/>\n<link rel=\"canonical\" href=\"https:\/\/lleida.matersalvatoris.org\/en\/primary\/\" \/>\n<meta property=\"og:locale\" content=\"en_US\" \/>\n<meta property=\"og:type\" content=\"article\" \/>\n<meta property=\"og:title\" content=\"Primary - Lleida Mater Salvatoris\" \/>\n<meta property=\"og:description\" content=\"The Primary Education stage is the optimal moment for the education of the will.The College, in collaboration with the family, proposes that students assume work and study habits, develop basic [&hellip;]\" \/>\n<meta property=\"og:url\" content=\"https:\/\/lleida.matersalvatoris.org\/en\/primary\/\" \/>\n<meta property=\"og:site_name\" content=\"Lleida Mater Salvatoris\" \/>\n<meta property=\"article:modified_time\" content=\"2024-02-26T10:43:03+00:00\" \/>\n<meta name=\"twitter:card\" content=\"summary_large_image\" \/>\n<meta name=\"twitter:label1\" content=\"Est. reading time\" \/>\n\t<meta name=\"twitter:data1\" content=\"3 minutes\" \/>\n<script type=\"application\/ld+json\" class=\"yoast-schema-graph\">{\"@context\":\"https:\/\/schema.org\",\"@graph\":[{\"@type\":\"WebPage\",\"@id\":\"https:\/\/lleida.matersalvatoris.org\/en\/primary\/\",\"url\":\"https:\/\/lleida.matersalvatoris.org\/en\/primary\/\",\"name\":\"Primary - Lleida Mater Salvatoris\",\"isPartOf\":{\"@id\":\"https:\/\/lleida.matersalvatoris.org\/en\/#website\"},\"datePublished\":\"2021-10-29T09:17:36+00:00\",\"dateModified\":\"2024-02-26T10:43:03+00:00\",\"inLanguage\":\"en-US\",\"potentialAction\":[{\"@type\":\"ReadAction\",\"target\":[\"https:\/\/lleida.matersalvatoris.org\/en\/primary\/\"]}]},{\"@type\":\"WebSite\",\"@id\":\"https:\/\/lleida.matersalvatoris.org\/en\/#website\",\"url\":\"https:\/\/lleida.matersalvatoris.org\/en\/\",\"name\":\"Lleida Mater Salvatoris\",\"description\":\"Lleida Mater Salvatoris\",\"potentialAction\":[{\"@type\":\"SearchAction\",\"target\":{\"@type\":\"EntryPoint\",\"urlTemplate\":\"https:\/\/lleida.matersalvatoris.org\/en\/?s={search_term_string}\"},\"query-input\":{\"@type\":\"PropertyValueSpecification\",\"valueRequired\":true,\"valueName\":\"search_term_string\"}}],\"inLanguage\":\"en-US\"}]}<\/script>\n<!-- \/ Yoast SEO plugin. -->","yoast_head_json":{"title":"Primary - Lleida Mater Salvatoris","robots":{"index":"index","follow":"follow","max-snippet":"max-snippet:-1","max-image-preview":"max-image-preview:large","max-video-preview":"max-video-preview:-1"},"canonical":"https:\/\/lleida.matersalvatoris.org\/en\/primary\/","og_locale":"en_US","og_type":"article","og_title":"Primary - Lleida Mater Salvatoris","og_description":"The Primary Education stage is the optimal moment for the education of the will.The College, in collaboration with the family, proposes that students assume work and study habits, develop basic [&hellip;]","og_url":"https:\/\/lleida.matersalvatoris.org\/en\/primary\/","og_site_name":"Lleida Mater Salvatoris","article_modified_time":"2024-02-26T10:43:03+00:00","twitter_card":"summary_large_image","twitter_misc":{"Est. reading time":"3 minutes"},"schema":{"@context":"https:\/\/schema.org","@graph":[{"@type":"WebPage","@id":"https:\/\/lleida.matersalvatoris.org\/en\/primary\/","url":"https:\/\/lleida.matersalvatoris.org\/en\/primary\/","name":"Primary - Lleida Mater Salvatoris","isPartOf":{"@id":"https:\/\/lleida.matersalvatoris.org\/en\/#website"},"datePublished":"2021-10-29T09:17:36+00:00","dateModified":"2024-02-26T10:43:03+00:00","inLanguage":"en-US","potentialAction":[{"@type":"ReadAction","target":["https:\/\/lleida.matersalvatoris.org\/en\/primary\/"]}]},{"@type":"WebSite","@id":"https:\/\/lleida.matersalvatoris.org\/en\/#website","url":"https:\/\/lleida.matersalvatoris.org\/en\/","name":"Lleida Mater Salvatoris","description":"Lleida Mater Salvatoris","potentialAction":[{"@type":"SearchAction","target":{"@type":"EntryPoint","urlTemplate":"https:\/\/lleida.matersalvatoris.org\/en\/?s={search_term_string}"},"query-input":{"@type":"PropertyValueSpecification","valueRequired":true,"valueName":"search_term_string"}}],"inLanguage":"en-US"}]}},"_links":{"self":[{"href":"https:\/\/lleida.matersalvatoris.org\/en\/wp-json\/wp\/v2\/pages\/687","targetHints":{"allow":["GET"]}}],"collection":[{"href":"https:\/\/lleida.matersalvatoris.org\/en\/wp-json\/wp\/v2\/pages"}],"about":[{"href":"https:\/\/lleida.matersalvatoris.org\/en\/wp-json\/wp\/v2\/types\/page"}],"author":[{"embeddable":true,"href":"https:\/\/lleida.matersalvatoris.org\/en\/wp-json\/wp\/v2\/users\/1"}],"replies":[{"embeddable":true,"href":"https:\/\/lleida.matersalvatoris.org\/en\/wp-json\/wp\/v2\/comments?post=687"}],"version-history":[{"count":6,"href":"https:\/\/lleida.matersalvatoris.org\/en\/wp-json\/wp\/v2\/pages\/687\/revisions"}],"predecessor-version":[{"id":10062,"href":"https:\/\/lleida.matersalvatoris.org\/en\/wp-json\/wp\/v2\/pages\/687\/revisions\/10062"}],"wp:attachment":[{"href":"https:\/\/lleida.matersalvatoris.org\/en\/wp-json\/wp\/v2\/media?parent=687"}],"curies":[{"name":"wp","href":"https:\/\/api.w.org\/{rel}","templated":true}]}}