{"id":657,"date":"2021-10-29T11:13:40","date_gmt":"2021-10-29T09:13:40","guid":{"rendered":"https:\/\/lleida.matersalvatoris.org\/?page_id=657"},"modified":"2026-03-27T10:22:17","modified_gmt":"2026-03-27T09:22:17","slug":"pre-school","status":"publish","type":"page","link":"https:\/\/lleida.matersalvatoris.org\/en\/pre-school\/","title":{"rendered":"Pre-School"},"content":{"rendered":"<p>[et_pb_section fb_built=&#8221;1&#8243; _builder_version=&#8221;4.16&#8243; _module_preset=&#8221;5c19a62f-513d-4606-ae30-8aab177d8889&#8243; custom_padding=&#8221;30px||30px||false|false&#8221; da_disable_devices=&#8221;off|off|off&#8221; global_colors_info=&#8221;{}&#8221; da_is_popup=&#8221;off&#8221; da_exit_intent=&#8221;off&#8221; da_has_close=&#8221;on&#8221; da_alt_close=&#8221;off&#8221; da_dark_close=&#8221;off&#8221; da_not_modal=&#8221;on&#8221; da_is_singular=&#8221;off&#8221; da_with_loader=&#8221;off&#8221; da_has_shadow=&#8221;on&#8221;][et_pb_row column_structure=&#8221;1_4,3_4&#8243; _builder_version=&#8221;4.16&#8243; _module_preset=&#8221;878dbd52-1639-4ccb-bc44-8449068c39e4&#8243; custom_padding=&#8221;0px||0px||false|false&#8221; global_colors_info=&#8221;{}&#8221;][et_pb_column type=&#8221;1_4&#8243; _builder_version=&#8221;4.16&#8243; _module_preset=&#8221;default&#8221; global_colors_info=&#8221;{}&#8221;][et_pb_text _builder_version=&#8221;4.16&#8243; _dynamic_attributes=&#8221;content&#8221; _module_preset=&#8221;fb58153c-30e1-4016-9cf8-2751ea08e8fb&#8221; global_colors_info=&#8221;{}&#8221;]@ET-DC@eyJkeW5hbWljIjp0cnVlLCJjb250ZW50IjoicG9zdF90aXRsZSIsInNldHRpbmdzIjp7ImJlZm9yZSI6IiIsImFmdGVyIjoiIn19@[\/et_pb_text][et_pb_image src=&#8221;https:\/\/lleida.matersalvatoris.org\/wp-content\/uploads\/2024\/02\/img_3013-convertimage-min_optimized-scaled.jpg&#8221; title_text=&#8221;img_3013-convertimage-min_optimized&#8221; _builder_version=&#8221;4.24.0&#8243; _module_preset=&#8221;cd5698fc-7441-45eb-b23f-47fbe30b45b6&#8243; global_colors_info=&#8221;{}&#8221;][\/et_pb_image][et_pb_image src=&#8221;https:\/\/lleida.matersalvatoris.org\/wp-content\/uploads\/2024\/02\/DSZ3528-ConvertImage-1-2-scaled.jpg&#8221; title_text=&#8221;_DSZ3528-ConvertImage (1) (2)&#8221; _builder_version=&#8221;4.24.0&#8243; _module_preset=&#8221;cd5698fc-7441-45eb-b23f-47fbe30b45b6&#8243; global_colors_info=&#8221;{}&#8221;][\/et_pb_image][et_pb_image src=&#8221;https:\/\/lleida.matersalvatoris.org\/wp-content\/uploads\/2024\/02\/dsz3552-convertimage-min_optimized-scaled.jpg&#8221; title_text=&#8221;_dsz3552-convertimage-min_optimized&#8221; _builder_version=&#8221;4.24.0&#8243; _module_preset=&#8221;cd5698fc-7441-45eb-b23f-47fbe30b45b6&#8243; global_colors_info=&#8221;{}&#8221;][\/et_pb_image][et_pb_image src=&#8221;https:\/\/lleida.matersalvatoris.org\/wp-content\/uploads\/2024\/02\/dsz3483-convertimage-min_optimized-scaled.jpg&#8221; title_text=&#8221;_dsz3483-convertimage-min_optimized&#8221; _builder_version=&#8221;4.24.0&#8243; _module_preset=&#8221;cd5698fc-7441-45eb-b23f-47fbe30b45b6&#8243; global_colors_info=&#8221;{}&#8221;][\/et_pb_image][et_pb_image src=&#8221;https:\/\/lleida.matersalvatoris.org\/wp-content\/uploads\/2024\/02\/DSZ3310-ConvertImage-scaled.jpg&#8221; title_text=&#8221;_DSZ3310-ConvertImage&#8221; _builder_version=&#8221;4.24.0&#8243; _module_preset=&#8221;cd5698fc-7441-45eb-b23f-47fbe30b45b6&#8243; global_colors_info=&#8221;{}&#8221;][\/et_pb_image][\/et_pb_column][et_pb_column type=&#8221;3_4&#8243; _builder_version=&#8221;4.16&#8243; _module_preset=&#8221;default&#8221; global_colors_info=&#8221;{}&#8221;][et_pb_text _builder_version=&#8221;4.16&#8243; _module_preset=&#8221;0beecb44-14b6-4146-a084-a63d2edaa5dd&#8221; text_text_color=&#8221;#FFFFFF&#8221; text_line_height=&#8221;1.1em&#8221; background_color=&#8221;#8196a1&#8243; custom_padding=&#8221;30px|30px|30px|30px|false|false&#8221; global_colors_info=&#8221;{}&#8221;]<\/p>\n<p style=\"text-align: justify;\"><span>In this educational stage our first objective is adaptation. We care that each child is happy, calm and above all that feels wanted in the School.<\/span><\/p>\n<p>[\/et_pb_text][et_pb_text _builder_version=&#8221;4.16&#8243; _module_preset=&#8221;9616b5da-827c-4a8d-ad6f-bcd50de1f39f&#8221; global_colors_info=&#8221;{}&#8221;]<\/p>\n<p>From the beginning we work on<strong>\u00a0habits<\/strong>, basic\u00a0routines such as eating, sleeping, hygiene\u2026 everyday routines that happen\u00a0in a stable way, with the same schedule and respecting the rhythm that each child needs.<\/p>\n<p>We also educate the <strong>will, we try that from a young age children experience the joy of doing things well.<\/strong><\/p>\n<ul>\n<ul>\n<li><strong>EARLY STIMULATION<\/strong>\n<div>\n<p id=\"tw-target-text\" class=\"tw-data-text tw-ta tw-text-small\" dir=\"ltr\" data-placeholder=\"Traducci\u00f3n\"><span lang=\"en\">The potential of a child at birth is immense. <strong>Its further development will depend on the amount of stimuli that it receives in the first years of life.<\/strong> In the School we create environments rich in intellectual, physical and social stimuli so that each student develops to the maximum their capacities<\/span><\/p>\n<\/div>\n<\/li>\n<\/ul>\n<\/ul>\n<ul>\n<ul>\n<li><strong>PSYCHOMOTRICITY<\/strong>\n<div>\n<p id=\"tw-target-text\" class=\"tw-data-text tw-ta tw-text-small\" dir=\"ltr\" data-placeholder=\"Traducci\u00f3n\"><span lang=\"en\">We work it daily with half-hour sessions. Thus <strong>they acquire a mastery of their own body, which will allow them to develop properly.<\/strong><\/span><\/p>\n<p id=\"tw-target-text\" class=\"tw-data-text tw-ta tw-text-small\" dir=\"ltr\" data-placeholder=\"Traducci\u00f3n\"><span>Breathing, coordination and balance, bases of the initiation to sport are worked on.<\/span><\/p>\n<\/div>\n<\/li>\n<\/ul>\n<\/ul>\n<ul>\n<ul>\n<li><strong>TRILINGUAL ENVIRONMENT<\/strong>\n<div>\n<p><strong>From the beginning the student is immersed in an environment where Catalan, Spanish and English are spoken.<\/strong><\/p>\n<p>They have three daily sessions of English with native and bilingual teachers. In addition, some subjects are taught in English.<\/p>\n<p>Throughout Child Education children consolidate the learning of English through stories, songs, games, drama and vocabulary, so that the English language becomes natural for them.<\/p>\n<p class=\"tw-data-text tw-ta tw-text-small\" dir=\"ltr\" data-placeholder=\"Traducci\u00f3n\"><span lang=\"en\">To establish the basis of correct pronunciation, the method of reading phonetic writing used in the College is <strong>The Oxford Reading Tree<\/strong> combined with <strong>Jolly Phonics<\/strong>, an attractive and fun way of learning used in the UK. <\/span><\/p>\n<p class=\"tw-data-text tw-ta tw-text-small\" dir=\"ltr\" data-placeholder=\"Traducci\u00f3n\"><strong><span lang=\"en\">The English language becomes natural for children.<\/span><\/strong><\/p>\n<\/div>\n<\/li>\n<\/ul>\n<\/ul>\n<ul>\n<ul>\n<li><strong>FUN MATHS<\/strong>\n<div>\n<p>Maths is done in a <strong>useful and practical<\/strong> way. We give strategies to solve mathematical situations in a practical context and through different <strong>sensory and physical stimuli<\/strong>\u00a0we make maths content more beneficial.<\/p>\n<\/div>\n<\/li>\n<\/ul>\n<\/ul>\n<ul>\n<ul>\n<li><strong>PROGRAMMING<\/strong>\n<div>\n<p>In Early Childhood Education we work on an initial introduction to <strong>Cubetto<\/strong> programming. The children learn to program this robot and make it interact with its surroundings using coloured chips.<\/p>\n<p>In addition we develop the\u00a0competences mathematics and space.<\/p>\n<p><strong>It is a simple and fun way to learn programming.<\/p>\n<p><\/strong><\/p>\n<\/div>\n<\/li>\n<li><strong>AULA MONTESSORI<\/strong>\n<div>\n<p id=\"tw-target-text\" class=\"tw-data-text tw-ta tw-text-small\" dir=\"ltr\" data-placeholder=\"Traducci\u00f3n\"><span lang=\"en\">\u00a0It is an environment prepared with all the material at hand, where the children are the protagonist of their own learning. <\/span><\/p>\n<p><strong>&#8211; Sensory area<\/strong>.\u00a0Sensory activities give children the opportunity to explore a variety of subjects through the manipulation of objects using their <strong>senses<\/strong>.<br \/><strong>&#8211; Language area<\/strong>.\u00a0To work on\u00a0<strong>expression, understanding and reading<\/strong> in a dynamic and fun way.<br \/><strong>&#8211; Artistic area<\/strong>.\u00a0It allows children to <strong>create and to experiment<\/strong> with a diversity of materials, textures and techniques, enhancing the creativity, the artistic interest and stimulating the imagination.<br \/><strong>&#8211; Area of \u200b\u200bpractical life<\/strong>.\u00a0Activities are carried out to develop <strong>daily life skills,<\/strong> promoting their autonomy and educational habits.<br \/><strong>&#8211; Area of \u200b\u200bthe sciences<\/strong>.\u00a0To discover the environment and awaken curiosity\u00a0for Nature.<\/p>\n<p>Play activity through play encourages children\u2019s learning.<\/p>\n<\/div>\n<\/li>\n<\/ul>\n<\/ul>\n<ul><\/ul>\n<p>[\/et_pb_text][\/et_pb_column][\/et_pb_row][\/et_pb_section]<\/p>\n","protected":false},"excerpt":{"rendered":"<p>In this educational stage our first objective is adaptation. We care that each child is happy, calm and above all that feels wanted in the School.From the beginning we work [&hellip;]<\/p>\n","protected":false},"author":1,"featured_media":0,"parent":0,"menu_order":0,"comment_status":"closed","ping_status":"closed","template":"","meta":{"_et_pb_use_builder":"on","_et_pb_old_content":"[et_pb_section fb_built=\"1\" custom_padding=\"30px||30px||false|false\" _builder_version=\"4.11.1\" _module_preset=\"5c19a62f-513d-4606-ae30-8aab177d8889\" global_colors_info=\"{}\"][et_pb_row custom_padding=\"0px||0px||false|false\" column_structure=\"1_4,3_4\" _builder_version=\"4.11.1\" _module_preset=\"878dbd52-1639-4ccb-bc44-8449068c39e4\" global_colors_info=\"{}\"][et_pb_column type=\"1_4\" _builder_version=\"4.11.1\" _module_preset=\"default\" global_colors_info=\"{}\"][et_pb_text background_color=\"#042d41\" text_font_size=\"30px\" text_text_color=\"#FFFFFF\" text_font=\"|700||on|||||\" text_orientation=\"center\" module_alignment=\"center\" height=\"244px\" custom_padding=\"110px||||false|false\" _builder_version=\"4.11.1\" _module_preset=\"130e0b9c-592c-4346-9b74-65866c043395\" global_colors_info=\"{}\"]\n\nInfantil\n\n[\/et_pb_text][et_pb_image border_width_all=\"2px\" border_color_all=\"rgba(0,0,0,0.1)\" border_radii=\"on|2px|2px|2px|2px\" custom_padding=\"0px|0px|0px|0px|false|false\" box_shadow_style=\"preset1\" src=\"https:\/\/lleida.matersalvatoris.org\/wp-content\/uploads\/2021\/10\/infantil-300x300-1.jpg\" title_text=\"infantil-300x300\" _builder_version=\"4.11.1\" _module_preset=\"1456a61a-6428-47f7-af7b-e2d2556e2239\" global_colors_info=\"{}\"][\/et_pb_image][\/et_pb_column][et_pb_column type=\"3_4\" _builder_version=\"4.11.1\" _module_preset=\"default\" global_colors_info=\"{}\"][et_pb_text background_color=\"#8196a1\" custom_padding=\"30px|30px|30px|30px|false|false\" text_font_size=\"20px\" text_text_color=\"#FFFFFF\" text_line_height=\"1.1em\" custom_margin=\"||1em||false|false\" _builder_version=\"4.11.1\" _module_preset=\"0beecb44-14b6-4146-a084-a63d2edaa5dd\" global_colors_info=\"{}\"]\n<p style=\"text-align: justify;\">En l\u2019actualitat, quasi 7.000 alumnes reben la seva educaci\u00f3 en algun dels col\u00b7legis Mater Salvatoris.<\/p>\n[\/et_pb_text][et_pb_text text_text_color=\"#000000\" text_font_size=\"20px\" text_line_height=\"1.2em\" custom_margin=\"||1em||false|false\" _builder_version=\"4.11.1\" _module_preset=\"9616b5da-827c-4a8d-ad6f-bcd50de1f39f\" global_colors_info=\"{}\"]\n\nDes del principi anem treballant els <strong>h\u00e0bits<\/strong>, les primeres rutines en l\u2019alimentaci\u00f3, son, higiene\u2026 rutines que treballem cada dia, amb un mateix horari i respectant el ritme que cada nen necessiti.\n\nTamb\u00e9 eduquem de la<strong> voluntat, busquem que des de petits experimentin l\u2019alegria de fer les coses b\u00e9.<\/strong>\n<ul>\n \t<li><strong>ESTIMULACI\u00d3 PRIMERENCA. <\/strong>\nEl potencial d\u2019un nen en n\u00e9ixer \u00e9s immens.<strong> De la quantitat d\u2019est\u00edmuls que rebi en els primers anys de vida dependr\u00e0 el seu desenvolupament posterior.<\/strong> Al Col\u00b7legi vam crear entorns rics en est\u00edmuls intel\u00b7lectuals, f\u00edsics i socials perqu\u00e8 cada alumne pugui desenvolupar al m\u00e0xim les seves capacitats.<\/li>\n \t<li><strong>PSICOMOTRICITAT. <\/strong>\nEs treballa di\u00e0riament amb sessions de mitja hora. Aix\u00ed <strong>adquireixen un domini del seu propi cos, la qual cosa els permetr\u00e0 desenvolupar-se adequadament.<\/strong>\nEs treballa la respiraci\u00f3, la coordinaci\u00f3 i l\u2019equilibri, bases de la iniciaci\u00f3 a l\u2019esport.<\/li>\n \t<li><strong>ENTORN TRILING\u00dcE. <\/strong>\n<strong>Des dels comen\u00e7aments l\u2019alumne es troba immers en un ambient en qu\u00e8 es parla catal\u00e0, castell\u00e0 i angl\u00e8s.<\/strong>\nTenen tres sessions di\u00e0ries d\u2019angl\u00e8s amb professorat natiu i biling\u00fce. A m\u00e9s s\u2019imparteix alguna assignatura en angl\u00e8s.\nDurant tota l\u2019Educaci\u00f3 Infantil els alumnes anir\u00e0n consolidant l\u2019aprenentatge de l\u2019angl\u00e8s mitjan\u00e7ant contes can\u00e7ons, jocs, dramatitzaci\u00f3 i vocabulari, de manera que la llengua anglesa arribi a ser alguna cosa natural per a ells.\nPer assentar la base d\u2019una correcta pronunciaci\u00f3, el m\u00e8tode de lectoescriptura fon\u00e8tica que s\u2019empra al Col\u00b7legi \u00e9s <strong>The Oxford Reading Tree<\/strong> combinat amb <strong>Jolly Phonics<\/strong>, una forma d\u2019aprendre atractiva, propera i divertida utilitzada al Regne Unit.\n<strong>La llengua anglesa es converteix en alguna cosa natural per als nens.<\/strong><\/li>\n \t<li><strong>MATEM\u00c0TIQUES DIVERTIDES. <\/strong>\nEs treballen les matem\u00e0tiques de manera <strong>\u00fatil i pr\u00e0ctica<\/strong>. Es donen estrat\u00e8gies per solucionar situacions matem\u00e0tiques en un context pr\u00e0ctic i a trav\u00e9s de diferents <strong>est\u00edmuls sensorials i f\u00edsics<\/strong> es fa m\u00e9s assequible el contingut matem\u00e0tic.<\/li>\n \t<li><strong>PROGRAMACI\u00d3. <\/strong>\nA l\u2019Educaci\u00f3 Infantil treballem una primera introducci\u00f3 a la programaci\u00f3 amb <strong>Cubetto<\/strong>, un robot que aprenen a programar i a fer interactuar amb l\u2019entorn a trav\u00e9s d\u2019unes fitxes de colors.\nA m\u00e9s desenvolupem les compet\u00e8ncies matem\u00e0tica i l\u2019espacial.\n<strong>\u00c9s una manera senzilla i divertida d\u2019aprendre programaci\u00f3.<\/strong><\/li>\n \t<li><strong>AULA MONTESSORI. <\/strong>\n\u00c9s un ambient preparat amb tot el material a l\u2019abast, on el nen \u00e9s el protagonista del seu aprenentatge.\n<ul>\n \t<li><strong>\u00c0rea sensorial.<\/strong> Les activitats sensorials donen als nens l\u2019oportunitat d\u2019explorar una varietat de temes a trav\u00e9s de la manipulaci\u00f3 d\u2019objectes emprant els seus <strong>sentits<\/strong>.<\/li>\n \t<li><strong>\u00c0rea del llenguatge.<\/strong> Per treballar <strong>l\u2019expressi\u00f3, la comprensi\u00f3 i la lectura<\/strong> d\u2019una forma din\u00e0mica i divertida.<\/li>\n \t<li><strong>\u00c0rea art\u00edstica.<\/strong> Permet <strong>crear i experimentar<\/strong> amb diversitat de materials, textures i t\u00e8cniques, potenciant la creativitat, l\u2019inter\u00e8s art\u00edstic i incentivant la imaginaci\u00f3.<\/li>\n \t<li><strong>\u00c0rea de la vida pr\u00e0ctica.<\/strong> Es realitzen activitats per desenvolupar<strong> habilitats de la vida di\u00e0ria<\/strong>, fomentant la seva autonomia i l\u2019educaci\u00f3 d\u2019h\u00e0bits.<\/li>\n \t<li><strong>\u00c0rea de les ci\u00e8ncies.<\/strong> Per descobrir el propi entorn i despertar la sorpresa per la Naturalesa.<\/li>\n<\/ul>\n<\/li>\n<\/ul>\n<strong>L\u2019activitat l\u00fadica a trav\u00e9s del joc afavoreix l\u2019aprenentatge infantil.<\/strong>\n\n[\/et_pb_text][\/et_pb_column][\/et_pb_row][\/et_pb_section]","_et_gb_content_width":"","footnotes":""},"class_list":["post-657","page","type-page","status-publish","hentry"],"yoast_head":"<!-- This site is optimized with the Yoast SEO plugin v26.6 - https:\/\/yoast.com\/wordpress\/plugins\/seo\/ -->\n<title>Pre-School - Lleida Mater Salvatoris<\/title>\n<meta name=\"robots\" content=\"index, follow, max-snippet:-1, max-image-preview:large, max-video-preview:-1\" \/>\n<link rel=\"canonical\" href=\"https:\/\/lleida.matersalvatoris.org\/en\/pre-school\/\" \/>\n<meta property=\"og:locale\" content=\"en_US\" \/>\n<meta property=\"og:type\" content=\"article\" \/>\n<meta property=\"og:title\" content=\"Pre-School - Lleida Mater Salvatoris\" \/>\n<meta property=\"og:description\" content=\"In this educational stage our first objective is adaptation. We care that each child is happy, calm and above all that feels wanted in the School.From the beginning we work [&hellip;]\" \/>\n<meta property=\"og:url\" content=\"https:\/\/lleida.matersalvatoris.org\/en\/pre-school\/\" \/>\n<meta property=\"og:site_name\" content=\"Lleida Mater Salvatoris\" \/>\n<meta property=\"article:modified_time\" content=\"2026-03-27T09:22:17+00:00\" \/>\n<meta name=\"twitter:card\" content=\"summary_large_image\" \/>\n<meta name=\"twitter:label1\" content=\"Est. reading time\" \/>\n\t<meta name=\"twitter:data1\" content=\"5 minutes\" \/>\n<script type=\"application\/ld+json\" class=\"yoast-schema-graph\">{\"@context\":\"https:\/\/schema.org\",\"@graph\":[{\"@type\":\"WebPage\",\"@id\":\"https:\/\/lleida.matersalvatoris.org\/en\/pre-school\/\",\"url\":\"https:\/\/lleida.matersalvatoris.org\/en\/pre-school\/\",\"name\":\"Pre-School - Lleida Mater Salvatoris\",\"isPartOf\":{\"@id\":\"https:\/\/lleida.matersalvatoris.org\/en\/#website\"},\"datePublished\":\"2021-10-29T09:13:40+00:00\",\"dateModified\":\"2026-03-27T09:22:17+00:00\",\"inLanguage\":\"en-US\",\"potentialAction\":[{\"@type\":\"ReadAction\",\"target\":[\"https:\/\/lleida.matersalvatoris.org\/en\/pre-school\/\"]}]},{\"@type\":\"WebSite\",\"@id\":\"https:\/\/lleida.matersalvatoris.org\/en\/#website\",\"url\":\"https:\/\/lleida.matersalvatoris.org\/en\/\",\"name\":\"Lleida Mater Salvatoris\",\"description\":\"Lleida Mater Salvatoris\",\"potentialAction\":[{\"@type\":\"SearchAction\",\"target\":{\"@type\":\"EntryPoint\",\"urlTemplate\":\"https:\/\/lleida.matersalvatoris.org\/en\/?s={search_term_string}\"},\"query-input\":{\"@type\":\"PropertyValueSpecification\",\"valueRequired\":true,\"valueName\":\"search_term_string\"}}],\"inLanguage\":\"en-US\"}]}<\/script>\n<!-- \/ Yoast SEO plugin. -->","yoast_head_json":{"title":"Pre-School - Lleida Mater Salvatoris","robots":{"index":"index","follow":"follow","max-snippet":"max-snippet:-1","max-image-preview":"max-image-preview:large","max-video-preview":"max-video-preview:-1"},"canonical":"https:\/\/lleida.matersalvatoris.org\/en\/pre-school\/","og_locale":"en_US","og_type":"article","og_title":"Pre-School - Lleida Mater Salvatoris","og_description":"In this educational stage our first objective is adaptation. We care that each child is happy, calm and above all that feels wanted in the School.From the beginning we work [&hellip;]","og_url":"https:\/\/lleida.matersalvatoris.org\/en\/pre-school\/","og_site_name":"Lleida Mater Salvatoris","article_modified_time":"2026-03-27T09:22:17+00:00","twitter_card":"summary_large_image","twitter_misc":{"Est. reading time":"5 minutes"},"schema":{"@context":"https:\/\/schema.org","@graph":[{"@type":"WebPage","@id":"https:\/\/lleida.matersalvatoris.org\/en\/pre-school\/","url":"https:\/\/lleida.matersalvatoris.org\/en\/pre-school\/","name":"Pre-School - Lleida Mater Salvatoris","isPartOf":{"@id":"https:\/\/lleida.matersalvatoris.org\/en\/#website"},"datePublished":"2021-10-29T09:13:40+00:00","dateModified":"2026-03-27T09:22:17+00:00","inLanguage":"en-US","potentialAction":[{"@type":"ReadAction","target":["https:\/\/lleida.matersalvatoris.org\/en\/pre-school\/"]}]},{"@type":"WebSite","@id":"https:\/\/lleida.matersalvatoris.org\/en\/#website","url":"https:\/\/lleida.matersalvatoris.org\/en\/","name":"Lleida Mater Salvatoris","description":"Lleida Mater Salvatoris","potentialAction":[{"@type":"SearchAction","target":{"@type":"EntryPoint","urlTemplate":"https:\/\/lleida.matersalvatoris.org\/en\/?s={search_term_string}"},"query-input":{"@type":"PropertyValueSpecification","valueRequired":true,"valueName":"search_term_string"}}],"inLanguage":"en-US"}]}},"_links":{"self":[{"href":"https:\/\/lleida.matersalvatoris.org\/en\/wp-json\/wp\/v2\/pages\/657","targetHints":{"allow":["GET"]}}],"collection":[{"href":"https:\/\/lleida.matersalvatoris.org\/en\/wp-json\/wp\/v2\/pages"}],"about":[{"href":"https:\/\/lleida.matersalvatoris.org\/en\/wp-json\/wp\/v2\/types\/page"}],"author":[{"embeddable":true,"href":"https:\/\/lleida.matersalvatoris.org\/en\/wp-json\/wp\/v2\/users\/1"}],"replies":[{"embeddable":true,"href":"https:\/\/lleida.matersalvatoris.org\/en\/wp-json\/wp\/v2\/comments?post=657"}],"version-history":[{"count":7,"href":"https:\/\/lleida.matersalvatoris.org\/en\/wp-json\/wp\/v2\/pages\/657\/revisions"}],"predecessor-version":[{"id":11434,"href":"https:\/\/lleida.matersalvatoris.org\/en\/wp-json\/wp\/v2\/pages\/657\/revisions\/11434"}],"wp:attachment":[{"href":"https:\/\/lleida.matersalvatoris.org\/en\/wp-json\/wp\/v2\/media?parent=657"}],"curies":[{"name":"wp","href":"https:\/\/api.w.org\/{rel}","templated":true}]}}