{"id":655,"date":"2021-10-29T11:13:24","date_gmt":"2021-10-29T09:13:24","guid":{"rendered":"https:\/\/lleida.matersalvatoris.org\/?page_id=655"},"modified":"2021-11-12T19:26:41","modified_gmt":"2021-11-12T17:26:41","slug":"history","status":"publish","type":"page","link":"https:\/\/lleida.matersalvatoris.org\/en\/history\/","title":{"rendered":"HISTORY"},"content":{"rendered":"<p>[et_pb_section fb_built=&#8221;1&#8243; fullwidth=&#8221;on&#8221; _builder_version=&#8221;4.11.1&#8243; _module_preset=&#8221;default&#8221; global_colors_info=&#8221;{}&#8221; da_is_popup=&#8221;off&#8221; da_exit_intent=&#8221;off&#8221; da_has_close=&#8221;on&#8221; da_alt_close=&#8221;off&#8221; da_dark_close=&#8221;off&#8221; da_not_modal=&#8221;on&#8221; da_is_singular=&#8221;off&#8221; da_with_loader=&#8221;off&#8221; da_has_shadow=&#8221;on&#8221; da_disable_devices=&#8221;off|off|off&#8221;][et_pb_fullwidth_slider _builder_version=&#8221;4.13.0&#8243; _module_preset=&#8221;default&#8221; global_colors_info=&#8221;{}&#8221;][et_pb_slide _builder_version=&#8221;4.13.0&#8243; _module_preset=&#8221;default&#8221; background_image=&#8221;https:\/\/lleida.matersalvatoris.org\/wp-content\/uploads\/2021\/10\/header_historia.jpg&#8221; background_enable_image=&#8221;on&#8221; global_colors_info=&#8221;{}&#8221; sticky_transition=&#8221;on&#8221;][\/et_pb_slide][\/et_pb_fullwidth_slider][\/et_pb_section][et_pb_section fb_built=&#8221;1&#8243; _builder_version=&#8221;4.11.1&#8243; _module_preset=&#8221;5c19a62f-513d-4606-ae30-8aab177d8889&#8243; custom_padding=&#8221;30px||30px||false|false&#8221; global_colors_info=&#8221;{}&#8221; da_is_popup=&#8221;off&#8221; da_exit_intent=&#8221;off&#8221; da_has_close=&#8221;on&#8221; da_alt_close=&#8221;off&#8221; da_dark_close=&#8221;off&#8221; da_not_modal=&#8221;on&#8221; da_is_singular=&#8221;off&#8221; da_with_loader=&#8221;off&#8221; da_has_shadow=&#8221;on&#8221; da_disable_devices=&#8221;off|off|off&#8221;][et_pb_row column_structure=&#8221;1_4,3_4&#8243; _builder_version=&#8221;4.11.1&#8243; _module_preset=&#8221;878dbd52-1639-4ccb-bc44-8449068c39e4&#8243; custom_padding=&#8221;0px||0px||false|false&#8221; global_colors_info=&#8221;{}&#8221;][et_pb_column type=&#8221;1_4&#8243; _builder_version=&#8221;4.11.1&#8243; _module_preset=&#8221;default&#8221; global_colors_info=&#8221;{}&#8221;][et_pb_text _builder_version=&#8221;4.13.1&#8243; _module_preset=&#8221;fb58153c-30e1-4016-9cf8-2751ea08e8fb&#8221; hover_enabled=&#8221;0&#8243; global_colors_info=&#8221;{}&#8221; sticky_enabled=&#8221;0&#8243;]<\/p>\n<p><span>history<\/span><\/p>\n<p>[\/et_pb_text][et_pb_image src=&#8221;https:\/\/lleida.matersalvatoris.org\/wp-content\/uploads\/2021\/11\/historia-1200&#215;1200-1.jpg&#8221; title_text=&#8221;historia-1200&#215;1200&#8243; _builder_version=&#8221;4.11.3&#8243; _module_preset=&#8221;cd5698fc-7441-45eb-b23f-47fbe30b45b6&#8243; global_colors_info=&#8221;{}&#8221;][\/et_pb_image][\/et_pb_column][et_pb_column type=&#8221;3_4&#8243; _builder_version=&#8221;4.11.1&#8243; _module_preset=&#8221;default&#8221; global_colors_info=&#8221;{}&#8221;][et_pb_text _builder_version=&#8221;4.11.1&#8243; _module_preset=&#8221;0beecb44-14b6-4146-a084-a63d2edaa5dd&#8221; text_text_color=&#8221;#FFFFFF&#8221; text_font_size=&#8221;20px&#8221; text_line_height=&#8221;1.1em&#8221; background_color=&#8221;#8196a1&#8243; custom_margin=&#8221;||1em||false|false&#8221; custom_padding=&#8221;30px|30px|30px|30px|false|false&#8221; global_colors_info=&#8221;{}&#8221;]<\/p>\n<p><span>The Mater Salvatoris School in L\u00e9rida is a solid educational institution with more than sixty years of experience. The pedagogy and the educational style of the Sisters of the Company of the Saviour contributed to cement the pillars of an educational centre that combined at the same time tradition, openness and academic excellence.<\/span><\/p>\n<p>[\/et_pb_text][et_pb_text _builder_version=&#8221;4.11.1&#8243; _module_preset=&#8221;9616b5da-827c-4a8d-ad6f-bcd50de1f39f&#8221; text_text_color=&#8221;#000000&#8243; text_font_size=&#8221;20px&#8221; text_line_height=&#8221;1.2em&#8221; custom_margin=&#8221;||1em||false|false&#8221; custom_padding=&#8221;||0px|||&#8221; global_colors_info=&#8221;{}&#8221;]<\/p>\n<p id=\"tw-target-text\" dir=\"ltr\" data-placeholder=\"Traducci\u00f3n\">The history of the school goes back to 1948 when a group of parents asked\u00a0 Mothers Mar\u00eda F\u00e9lix and Carmen\u00a0Aige to open a school where their daughters could be educated. Their wish became a reality in the <strong>1948-49<\/strong> school year, when the new school opened its doors in a rented building in the central square of <strong>Ricard Vinyes<\/strong>. Until 1982 it was an all girls school, only allowing boys in pre-school.<\/p>\n<p id=\"tw-target-text\" class=\"tw-data-text tw-ta tw-text-small\" dir=\"ltr\" data-placeholder=\"Traducci\u00f3n\"><strong>In 1969 the school moved to its current location in\u00a0 \u201cPartida de Pla de Mons\u00f3, 30<\/strong> about six kilometers from the city centre. Here there would be direct contact with nature and the students could enjoy a healthy and natural environment that would benefit their physical and intellectual growth. Little by little the school has grown and the installations have improved and it is currently made up of a group of buildings, pre-school, primary and secondary school, dining halls, a kitchen and a sports hall, there are also outdoor football pitches, basketball and volleyball courts, gardens and large natural open spaces.<\/p>\n<p>[\/et_pb_text][\/et_pb_column][\/et_pb_row][\/et_pb_section]<\/p>\n","protected":false},"excerpt":{"rendered":"<p>historyThe Mater Salvatoris School in L\u00e9rida is a solid educational institution with more than sixty years of experience. The pedagogy and the educational style of the Sisters of the Company [&hellip;]<\/p>\n","protected":false},"author":1,"featured_media":0,"parent":0,"menu_order":0,"comment_status":"closed","ping_status":"closed","template":"","meta":{"_et_pb_use_builder":"on","_et_pb_old_content":"[et_pb_section fb_built=\"1\" fullwidth=\"on\" _builder_version=\"4.11.1\" _module_preset=\"default\" global_colors_info=\"{}\"][et_pb_fullwidth_image src=\"https:\/\/lleida.matersalvatoris.org\/wp-content\/uploads\/2021\/10\/header_historia.jpg\" title_text=\"header_historia\" _builder_version=\"4.11.1\" _module_preset=\"default\" global_colors_info=\"{}\"][\/et_pb_fullwidth_image][\/et_pb_section][et_pb_section fb_built=\"1\" custom_padding=\"30px||30px||false|false\" _builder_version=\"4.11.1\" _module_preset=\"5c19a62f-513d-4606-ae30-8aab177d8889\" global_colors_info=\"{}\"][et_pb_row custom_padding=\"0px||0px||false|false\" column_structure=\"1_4,3_4\" _builder_version=\"4.11.1\" _module_preset=\"878dbd52-1639-4ccb-bc44-8449068c39e4\" global_colors_info=\"{}\"][et_pb_column type=\"1_4\" _builder_version=\"4.11.1\" _module_preset=\"default\" global_colors_info=\"{}\"][et_pb_text background_color=\"#042d41\" text_font_size=\"30px\" text_text_color=\"#FFFFFF\" text_font=\"|700||on|||||\" text_orientation=\"center\" module_alignment=\"center\" height=\"244px\" custom_padding=\"110px||||false|false\" _builder_version=\"4.11.1\" _module_preset=\"130e0b9c-592c-4346-9b74-65866c043395\" global_colors_info=\"{}\"]HIST\u00d2RIA[\/et_pb_text][et_pb_image border_width_all=\"2px\" border_color_all=\"rgba(0,0,0,0.1)\" border_radii=\"on|2px|2px|2px|2px\" custom_padding=\"0px|0px|0px|0px|false|false\" box_shadow_style=\"preset1\" src=\"https:\/\/lleida.matersalvatoris.org\/wp-content\/uploads\/2021\/10\/historia-300x300-1.jpg\" title_text=\"historia-300x300\" _builder_version=\"4.11.1\" _module_preset=\"1456a61a-6428-47f7-af7b-e2d2556e2239\" global_colors_info=\"{}\"][\/et_pb_image][\/et_pb_column][et_pb_column type=\"3_4\" _builder_version=\"4.11.1\" _module_preset=\"default\" global_colors_info=\"{}\"][et_pb_text background_color=\"#8196a1\" custom_padding=\"30px|30px|30px|30px|false|false\" text_font_size=\"20px\" text_text_color=\"#FFFFFF\" text_line_height=\"1.1em\" custom_margin=\"||1em||false|false\" _builder_version=\"4.11.1\" _module_preset=\"0beecb44-14b6-4146-a084-a63d2edaa5dd\" global_colors_info=\"{}\"]\n\nEl Col\u00b7legi Mater Salvatoris de Lleida \u00e9s una s\u00f2lida instituci\u00f3 educativa amb m\u00e9s de seixanta anys d\u2019experi\u00e8ncia. La pedagogia i l\u2019estil educatiu propi de les Religioses de la Companyia del Salvador van contribuir a consolidar els pilars d\u2019un centre educatiu que combinava al mateix temps tradici\u00f3, obertura i excel\u00b7l\u00e8ncia acad\u00e8mica.\n\n[\/et_pb_text][et_pb_text text_text_color=\"#000000\" text_font_size=\"20px\" text_line_height=\"1.2em\" custom_margin=\"||1em||false|false\" _builder_version=\"4.11.1\" _module_preset=\"9616b5da-827c-4a8d-ad6f-bcd50de1f39f\" global_colors_info=\"{}\"]\n\nEl 1948 un grup de pares de fam\u00edlia van demanar a les Mares Mar\u00eda F\u00e9lix i Carmen Aige que obressin un col\u00b7legi on es poguessin formar les seves filles. Aquest desig es va fer realitat el curs <strong>1948-49<\/strong>, quan el nou col\u00b7legi va obrir les seves portes en un edifici llogat a la c\u00e8ntrica pla\u00e7a de <strong>Ricard Vinyes<\/strong>. Fins l\u2019any 1982 va ser un col\u00b7legi femen\u00ed, \u00fanicament hi havia nens a Educaci\u00f3 Infantil.\n\n<strong>El 1969 el Col\u00b7legi es trasllad\u00e0 a la seva ubicaci\u00f3 actual -Partida Pla de Mons\u00f3, 30-<\/strong>, a sis quil\u00f2metres del casc urb\u00e0. L\u2019elecci\u00f3 del lloc afavoria que els alumnes estiguessin en contacte directe amb la natura. A poc a poc, el Col\u00b7legi va anar creixent i completant les seves instal\u00b7lacions fins a formar el conjunt d\u2019edificis que l\u2019integren en l\u2019actualitat: pavellons d\u2019Infantil, Prim\u00e0ria, ESO i Batxillerat; menjadors i cuina; poliesportiu; camps oberts de futbol, b\u00e0squet i voleibol; zones amb jard\u00ed i amplis espais naturals.\n\n[\/et_pb_text][\/et_pb_column][\/et_pb_row][\/et_pb_section]","_et_gb_content_width":"","footnotes":""},"class_list":["post-655","page","type-page","status-publish","hentry"],"yoast_head":"<!-- This site is optimized with the Yoast SEO plugin v26.6 - https:\/\/yoast.com\/wordpress\/plugins\/seo\/ -->\n<title>HISTORY - Lleida Mater Salvatoris<\/title>\n<meta name=\"robots\" content=\"index, follow, max-snippet:-1, max-image-preview:large, max-video-preview:-1\" \/>\n<link rel=\"canonical\" href=\"https:\/\/lleida.matersalvatoris.org\/en\/history\/\" \/>\n<meta property=\"og:locale\" content=\"en_US\" \/>\n<meta property=\"og:type\" content=\"article\" \/>\n<meta property=\"og:title\" content=\"HISTORY - Lleida Mater Salvatoris\" \/>\n<meta property=\"og:description\" content=\"historyThe Mater Salvatoris School in L\u00e9rida is a solid educational institution with more than sixty years of experience. The pedagogy and the educational style of the Sisters of the Company [&hellip;]\" \/>\n<meta property=\"og:url\" content=\"https:\/\/lleida.matersalvatoris.org\/en\/history\/\" \/>\n<meta property=\"og:site_name\" content=\"Lleida Mater Salvatoris\" \/>\n<meta property=\"article:modified_time\" content=\"2021-11-12T17:26:41+00:00\" \/>\n<meta name=\"twitter:card\" content=\"summary_large_image\" \/>\n<meta name=\"twitter:label1\" content=\"Est. reading time\" \/>\n\t<meta name=\"twitter:data1\" content=\"3 minutes\" \/>\n<script type=\"application\/ld+json\" class=\"yoast-schema-graph\">{\"@context\":\"https:\/\/schema.org\",\"@graph\":[{\"@type\":\"WebPage\",\"@id\":\"https:\/\/lleida.matersalvatoris.org\/en\/history\/\",\"url\":\"https:\/\/lleida.matersalvatoris.org\/en\/history\/\",\"name\":\"HISTORY - Lleida Mater Salvatoris\",\"isPartOf\":{\"@id\":\"https:\/\/lleida.matersalvatoris.org\/en\/#website\"},\"datePublished\":\"2021-10-29T09:13:24+00:00\",\"dateModified\":\"2021-11-12T17:26:41+00:00\",\"inLanguage\":\"en-US\",\"potentialAction\":[{\"@type\":\"ReadAction\",\"target\":[\"https:\/\/lleida.matersalvatoris.org\/en\/history\/\"]}]},{\"@type\":\"WebSite\",\"@id\":\"https:\/\/lleida.matersalvatoris.org\/en\/#website\",\"url\":\"https:\/\/lleida.matersalvatoris.org\/en\/\",\"name\":\"Lleida Mater Salvatoris\",\"description\":\"Lleida Mater Salvatoris\",\"potentialAction\":[{\"@type\":\"SearchAction\",\"target\":{\"@type\":\"EntryPoint\",\"urlTemplate\":\"https:\/\/lleida.matersalvatoris.org\/en\/?s={search_term_string}\"},\"query-input\":{\"@type\":\"PropertyValueSpecification\",\"valueRequired\":true,\"valueName\":\"search_term_string\"}}],\"inLanguage\":\"en-US\"}]}<\/script>\n<!-- \/ Yoast SEO plugin. -->","yoast_head_json":{"title":"HISTORY - Lleida Mater Salvatoris","robots":{"index":"index","follow":"follow","max-snippet":"max-snippet:-1","max-image-preview":"max-image-preview:large","max-video-preview":"max-video-preview:-1"},"canonical":"https:\/\/lleida.matersalvatoris.org\/en\/history\/","og_locale":"en_US","og_type":"article","og_title":"HISTORY - Lleida Mater Salvatoris","og_description":"historyThe Mater Salvatoris School in L\u00e9rida is a solid educational institution with more than sixty years of experience. The pedagogy and the educational style of the Sisters of the Company [&hellip;]","og_url":"https:\/\/lleida.matersalvatoris.org\/en\/history\/","og_site_name":"Lleida Mater Salvatoris","article_modified_time":"2021-11-12T17:26:41+00:00","twitter_card":"summary_large_image","twitter_misc":{"Est. reading time":"3 minutes"},"schema":{"@context":"https:\/\/schema.org","@graph":[{"@type":"WebPage","@id":"https:\/\/lleida.matersalvatoris.org\/en\/history\/","url":"https:\/\/lleida.matersalvatoris.org\/en\/history\/","name":"HISTORY - Lleida Mater Salvatoris","isPartOf":{"@id":"https:\/\/lleida.matersalvatoris.org\/en\/#website"},"datePublished":"2021-10-29T09:13:24+00:00","dateModified":"2021-11-12T17:26:41+00:00","inLanguage":"en-US","potentialAction":[{"@type":"ReadAction","target":["https:\/\/lleida.matersalvatoris.org\/en\/history\/"]}]},{"@type":"WebSite","@id":"https:\/\/lleida.matersalvatoris.org\/en\/#website","url":"https:\/\/lleida.matersalvatoris.org\/en\/","name":"Lleida Mater Salvatoris","description":"Lleida Mater Salvatoris","potentialAction":[{"@type":"SearchAction","target":{"@type":"EntryPoint","urlTemplate":"https:\/\/lleida.matersalvatoris.org\/en\/?s={search_term_string}"},"query-input":{"@type":"PropertyValueSpecification","valueRequired":true,"valueName":"search_term_string"}}],"inLanguage":"en-US"}]}},"_links":{"self":[{"href":"https:\/\/lleida.matersalvatoris.org\/en\/wp-json\/wp\/v2\/pages\/655","targetHints":{"allow":["GET"]}}],"collection":[{"href":"https:\/\/lleida.matersalvatoris.org\/en\/wp-json\/wp\/v2\/pages"}],"about":[{"href":"https:\/\/lleida.matersalvatoris.org\/en\/wp-json\/wp\/v2\/types\/page"}],"author":[{"embeddable":true,"href":"https:\/\/lleida.matersalvatoris.org\/en\/wp-json\/wp\/v2\/users\/1"}],"replies":[{"embeddable":true,"href":"https:\/\/lleida.matersalvatoris.org\/en\/wp-json\/wp\/v2\/comments?post=655"}],"version-history":[{"count":6,"href":"https:\/\/lleida.matersalvatoris.org\/en\/wp-json\/wp\/v2\/pages\/655\/revisions"}],"predecessor-version":[{"id":8241,"href":"https:\/\/lleida.matersalvatoris.org\/en\/wp-json\/wp\/v2\/pages\/655\/revisions\/8241"}],"wp:attachment":[{"href":"https:\/\/lleida.matersalvatoris.org\/en\/wp-json\/wp\/v2\/media?parent=655"}],"curies":[{"name":"wp","href":"https:\/\/api.w.org\/{rel}","templated":true}]}}