{"id":637,"date":"2021-10-29T11:07:38","date_gmt":"2021-10-29T09:07:38","guid":{"rendered":"https:\/\/lleida.matersalvatoris.org\/?page_id=637"},"modified":"2021-11-12T19:33:29","modified_gmt":"2021-11-12T17:33:29","slug":"sport","status":"publish","type":"page","link":"https:\/\/lleida.matersalvatoris.org\/en\/sport\/","title":{"rendered":"SPORT"},"content":{"rendered":"<p>[et_pb_section fb_built=&#8221;1&#8243; fullwidth=&#8221;on&#8221; _builder_version=&#8221;4.11.1&#8243; _module_preset=&#8221;default&#8221; global_colors_info=&#8221;{}&#8221; da_is_popup=&#8221;off&#8221; da_exit_intent=&#8221;off&#8221; da_has_close=&#8221;on&#8221; da_alt_close=&#8221;off&#8221; da_dark_close=&#8221;off&#8221; da_not_modal=&#8221;on&#8221; da_is_singular=&#8221;off&#8221; da_with_loader=&#8221;off&#8221; da_has_shadow=&#8221;on&#8221; da_disable_devices=&#8221;off|off|off&#8221;][et_pb_fullwidth_slider _builder_version=&#8221;4.13.0&#8243; _module_preset=&#8221;default&#8221; global_colors_info=&#8221;{}&#8221;][et_pb_slide _builder_version=&#8221;4.13.0&#8243; _module_preset=&#8221;default&#8221; background_image=&#8221;https:\/\/lleida.matersalvatoris.org\/wp-content\/uploads\/2021\/10\/esport_slide-scaled.jpg&#8221; background_enable_image=&#8221;on&#8221; global_colors_info=&#8221;{}&#8221; sticky_transition=&#8221;on&#8221;][\/et_pb_slide][\/et_pb_fullwidth_slider][\/et_pb_section][et_pb_section fb_built=&#8221;1&#8243; _builder_version=&#8221;4.11.1&#8243; _module_preset=&#8221;5c19a62f-513d-4606-ae30-8aab177d8889&#8243; custom_padding=&#8221;30px||30px||false|false&#8221; global_colors_info=&#8221;{}&#8221; da_is_popup=&#8221;off&#8221; da_exit_intent=&#8221;off&#8221; da_has_close=&#8221;on&#8221; da_alt_close=&#8221;off&#8221; da_dark_close=&#8221;off&#8221; da_not_modal=&#8221;on&#8221; da_is_singular=&#8221;off&#8221; da_with_loader=&#8221;off&#8221; da_has_shadow=&#8221;on&#8221; da_disable_devices=&#8221;off|off|off&#8221;][et_pb_row column_structure=&#8221;1_4,3_4&#8243; _builder_version=&#8221;4.11.1&#8243; _module_preset=&#8221;878dbd52-1639-4ccb-bc44-8449068c39e4&#8243; custom_padding=&#8221;0px||0px||false|false&#8221; global_colors_info=&#8221;{}&#8221;][et_pb_column type=&#8221;1_4&#8243; _builder_version=&#8221;4.11.1&#8243; _module_preset=&#8221;default&#8221; global_colors_info=&#8221;{}&#8221;][et_pb_text _builder_version=&#8221;4.13.1&#8243; _module_preset=&#8221;fb58153c-30e1-4016-9cf8-2751ea08e8fb&#8221; hover_enabled=&#8221;0&#8243; global_colors_info=&#8221;{}&#8221; _dynamic_attributes=&#8221;content&#8221; sticky_enabled=&#8221;0&#8243;]@ET-DC@eyJkeW5hbWljIjp0cnVlLCJjb250ZW50IjoicG9zdF90aXRsZSIsInNldHRpbmdzIjp7ImJlZm9yZSI6IiIsImFmdGVyIjoiIn19@[\/et_pb_text][et_pb_image src=&#8221;https:\/\/lleida.matersalvatoris.org\/wp-content\/uploads\/2021\/11\/esports2ok.jpg&#8221; title_text=&#8221;esports2ok&#8221; _builder_version=&#8221;4.11.3&#8243; _module_preset=&#8221;cd5698fc-7441-45eb-b23f-47fbe30b45b6&#8243; global_colors_info=&#8221;{}&#8221;][\/et_pb_image][et_pb_image src=&#8221;https:\/\/lleida.matersalvatoris.org\/wp-content\/uploads\/2021\/11\/esports4ok-1200&#215;1200-1.jpg&#8221; title_text=&#8221;esports4ok-1200&#215;1200&#8243; _builder_version=&#8221;4.11.3&#8243; _module_preset=&#8221;cd5698fc-7441-45eb-b23f-47fbe30b45b6&#8243; global_colors_info=&#8221;{}&#8221;][\/et_pb_image][et_pb_image src=&#8221;https:\/\/lleida.matersalvatoris.org\/wp-content\/uploads\/2021\/11\/esports3ok-1200&#215;1200-1.jpg&#8221; title_text=&#8221;esports3ok-1200&#215;1200&#8243; _builder_version=&#8221;4.11.3&#8243; _module_preset=&#8221;cd5698fc-7441-45eb-b23f-47fbe30b45b6&#8243; global_colors_info=&#8221;{}&#8221;][\/et_pb_image][\/et_pb_column][et_pb_column type=&#8221;3_4&#8243; _builder_version=&#8221;4.11.1&#8243; _module_preset=&#8221;default&#8221; global_colors_info=&#8221;{}&#8221;][et_pb_text _builder_version=&#8221;4.11.1&#8243; _module_preset=&#8221;9616b5da-827c-4a8d-ad6f-bcd50de1f39f&#8221; text_text_color=&#8221;#000000&#8243; text_font_size=&#8221;20px&#8221; text_line_height=&#8221;1.2em&#8221; custom_margin=&#8221;||1em||false|false&#8221; global_colors_info=&#8221;{}&#8221;]<\/p>\n<p><strong>Endeavour, drive, tolerance, respect and team spirit are just some of the fundamental qualities and values we hope to transmit to our students.<\/strong><\/p>\n<p>Tolerance for frustration, knowing how to lose and how to win. Just as in life, you have to learn to accept defeat, but also to win gracefully, always respecting others. To this end, sport is a fundamental part of the School\u2019s educational project.<\/p>\n<p><strong>The privileged surroundings of Mater Salvatoris School make it the ideal setting for implementing this project. <\/strong>There are a range of facilities available:<\/p>\n<ul>\n<li>4 basketball courts.<\/li>\n<li>3 volleyball courts.<\/li>\n<li>3 football pitches.<\/li>\n<li>1 handball court.<\/li>\n<li>1 rhythm and psychomotricity hall.<\/li>\n<li>2 multipurpose gymnasiums, each adapted for different requirements.<\/li>\n<\/ul>\n<p>Because of its importance for personal development, sport is practised at all educational stages of the School.<\/p>\n<h3><a class=\"actividades\" href=\"https:\/\/lleida.matersalvatoris.org\/en\/sport\/#preSchool\"><strong>Pre-School\u00a0Education<\/strong><\/a><\/h3>\n<p><strong>At this stage, Physical Education is worked on through rhythm, psychomotor skills and sports skills.<\/strong><span> It has been demonstrated that doing these activities improves learning in other areas, such as Language and Mathematics.<\/span><\/p>\n<h3><strong><a href=\"https:\/\/lleida.matersalvatoris.org\/en\/sport\/#primary\">Primary School Education<\/a><\/strong><\/h3>\n<p><strong>Through Physical Education, children\u00a0express their spontaneity, develop their creativity<\/strong> and, above all, learn to know more about themselves, respect and value themselves and others. For this reason, as well as weekly lessons at School, the students who wish to do so can sign up for some of the following activities:<\/p>\n<ul>\n<li>Federated football team<\/li>\n<li>Federated volleyball team<\/li>\n<\/ul>\n<ul><\/ul>\n<h3><strong><a class=\"actividades\" href=\"https:\/\/lleida.matersalvatoris.org\/en\/sport\/#secondary\">Secondary School and Baccalaureate<\/a><\/strong><\/h3>\n<p><strong>In these crucial years, sport helps and supports students on their personal journeys towards maturity.<\/strong><span> As in previous stages, the School offers its students the chance to join a football\u00a0or volleyball federation so they can participate in inter-school competitions.<\/span><\/p>\n<p>[\/et_pb_text][et_pb_text _builder_version=&#8221;4.11.1&#8243; _module_preset=&#8221;0beecb44-14b6-4146-a084-a63d2edaa5dd&#8221; text_text_color=&#8221;#FFFFFF&#8221; text_font_size=&#8221;20px&#8221; text_line_height=&#8221;1.1em&#8221; background_color=&#8221;#8196a1&#8243; custom_margin=&#8221;||1em||false|false&#8221; custom_padding=&#8221;30px|30px|30px|30px|false|false&#8221; global_colors_info=&#8221;{}&#8221;]<\/p>\n<p><span>From the 5<\/span><sup>th<\/sup><span> year of Primary School to the 4<\/span><sup>th<\/sup><span> year of Secondary, students participate in the School Athletics Olympiad organized in Pobla de Segur in which we have achieved a great deal of success over the years.<\/span><\/p>\n<p>[\/et_pb_text][et_pb_text _builder_version=&#8221;4.11.3&#8243; _module_preset=&#8221;9616b5da-827c-4a8d-ad6f-bcd50de1f39f&#8221; text_text_color=&#8221;#000000&#8243; text_font_size=&#8221;20px&#8221; text_line_height=&#8221;1.2em&#8221; custom_margin=&#8221;||1em||false|false&#8221; global_colors_info=&#8221;{}&#8221;]<\/p>\n<h3><strong>SPORT CLUB<\/strong><\/h3>\n<p class=\"tw-data-text tw-ta tw-text-small\" dir=\"ltr\" data-placeholder=\"Traducci\u00f3n\">All the extracurricular sports activities are open to students from the different Sections of the <strong>Sporting Club Mater Salvatoris of Lleida<\/strong>, and are also considered educational activities.<\/p>\n<p class=\"tw-data-text tw-ta tw-text-small\" dir=\"ltr\" data-placeholder=\"Traducci\u00f3n\">The Sports Club, inspired by the Idea of \u200b\u200bthe College and taking advantage of the possibilities offered by the games and the sports practice, strongly seeks the enrichment of the students through healthy habits and school of values.<\/p>\n<p class=\"tw-data-text tw-ta tw-text-small\" dir=\"ltr\" data-placeholder=\"Traducci\u00f3n\">Contact: <a href=\"mailto:clubesportiu@materlleida.cat\">clubesportiu@materlleida.cat<\/a><\/p>\n<h3><strong>SPORTS AWARDS<\/strong><\/h3>\n<p><strong>Pre-School\u00a0Football Team\u00a0<\/strong><\/p>\n<ul>\n<li>Champion of the Cup of Lleida. First place in the League 2016-2017.<\/li>\n<\/ul>\n<p><strong>Under 13 Volleyball Team\u00a0<\/strong><\/p>\n<ul>\n<li>Champion of the Cerdagne. First place in the Cerdanya School Volleyball Tournament in the 2016-2017 season.<\/li>\n<\/ul>\n<p><strong>Under 16 Volleyball Team<\/strong><\/p>\n<ul>\n<li>Third position in the Tournament of School Volleyball of the Cerdanya in the season 2016-2017.<\/li>\n<\/ul>\n<p>[\/et_pb_text][\/et_pb_column][\/et_pb_row][\/et_pb_section]<\/p>\n","protected":false},"excerpt":{"rendered":"<p>Endeavour, drive, tolerance, respect and team spirit are just some of the fundamental qualities and values we hope to transmit to our students. Tolerance for frustration, knowing how to lose [&hellip;]<\/p>\n","protected":false},"author":1,"featured_media":0,"parent":0,"menu_order":0,"comment_status":"closed","ping_status":"closed","template":"","meta":{"_et_pb_use_builder":"on","_et_pb_old_content":"[et_pb_section fb_built=\"1\" fullwidth=\"on\" _builder_version=\"4.11.1\" _module_preset=\"default\" global_colors_info=\"{}\"][et_pb_fullwidth_image src=\"https:\/\/lleida.matersalvatoris.org\/wp-content\/uploads\/2021\/10\/esport_slide-scaled.jpg\" title_text=\"esport_slide\" _builder_version=\"4.11.1\" _module_preset=\"default\" global_colors_info=\"{}\"][\/et_pb_fullwidth_image][\/et_pb_section][et_pb_section fb_built=\"1\" custom_padding=\"30px||30px||false|false\" _builder_version=\"4.11.1\" _module_preset=\"5c19a62f-513d-4606-ae30-8aab177d8889\" global_colors_info=\"{}\"][et_pb_row custom_padding=\"0px||0px||false|false\" column_structure=\"1_4,3_4\" _builder_version=\"4.11.1\" _module_preset=\"878dbd52-1639-4ccb-bc44-8449068c39e4\" global_colors_info=\"{}\"][et_pb_column type=\"1_4\" _builder_version=\"4.11.1\" _module_preset=\"default\" global_colors_info=\"{}\"][et_pb_text background_color=\"#042d41\" text_font_size=\"30px\" text_text_color=\"#FFFFFF\" text_font=\"|700||on|||||\" text_orientation=\"center\" module_alignment=\"center\" height=\"244px\" custom_padding=\"110px||||false|false\" _builder_version=\"4.11.1\" _module_preset=\"130e0b9c-592c-4346-9b74-65866c043395\" global_colors_info=\"{}\"]\n\nESPORT\n\n[\/et_pb_text][et_pb_image border_width_all=\"2px\" border_color_all=\"rgba(0,0,0,0.1)\" border_radii=\"on|2px|2px|2px|2px\" custom_padding=\"0px|0px|0px|0px|false|false\" box_shadow_style=\"preset1\" src=\"https:\/\/lleida.matersalvatoris.org\/wp-content\/uploads\/2021\/10\/esport_1_300x300.jpg\" title_text=\"esport_1_300x300\" _builder_version=\"4.11.1\" _module_preset=\"1456a61a-6428-47f7-af7b-e2d2556e2239\" global_colors_info=\"{}\"][\/et_pb_image][et_pb_image border_width_all=\"2px\" border_color_all=\"rgba(0,0,0,0.1)\" border_radii=\"on|2px|2px|2px|2px\" custom_padding=\"0px|0px|0px|0px|false|false\" box_shadow_style=\"preset1\" src=\"https:\/\/lleida.matersalvatoris.org\/wp-content\/uploads\/2021\/10\/esport_2_300x300.jpg\" title_text=\"esport_2_300x300\" _builder_version=\"4.11.1\" _module_preset=\"1456a61a-6428-47f7-af7b-e2d2556e2239\" global_colors_info=\"{}\"][\/et_pb_image][et_pb_image border_width_all=\"2px\" border_color_all=\"rgba(0,0,0,0.1)\" border_radii=\"on|2px|2px|2px|2px\" custom_padding=\"0px|0px|0px|0px|false|false\" box_shadow_style=\"preset1\" src=\"https:\/\/lleida.matersalvatoris.org\/wp-content\/uploads\/2021\/10\/esport_3_300x300.jpg\" title_text=\"esport_3_300x300\" _builder_version=\"4.11.1\" _module_preset=\"1456a61a-6428-47f7-af7b-e2d2556e2239\" global_colors_info=\"{}\"][\/et_pb_image][\/et_pb_column][et_pb_column type=\"3_4\" _builder_version=\"4.11.1\" _module_preset=\"default\" global_colors_info=\"{}\"][et_pb_text text_text_color=\"#000000\" text_font_size=\"20px\" text_line_height=\"1.2em\" custom_margin=\"||1em||false|false\" _builder_version=\"4.11.1\" _module_preset=\"9616b5da-827c-4a8d-ad6f-bcd50de1f39f\" global_colors_info=\"{}\"]\n\n<strong>Esfor\u00e7, superaci\u00f3, toler\u00e0ncia, respecte, companyionia\u2026 s\u00f3n actituds i valors fonamentals que volem transmetre als nostres alumnes.<\/strong>\n\nToler\u00e0ncia a la frustraci\u00f3, saber perdre i guanyar. Com en la vida, cal aprendre a acceptar la derrota, per\u00f2 tamb\u00e9 s\u2019ha de saber guanyar amb eleg\u00e0ncia i sempre amb respecte als altres. Per aix\u00f2, l\u2019esport constitueix una part fonamental del projecte educatiu del Col\u00b7legi.\n<p class=\"callout\"><strong>El col\u00b7legi Mater Salvatoris, situat en un entorn privilegiat, \u00e9s un lloc idoni per dur a terme aquest projecte.<\/strong>&nbsp;A m\u00e9s, compta amb m\u00faltiples instal\u00b7lacions apropiades per al seu desenvolupament:<\/p>\n\n<ul>\n \t<li class=\"callout\">4 camps de b\u00e0squet.<\/li>\n \t<li class=\"callout\">3 camps de voleibol.<\/li>\n \t<li class=\"callout\">3 camps de futbol sala.<\/li>\n \t<li class=\"callout\">1 camp d\u2019handbol.<\/li>\n \t<li class=\"callout\">1 sala de ritme i psicomotricitat.<\/li>\n \t<li class=\"callout\">2 gimnasos polivalents, adaptats per a les diferents necessitats.<\/li>\n<\/ul>\nPer la seva import\u00e0ncia en el desenvolupament personal, l\u2019esport es practica en totes les etapes educatives.\n<h3><strong>Educaci\u00f3 Infantil<\/strong><\/h3>\n<strong>En aquesta etapa, l\u2019Educaci\u00f3 F\u00edsica es treballa a trav\u00e9s del ritme, la psicomotricitat i la iniciaci\u00f3 a l\u2019esport.<\/strong>&nbsp;Est\u00e0 demostrat que el desenvolupament d\u2019aquestes activitats millora l\u2019aprenentatge en la resta de les \u00e0rees, com a Llengua i Matem\u00e0tiques.\n<h3><strong>Educaci\u00f3<span>&nbsp;<\/span>Prim\u00e0ria<\/strong><\/h3>\nA trav\u00e9s de l\u2019Educaci\u00f3 F\u00edsica, els nens expressen la seva espontane\u00eftat, fomenten la seva creativitat&nbsp;i, sobretot, aprenen a con\u00e8ixer-se, respectar-se i valorar-se a si mateixos i als altres. Per aquest motiu, a m\u00e9s de les hores setmanals de classe, els alumnes que ho desitgen poden inscriure\u2019s en alguna de les seg\u00fcents activitats:\n<ul>\n \t<li>Equip federat de&nbsp;futbol<\/li>\n \t<li>Equip federat de voleibol<\/li>\n<\/ul>\n<h3><strong>ESO y Batxillerat<\/strong><\/h3>\n<strong>En aquests anys crucials, l\u2019Esport ajuda i acompanya els alumnes en el seu proc\u00e9s de maduraci\u00f3 personal.<\/strong>&nbsp;Com en etapes anteriors, el Col\u00b7legi ofereix als seus alumnes la possibilitat de federar-se en futbol i voleibol, per participar de les competicions intercolegials.\n\nFomentem sempre l\u2019esport d\u2019equip, doncs amb ell es treballa la disciplina, la import\u00e0ncia de les normes, el treball en grup i la confian\u00e7a en els altres. Descobrir qu\u00e8 \u00e9s el lideratge i la seva import\u00e0ncia per al funcionament d\u2019un grup \u00e9s un ensenyament fonamental per a la vida.\n\n[\/et_pb_text][et_pb_text background_color=\"#8196a1\" custom_padding=\"30px|30px|30px|30px|false|false\" text_font_size=\"20px\" text_text_color=\"#FFFFFF\" text_line_height=\"1.1em\" custom_margin=\"||1em||false|false\" _builder_version=\"4.11.1\" _module_preset=\"0beecb44-14b6-4146-a084-a63d2edaa5dd\" global_colors_info=\"{}\"]\n\nDes de 5\u00e8 de Prim\u00e0ria fins a 4t d\u2019ESO, els alumnes participen en l\u2019Olimp\u00edada d\u2019Atletisme escolar que s\u2019organitza a la Pobla de Segur. Molts s\u00f3n els \u00e8xits aconseguits a trav\u00e9s dels anys.\n\n[\/et_pb_text][et_pb_text text_text_color=\"#000000\" text_font_size=\"20px\" text_line_height=\"1.2em\" custom_margin=\"||1em||false|false\" _builder_version=\"4.11.1\" _module_preset=\"9616b5da-827c-4a8d-ad6f-bcd50de1f39f\" global_colors_info=\"{}\"]\n<h3><strong>CLUB ESPORTIU<\/strong><\/h3>\nTotes les activitats esportives extraescolars estan obertes a l\u2019alumnat des de les diferents seccions del&nbsp;<strong>Club Esportiu&nbsp;Mater Salvatoris de Lleida<\/strong>, i s\u00f3n considerades tamb\u00e9 activitats educatives.\n\nEl Club Esportiu, inspirat en l\u2019Ideari de l\u2019Escola i, aprofitant les possibilitats que ofereix el joc i la pr\u00e0ctica esportiva, busca amb fermesa l\u2019enriquiment de l\u2019alumnat a trav\u00e9s d\u2019h\u00e0bits saludables i escola de valors.\n\nContacte:<span>&nbsp;<\/span><a href=\"mailto:clubesportiu@materlleida.cat\">clubesportiu@materlleida.cat<\/a>\n<h3><strong>PREMIS &nbsp;ESPORTIUS<\/strong><\/h3>\n<strong>Equip Infantil de Futbol Sala<\/strong>\n<ul>\n \t<li>Campi\u00f3 de la Copa de Lleida. Primer lloc en la Lliga 2016-2017.<\/li>\n<\/ul>\n<p class=\"documentFirstHeading\"><strong>Equip Alev\u00ed de Voleibol<\/strong><\/p>\n\n<ul>\n \t<li>Campi\u00f3 de la Cerdanya. Primer lloc&nbsp;en el Torneig de Voleibol Escolar de la Cerdanya de la temporada 2016-2017.<\/li>\n<\/ul>\n<p class=\"documentFirstHeading\"><strong>Equip Cadet de Voleibol<\/strong><\/p>\n\n<ul>\n \t<li>Tercer lloc&nbsp;en el Torneig de Voleibol Escolar de la Cerdanya de la temporada 2016-2017.<\/li>\n<\/ul>\n[\/et_pb_text][\/et_pb_column][\/et_pb_row][\/et_pb_section]","_et_gb_content_width":"","footnotes":""},"class_list":["post-637","page","type-page","status-publish","hentry"],"yoast_head":"<!-- This site is optimized with the Yoast SEO plugin v26.6 - https:\/\/yoast.com\/wordpress\/plugins\/seo\/ -->\n<title>SPORT - Lleida Mater Salvatoris<\/title>\n<meta name=\"robots\" content=\"index, follow, max-snippet:-1, max-image-preview:large, max-video-preview:-1\" \/>\n<link rel=\"canonical\" href=\"https:\/\/lleida.matersalvatoris.org\/en\/sport\/\" \/>\n<meta property=\"og:locale\" content=\"en_US\" \/>\n<meta property=\"og:type\" content=\"article\" \/>\n<meta property=\"og:title\" content=\"SPORT - Lleida Mater Salvatoris\" \/>\n<meta property=\"og:description\" content=\"Endeavour, drive, tolerance, respect and team spirit are just some of the fundamental qualities and values we hope to transmit to our students. Tolerance for frustration, knowing how to lose [&hellip;]\" \/>\n<meta property=\"og:url\" content=\"https:\/\/lleida.matersalvatoris.org\/en\/sport\/\" \/>\n<meta property=\"og:site_name\" content=\"Lleida Mater Salvatoris\" \/>\n<meta property=\"article:modified_time\" content=\"2021-11-12T17:33:29+00:00\" \/>\n<meta name=\"twitter:card\" content=\"summary_large_image\" \/>\n<meta name=\"twitter:label1\" content=\"Est. reading time\" \/>\n\t<meta name=\"twitter:data1\" content=\"5 minutes\" \/>\n<script type=\"application\/ld+json\" class=\"yoast-schema-graph\">{\"@context\":\"https:\/\/schema.org\",\"@graph\":[{\"@type\":\"WebPage\",\"@id\":\"https:\/\/lleida.matersalvatoris.org\/en\/sport\/\",\"url\":\"https:\/\/lleida.matersalvatoris.org\/en\/sport\/\",\"name\":\"SPORT - Lleida Mater Salvatoris\",\"isPartOf\":{\"@id\":\"https:\/\/lleida.matersalvatoris.org\/en\/#website\"},\"datePublished\":\"2021-10-29T09:07:38+00:00\",\"dateModified\":\"2021-11-12T17:33:29+00:00\",\"inLanguage\":\"en-US\",\"potentialAction\":[{\"@type\":\"ReadAction\",\"target\":[\"https:\/\/lleida.matersalvatoris.org\/en\/sport\/\"]}]},{\"@type\":\"WebSite\",\"@id\":\"https:\/\/lleida.matersalvatoris.org\/en\/#website\",\"url\":\"https:\/\/lleida.matersalvatoris.org\/en\/\",\"name\":\"Lleida Mater Salvatoris\",\"description\":\"Lleida Mater Salvatoris\",\"potentialAction\":[{\"@type\":\"SearchAction\",\"target\":{\"@type\":\"EntryPoint\",\"urlTemplate\":\"https:\/\/lleida.matersalvatoris.org\/en\/?s={search_term_string}\"},\"query-input\":{\"@type\":\"PropertyValueSpecification\",\"valueRequired\":true,\"valueName\":\"search_term_string\"}}],\"inLanguage\":\"en-US\"}]}<\/script>\n<!-- \/ Yoast SEO plugin. -->","yoast_head_json":{"title":"SPORT - Lleida Mater Salvatoris","robots":{"index":"index","follow":"follow","max-snippet":"max-snippet:-1","max-image-preview":"max-image-preview:large","max-video-preview":"max-video-preview:-1"},"canonical":"https:\/\/lleida.matersalvatoris.org\/en\/sport\/","og_locale":"en_US","og_type":"article","og_title":"SPORT - Lleida Mater Salvatoris","og_description":"Endeavour, drive, tolerance, respect and team spirit are just some of the fundamental qualities and values we hope to transmit to our students. Tolerance for frustration, knowing how to lose [&hellip;]","og_url":"https:\/\/lleida.matersalvatoris.org\/en\/sport\/","og_site_name":"Lleida Mater Salvatoris","article_modified_time":"2021-11-12T17:33:29+00:00","twitter_card":"summary_large_image","twitter_misc":{"Est. reading time":"5 minutes"},"schema":{"@context":"https:\/\/schema.org","@graph":[{"@type":"WebPage","@id":"https:\/\/lleida.matersalvatoris.org\/en\/sport\/","url":"https:\/\/lleida.matersalvatoris.org\/en\/sport\/","name":"SPORT - Lleida Mater Salvatoris","isPartOf":{"@id":"https:\/\/lleida.matersalvatoris.org\/en\/#website"},"datePublished":"2021-10-29T09:07:38+00:00","dateModified":"2021-11-12T17:33:29+00:00","inLanguage":"en-US","potentialAction":[{"@type":"ReadAction","target":["https:\/\/lleida.matersalvatoris.org\/en\/sport\/"]}]},{"@type":"WebSite","@id":"https:\/\/lleida.matersalvatoris.org\/en\/#website","url":"https:\/\/lleida.matersalvatoris.org\/en\/","name":"Lleida Mater Salvatoris","description":"Lleida Mater Salvatoris","potentialAction":[{"@type":"SearchAction","target":{"@type":"EntryPoint","urlTemplate":"https:\/\/lleida.matersalvatoris.org\/en\/?s={search_term_string}"},"query-input":{"@type":"PropertyValueSpecification","valueRequired":true,"valueName":"search_term_string"}}],"inLanguage":"en-US"}]}},"_links":{"self":[{"href":"https:\/\/lleida.matersalvatoris.org\/en\/wp-json\/wp\/v2\/pages\/637","targetHints":{"allow":["GET"]}}],"collection":[{"href":"https:\/\/lleida.matersalvatoris.org\/en\/wp-json\/wp\/v2\/pages"}],"about":[{"href":"https:\/\/lleida.matersalvatoris.org\/en\/wp-json\/wp\/v2\/types\/page"}],"author":[{"embeddable":true,"href":"https:\/\/lleida.matersalvatoris.org\/en\/wp-json\/wp\/v2\/users\/1"}],"replies":[{"embeddable":true,"href":"https:\/\/lleida.matersalvatoris.org\/en\/wp-json\/wp\/v2\/comments?post=637"}],"version-history":[{"count":6,"href":"https:\/\/lleida.matersalvatoris.org\/en\/wp-json\/wp\/v2\/pages\/637\/revisions"}],"predecessor-version":[{"id":8251,"href":"https:\/\/lleida.matersalvatoris.org\/en\/wp-json\/wp\/v2\/pages\/637\/revisions\/8251"}],"wp:attachment":[{"href":"https:\/\/lleida.matersalvatoris.org\/en\/wp-json\/wp\/v2\/media?parent=637"}],"curies":[{"name":"wp","href":"https:\/\/api.w.org\/{rel}","templated":true}]}}