{"id":625,"date":"2021-10-29T11:05:58","date_gmt":"2021-10-29T09:05:58","guid":{"rendered":"https:\/\/lleida.matersalvatoris.org\/?page_id=625"},"modified":"2021-11-12T19:32:37","modified_gmt":"2021-11-12T17:32:37","slug":"communication","status":"publish","type":"page","link":"https:\/\/lleida.matersalvatoris.org\/en\/communication\/","title":{"rendered":"COMMUNICATION"},"content":{"rendered":"<p>[et_pb_section fb_built=&#8221;1&#8243; fullwidth=&#8221;on&#8221; _builder_version=&#8221;4.13.0&#8243; _module_preset=&#8221;default&#8221; global_colors_info=&#8221;{}&#8221; da_is_popup=&#8221;off&#8221; da_exit_intent=&#8221;off&#8221; da_has_close=&#8221;on&#8221; da_alt_close=&#8221;off&#8221; da_dark_close=&#8221;off&#8221; da_not_modal=&#8221;on&#8221; da_is_singular=&#8221;off&#8221; da_with_loader=&#8221;off&#8221; da_has_shadow=&#8221;on&#8221; da_disable_devices=&#8221;off|off|off&#8221;][et_pb_fullwidth_slider _builder_version=&#8221;4.13.0&#8243; _module_preset=&#8221;default&#8221; global_colors_info=&#8221;{}&#8221;][et_pb_slide _builder_version=&#8221;4.11.1&#8243; _module_preset=&#8221;default&#8221; background_image=&#8221;https:\/\/lleida.matersalvatoris.org\/wp-content\/uploads\/2021\/10\/slide_1.jpg&#8221; background_enable_image=&#8221;on&#8221; global_colors_info=&#8221;{}&#8221; sticky_transition=&#8221;on&#8221;][\/et_pb_slide][et_pb_slide _builder_version=&#8221;4.11.1&#8243; _module_preset=&#8221;default&#8221; background_image=&#8221;https:\/\/lleida.matersalvatoris.org\/wp-content\/uploads\/2021\/10\/slide_2.jpg&#8221; background_enable_image=&#8221;on&#8221; global_colors_info=&#8221;{}&#8221; sticky_transition=&#8221;on&#8221;][\/et_pb_slide][et_pb_slide _builder_version=&#8221;4.11.1&#8243; _module_preset=&#8221;default&#8221; background_image=&#8221;https:\/\/lleida.matersalvatoris.org\/wp-content\/uploads\/2021\/10\/slide_3.jpg&#8221; background_enable_image=&#8221;on&#8221; global_colors_info=&#8221;{}&#8221; sticky_transition=&#8221;on&#8221;][\/et_pb_slide][et_pb_slide _builder_version=&#8221;4.11.1&#8243; _module_preset=&#8221;default&#8221; background_image=&#8221;https:\/\/lleida.matersalvatoris.org\/wp-content\/uploads\/2021\/10\/slide_4.jpg&#8221; background_enable_image=&#8221;on&#8221; global_colors_info=&#8221;{}&#8221; sticky_transition=&#8221;on&#8221;][\/et_pb_slide][et_pb_slide _builder_version=&#8221;4.11.1&#8243; _module_preset=&#8221;default&#8221; background_image=&#8221;https:\/\/lleida.matersalvatoris.org\/wp-content\/uploads\/2021\/10\/slide_5.jpg&#8221; background_enable_image=&#8221;on&#8221; global_colors_info=&#8221;{}&#8221; sticky_transition=&#8221;on&#8221;][\/et_pb_slide][\/et_pb_fullwidth_slider][\/et_pb_section][et_pb_section fb_built=&#8221;1&#8243; _builder_version=&#8221;4.11.1&#8243; _module_preset=&#8221;5c19a62f-513d-4606-ae30-8aab177d8889&#8243; custom_padding=&#8221;30px||30px||false|false&#8221; global_colors_info=&#8221;{}&#8221; da_is_popup=&#8221;off&#8221; da_exit_intent=&#8221;off&#8221; da_has_close=&#8221;on&#8221; da_alt_close=&#8221;off&#8221; da_dark_close=&#8221;off&#8221; da_not_modal=&#8221;on&#8221; da_is_singular=&#8221;off&#8221; da_with_loader=&#8221;off&#8221; da_has_shadow=&#8221;on&#8221; da_disable_devices=&#8221;off|off|off&#8221;][et_pb_row column_structure=&#8221;1_4,3_4&#8243; _builder_version=&#8221;4.11.1&#8243; _module_preset=&#8221;878dbd52-1639-4ccb-bc44-8449068c39e4&#8243; custom_padding=&#8221;0px||0px||false|false&#8221; global_colors_info=&#8221;{}&#8221;][et_pb_column type=&#8221;1_4&#8243; _builder_version=&#8221;4.11.1&#8243; _module_preset=&#8221;default&#8221; global_colors_info=&#8221;{}&#8221;][et_pb_text _builder_version=&#8221;4.13.1&#8243; _module_preset=&#8221;fb58153c-30e1-4016-9cf8-2751ea08e8fb&#8221; text_font_size=&#8221;25px&#8221; hover_enabled=&#8221;0&#8243; global_colors_info=&#8221;{}&#8221; _dynamic_attributes=&#8221;content&#8221; sticky_enabled=&#8221;0&#8243;]@ET-DC@eyJkeW5hbWljIjp0cnVlLCJjb250ZW50IjoicG9zdF90aXRsZSIsInNldHRpbmdzIjp7ImJlZm9yZSI6IiIsImFmdGVyIjoiIn19@[\/et_pb_text][\/et_pb_column][et_pb_column type=&#8221;3_4&#8243; _builder_version=&#8221;4.11.1&#8243; _module_preset=&#8221;default&#8221; global_colors_info=&#8221;{}&#8221;][et_pb_text _builder_version=&#8221;4.11.1&#8243; _module_preset=&#8221;0beecb44-14b6-4146-a084-a63d2edaa5dd&#8221; text_text_color=&#8221;#FFFFFF&#8221; text_font_size=&#8221;20px&#8221; text_line_height=&#8221;1.1em&#8221; background_color=&#8221;#8196a1&#8243; custom_margin=&#8221;||1em||false|false&#8221; custom_padding=&#8221;30px|30px|30px|30px|false|false&#8221; global_colors_info=&#8221;{}&#8221;]<\/p>\n<p style=\"text-align: justify;\"><span>\u201cHaving knowledge but lacking the power to express it clearly is no better than never having any ideas at all\u201d. (Pericles).<\/span><\/p>\n<p>[\/et_pb_text][et_pb_text _builder_version=&#8221;4.11.1&#8243; _module_preset=&#8221;9616b5da-827c-4a8d-ad6f-bcd50de1f39f&#8221; text_text_color=&#8221;#000000&#8243; text_font_size=&#8221;20px&#8221; text_line_height=&#8221;1.2em&#8221; custom_margin=&#8221;||1em||false|false&#8221; global_colors_info=&#8221;{}&#8221;]<\/p>\n<p><strong>The ability to think and express one\u2019s ideas clearly,<\/strong> effectively and fluently, both in everyday conversations and in front of larger groups, is one of the most prized skills a person can possess.<\/p>\n<p>There is no doubt that <strong>leadership<\/strong> is closely linked to the art of eloquence: the ability to persuade, teach, move and please others is an essential skill in all walks of life.<\/p>\n<p>As with any human faculty, the mastery of oral expression requires cultivation and training.<\/p>\n<p>Developing communication skills helps overcome insecurity and increases self-esteem, enhancing interpersonal relationships and allowing emotional intelligence to grow.<\/p>\n<p>For this reason, <strong>Mater Salvatoris School educates its students in the art of public speaking through<\/strong><strong>workshops, presentations and debates,<\/strong> so that they learn to overcome the fear of speaking in public and discover that doing so is not an impossible or unachievable task.<\/p>\n<p>[\/et_pb_text][\/et_pb_column][\/et_pb_row][\/et_pb_section]<\/p>\n","protected":false},"excerpt":{"rendered":"<p>\u201cHaving knowledge but lacking the power to express it clearly is no better than never having any ideas at all\u201d. (Pericles).The ability to think and express one\u2019s ideas clearly, effectively [&hellip;]<\/p>\n","protected":false},"author":1,"featured_media":0,"parent":0,"menu_order":0,"comment_status":"closed","ping_status":"closed","template":"","meta":{"_et_pb_use_builder":"on","_et_pb_old_content":"[et_pb_section fb_built=\"1\" custom_padding=\"30px||30px||false|false\" _builder_version=\"4.11.1\" _module_preset=\"5c19a62f-513d-4606-ae30-8aab177d8889\" global_colors_info=\"{}\"][et_pb_row custom_padding=\"0px||0px||false|false\" column_structure=\"1_4,3_4\" _builder_version=\"4.11.1\" _module_preset=\"878dbd52-1639-4ccb-bc44-8449068c39e4\" global_colors_info=\"{}\"][et_pb_column type=\"1_4\" _builder_version=\"4.11.1\" _module_preset=\"default\" global_colors_info=\"{}\"][et_pb_text background_color=\"#042d41\" text_font_size=\"30px\" text_text_color=\"#FFFFFF\" text_font=\"|700||on|||||\" text_orientation=\"center\" module_alignment=\"center\" height=\"244px\" custom_padding=\"110px||||false|false\" _builder_version=\"4.11.1\" _module_preset=\"130e0b9c-592c-4346-9b74-65866c043395\" global_colors_info=\"{}\"]\n\nCOMUNICACI\u00d3\n\n[\/et_pb_text][\/et_pb_column][et_pb_column type=\"3_4\" _builder_version=\"4.11.1\" _module_preset=\"default\" global_colors_info=\"{}\"][et_pb_text background_color=\"#8196a1\" custom_padding=\"30px|30px|30px|30px|false|false\" text_font_size=\"20px\" text_text_color=\"#FFFFFF\" text_line_height=\"1.1em\" custom_margin=\"||1em||false|false\" _builder_version=\"4.11.1\" _module_preset=\"0beecb44-14b6-4146-a084-a63d2edaa5dd\" global_colors_info=\"{}\"]\n<p style=\"text-align: justify;\">En l\u2019actualitat, quasi 7.000 alumnes reben la seva educaci\u00f3 en algun dels col\u00b7legis Mater Salvatoris.<\/p>\n[\/et_pb_text][et_pb_text text_text_color=\"#000000\" text_font_size=\"20px\" text_line_height=\"1.2em\" custom_margin=\"||1em||false|false\" _builder_version=\"4.11.1\" _module_preset=\"9616b5da-827c-4a8d-ad6f-bcd50de1f39f\" global_colors_info=\"{}\"]\n\n<strong>Pensar i expressar les pr\u00f2pies idees<\/strong> amb claredat, efectivitat i flu\u00efdesa, tant en converses familiars com davant grups m\u00e9s nombrosos, \u00e9s una de les habilitats m\u00e9s preuades per a un \u00e9sser hum\u00e0.\n\nNo hi ha dubte que la <strong>capacitat de lideratge<\/strong> est\u00e0 molt unida al domini de l\u2019art de l\u2019eloq\u00fc\u00e8ncia: persuadir, ensenyar, commoure, agradar\u2026 s\u00f3n habilitats essencials en totes les esferes de la vida.\n\nCom qualsevol altra facultat de l\u2019home, el domini de l\u2019expressi\u00f3 oral requereix cultiu i educaci\u00f3.\n\nTreballar la comunicaci\u00f3 ajuda a v\u00e8ncer inseguretats i a refor\u00e7ar l\u2019autoestima; potencia les relacions interpersonals i permet desenvolupar la intel\u00b7lig\u00e8ncia emocional.\n\nPer aquest motiu, <strong>el col\u00b7legi Mater Salvatoris forma els seus alumnes en l\u2019art de l\u2019Orat\u00f2ria a trav\u00e9s de tallers, exposicions i debats<\/strong>, perqu\u00e8 aprenguin a superar la por a parlar en p\u00fablic i descobreixin que no \u00e9s una cosa impossible o inassolible.\n\n[\/et_pb_text][\/et_pb_column][\/et_pb_row][\/et_pb_section]","_et_gb_content_width":"","footnotes":""},"class_list":["post-625","page","type-page","status-publish","hentry"],"yoast_head":"<!-- This site is optimized with the Yoast SEO plugin v26.6 - https:\/\/yoast.com\/wordpress\/plugins\/seo\/ -->\n<title>COMMUNICATION - Lleida Mater Salvatoris<\/title>\n<meta name=\"robots\" content=\"index, follow, max-snippet:-1, max-image-preview:large, max-video-preview:-1\" \/>\n<link rel=\"canonical\" href=\"https:\/\/lleida.matersalvatoris.org\/en\/communication\/\" \/>\n<meta property=\"og:locale\" content=\"en_US\" \/>\n<meta property=\"og:type\" content=\"article\" \/>\n<meta property=\"og:title\" content=\"COMMUNICATION - Lleida Mater Salvatoris\" \/>\n<meta property=\"og:description\" content=\"\u201cHaving knowledge but lacking the power to express it clearly is no better than never having any ideas at all\u201d. (Pericles).The ability to think and express one\u2019s ideas clearly, effectively [&hellip;]\" \/>\n<meta property=\"og:url\" content=\"https:\/\/lleida.matersalvatoris.org\/en\/communication\/\" \/>\n<meta property=\"og:site_name\" content=\"Lleida Mater Salvatoris\" \/>\n<meta property=\"article:modified_time\" content=\"2021-11-12T17:32:37+00:00\" \/>\n<meta name=\"twitter:card\" content=\"summary_large_image\" \/>\n<meta name=\"twitter:label1\" content=\"Est. reading time\" \/>\n\t<meta name=\"twitter:data1\" content=\"3 minutes\" \/>\n<script type=\"application\/ld+json\" class=\"yoast-schema-graph\">{\"@context\":\"https:\/\/schema.org\",\"@graph\":[{\"@type\":\"WebPage\",\"@id\":\"https:\/\/lleida.matersalvatoris.org\/en\/communication\/\",\"url\":\"https:\/\/lleida.matersalvatoris.org\/en\/communication\/\",\"name\":\"COMMUNICATION - Lleida Mater Salvatoris\",\"isPartOf\":{\"@id\":\"https:\/\/lleida.matersalvatoris.org\/en\/#website\"},\"datePublished\":\"2021-10-29T09:05:58+00:00\",\"dateModified\":\"2021-11-12T17:32:37+00:00\",\"inLanguage\":\"en-US\",\"potentialAction\":[{\"@type\":\"ReadAction\",\"target\":[\"https:\/\/lleida.matersalvatoris.org\/en\/communication\/\"]}]},{\"@type\":\"WebSite\",\"@id\":\"https:\/\/lleida.matersalvatoris.org\/en\/#website\",\"url\":\"https:\/\/lleida.matersalvatoris.org\/en\/\",\"name\":\"Lleida Mater Salvatoris\",\"description\":\"Lleida Mater Salvatoris\",\"potentialAction\":[{\"@type\":\"SearchAction\",\"target\":{\"@type\":\"EntryPoint\",\"urlTemplate\":\"https:\/\/lleida.matersalvatoris.org\/en\/?s={search_term_string}\"},\"query-input\":{\"@type\":\"PropertyValueSpecification\",\"valueRequired\":true,\"valueName\":\"search_term_string\"}}],\"inLanguage\":\"en-US\"}]}<\/script>\n<!-- \/ Yoast SEO plugin. -->","yoast_head_json":{"title":"COMMUNICATION - Lleida Mater Salvatoris","robots":{"index":"index","follow":"follow","max-snippet":"max-snippet:-1","max-image-preview":"max-image-preview:large","max-video-preview":"max-video-preview:-1"},"canonical":"https:\/\/lleida.matersalvatoris.org\/en\/communication\/","og_locale":"en_US","og_type":"article","og_title":"COMMUNICATION - Lleida Mater Salvatoris","og_description":"\u201cHaving knowledge but lacking the power to express it clearly is no better than never having any ideas at all\u201d. (Pericles).The ability to think and express one\u2019s ideas clearly, effectively [&hellip;]","og_url":"https:\/\/lleida.matersalvatoris.org\/en\/communication\/","og_site_name":"Lleida Mater Salvatoris","article_modified_time":"2021-11-12T17:32:37+00:00","twitter_card":"summary_large_image","twitter_misc":{"Est. reading time":"3 minutes"},"schema":{"@context":"https:\/\/schema.org","@graph":[{"@type":"WebPage","@id":"https:\/\/lleida.matersalvatoris.org\/en\/communication\/","url":"https:\/\/lleida.matersalvatoris.org\/en\/communication\/","name":"COMMUNICATION - Lleida Mater Salvatoris","isPartOf":{"@id":"https:\/\/lleida.matersalvatoris.org\/en\/#website"},"datePublished":"2021-10-29T09:05:58+00:00","dateModified":"2021-11-12T17:32:37+00:00","inLanguage":"en-US","potentialAction":[{"@type":"ReadAction","target":["https:\/\/lleida.matersalvatoris.org\/en\/communication\/"]}]},{"@type":"WebSite","@id":"https:\/\/lleida.matersalvatoris.org\/en\/#website","url":"https:\/\/lleida.matersalvatoris.org\/en\/","name":"Lleida Mater Salvatoris","description":"Lleida Mater Salvatoris","potentialAction":[{"@type":"SearchAction","target":{"@type":"EntryPoint","urlTemplate":"https:\/\/lleida.matersalvatoris.org\/en\/?s={search_term_string}"},"query-input":{"@type":"PropertyValueSpecification","valueRequired":true,"valueName":"search_term_string"}}],"inLanguage":"en-US"}]}},"_links":{"self":[{"href":"https:\/\/lleida.matersalvatoris.org\/en\/wp-json\/wp\/v2\/pages\/625","targetHints":{"allow":["GET"]}}],"collection":[{"href":"https:\/\/lleida.matersalvatoris.org\/en\/wp-json\/wp\/v2\/pages"}],"about":[{"href":"https:\/\/lleida.matersalvatoris.org\/en\/wp-json\/wp\/v2\/types\/page"}],"author":[{"embeddable":true,"href":"https:\/\/lleida.matersalvatoris.org\/en\/wp-json\/wp\/v2\/users\/1"}],"replies":[{"embeddable":true,"href":"https:\/\/lleida.matersalvatoris.org\/en\/wp-json\/wp\/v2\/comments?post=625"}],"version-history":[{"count":6,"href":"https:\/\/lleida.matersalvatoris.org\/en\/wp-json\/wp\/v2\/pages\/625\/revisions"}],"predecessor-version":[{"id":8250,"href":"https:\/\/lleida.matersalvatoris.org\/en\/wp-json\/wp\/v2\/pages\/625\/revisions\/8250"}],"wp:attachment":[{"href":"https:\/\/lleida.matersalvatoris.org\/en\/wp-json\/wp\/v2\/media?parent=625"}],"curies":[{"name":"wp","href":"https:\/\/api.w.org\/{rel}","templated":true}]}}