{"id":621,"date":"2021-10-29T11:05:33","date_gmt":"2021-10-29T09:05:33","guid":{"rendered":"https:\/\/lleida.matersalvatoris.org\/?page_id=621"},"modified":"2021-11-12T19:27:02","modified_gmt":"2021-11-12T17:27:02","slug":"company-of-the-saviour","status":"publish","type":"page","link":"https:\/\/lleida.matersalvatoris.org\/en\/company-of-the-saviour\/","title":{"rendered":"COMPANY OF THE SAVIOUR"},"content":{"rendered":"<p>[et_pb_section fb_built=&#8221;1&#8243; fullwidth=&#8221;on&#8221; _builder_version=&#8221;4.11.1&#8243; _module_preset=&#8221;default&#8221; global_colors_info=&#8221;{}&#8221; da_is_popup=&#8221;off&#8221; da_exit_intent=&#8221;off&#8221; da_has_close=&#8221;on&#8221; da_alt_close=&#8221;off&#8221; da_dark_close=&#8221;off&#8221; da_not_modal=&#8221;on&#8221; da_is_singular=&#8221;off&#8221; da_with_loader=&#8221;off&#8221; da_has_shadow=&#8221;on&#8221; da_disable_devices=&#8221;off|off|off&#8221;][et_pb_fullwidth_slider _builder_version=&#8221;4.13.0&#8243; _module_preset=&#8221;default&#8221; global_colors_info=&#8221;{}&#8221;][et_pb_slide _builder_version=&#8221;4.13.0&#8243; _module_preset=&#8221;default&#8221; background_image=&#8221;https:\/\/lleida.matersalvatoris.org\/wp-content\/uploads\/2021\/10\/header_compania.jpg&#8221; background_enable_image=&#8221;on&#8221; global_colors_info=&#8221;{}&#8221; sticky_transition=&#8221;on&#8221;][\/et_pb_slide][\/et_pb_fullwidth_slider][\/et_pb_section][et_pb_section fb_built=&#8221;1&#8243; _builder_version=&#8221;4.11.1&#8243; _module_preset=&#8221;5c19a62f-513d-4606-ae30-8aab177d8889&#8243; custom_padding=&#8221;30px||30px||false|false&#8221; global_colors_info=&#8221;{}&#8221; da_is_popup=&#8221;off&#8221; da_exit_intent=&#8221;off&#8221; da_has_close=&#8221;on&#8221; da_alt_close=&#8221;off&#8221; da_dark_close=&#8221;off&#8221; da_not_modal=&#8221;on&#8221; da_is_singular=&#8221;off&#8221; da_with_loader=&#8221;off&#8221; da_has_shadow=&#8221;on&#8221; da_disable_devices=&#8221;off|off|off&#8221;][et_pb_row column_structure=&#8221;1_4,3_4&#8243; _builder_version=&#8221;4.11.1&#8243; _module_preset=&#8221;878dbd52-1639-4ccb-bc44-8449068c39e4&#8243; custom_padding=&#8221;0px||0px||false|false&#8221; global_colors_info=&#8221;{}&#8221;][et_pb_column type=&#8221;1_4&#8243; _builder_version=&#8221;4.11.1&#8243; _module_preset=&#8221;default&#8221; global_colors_info=&#8221;{}&#8221;][et_pb_text _builder_version=&#8221;4.13.1&#8243; _module_preset=&#8221;fb58153c-30e1-4016-9cf8-2751ea08e8fb&#8221; text_font_size=&#8221;31px&#8221; text_line_height=&#8221;1.1em&#8221; custom_padding=&#8221;90px||||false|false&#8221; hover_enabled=&#8221;0&#8243; global_colors_info=&#8221;{}&#8221; sticky_enabled=&#8221;0&#8243;]<\/p>\n<p><span>company of the-saviour<\/span><\/p>\n<p>[\/et_pb_text][et_pb_image src=&#8221;https:\/\/lleida.matersalvatoris.org\/wp-content\/uploads\/2021\/11\/M-Felix-M-Lora-1989_b.jpg&#8221; title_text=&#8221;M-Felix-M-Lora-1989_b&#8221; _builder_version=&#8221;4.11.3&#8243; _module_preset=&#8221;cd5698fc-7441-45eb-b23f-47fbe30b45b6&#8243; global_colors_info=&#8221;{}&#8221;][\/et_pb_image][et_pb_image src=&#8221;https:\/\/lleida.matersalvatoris.org\/wp-content\/uploads\/2021\/11\/3-MM-Ana-e-Isabel-junioras_b.jpg&#8221; title_text=&#8221;3-MM-Ana-e-Isabel-junioras_b&#8221; _builder_version=&#8221;4.11.3&#8243; _module_preset=&#8221;cd5698fc-7441-45eb-b23f-47fbe30b45b6&#8243; global_colors_info=&#8221;{}&#8221;][\/et_pb_image][\/et_pb_column][et_pb_column type=&#8221;3_4&#8243; _builder_version=&#8221;4.11.1&#8243; _module_preset=&#8221;default&#8221; global_colors_info=&#8221;{}&#8221;][et_pb_text _builder_version=&#8221;4.11.1&#8243; _module_preset=&#8221;9616b5da-827c-4a8d-ad6f-bcd50de1f39f&#8221; text_text_color=&#8221;#000000&#8243; text_font_size=&#8221;20px&#8221; text_line_height=&#8221;1.2em&#8221; custom_margin=&#8221;||1em||false|false&#8221; global_colors_info=&#8221;{}&#8221;]<\/p>\n<p><strong>The Company of the Saviour <em>(Compa\u00f1\u00eda del Salvador)\u00a0<\/em>is a Religious Institute of pontifical right, which was founded in 1952 by Mother\u00a0Mar\u00eda F\u00e9lix Torres.<\/strong><\/p>\n<p>It lives the spirituality of St Ignatius of Loyola and its motto is <strong><em>\u201cA Mayor Gloria de Dios\u201d (\u201cTo the Greater Glory of God\u201d)<\/em>.<\/strong> One of the Institute\u2019s fundamental characteristics is its devotion to\u00a0the Church. As such, all its nuns make a fourth vow of special obedience to the Holy Father.<\/p>\n<p>The specific mission of the Company of the Saviour\u00a0is the Christian education of girls and young women all over the world, which it undertakes\u00a0in its own educational centres.<\/p>\n<p>[\/et_pb_text][et_pb_text _builder_version=&#8221;4.11.1&#8243; _module_preset=&#8221;0beecb44-14b6-4146-a084-a63d2edaa5dd&#8221; text_text_color=&#8221;#FFFFFF&#8221; text_font_size=&#8221;20px&#8221; text_line_height=&#8221;1.1em&#8221; background_color=&#8221;#8196a1&#8243; custom_margin=&#8221;||1em||false|false&#8221; custom_padding=&#8221;30px|30px|30px|30px|false|false&#8221; global_colors_info=&#8221;{}&#8221;]<\/p>\n<p><span>Today, almost 7,000 students are educated in the Mater Salvatoris Schools.<\/span><\/p>\n<p>[\/et_pb_text][et_pb_button button_url=&#8221;https:\/\/ciasalvador.org\/&#8221; url_new_window=&#8221;on&#8221; button_text=&#8221;ciasalvador.org&#8221; button_alignment=&#8221;left&#8221; _builder_version=&#8221;4.11.1&#8243; _module_preset=&#8221;bc366af9-9082-44f4-9525-0dc310aa7fc2&#8243; custom_button=&#8221;on&#8221; button_text_size=&#8221;30px&#8221; button_text_color=&#8221;#FFFFFF&#8221; button_bg_color=&#8221;#337ab7&#8243; button_border_width=&#8221;0px&#8221; button_border_radius=&#8221;0px&#8221; button_use_icon=&#8221;off&#8221; custom_margin=&#8221;||1em||false|false&#8221; custom_padding=&#8221;|25px||25px|false|false&#8221; global_colors_info=&#8221;{}&#8221;][\/et_pb_button][\/et_pb_column][\/et_pb_row][\/et_pb_section]<\/p>\n","protected":false},"excerpt":{"rendered":"<p>company of the-saviourThe Company of the Saviour (Compa\u00f1\u00eda del Salvador)\u00a0is a Religious Institute of pontifical right, which was founded in 1952 by Mother\u00a0Mar\u00eda F\u00e9lix Torres. It lives the spirituality of [&hellip;]<\/p>\n","protected":false},"author":1,"featured_media":0,"parent":0,"menu_order":0,"comment_status":"closed","ping_status":"closed","template":"","meta":{"_et_pb_use_builder":"on","_et_pb_old_content":"[et_pb_section fb_built=\"1\" fullwidth=\"on\" _builder_version=\"4.11.1\" _module_preset=\"default\" global_colors_info=\"{}\"][et_pb_fullwidth_image src=\"https:\/\/lleida.matersalvatoris.org\/wp-content\/uploads\/2021\/10\/header_compania.jpg\" title_text=\"header_compania\" _builder_version=\"4.11.1\" _module_preset=\"default\" global_colors_info=\"{}\"][\/et_pb_fullwidth_image][\/et_pb_section][et_pb_section fb_built=\"1\" custom_padding=\"30px||30px||false|false\" _builder_version=\"4.11.1\" _module_preset=\"5c19a62f-513d-4606-ae30-8aab177d8889\" global_colors_info=\"{}\"][et_pb_row custom_padding=\"0px||0px||false|false\" column_structure=\"1_4,3_4\" _builder_version=\"4.11.1\" _module_preset=\"878dbd52-1639-4ccb-bc44-8449068c39e4\" global_colors_info=\"{}\"][et_pb_column type=\"1_4\" _builder_version=\"4.11.1\" _module_preset=\"default\" global_colors_info=\"{}\"][et_pb_text background_color=\"#042d41\" text_font_size=\"31px\" text_text_color=\"#FFFFFF\" text_font=\"|700||on|||||\" text_line_height=\"1.1em\" text_orientation=\"center\" module_alignment=\"center\" height=\"244px\" custom_padding=\"90px||||false|false\" _builder_version=\"4.11.1\" _module_preset=\"16241ff9-6a12-456b-905f-17691ce7a956\" global_colors_info=\"{}\"]\n\nCOMPANYIA DEL SALVADOR\n\n[\/et_pb_text][et_pb_image border_width_all=\"2px\" border_color_all=\"rgba(0,0,0,0.1)\" border_radii=\"on|2px|2px|2px|2px\" custom_padding=\"0px|0px|0px|0px|false|false\" box_shadow_style=\"preset1\" src=\"https:\/\/lleida.matersalvatoris.org\/wp-content\/uploads\/2021\/10\/compania_1-300x300-1.jpg\" title_text=\"compania_1-300x300\" _builder_version=\"4.11.1\" _module_preset=\"1456a61a-6428-47f7-af7b-e2d2556e2239\" global_colors_info=\"{}\"][\/et_pb_image][et_pb_image border_width_all=\"2px\" border_color_all=\"rgba(0,0,0,0.1)\" border_radii=\"on|2px|2px|2px|2px\" custom_padding=\"0px|0px|0px|0px|false|false\" box_shadow_style=\"preset1\" src=\"https:\/\/lleida.matersalvatoris.org\/wp-content\/uploads\/2021\/10\/compania_2-300x300-1.jpg\" title_text=\"compania_2-300x300\" _builder_version=\"4.11.1\" _module_preset=\"1456a61a-6428-47f7-af7b-e2d2556e2239\" global_colors_info=\"{}\"][\/et_pb_image][\/et_pb_column][et_pb_column type=\"3_4\" _builder_version=\"4.11.1\" _module_preset=\"default\" global_colors_info=\"{}\"][et_pb_text text_text_color=\"#000000\" text_font_size=\"20px\" text_line_height=\"1.2em\" custom_margin=\"||1em||false|false\" _builder_version=\"4.11.1\" _module_preset=\"9616b5da-827c-4a8d-ad6f-bcd50de1f39f\" global_colors_info=\"{}\"]\n\n<strong>La Companyia del Salvador \u00e9s un Institut Religi\u00f3s de dret pontifici, fundat el 1952 per la Mare Mar\u00eda F\u00e9lix Torres.<\/strong>\n\nViu l\u2019espiritualitat de sant Ignasi de Loiola i t\u00e9 com a lema <strong>\u00abA Major Gl\u00f2ria de D\u00e9u\u00bb<\/strong>. Una caracter\u00edstica essencial de l\u2019Institut \u00e9s l\u2019amor a l\u2019Esgl\u00e9sia. Per aix\u00f2, totes les seves religioses fan un quart vot d\u2019especial obedi\u00e8ncia al Sant Pare.\n\nLa missi\u00f3 espec\u00edfica de la Companyia del Salvador \u00e9s la formaci\u00f3 cristiana d\u2019infants i joves arreu del m\u00f3n, labor que desenvolupa en centres educatius propis.\n\n[\/et_pb_text][et_pb_text background_color=\"#8196a1\" custom_padding=\"30px|30px|30px|30px|false|false\" text_font_size=\"20px\" text_text_color=\"#FFFFFF\" text_line_height=\"1.1em\" custom_margin=\"||1em||false|false\" _builder_version=\"4.11.1\" _module_preset=\"0beecb44-14b6-4146-a084-a63d2edaa5dd\" global_colors_info=\"{}\"]\n\nEn l\u2019actualitat, quasi 7.000 alumnes reben la seva educaci\u00f3 en algun dels col\u00b7legis Mater Salvatoris.\n\n[\/et_pb_text][et_pb_button button_alignment=\"left\" custom_button=\"on\" button_text_size=\"30px\" button_text_color=\"#FFFFFF\" button_bg_color=\"#337ab7\" button_border_radius=\"0px\" button_use_icon=\"off\" custom_padding=\"|25px||25px|false|false\" button_bg_enable_color=\"on\" button_border_width=\"0px\" custom_margin=\"||1em||false|false\" button_url=\"https:\/\/ciasalvador.org\/\" url_new_window=\"on\" button_text=\"ciasalvador.org\" _builder_version=\"4.11.1\" _module_preset=\"bc366af9-9082-44f4-9525-0dc310aa7fc2\" global_colors_info=\"{}\"][\/et_pb_button][\/et_pb_column][\/et_pb_row][\/et_pb_section]","_et_gb_content_width":"","footnotes":""},"class_list":["post-621","page","type-page","status-publish","hentry"],"yoast_head":"<!-- This site is optimized with the Yoast SEO plugin v26.6 - https:\/\/yoast.com\/wordpress\/plugins\/seo\/ -->\n<title>COMPANY OF THE SAVIOUR - Lleida Mater Salvatoris<\/title>\n<meta name=\"robots\" content=\"index, follow, max-snippet:-1, max-image-preview:large, max-video-preview:-1\" \/>\n<link rel=\"canonical\" href=\"https:\/\/lleida.matersalvatoris.org\/en\/company-of-the-saviour\/\" \/>\n<meta property=\"og:locale\" content=\"en_US\" \/>\n<meta property=\"og:type\" content=\"article\" \/>\n<meta property=\"og:title\" content=\"COMPANY OF THE SAVIOUR - Lleida Mater Salvatoris\" \/>\n<meta property=\"og:description\" content=\"company of the-saviourThe Company of the Saviour (Compa\u00f1\u00eda del Salvador)\u00a0is a Religious Institute of pontifical right, which was founded in 1952 by Mother\u00a0Mar\u00eda F\u00e9lix Torres. It lives the spirituality of [&hellip;]\" \/>\n<meta property=\"og:url\" content=\"https:\/\/lleida.matersalvatoris.org\/en\/company-of-the-saviour\/\" \/>\n<meta property=\"og:site_name\" content=\"Lleida Mater Salvatoris\" \/>\n<meta property=\"article:modified_time\" content=\"2021-11-12T17:27:02+00:00\" \/>\n<meta name=\"twitter:card\" content=\"summary_large_image\" \/>\n<meta name=\"twitter:label1\" content=\"Est. reading time\" \/>\n\t<meta name=\"twitter:data1\" content=\"3 minutes\" \/>\n<script type=\"application\/ld+json\" class=\"yoast-schema-graph\">{\"@context\":\"https:\/\/schema.org\",\"@graph\":[{\"@type\":\"WebPage\",\"@id\":\"https:\/\/lleida.matersalvatoris.org\/en\/company-of-the-saviour\/\",\"url\":\"https:\/\/lleida.matersalvatoris.org\/en\/company-of-the-saviour\/\",\"name\":\"COMPANY OF THE SAVIOUR - Lleida Mater Salvatoris\",\"isPartOf\":{\"@id\":\"https:\/\/lleida.matersalvatoris.org\/en\/#website\"},\"datePublished\":\"2021-10-29T09:05:33+00:00\",\"dateModified\":\"2021-11-12T17:27:02+00:00\",\"inLanguage\":\"en-US\",\"potentialAction\":[{\"@type\":\"ReadAction\",\"target\":[\"https:\/\/lleida.matersalvatoris.org\/en\/company-of-the-saviour\/\"]}]},{\"@type\":\"WebSite\",\"@id\":\"https:\/\/lleida.matersalvatoris.org\/en\/#website\",\"url\":\"https:\/\/lleida.matersalvatoris.org\/en\/\",\"name\":\"Lleida Mater Salvatoris\",\"description\":\"Lleida Mater Salvatoris\",\"potentialAction\":[{\"@type\":\"SearchAction\",\"target\":{\"@type\":\"EntryPoint\",\"urlTemplate\":\"https:\/\/lleida.matersalvatoris.org\/en\/?s={search_term_string}\"},\"query-input\":{\"@type\":\"PropertyValueSpecification\",\"valueRequired\":true,\"valueName\":\"search_term_string\"}}],\"inLanguage\":\"en-US\"}]}<\/script>\n<!-- \/ Yoast SEO plugin. -->","yoast_head_json":{"title":"COMPANY OF THE SAVIOUR - Lleida Mater Salvatoris","robots":{"index":"index","follow":"follow","max-snippet":"max-snippet:-1","max-image-preview":"max-image-preview:large","max-video-preview":"max-video-preview:-1"},"canonical":"https:\/\/lleida.matersalvatoris.org\/en\/company-of-the-saviour\/","og_locale":"en_US","og_type":"article","og_title":"COMPANY OF THE SAVIOUR - Lleida Mater Salvatoris","og_description":"company of the-saviourThe Company of the Saviour (Compa\u00f1\u00eda del Salvador)\u00a0is a Religious Institute of pontifical right, which was founded in 1952 by Mother\u00a0Mar\u00eda F\u00e9lix Torres. It lives the spirituality of [&hellip;]","og_url":"https:\/\/lleida.matersalvatoris.org\/en\/company-of-the-saviour\/","og_site_name":"Lleida Mater Salvatoris","article_modified_time":"2021-11-12T17:27:02+00:00","twitter_card":"summary_large_image","twitter_misc":{"Est. reading time":"3 minutes"},"schema":{"@context":"https:\/\/schema.org","@graph":[{"@type":"WebPage","@id":"https:\/\/lleida.matersalvatoris.org\/en\/company-of-the-saviour\/","url":"https:\/\/lleida.matersalvatoris.org\/en\/company-of-the-saviour\/","name":"COMPANY OF THE SAVIOUR - Lleida Mater Salvatoris","isPartOf":{"@id":"https:\/\/lleida.matersalvatoris.org\/en\/#website"},"datePublished":"2021-10-29T09:05:33+00:00","dateModified":"2021-11-12T17:27:02+00:00","inLanguage":"en-US","potentialAction":[{"@type":"ReadAction","target":["https:\/\/lleida.matersalvatoris.org\/en\/company-of-the-saviour\/"]}]},{"@type":"WebSite","@id":"https:\/\/lleida.matersalvatoris.org\/en\/#website","url":"https:\/\/lleida.matersalvatoris.org\/en\/","name":"Lleida Mater Salvatoris","description":"Lleida Mater Salvatoris","potentialAction":[{"@type":"SearchAction","target":{"@type":"EntryPoint","urlTemplate":"https:\/\/lleida.matersalvatoris.org\/en\/?s={search_term_string}"},"query-input":{"@type":"PropertyValueSpecification","valueRequired":true,"valueName":"search_term_string"}}],"inLanguage":"en-US"}]}},"_links":{"self":[{"href":"https:\/\/lleida.matersalvatoris.org\/en\/wp-json\/wp\/v2\/pages\/621","targetHints":{"allow":["GET"]}}],"collection":[{"href":"https:\/\/lleida.matersalvatoris.org\/en\/wp-json\/wp\/v2\/pages"}],"about":[{"href":"https:\/\/lleida.matersalvatoris.org\/en\/wp-json\/wp\/v2\/types\/page"}],"author":[{"embeddable":true,"href":"https:\/\/lleida.matersalvatoris.org\/en\/wp-json\/wp\/v2\/users\/1"}],"replies":[{"embeddable":true,"href":"https:\/\/lleida.matersalvatoris.org\/en\/wp-json\/wp\/v2\/comments?post=621"}],"version-history":[{"count":6,"href":"https:\/\/lleida.matersalvatoris.org\/en\/wp-json\/wp\/v2\/pages\/621\/revisions"}],"predecessor-version":[{"id":8242,"href":"https:\/\/lleida.matersalvatoris.org\/en\/wp-json\/wp\/v2\/pages\/621\/revisions\/8242"}],"wp:attachment":[{"href":"https:\/\/lleida.matersalvatoris.org\/en\/wp-json\/wp\/v2\/media?parent=621"}],"curies":[{"name":"wp","href":"https:\/\/api.w.org\/{rel}","templated":true}]}}