{"id":11586,"date":"2026-05-12T14:19:31","date_gmt":"2026-05-12T13:19:31","guid":{"rendered":"https:\/\/lleida.matersalvatoris.org\/llar-2\/"},"modified":"2026-05-13T10:56:11","modified_gmt":"2026-05-13T09:56:11","slug":"llar-2","status":"publish","type":"page","link":"https:\/\/lleida.matersalvatoris.org\/en\/llar-2\/","title":{"rendered":"Llar EN"},"content":{"rendered":"<p>[et_pb_section fb_built=&#8221;1&#8243; _builder_version=&#8221;4.16&#8243; _module_preset=&#8221;5c19a62f-513d-4606-ae30-8aab177d8889&#8243; custom_padding=&#8221;30px||30px||false|false&#8221; da_disable_devices=&#8221;off|off|off&#8221; global_colors_info=&#8221;{}&#8221; da_is_popup=&#8221;off&#8221; da_exit_intent=&#8221;off&#8221; da_has_close=&#8221;on&#8221; da_alt_close=&#8221;off&#8221; da_dark_close=&#8221;off&#8221; da_not_modal=&#8221;on&#8221; da_is_singular=&#8221;off&#8221; da_with_loader=&#8221;off&#8221; da_has_shadow=&#8221;on&#8221;][et_pb_row column_structure=&#8221;1_4,3_4&#8243; _builder_version=&#8221;4.16&#8243; _module_preset=&#8221;878dbd52-1639-4ccb-bc44-8449068c39e4&#8243; custom_padding=&#8221;0px||0px||false|false&#8221; global_colors_info=&#8221;{}&#8221;][et_pb_column type=&#8221;1_4&#8243; _builder_version=&#8221;4.16&#8243; _module_preset=&#8221;default&#8221; global_colors_info=&#8221;{}&#8221;][et_pb_text _builder_version=&#8221;4.27.5&#8243; _module_preset=&#8221;fb58153c-30e1-4016-9cf8-2751ea08e8fb&#8221; global_colors_info=&#8221;{}&#8221;]<\/p>\n<p>Llar d&#8217;Infants<\/p>\n<p>0-2 anys<\/p>\n<p>[\/et_pb_text][et_pb_image src=&#8221;https:\/\/lleida.matersalvatoris.org\/wp-content\/uploads\/2024\/02\/dsz3310-convertimage-min_optimized-scaled.jpg&#8221; title_text=&#8221;_dsz3310-convertimage-min_optimized&#8221; _builder_version=&#8221;4.27.5&#8243; _module_preset=&#8221;cd5698fc-7441-45eb-b23f-47fbe30b45b6&#8243; global_colors_info=&#8221;{}&#8221;][\/et_pb_image][et_pb_image src=&#8221;https:\/\/lleida.matersalvatoris.org\/wp-content\/uploads\/2026\/05\/PXL_20260508_093607379.PORTRAIT-scaled.jpg&#8221; title_text=&#8221;PXL_20260508_093607379.PORTRAIT&#8221; _builder_version=&#8221;4.27.5&#8243; _module_preset=&#8221;cd5698fc-7441-45eb-b23f-47fbe30b45b6&#8243; global_colors_info=&#8221;{}&#8221;][\/et_pb_image][et_pb_image src=&#8221;https:\/\/lleida.matersalvatoris.org\/wp-content\/uploads\/2026\/05\/PXL_20260508_075510411.PORTRAIT-scaled.jpg&#8221; title_text=&#8221;PXL_20260508_075510411.PORTRAIT&#8221; _builder_version=&#8221;4.27.5&#8243; _module_preset=&#8221;cd5698fc-7441-45eb-b23f-47fbe30b45b6&#8243; global_colors_info=&#8221;{}&#8221;][\/et_pb_image][et_pb_image src=&#8221;https:\/\/lleida.matersalvatoris.org\/wp-content\/uploads\/2026\/05\/PXL_20260508_093451995.PORTRAIT-scaled.jpg&#8221; title_text=&#8221;PXL_20260508_093451995.PORTRAIT&#8221; _builder_version=&#8221;4.27.5&#8243; _module_preset=&#8221;cd5698fc-7441-45eb-b23f-47fbe30b45b6&#8243; global_colors_info=&#8221;{}&#8221;][\/et_pb_image][\/et_pb_column][et_pb_column type=&#8221;3_4&#8243; _builder_version=&#8221;4.16&#8243; _module_preset=&#8221;default&#8221; global_colors_info=&#8221;{}&#8221;][et_pb_text _builder_version=&#8221;4.16&#8243; _module_preset=&#8221;0beecb44-14b6-4146-a084-a63d2edaa5dd&#8221; text_text_color=&#8221;#FFFFFF&#8221; text_line_height=&#8221;1.1em&#8221; background_color=&#8221;#8196a1&#8243; custom_padding=&#8221;30px|30px|30px|30px|false|false&#8221; global_colors_info=&#8221;{}&#8221;]<\/p>\n<p class=\"texto-resaltado\"><span class=\"a_GcMg\">A la Llar d&#8217;Infants, el col\u00b7legi acull els nens des dels primers mesos en un<span>\u00a0<\/span><\/span><span class=\"a_GcMg\">entorn segur, ser\u00e8 i ple d\u2019afecte<\/span><span class=\"a_GcMg\">, concebut com una aut\u00e8ntica<span>\u00a0<\/span><\/span><span class=\"a_GcMg\">extensi\u00f3 de la llar<\/span><span class=\"a_GcMg\">, on la fam\u00edlia troba un suport proper i professional.<\/span><\/p>\n<p>[\/et_pb_text][et_pb_text _builder_version=&#8221;4.16&#8243; _module_preset=&#8221;9616b5da-827c-4a8d-ad6f-bcd50de1f39f&#8221; global_colors_info=&#8221;{}&#8221;]<\/p>\n<p class=\"_28USrA _2ENCSQ XN6uKA\"><span class=\"a_GcMg\">En aquesta etapa tan delicada, cuidem especialment els<span>\u00a0<\/span><\/span><strong><span class=\"a_GcMg\">vincles afectius<\/span><\/strong><span class=\"a_GcMg\">, perqu\u00e8 l\u2019infant necessita sentir-se estimat i protegit per cr\u00e9ixer amb confian\u00e7a. El clima de calma i proximitat afavoreix un desenvolupament emocional sa i una primera obertura al m\u00f3n. De manera progressiva i natural, s\u2019introdueixen tamb\u00e9 les<span>\u00a0<\/span><\/span><strong><span class=\"a_GcMg\">primeres rutines i h\u00e0bits<\/span><\/strong><span class=\"a_GcMg\"><span>\u00a0<\/span>que aporten estabilitat i ordre.<\/span><\/p>\n<div class=\"_28USrA _2ENCSQ XN6uKA\"><\/div>\n<p class=\"_28USrA _2ENCSQ XN6uKA\"><span class=\"a_GcMg\">Respec<\/span><span class=\"a_GcMg\">tem profundament el<span>\u00a0<\/span><\/span><strong><span class=\"a_GcMg\">ritme personal de cada infant<\/span><\/strong><span class=\"a_GcMg\"><span>\u00a0<\/span>-son, alimentaci\u00f3 i desenvolupament-, treballant sempre en estreta col\u00b7laboraci\u00f3 amb les fam\u00edlies. A trav\u00e9s de l\u2019<\/span><strong><span class=\"a_GcMg\">estimulaci\u00f3 primerenca<\/span><\/strong><span class=\"a_GcMg\">, el joc, la manipulaci\u00f3, els est\u00edmuls sensorials i el moviment, s\u2019afavoreix el desenvolupament neurol\u00f2gic, motor i emocional, tot posant les bases de l\u2019aprenentatge futur.<\/span><\/p>\n<p>&nbsp;<\/p>\n<p>[\/et_pb_text][\/et_pb_column][\/et_pb_row][\/et_pb_section]<\/p>\n","protected":false},"excerpt":{"rendered":"<p>Llar d&#8217;Infants 0-2 anysA la Llar d&#8217;Infants, el col\u00b7legi acull els nens des dels primers mesos en un\u00a0entorn segur, ser\u00e8 i ple d\u2019afecte, concebut com una aut\u00e8ntica\u00a0extensi\u00f3 de la llar, [&hellip;]<\/p>\n","protected":false},"author":1,"featured_media":0,"parent":0,"menu_order":0,"comment_status":"closed","ping_status":"closed","template":"","meta":{"_et_pb_use_builder":"on","_et_pb_old_content":"","_et_gb_content_width":"","footnotes":""},"class_list":["post-11586","page","type-page","status-publish","hentry"],"yoast_head":"<!-- This site is optimized with the Yoast SEO plugin v26.6 - https:\/\/yoast.com\/wordpress\/plugins\/seo\/ -->\n<title>Llar EN - Lleida Mater Salvatoris<\/title>\n<meta name=\"robots\" content=\"index, follow, max-snippet:-1, max-image-preview:large, max-video-preview:-1\" \/>\n<link rel=\"canonical\" href=\"https:\/\/lleida.matersalvatoris.org\/en\/llar-2\/\" \/>\n<meta property=\"og:locale\" content=\"en_US\" \/>\n<meta property=\"og:type\" content=\"article\" \/>\n<meta property=\"og:title\" content=\"Llar EN - Lleida Mater Salvatoris\" \/>\n<meta property=\"og:description\" content=\"Llar d&#039;Infants 0-2 anysA la Llar d&#039;Infants, el col\u00b7legi acull els nens des dels primers mesos en un\u00a0entorn segur, ser\u00e8 i ple d\u2019afecte, concebut com una aut\u00e8ntica\u00a0extensi\u00f3 de la llar, [&hellip;]\" \/>\n<meta property=\"og:url\" content=\"https:\/\/lleida.matersalvatoris.org\/en\/llar-2\/\" \/>\n<meta property=\"og:site_name\" content=\"Lleida Mater Salvatoris\" \/>\n<meta property=\"article:modified_time\" content=\"2026-05-13T09:56:11+00:00\" \/>\n<meta name=\"twitter:card\" content=\"summary_large_image\" \/>\n<meta name=\"twitter:label1\" content=\"Est. reading time\" \/>\n\t<meta name=\"twitter:data1\" content=\"2 minutes\" \/>\n<script type=\"application\/ld+json\" class=\"yoast-schema-graph\">{\"@context\":\"https:\/\/schema.org\",\"@graph\":[{\"@type\":\"WebPage\",\"@id\":\"https:\/\/lleida.matersalvatoris.org\/en\/llar-2\/\",\"url\":\"https:\/\/lleida.matersalvatoris.org\/en\/llar-2\/\",\"name\":\"Llar EN - Lleida Mater Salvatoris\",\"isPartOf\":{\"@id\":\"https:\/\/lleida.matersalvatoris.org\/en\/#website\"},\"datePublished\":\"2026-05-12T13:19:31+00:00\",\"dateModified\":\"2026-05-13T09:56:11+00:00\",\"inLanguage\":\"en-US\",\"potentialAction\":[{\"@type\":\"ReadAction\",\"target\":[\"https:\/\/lleida.matersalvatoris.org\/en\/llar-2\/\"]}]},{\"@type\":\"WebSite\",\"@id\":\"https:\/\/lleida.matersalvatoris.org\/en\/#website\",\"url\":\"https:\/\/lleida.matersalvatoris.org\/en\/\",\"name\":\"Lleida Mater Salvatoris\",\"description\":\"Lleida Mater Salvatoris\",\"potentialAction\":[{\"@type\":\"SearchAction\",\"target\":{\"@type\":\"EntryPoint\",\"urlTemplate\":\"https:\/\/lleida.matersalvatoris.org\/en\/?s={search_term_string}\"},\"query-input\":{\"@type\":\"PropertyValueSpecification\",\"valueRequired\":true,\"valueName\":\"search_term_string\"}}],\"inLanguage\":\"en-US\"}]}<\/script>\n<!-- \/ Yoast SEO plugin. -->","yoast_head_json":{"title":"Llar EN - Lleida Mater Salvatoris","robots":{"index":"index","follow":"follow","max-snippet":"max-snippet:-1","max-image-preview":"max-image-preview:large","max-video-preview":"max-video-preview:-1"},"canonical":"https:\/\/lleida.matersalvatoris.org\/en\/llar-2\/","og_locale":"en_US","og_type":"article","og_title":"Llar EN - Lleida Mater Salvatoris","og_description":"Llar d'Infants 0-2 anysA la Llar d'Infants, el col\u00b7legi acull els nens des dels primers mesos en un\u00a0entorn segur, ser\u00e8 i ple d\u2019afecte, concebut com una aut\u00e8ntica\u00a0extensi\u00f3 de la llar, [&hellip;]","og_url":"https:\/\/lleida.matersalvatoris.org\/en\/llar-2\/","og_site_name":"Lleida Mater Salvatoris","article_modified_time":"2026-05-13T09:56:11+00:00","twitter_card":"summary_large_image","twitter_misc":{"Est. reading time":"2 minutes"},"schema":{"@context":"https:\/\/schema.org","@graph":[{"@type":"WebPage","@id":"https:\/\/lleida.matersalvatoris.org\/en\/llar-2\/","url":"https:\/\/lleida.matersalvatoris.org\/en\/llar-2\/","name":"Llar EN - Lleida Mater Salvatoris","isPartOf":{"@id":"https:\/\/lleida.matersalvatoris.org\/en\/#website"},"datePublished":"2026-05-12T13:19:31+00:00","dateModified":"2026-05-13T09:56:11+00:00","inLanguage":"en-US","potentialAction":[{"@type":"ReadAction","target":["https:\/\/lleida.matersalvatoris.org\/en\/llar-2\/"]}]},{"@type":"WebSite","@id":"https:\/\/lleida.matersalvatoris.org\/en\/#website","url":"https:\/\/lleida.matersalvatoris.org\/en\/","name":"Lleida Mater Salvatoris","description":"Lleida Mater Salvatoris","potentialAction":[{"@type":"SearchAction","target":{"@type":"EntryPoint","urlTemplate":"https:\/\/lleida.matersalvatoris.org\/en\/?s={search_term_string}"},"query-input":{"@type":"PropertyValueSpecification","valueRequired":true,"valueName":"search_term_string"}}],"inLanguage":"en-US"}]}},"_links":{"self":[{"href":"https:\/\/lleida.matersalvatoris.org\/en\/wp-json\/wp\/v2\/pages\/11586","targetHints":{"allow":["GET"]}}],"collection":[{"href":"https:\/\/lleida.matersalvatoris.org\/en\/wp-json\/wp\/v2\/pages"}],"about":[{"href":"https:\/\/lleida.matersalvatoris.org\/en\/wp-json\/wp\/v2\/types\/page"}],"author":[{"embeddable":true,"href":"https:\/\/lleida.matersalvatoris.org\/en\/wp-json\/wp\/v2\/users\/1"}],"replies":[{"embeddable":true,"href":"https:\/\/lleida.matersalvatoris.org\/en\/wp-json\/wp\/v2\/comments?post=11586"}],"version-history":[{"count":3,"href":"https:\/\/lleida.matersalvatoris.org\/en\/wp-json\/wp\/v2\/pages\/11586\/revisions"}],"predecessor-version":[{"id":11591,"href":"https:\/\/lleida.matersalvatoris.org\/en\/wp-json\/wp\/v2\/pages\/11586\/revisions\/11591"}],"wp:attachment":[{"href":"https:\/\/lleida.matersalvatoris.org\/en\/wp-json\/wp\/v2\/media?parent=11586"}],"curies":[{"name":"wp","href":"https:\/\/api.w.org\/{rel}","templated":true}]}}